{"id":5885,"date":"2023-03-24T03:15:56","date_gmt":"2023-03-24T03:15:56","guid":{"rendered":"https:\/\/imia.com.cn\/?post_type=product&#038;p=5885"},"modified":"2024-07-25T07:54:42","modified_gmt":"2024-07-25T07:54:42","slug":"usb-c-to-c-cable","status":"publish","type":"product","link":"https:\/\/imiapower.com\/vi\/products\/usb-cable\/usb-c-to-c-cable\/","title":{"rendered":"Qu\u1ea3ng b\u00e1 nh\u00e0 m\u00e1y s\u1ea3n xu\u1ea5t c\u00e1p usb c to c"},"content":{"rendered":"<div class=\"sm-table-layout__cell sm-table-layout__cell_align_left sm-table-layout__cell_fixed-cell_phrase\" data-testid=\"table-cell-keyword\">\n<div class=\"sm-cell-phrase\">\n<ul>\n<li><strong>C\u00e1p USB C sang C<\/strong><\/li>\n<li><strong style=\"font-size: 16px;\">C\u00e1p s\u1ea1c nhanh PD:<\/strong><span style=\"font-size: 16px;\"> Lo\u1ea1i C \u0111\u1ebfn Lo\u1ea1i C T\u1ed1i \u0111a 100W<\/span><\/li>\n<li><strong>S\u1ef1 ch\u1ec9 r\u00f5:<\/strong> 1M\/1.5M<\/li>\n<li><strong>M\u00e0u s\u1eafc:<\/strong> Tr\u1eafng \u0111en.<\/li>\n<li><strong>V\u1eadt li\u1ec7u:<\/strong> TPE, d\u1ec7t, nylon.<\/li>\n<li><strong>V\u1eadt li\u1ec7u c\u1eafm:<\/strong> Usb m\u00e0u \u0111\u1ed3ng t\u00edm.<\/li>\n<li><strong>Ch\u1ee9c n\u0103ng:<\/strong> Truy\u1ec1n d\u1eef li\u1ec7u, s\u1ea1c nhanh<\/li>\n<\/ul>\n<\/div>\n<\/div>","protected":false},"excerpt":{"rendered":"<p>C\u00e1p USB-C to USB-C l\u00e0 ph\u1ee5 ki\u1ec7n c\u00f3 t\u00ednh linh ho\u1ea1t cao, h\u1ed7 tr\u1ee3 s\u1ea1c nhanh, truy\u1ec1n d\u1eef li\u1ec7u t\u1ed1c \u0111\u1ed9 cao v\u00e0 xu\u1ea5t video. B\u1eb1ng c\u00e1ch ch\u1ecdn c\u00e1p c\u00f3 th\u00f4ng s\u1ed1 k\u1ef9 thu\u1eadt, chi\u1ec1u d\u00e0i v\u00e0 ch\u1ea5t l\u01b0\u1ee3ng k\u1ebft c\u1ea5u ph\u00f9 h\u1ee3p, b\u1ea1n c\u00f3 th\u1ec3 \u0111\u1ea3m b\u1ea3o hi\u1ec7u su\u1ea5t \u0111\u00e1ng tin c\u1eady v\u00e0 n\u00e2ng cao tr\u1ea3i nghi\u1ec7m k\u1ebft n\u1ed1i c\u1ee7a m\u00ecnh cho nhi\u1ec1u thi\u1ebft b\u1ecb v\u00e0 \u1ee9ng d\u1ee5ng<\/p>","protected":false},"featured_media":5887,"comment_status":"closed","ping_status":"closed","template":"","meta":{"rank_math_lock_modified_date":false,"site-sidebar-layout":"default","site-content-layout":"default","ast-site-content-layout":"default","site-content-style":"default","site-sidebar-style":"default","ast-global-header-display":"","ast-banner-title-visibility":"","ast-main-header-display":"","ast-hfb-above-header-display":"","ast-hfb-below-header-display":"","ast-hfb-mobile-header-display":"","site-post-title":"","ast-breadcrumbs-content":"","ast-featured-img":"","footer-sml-layout":"","ast-disable-related-posts":"","theme-transparent-header-meta":"default","adv-header-id-meta":"","stick-header-meta":"","header-above-stick-meta":"","header-main-stick-meta":"","header-below-stick-meta":"","astra-migrate-meta-layouts":"set","ast-page-background-enabled":"default","ast-page-background-meta":{"desktop":{"background-color":"","background-image":"","background-repeat":"repeat","background-position":"center center","background-size":"auto","background-attachment":"scroll","background-type":"","background-media":"","overlay-type":"","overlay-color":"","overlay-opacity":"","overlay-gradient":""},"tablet":{"background-color":"","background-image":"","background-repeat":"repeat","background-position":"center center","background-size":"auto","background-attachment":"scroll","background-type":"","background-media":"","overlay-type":"","overlay-color":"","overlay-opacity":"","overlay-gradient":""},"mobile":{"background-color":"","background-image":"","background-repeat":"repeat","background-position":"center center","background-size":"auto","background-attachment":"scroll","background-type":"","background-media":"","overlay-type":"","overlay-color":"","overlay-opacity":"","overlay-gradient":""}},"ast-content-background-meta":{"desktop":{"background-color":"var(--ast-global-color-5)","background-image":"","background-repeat":"repeat","background-position":"center center","background-size":"auto","background-attachment":"scroll","background-type":"","background-media":"","overlay-type":"","overlay-color":"","overlay-opacity":"","overlay-gradient":""},"tablet":{"background-color":"var(--ast-global-color-5)","background-image":"","background-repeat":"repeat","background-position":"center center","background-size":"auto","background-attachment":"scroll","background-type":"","background-media":"","overlay-type":"","overlay-color":"","overlay-opacity":"","overlay-gradient":""},"mobile":{"background-color":"var(--ast-global-color-5)","background-image":"","background-repeat":"repeat","background-position":"center center","background-size":"auto","background-attachment":"scroll","background-type":"","background-media":"","overlay-type":"","overlay-color":"","overlay-opacity":"","overlay-gradient":""}}},"product_cat":[60],"product_tag":[],"class_list":{"0":"post-5885","1":"product","2":"type-product","3":"status-publish","4":"has-post-thumbnail","6":"product_cat-usb-cable","7":"desktop-align-center","8":"tablet-align-center","9":"mobile-align-center","11":"first","12":"instock","13":"shipping-taxable","14":"product-type-simple"},"_links":{"self":[{"href":"https:\/\/imiapower.com\/vi\/wp-json\/wp\/v2\/product\/5885","targetHints":{"allow":["GET"]}}],"collection":[{"href":"https:\/\/imiapower.com\/vi\/wp-json\/wp\/v2\/product"}],"about":[{"href":"https:\/\/imiapower.com\/vi\/wp-json\/wp\/v2\/types\/product"}],"replies":[{"embeddable":true,"href":"https:\/\/imiapower.com\/vi\/wp-json\/wp\/v2\/comments?post=5885"}],"version-history":[{"count":2,"href":"https:\/\/imiapower.com\/vi\/wp-json\/wp\/v2\/product\/5885\/revisions"}],"predecessor-version":[{"id":8171,"href":"https:\/\/imiapower.com\/vi\/wp-json\/wp\/v2\/product\/5885\/revisions\/8171"}],"wp:featuredmedia":[{"embeddable":true,"href":"https:\/\/imiapower.com\/vi\/wp-json\/wp\/v2\/media\/5887"}],"wp:attachment":[{"href":"https:\/\/imiapower.com\/vi\/wp-json\/wp\/v2\/media?parent=5885"}],"wp:term":[{"taxonomy":"product_cat","embeddable":true,"href":"https:\/\/imiapower.com\/vi\/wp-json\/wp\/v2\/product_cat?post=5885"},{"taxonomy":"product_tag","embeddable":true,"href":"https:\/\/imiapower.com\/vi\/wp-json\/wp\/v2\/product_tag?post=5885"}],"curies":[{"name":"trang web","href":"https:\/\/api.w.org\/{rel}","templated":true}]}}