{"id":6456,"date":"2024-01-20T04:02:36","date_gmt":"2024-01-20T04:02:36","guid":{"rendered":"https:\/\/imia.com.cn\/?post_type=product&#038;p=6456"},"modified":"2025-07-08T12:41:05","modified_gmt":"2025-07-08T12:41:05","slug":"ce-travel-universal-adaptor","status":"publish","type":"product","link":"https:\/\/imiapower.com\/vi\/products\/travel-adapter\/ce-travel-universal-adaptor\/","title":{"rendered":"B\u1ed9 chuy\u1ec3n \u0111\u1ed5i \u0111a n\u0103ng du l\u1ecbch CE ph\u1ed5 bi\u1ebfn 20w USB\/PD"},"content":{"rendered":"<ul>\n<li><strong>B\u1ed9 chuy\u1ec3n \u0111\u1ed5i \u0111a n\u0103ng du l\u1ecbch CE<\/strong><\/li>\n<li><strong>\u0110\u1ea7u v\u00e0o AC:<\/strong> 100-250V\/AC 50-60Hz<\/li>\n<li><strong>\u0110\u1ea7u ra AC:<\/strong> T\u1ed1i \u0111a 6A(660W\/100V ho\u1eb7c 1330W\/250V)<\/li>\n<li><strong>\u0110\u1ea7u ra USB-A:<\/strong> 5V3A ,9V2A ,12V 1.66A(OC 3.0 18W)<\/li>\n<li><strong>Lo\u1ea1i-C:<\/strong> 5V3A \/9V2.22A12V1.67A(T\u1ed1i \u0111a 20W)<\/li>\n<li><strong>Ph\u00edch c\u1eafm:<\/strong> EU\/AUS\/Anh\/M\u1ef9<\/li>\n<li><strong>K\u00edch c\u1ee1:<\/strong> 60*45*55mm<\/li>\n<li><strong>V\u1eadt li\u1ec7u:<\/strong> ABS+ kim lo\u1ea1i \u0111\u1ed3ng + D\u1ea7u cao suEU\/AU\/UK\/US<\/li>\n<li><strong>Ghi ch\u00fa: <\/strong>t\u1ea5t c\u1ea3 trong m\u1ed9t c\u00f3 th\u1ec3 \u0111\u01b0\u1ee3c s\u1eed d\u1ee5ng \u1edf h\u01a1n 170 qu\u1ed1c gia<\/li>\n<li><strong>Gi\u1ea5y ch\u1ee9ng nh\u1eadn:<\/strong> CE.Rohs<\/li>\n<\/ul>","protected":false},"excerpt":{"rendered":"<p>\u0110\u00e2y l\u00e0 m\u1ed9t s\u1ea3n ph\u1ea9m c\u1ea7n thi\u1ebft \u0111\u1ec3 \u0111i du l\u1ecbch \u0111\u1ebfn c\u00e1c qu\u1ed1c gia kh\u00e1c nhau, b\u1edfi v\u00ec c\u00e1c qu\u1ed1c gia kh\u00e1c nhau, ph\u00edch c\u1eafm s\u1ea1c l\u00e0 kh\u00e1c nhau, b\u1ed9 chuy\u1ec3n \u0111\u1ed5i n\u00e0y bao g\u1ed3m ph\u00edch c\u1eafm EU, US, AUS, UK c\u00f3 th\u1ec3 \u0111\u00e1p \u1ee9ng h\u1ea7u h\u1ebft y\u00eau c\u1ea7u c\u1eafm c\u1ee7a c\u00e1c qu\u1ed1c gia, model n\u00e0y bao g\u1ed3m 3 phi\u00ean b\u1ea3n<\/p>\n<p>USB A+LO\u1ea0I C PD20W<\/p>\n<p>USB A+LO\u1ea0I C 15.5W<\/p>\n<p>USB A+USB A 10,5W<\/p>\n<p>PD20W v\u1edbi m\u1ee9c gi\u1ea3m gi\u00e1 t\u1ed1t nh\u1ea5t<\/p>\n<p>&nbsp;<\/p>\n<div id=\"gtx-trans\" style=\"position: absolute; left: 3px; top: -3px;\">\n<div class=\"gtx-trans-icon\"><\/div>\n<\/div>","protected":false},"featured_media":7633,"comment_status":"closed","ping_status":"closed","template":"","meta":{"rank_math_lock_modified_date":false,"site-sidebar-layout":"default","site-content-layout":"","ast-site-content-layout":"default","site-content-style":"default","site-sidebar-style":"default","ast-global-header-display":"","ast-banner-title-visibility":"","ast-main-header-display":"","ast-hfb-above-header-display":"","ast-hfb-below-header-display":"","ast-hfb-mobile-header-display":"","site-post-title":"","ast-breadcrumbs-content":"","ast-featured-img":"","footer-sml-layout":"","ast-disable-related-posts":"","theme-transparent-header-meta":"default","adv-header-id-meta":"","stick-header-meta":"","header-above-stick-meta":"","header-main-stick-meta":"","header-below-stick-meta":"","astra-migrate-meta-layouts":"set","ast-page-background-enabled":"default","ast-page-background-meta":{"desktop":{"background-color":"","background-image":"","background-repeat":"repeat","background-position":"center center","background-size":"auto","background-attachment":"scroll","background-type":"","background-media":"","overlay-type":"","overlay-color":"","overlay-opacity":"","overlay-gradient":""},"tablet":{"background-color":"","background-image":"","background-repeat":"repeat","background-position":"center center","background-size":"auto","background-attachment":"scroll","background-type":"","background-media":"","overlay-type":"","overlay-color":"","overlay-opacity":"","overlay-gradient":""},"mobile":{"background-color":"","background-image":"","background-repeat":"repeat","background-position":"center center","background-size":"auto","background-attachment":"scroll","background-type":"","background-media":"","overlay-type":"","overlay-color":"","overlay-opacity":"","overlay-gradient":""}},"ast-content-background-meta":{"desktop":{"background-color":"var(--ast-global-color-5)","background-image":"","background-repeat":"repeat","background-position":"center center","background-size":"auto","background-attachment":"scroll","background-type":"","background-media":"","overlay-type":"","overlay-color":"","overlay-opacity":"","overlay-gradient":""},"tablet":{"background-color":"var(--ast-global-color-5)","background-image":"","background-repeat":"repeat","background-position":"center center","background-size":"auto","background-attachment":"scroll","background-type":"","background-media":"","overlay-type":"","overlay-color":"","overlay-opacity":"","overlay-gradient":""},"mobile":{"background-color":"var(--ast-global-color-5)","background-image":"","background-repeat":"repeat","background-position":"center center","background-size":"auto","background-attachment":"scroll","background-type":"","background-media":"","overlay-type":"","overlay-color":"","overlay-opacity":"","overlay-gradient":""}}},"product_cat":[64],"product_tag":[],"class_list":{"0":"post-6456","1":"product","2":"type-product","3":"status-publish","4":"has-post-thumbnail","6":"product_cat-travel-adapter","7":"desktop-align-center","8":"tablet-align-center","9":"mobile-align-center","11":"first","12":"instock","13":"shipping-taxable","14":"product-type-simple"},"_links":{"self":[{"href":"https:\/\/imiapower.com\/vi\/wp-json\/wp\/v2\/product\/6456","targetHints":{"allow":["GET"]}}],"collection":[{"href":"https:\/\/imiapower.com\/vi\/wp-json\/wp\/v2\/product"}],"about":[{"href":"https:\/\/imiapower.com\/vi\/wp-json\/wp\/v2\/types\/product"}],"replies":[{"embeddable":true,"href":"https:\/\/imiapower.com\/vi\/wp-json\/wp\/v2\/comments?post=6456"}],"version-history":[{"count":5,"href":"https:\/\/imiapower.com\/vi\/wp-json\/wp\/v2\/product\/6456\/revisions"}],"predecessor-version":[{"id":9422,"href":"https:\/\/imiapower.com\/vi\/wp-json\/wp\/v2\/product\/6456\/revisions\/9422"}],"wp:featuredmedia":[{"embeddable":true,"href":"https:\/\/imiapower.com\/vi\/wp-json\/wp\/v2\/media\/7633"}],"wp:attachment":[{"href":"https:\/\/imiapower.com\/vi\/wp-json\/wp\/v2\/media?parent=6456"}],"wp:term":[{"taxonomy":"product_cat","embeddable":true,"href":"https:\/\/imiapower.com\/vi\/wp-json\/wp\/v2\/product_cat?post=6456"},{"taxonomy":"product_tag","embeddable":true,"href":"https:\/\/imiapower.com\/vi\/wp-json\/wp\/v2\/product_tag?post=6456"}],"curies":[{"name":"trang web","href":"https:\/\/api.w.org\/{rel}","templated":true}]}}