{"id":6477,"date":"2024-01-22T04:10:39","date_gmt":"2024-01-22T04:10:39","guid":{"rendered":"https:\/\/imia.com.cn\/?post_type=product&#038;p=6477"},"modified":"2024-11-12T09:56:59","modified_gmt":"2024-11-12T09:56:59","slug":"best-travel-power-adapter-converterter","status":"publish","type":"product","link":"https:\/\/imiapower.com\/vi\/products\/travel-adapter\/best-travel-power-adapter-converterter\/","title":{"rendered":"Nh\u00e0 m\u00e1y s\u1ea3n xu\u1ea5t b\u1ed9 chuy\u1ec3n \u0111\u1ed5i ngu\u1ed3n \u0111i\u1ec7n du l\u1ecbch t\u1ed1t nh\u1ea5t t\u1ea1i Trung Qu\u1ed1c"},"content":{"rendered":"<ul>\n<li><strong>B\u1ed9 chuy\u1ec3n \u0111\u1ed5i ngu\u1ed3n \u0111i\u1ec7n du l\u1ecbch t\u1ed1t nh\u1ea5t<\/strong><\/li>\n<li><strong>\u0110\u1ea7u v\u00e0o AC:<\/strong>100~250V\/AC 50-60Hz<\/li>\n<li><strong>\u0110\u1ea7u ra AC:<\/strong> T\u1ed1i \u0111a 6A(660W\/110V ho\u1eb7c 1440W\/240V)<\/li>\n<li><strong>Ph\u00edch c\u1eafm:<\/strong> EU\/AU\/Anh\/M\u1ef9<\/li>\n<li><strong>M\u00e0u s\u1eafc: <\/strong>Tr\u1eafng \u0111en<\/li>\n<li><strong>K\u00edch c\u1ee1:<\/strong> 50*40*75mm<\/li>\n<li><strong>V\u1eadt li\u1ec7u:<\/strong> ABS + kim lo\u1ea1i \u0111\u1ed3ng<\/li>\n<li><strong>Ghi ch\u00fa:<\/strong> T\u1ea5t c\u1ea3 trong m\u1ed9t c\u00f3 th\u1ec3 \u0111\u01b0\u1ee3c s\u1eed d\u1ee5ng \u1edf h\u01a1n 170 qu\u1ed1c gia<\/li>\n<li><strong>Gi\u1ea5y ch\u1ee9ng nh\u1eadn:<\/strong>\u00a0 CE, Rohs<\/li>\n<\/ul>\n<p>&nbsp;<\/p>","protected":false},"excerpt":{"rendered":"<p>\u0110\u00e2y l\u00e0 s\u1ea3n ph\u1ea9m c\u1ea7n thi\u1ebft khi \u0111i du l\u1ecbch \u0111\u1ebfn c\u00e1c qu\u1ed1c gia kh\u00e1c nhau, v\u00ec \u1edf c\u00e1c qu\u1ed1c gia kh\u00e1c nhau, ph\u00edch c\u1eafm s\u1ea1c kh\u00e1c nhau, b\u1ed9 chuy\u1ec3n \u0111\u1ed5i n\u00e0y bao g\u1ed3m ph\u00edch c\u1eafm EU, Hoa K\u1ef3, \u00dac v\u00e0 V\u01b0\u01a1ng qu\u1ed1c Anh c\u00f3 th\u1ec3 \u0111\u00e1p \u1ee9ng y\u00eau c\u1ea7u v\u1ec1 ph\u00edch c\u1eafm c\u1ee7a h\u1ea7u h\u1ebft c\u00e1c qu\u1ed1c gia<\/p>\n<p>B\u1ed9 chuy\u1ec3n \u0111\u1ed5i ngu\u1ed3n \u0111i\u1ec7n du l\u1ecbch t\u1ed1t nh\u1ea5t n\u00e0y <span style=\"font-size: 16px;\">l\u00e0 m\u1eabu c\u0169 nh\u1ea5t v\u00e0 c\u0169ng c\u00f3 phi\u00ean b\u1ea3n c\u1eadp nh\u1eadt v\u1edbi c\u1ed5ng s\u1ea1c USB k\u00e9p c\u00f3 th\u1ec3 s\u1ea1c \u0111i\u1ec7n tho\u1ea1i th\u00f4ng minh, m\u00e1y t\u00ednh x\u00e1ch tay v\u00e0 m\u1ed9t s\u1ed1 thi\u1ebft b\u1ecb \u0111i\u1ec7n t\u1eed kh\u00e1c m\u1ed9t c\u00e1ch ti\u1ec7n l\u1ee3i<\/span><\/p>\n<p>B\u1ed9 chuy\u1ec3n \u0111\u1ed5i \u0111i\u1ec7n \u00e1p du l\u1ecbch t\u1ed1t nh\u1ea5t cho m\u00e1y u\u1ed1n t\u00f3c<\/p>\n<p>\u01afu \u0111i\u1ec3m c\u1ee7a b\u1ed9 chuy\u1ec3n \u0111\u1ed5i \u0111i\u1ec7n du l\u1ecbch t\u1ed1t nh\u1ea5t l\u00e0 g\u00ec?<\/p>\n<p>T\u01b0\u01a1ng th\u00edch v\u1edbi nhi\u1ec1u \u1ed5 c\u1eafm qu\u1ed1c t\u1ebf. B\u1ed9 chuy\u1ec3n \u0111\u1ed5i t\u00edch h\u1ee3p trong c\u1ed5ng USB cho ph\u00e9p s\u1ea1c \u0111\u1ed3ng th\u1eddi nhi\u1ec1u thi\u1ebft b\u1ecb. M\u1ed9t \u0111i\u1ec3m c\u1ed9ng th\u1ef1c s\u1ef1 cho nh\u1eefng du kh\u00e1ch am hi\u1ec3u c\u00f4ng ngh\u1ec7.<\/p>\n<p>B\u1ed9 chuy\u1ec3n \u0111\u1ed5i du l\u1ecbch t\u1ed1t nh\u1ea5t t\u1eeb Trung Qu\u1ed1c<\/p>\n<p>N\u1ebfu b\u1ea1n \u0111ang t\u00ecm ki\u1ebfm b\u1ed9 chuy\u1ec3n \u0111\u1ed5i b\u1ed9 chuy\u1ec3n \u0111\u1ed5i du l\u1ecbch t\u1ed1t nh\u1ea5t t\u1eeb Trung Qu\u1ed1c, th\u00ec b\u1ed9 chuy\u1ec3n \u0111\u1ed5i Imia l\u00e0 t\u1ed1t nh\u1ea5t. \u0110\u01b0\u1ee3c bi\u1ebft \u0111\u1ebfn v\u1edbi ch\u1ea5t l\u01b0\u1ee3ng v\u00e0 t\u00ednh linh ho\u1ea1t. Ng\u00e0y qua ng\u00e0y, n\u00f3 tr\u1edf n\u00ean r\u1ea5t ph\u1ed5 bi\u1ebfn \u1edf Trung Qu\u1ed1c. Ngo\u00e0i ra, Imia k\u1ebft h\u1ee3p ch\u1ee9c n\u0103ng v\u1edbi \u0111\u1ed9 b\u1ec1n. Th\u1eadm ch\u00ed c\u00f2n l\u00e0 l\u1ef1a ch\u1ecdn tuy\u1ec7t v\u1eddi cho nh\u1eefng chuy\u1ebfn phi\u00eau l\u01b0u qu\u1ed1c t\u1ebf.<\/p>\n<p>M\u1ed9t s\u1ed1 nh\u01b0\u1ee3c \u0111i\u1ec3m c\u1ee7a b\u1ed9 chuy\u1ec3n \u0111\u1ed5i du l\u1ecbch t\u1ed1t nh\u1ea5t cho Ch\u00e2u \u00c2u<\/p>\n<p>Trong khi b\u1ed9 chuy\u1ec3n \u0111\u1ed5i v\u00e0 b\u1ed9 chuy\u1ec3n \u0111\u1ed5i du l\u1ecbch l\u00e0 thi\u1ebft y\u1ebfu cho c\u00e1c chuy\u1ebfn \u0111i ch\u00e2u \u00c2u. Nh\u01b0ng b\u1ed9 chuy\u1ec3n \u0111\u1ed5i v\u00e0 b\u1ed9 chuy\u1ec3n \u0111\u1ed5i du l\u1ecbch c\u00f3 m\u1ed9t s\u1ed1 v\u1ea5n \u0111\u1ec1.<\/p>\n<p>D\u1ea5u hi\u1ec7u c\u1ee7a b\u1ed9 chuy\u1ec3n \u0111\u1ed5i ngu\u1ed3n \u0111i\u1ec7n du l\u1ecbch t\u1ed1t nh\u1ea5t<\/p>\n<p>V\u00ec v\u1eady, vi\u1ec7c l\u1ef1a ch\u1ecdn b\u1ed9 chuy\u1ec3n \u0111\u1ed5i du l\u1ecbch t\u1ed1t nh\u1ea5t cho Ch\u00e2u \u00c2u l\u00e0 r\u1ea5t quan tr\u1ecdng. M\u1ed9t b\u1ed9 chuy\u1ec3n \u0111\u1ed5i du l\u1ecbch t\u1ed1t nh\u1ea5t c\u00f3 th\u1ec3 gi\u1ea3m b\u1edbt phi\u1ec1n ph\u1ee9c cho chuy\u1ebfn phi\u00eau l\u01b0u c\u1ee7a b\u1ea1n \u1edf Ch\u00e2u \u00c2u.<\/p>\n<p>M\u1ed9t s\u1ed1 c\u00f4ng ty chuy\u1ec3n \u0111\u1ed5i ngu\u1ed3n \u0111i\u1ec7n t\u1ed1t nh\u1ea5t ph\u1ed5 bi\u1ebfn<\/p>\n<p>M\u1ed9t s\u1ed1 c\u00f4ng ty uy t\u00edn n\u1ed5i ti\u1ebfng v\u1edbi vi\u1ec7c s\u1ea3n xu\u1ea5t b\u1ed9 chuy\u1ec3n \u0111\u1ed5i ngu\u1ed3n \u0111i\u1ec7n v\u00e0 b\u1ed9 chuy\u1ec3n \u0111\u1ed5i du l\u1ecbch ch\u1ea5t l\u01b0\u1ee3ng cao:<\/p>\n<p>T\u1ea5t c\u1ea3 c\u00e1c th\u01b0\u01a1ng hi\u1ec7u n\u00e0y \u0111\u1ec1u tr\u1edf n\u00ean ph\u1ed5 bi\u1ebfn t\u1eeb r\u1ea5t s\u1edbm v\u00ec hi\u1ec7u su\u1ea5t c\u1ee7a ch\u00fang.<\/p>\n<p>&nbsp;<\/p>","protected":false},"featured_media":6480,"comment_status":"closed","ping_status":"closed","template":"","meta":{"rank_math_lock_modified_date":false,"site-sidebar-layout":"default","site-content-layout":"","ast-site-content-layout":"default","site-content-style":"default","site-sidebar-style":"default","ast-global-header-display":"","ast-banner-title-visibility":"","ast-main-header-display":"","ast-hfb-above-header-display":"","ast-hfb-below-header-display":"","ast-hfb-mobile-header-display":"","site-post-title":"","ast-breadcrumbs-content":"","ast-featured-img":"","footer-sml-layout":"","ast-disable-related-posts":"","theme-transparent-header-meta":"default","adv-header-id-meta":"","stick-header-meta":"","header-above-stick-meta":"","header-main-stick-meta":"","header-below-stick-meta":"","astra-migrate-meta-layouts":"set","ast-page-background-enabled":"default","ast-page-background-meta":{"desktop":{"background-color":"","background-image":"","background-repeat":"repeat","background-position":"center center","background-size":"auto","background-attachment":"scroll","background-type":"","background-media":"","overlay-type":"","overlay-color":"","overlay-opacity":"","overlay-gradient":""},"tablet":{"background-color":"","background-image":"","background-repeat":"repeat","background-position":"center center","background-size":"auto","background-attachment":"scroll","background-type":"","background-media":"","overlay-type":"","overlay-color":"","overlay-opacity":"","overlay-gradient":""},"mobile":{"background-color":"","background-image":"","background-repeat":"repeat","background-position":"center center","background-size":"auto","background-attachment":"scroll","background-type":"","background-media":"","overlay-type":"","overlay-color":"","overlay-opacity":"","overlay-gradient":""}},"ast-content-background-meta":{"desktop":{"background-color":"var(--ast-global-color-5)","background-image":"","background-repeat":"repeat","background-position":"center center","background-size":"auto","background-attachment":"scroll","background-type":"","background-media":"","overlay-type":"","overlay-color":"","overlay-opacity":"","overlay-gradient":""},"tablet":{"background-color":"var(--ast-global-color-5)","background-image":"","background-repeat":"repeat","background-position":"center center","background-size":"auto","background-attachment":"scroll","background-type":"","background-media":"","overlay-type":"","overlay-color":"","overlay-opacity":"","overlay-gradient":""},"mobile":{"background-color":"var(--ast-global-color-5)","background-image":"","background-repeat":"repeat","background-position":"center center","background-size":"auto","background-attachment":"scroll","background-type":"","background-media":"","overlay-type":"","overlay-color":"","overlay-opacity":"","overlay-gradient":""}}},"product_cat":[64],"product_tag":[],"class_list":{"0":"post-6477","1":"product","2":"type-product","3":"status-publish","4":"has-post-thumbnail","6":"product_cat-travel-adapter","7":"desktop-align-center","8":"tablet-align-center","9":"mobile-align-center","11":"first","12":"instock","13":"shipping-taxable","14":"product-type-simple"},"_links":{"self":[{"href":"https:\/\/imiapower.com\/vi\/wp-json\/wp\/v2\/product\/6477","targetHints":{"allow":["GET"]}}],"collection":[{"href":"https:\/\/imiapower.com\/vi\/wp-json\/wp\/v2\/product"}],"about":[{"href":"https:\/\/imiapower.com\/vi\/wp-json\/wp\/v2\/types\/product"}],"replies":[{"embeddable":true,"href":"https:\/\/imiapower.com\/vi\/wp-json\/wp\/v2\/comments?post=6477"}],"version-history":[{"count":14,"href":"https:\/\/imiapower.com\/vi\/wp-json\/wp\/v2\/product\/6477\/revisions"}],"predecessor-version":[{"id":8676,"href":"https:\/\/imiapower.com\/vi\/wp-json\/wp\/v2\/product\/6477\/revisions\/8676"}],"wp:featuredmedia":[{"embeddable":true,"href":"https:\/\/imiapower.com\/vi\/wp-json\/wp\/v2\/media\/6480"}],"wp:attachment":[{"href":"https:\/\/imiapower.com\/vi\/wp-json\/wp\/v2\/media?parent=6477"}],"wp:term":[{"taxonomy":"product_cat","embeddable":true,"href":"https:\/\/imiapower.com\/vi\/wp-json\/wp\/v2\/product_cat?post=6477"},{"taxonomy":"product_tag","embeddable":true,"href":"https:\/\/imiapower.com\/vi\/wp-json\/wp\/v2\/product_tag?post=6477"}],"curies":[{"name":"trang web","href":"https:\/\/api.w.org\/{rel}","templated":true}]}}