{"id":6486,"date":"2024-01-23T23:46:42","date_gmt":"2024-01-23T23:46:42","guid":{"rendered":"https:\/\/imia.com.cn\/?post_type=product&#038;p=6486"},"modified":"2025-07-15T03:47:23","modified_gmt":"2025-07-15T03:47:23","slug":"usb-c-65w-charger","status":"publish","type":"product","link":"https:\/\/imiapower.com\/vi\/products\/wall-charger\/usb-c-65w-charger\/","title":{"rendered":"b\u1ed9 s\u1ea1c usb c 65w cho \u0111\u1ee9c"},"content":{"rendered":"<ul>\n<li><strong>s\u1ea1c usb c 65w<\/strong><\/li>\n<li><strong>\u0110\u1ea7u v\u00e0o:<\/strong> 100~250V\/AC 50-60Hz<\/li>\n<li><strong>\u0110\u1ea7u ra C1\/C2:<\/strong> PD65W, PPS3.3-11V 5A, 5V3A, 9V3A, 12V3A, 15V3A, 20V3.25A<\/li>\n<li><strong>\u0110\u1ea7u ra A1:<\/strong> 60W 5V3A, 9V3A, 12V3A, 15V3A, 20V3A<\/li>\n<li><strong>\u0110\u1ea7u ra C1+C2:<\/strong> 45W+20W<\/li>\n<li><strong>\u0110\u1ea7u ra C1+A1:<\/strong> 45W+18W<\/li>\n<li><strong>\u0110\u1ea7u ra C2+A1:<\/strong> 10W+10W<\/li>\n<li><strong>\u0110\u1ea7u ra C1+C2+A1:<\/strong> 45W+10W+10W<\/li>\n<li><strong>K\u00edch c\u1ee1:<\/strong> 29,16*38,25*104,26cm<\/li>\n<li><strong>V\u1eadt li\u1ec7u:<\/strong> m\u00e1y t\u00ednh<\/li>\n<li><strong>Gi\u1ea5y ch\u1ee9ng nh\u1eadn:<\/strong> CE, Rohs, UKCA, KC, CB<\/li>\n<\/ul>","protected":false},"excerpt":{"rendered":"<p>C\u1ee7 s\u1ea1c GaN 65W k\u00e8m 2 lo\u1ea1i C+1 usb A<\/p>\n<p>\u0110\u00e2y l\u00e0 b\u1ed9 s\u1ea1c n\u1ed1i \u0111\u1ea5t<\/p>\n<p>V\u1edbi nhi\u1ec1u ch\u1ee9ng nh\u1eadn \u0111\u1ec3 \u0111\u00e1p \u1ee9ng y\u00eau c\u1ea7u b\u00e1n h\u00e0ng c\u1ee7a kh\u00e1ch h\u00e0ng \u1edf c\u00e1c th\u1ecb tr\u01b0\u1eddng kh\u00e1c nhau<\/p>","protected":false},"featured_media":7601,"comment_status":"closed","ping_status":"closed","template":"","meta":{"rank_math_lock_modified_date":false,"site-sidebar-layout":"default","site-content-layout":"","ast-site-content-layout":"default","site-content-style":"default","site-sidebar-style":"default","ast-global-header-display":"","ast-banner-title-visibility":"","ast-main-header-display":"","ast-hfb-above-header-display":"","ast-hfb-below-header-display":"","ast-hfb-mobile-header-display":"","site-post-title":"","ast-breadcrumbs-content":"","ast-featured-img":"","footer-sml-layout":"","ast-disable-related-posts":"","theme-transparent-header-meta":"default","adv-header-id-meta":"","stick-header-meta":"","header-above-stick-meta":"","header-main-stick-meta":"","header-below-stick-meta":"","astra-migrate-meta-layouts":"set","ast-page-background-enabled":"default","ast-page-background-meta":{"desktop":{"background-color":"","background-image":"","background-repeat":"repeat","background-position":"center center","background-size":"auto","background-attachment":"scroll","background-type":"","background-media":"","overlay-type":"","overlay-color":"","overlay-opacity":"","overlay-gradient":""},"tablet":{"background-color":"","background-image":"","background-repeat":"repeat","background-position":"center center","background-size":"auto","background-attachment":"scroll","background-type":"","background-media":"","overlay-type":"","overlay-color":"","overlay-opacity":"","overlay-gradient":""},"mobile":{"background-color":"","background-image":"","background-repeat":"repeat","background-position":"center center","background-size":"auto","background-attachment":"scroll","background-type":"","background-media":"","overlay-type":"","overlay-color":"","overlay-opacity":"","overlay-gradient":""}},"ast-content-background-meta":{"desktop":{"background-color":"var(--ast-global-color-5)","background-image":"","background-repeat":"repeat","background-position":"center center","background-size":"auto","background-attachment":"scroll","background-type":"","background-media":"","overlay-type":"","overlay-color":"","overlay-opacity":"","overlay-gradient":""},"tablet":{"background-color":"var(--ast-global-color-5)","background-image":"","background-repeat":"repeat","background-position":"center center","background-size":"auto","background-attachment":"scroll","background-type":"","background-media":"","overlay-type":"","overlay-color":"","overlay-opacity":"","overlay-gradient":""},"mobile":{"background-color":"var(--ast-global-color-5)","background-image":"","background-repeat":"repeat","background-position":"center center","background-size":"auto","background-attachment":"scroll","background-type":"","background-media":"","overlay-type":"","overlay-color":"","overlay-opacity":"","overlay-gradient":""}}},"product_cat":[43],"product_tag":[],"class_list":{"0":"post-6486","1":"product","2":"type-product","3":"status-publish","4":"has-post-thumbnail","6":"product_cat-wall-charger","7":"desktop-align-center","8":"tablet-align-center","9":"mobile-align-center","11":"first","12":"instock","13":"shipping-taxable","14":"product-type-simple"},"_links":{"self":[{"href":"https:\/\/imiapower.com\/vi\/wp-json\/wp\/v2\/product\/6486","targetHints":{"allow":["GET"]}}],"collection":[{"href":"https:\/\/imiapower.com\/vi\/wp-json\/wp\/v2\/product"}],"about":[{"href":"https:\/\/imiapower.com\/vi\/wp-json\/wp\/v2\/types\/product"}],"replies":[{"embeddable":true,"href":"https:\/\/imiapower.com\/vi\/wp-json\/wp\/v2\/comments?post=6486"}],"version-history":[{"count":2,"href":"https:\/\/imiapower.com\/vi\/wp-json\/wp\/v2\/product\/6486\/revisions"}],"predecessor-version":[{"id":7599,"href":"https:\/\/imiapower.com\/vi\/wp-json\/wp\/v2\/product\/6486\/revisions\/7599"}],"wp:featuredmedia":[{"embeddable":true,"href":"https:\/\/imiapower.com\/vi\/wp-json\/wp\/v2\/media\/7601"}],"wp:attachment":[{"href":"https:\/\/imiapower.com\/vi\/wp-json\/wp\/v2\/media?parent=6486"}],"wp:term":[{"taxonomy":"product_cat","embeddable":true,"href":"https:\/\/imiapower.com\/vi\/wp-json\/wp\/v2\/product_cat?post=6486"},{"taxonomy":"product_tag","embeddable":true,"href":"https:\/\/imiapower.com\/vi\/wp-json\/wp\/v2\/product_tag?post=6486"}],"curies":[{"name":"trang web","href":"https:\/\/api.w.org\/{rel}","templated":true}]}}