{"id":6489,"date":"2024-01-24T00:21:54","date_gmt":"2024-01-24T00:21:54","guid":{"rendered":"https:\/\/imia.com.cn\/?post_type=product&#038;p=6489"},"modified":"2024-11-05T01:16:49","modified_gmt":"2024-11-05T01:16:49","slug":"apple-20w-usb-c","status":"publish","type":"product","link":"https:\/\/imiapower.com\/vi\/products\/wall-charger\/apple-20w-usb-c\/","title":{"rendered":"B\u1ed9 chuy\u1ec3n \u0111\u1ed5i ngu\u1ed3n c\u00f3 th\u1ec3 g\u1eadp l\u1ea1i Apple 20W USB C ph\u1ed5 bi\u1ebfn"},"content":{"rendered":"<ul>\n<li><strong>Apple USB c 20w<\/strong><\/li>\n<li><strong>\u0110\u1ea7u v\u00e0o:<\/strong> 100~250V\/AC 50-60Hz<\/li>\n<li><strong>\u0110\u1ea7u ra:<\/strong> 5V3A, 9V2.22A, 12V1.67A (T\u1ed1i \u0111a 20W)<\/li>\n<li><strong>K\u00edch c\u1ee1:<\/strong> 49*46*31cm<\/li>\n<li><strong>V\u1eadt li\u1ec7u:<\/strong> m\u00e1y t\u00ednh<\/li>\n<li><strong>Gi\u1ea5y ch\u1ee9ng nh\u1eadn:<\/strong> UKCA, CE<\/li>\n<\/ul>","protected":false},"excerpt":{"rendered":"<p>B\u1ed9 s\u1ea1c t\u01b0\u1eddng l\u00e0 thi\u1ebft b\u1ecb \u0111\u01b0\u1ee3c s\u1eed d\u1ee5ng \u0111\u1ec3 s\u1ea1c c\u00e1c thi\u1ebft b\u1ecb \u0111i\u1ec7n t\u1eed c\u1ee7a b\u1ea1n khi ch\u00fang \u0111\u01b0\u1ee3c c\u1eafm v\u00e0o \u1ed5 c\u1eafm \u0111i\u1ec7n. N\u00f3 c\u00f2n \u0111\u01b0\u1ee3c g\u1ecdi l\u00e0 b\u1ed9 s\u1ea1c USB. Duy\u1ec7t qua danh s\u00e1ch b\u1ed9 s\u1ea1c t\u01b0\u1eddng USB b\u00ean d\u01b0\u1edbi c\u00f9ng v\u1edbi c\u00e1c \u0111\u00e1nh gi\u00e1 v\u00e0 \u00fd ki\u1ebfn li\u00ean quan.<\/p>\n<p>B\u1ed9 s\u1ea1c 20w n\u00e0y l\u00e0 h\u00e0ng c\u0169 nh\u01b0ng c\u0169ng r\u1ea5t ph\u1ed5 bi\u1ebfn tr\u00ean th\u1ecb tr\u01b0\u1eddng, m\u1eabu n\u00e0y c\u00f3 nhi\u1ec1u ch\u1ea5t l\u01b0\u1ee3ng kh\u00e1c nhau tr\u00ean th\u1ecb tr\u01b0\u1eddng v\u00e0 ch\u00fang t\u00f4i \u00e1p d\u1ee5ng ch\u1ea5t l\u01b0\u1ee3ng \u0111\u00e3 \u0111\u01b0\u1ee3c ch\u1ee9ng nh\u1eadn \u0111\u1ec3 gi\u00fap kh\u00e1ch h\u00e0ng b\u00e1n \u0111\u01b0\u1ee3c nhi\u1ec1u h\u00e0ng h\u01a1n tr\u00ean th\u1ecb tr\u01b0\u1eddng c\u1ee7a h\u1ecd<\/p>","protected":false},"featured_media":7621,"comment_status":"closed","ping_status":"closed","template":"","meta":{"rank_math_lock_modified_date":false,"site-sidebar-layout":"default","site-content-layout":"","ast-site-content-layout":"default","site-content-style":"default","site-sidebar-style":"default","ast-global-header-display":"","ast-banner-title-visibility":"","ast-main-header-display":"","ast-hfb-above-header-display":"","ast-hfb-below-header-display":"","ast-hfb-mobile-header-display":"","site-post-title":"","ast-breadcrumbs-content":"","ast-featured-img":"","footer-sml-layout":"","ast-disable-related-posts":"","theme-transparent-header-meta":"default","adv-header-id-meta":"","stick-header-meta":"","header-above-stick-meta":"","header-main-stick-meta":"","header-below-stick-meta":"","astra-migrate-meta-layouts":"set","ast-page-background-enabled":"default","ast-page-background-meta":{"desktop":{"background-color":"","background-image":"","background-repeat":"repeat","background-position":"center center","background-size":"auto","background-attachment":"scroll","background-type":"","background-media":"","overlay-type":"","overlay-color":"","overlay-opacity":"","overlay-gradient":""},"tablet":{"background-color":"","background-image":"","background-repeat":"repeat","background-position":"center center","background-size":"auto","background-attachment":"scroll","background-type":"","background-media":"","overlay-type":"","overlay-color":"","overlay-opacity":"","overlay-gradient":""},"mobile":{"background-color":"","background-image":"","background-repeat":"repeat","background-position":"center center","background-size":"auto","background-attachment":"scroll","background-type":"","background-media":"","overlay-type":"","overlay-color":"","overlay-opacity":"","overlay-gradient":""}},"ast-content-background-meta":{"desktop":{"background-color":"var(--ast-global-color-5)","background-image":"","background-repeat":"repeat","background-position":"center center","background-size":"auto","background-attachment":"scroll","background-type":"","background-media":"","overlay-type":"","overlay-color":"","overlay-opacity":"","overlay-gradient":""},"tablet":{"background-color":"var(--ast-global-color-5)","background-image":"","background-repeat":"repeat","background-position":"center center","background-size":"auto","background-attachment":"scroll","background-type":"","background-media":"","overlay-type":"","overlay-color":"","overlay-opacity":"","overlay-gradient":""},"mobile":{"background-color":"var(--ast-global-color-5)","background-image":"","background-repeat":"repeat","background-position":"center center","background-size":"auto","background-attachment":"scroll","background-type":"","background-media":"","overlay-type":"","overlay-color":"","overlay-opacity":"","overlay-gradient":""}}},"product_cat":[43],"product_tag":[],"class_list":{"0":"post-6489","1":"product","2":"type-product","3":"status-publish","4":"has-post-thumbnail","6":"product_cat-wall-charger","7":"desktop-align-center","8":"tablet-align-center","9":"mobile-align-center","11":"first","12":"instock","13":"shipping-taxable","14":"product-type-simple"},"_links":{"self":[{"href":"https:\/\/imiapower.com\/vi\/wp-json\/wp\/v2\/product\/6489","targetHints":{"allow":["GET"]}}],"collection":[{"href":"https:\/\/imiapower.com\/vi\/wp-json\/wp\/v2\/product"}],"about":[{"href":"https:\/\/imiapower.com\/vi\/wp-json\/wp\/v2\/types\/product"}],"replies":[{"embeddable":true,"href":"https:\/\/imiapower.com\/vi\/wp-json\/wp\/v2\/comments?post=6489"}],"version-history":[{"count":8,"href":"https:\/\/imiapower.com\/vi\/wp-json\/wp\/v2\/product\/6489\/revisions"}],"predecessor-version":[{"id":8590,"href":"https:\/\/imiapower.com\/vi\/wp-json\/wp\/v2\/product\/6489\/revisions\/8590"}],"wp:featuredmedia":[{"embeddable":true,"href":"https:\/\/imiapower.com\/vi\/wp-json\/wp\/v2\/media\/7621"}],"wp:attachment":[{"href":"https:\/\/imiapower.com\/vi\/wp-json\/wp\/v2\/media?parent=6489"}],"wp:term":[{"taxonomy":"product_cat","embeddable":true,"href":"https:\/\/imiapower.com\/vi\/wp-json\/wp\/v2\/product_cat?post=6489"},{"taxonomy":"product_tag","embeddable":true,"href":"https:\/\/imiapower.com\/vi\/wp-json\/wp\/v2\/product_tag?post=6489"}],"curies":[{"name":"trang web","href":"https:\/\/api.w.org\/{rel}","templated":true}]}}