{"id":6491,"date":"2024-01-26T02:43:30","date_gmt":"2024-01-26T02:43:30","guid":{"rendered":"https:\/\/imia.com.cn\/?post_type=product&#038;p=6491"},"modified":"2025-09-30T02:53:31","modified_gmt":"2025-09-30T02:53:31","slug":"travel-converter-adapter-for-europe","status":"publish","type":"product","link":"https:\/\/imiapower.com\/vi\/products\/travel-adapter\/travel-converter-adapter-for-europe\/","title":{"rendered":"B\u1ed9 chuy\u1ec3n \u0111\u1ed5i du l\u1ecbch d\u00e0nh cho Ch\u00e2u \u00c2u"},"content":{"rendered":"<ul>\n<li><strong>B\u1ed9 chuy\u1ec3n \u0111\u1ed5i du l\u1ecbch d\u00e0nh cho Ch\u00e2u \u00c2u<\/strong><\/li>\n<li><strong>\u0110\u1ea7u v\u00e0o AC:<\/strong> 100~250V\/AC 50-60Hz<\/li>\n<li><strong>\u0110\u1ea7u ra AC:<\/strong> T\u1ed1i \u0111a 6A(660W\/100V ho\u1eb7c 1330W\/250V)<\/li>\n<li><strong>\u0110\u1ea7u ra USB:<\/strong>5V2.4A<\/li>\n<li><strong>K\u00edch c\u1ee1 :<\/strong>64,5x53x61,5 mm<\/li>\n<li><strong>V\u1eadt li\u1ec7u :<\/strong> ABS + kim lo\u1ea1i \u0111\u1ed3ng<\/li>\n<li><strong>Ghi ch\u00fa:<\/strong> EU\/AU\/UK\/US t\u1ea5t c\u1ea3 trong m\u1ed9t c\u00f3 th\u1ec3 s\u1eed d\u1ee5ng \u1edf h\u01a1n 170 qu\u1ed1c gia<\/li>\n<li><strong>Gi\u1ea5y ch\u1ee9ng nh\u1eadn :<\/strong> CE, Rohs<\/li>\n<\/ul>\n<div id=\"gtx-trans\" style=\"position: absolute; left: 57px; top: 46px;\">\n<div class=\"gtx-trans-icon\"><\/div>\n<\/div>","protected":false},"excerpt":{"rendered":"<p>B\u1ed9 \u0111\u1ed5i ngu\u1ed3n du l\u1ecbch t\u1ed1t nh\u1ea5t n\u00e0y l\u00e0 ng\u01b0\u1eddi b\u1ea1n \u0111\u1ed3ng h\u00e0nh t\u1ed1t nh\u1ea5t khi \u0111i du l\u1ecbch cho h\u1ea7u h\u1ebft m\u1ecdi ng\u01b0\u1eddi v\u00ec n\u00f3 chu\u1ea9n b\u1ecb cho b\u1ea1n m\u1ecdi nhu c\u1ea7u s\u1ea1c ho\u1eb7c ngu\u1ed3n \u0111i\u1ec7n. B\u1ed9 chuy\u1ec3n \u0111\u1ed5i du l\u1ecbch \u0111a n\u0103ng cho ph\u00e9p thi\u1ebft b\u1ecb \u0111i\u1ec7n \u00e1p k\u00e9p c\u1ee7a m\u1ed9t qu\u1ed1c gia, ch\u1eb3ng h\u1ea1n nh\u01b0 m\u00e1y bi\u1ebfn \u00e1p ho\u1eb7c b\u1ed9 chuy\u1ec3n \u0111\u1ed5i, k\u1ebft n\u1ed1i v\u1edbi \u1ed5 c\u1eafm \u0111i\u1ec7n<\/p>","protected":false},"featured_media":6492,"comment_status":"closed","ping_status":"closed","template":"","meta":{"rank_math_lock_modified_date":false,"site-sidebar-layout":"default","site-content-layout":"","ast-site-content-layout":"default","site-content-style":"default","site-sidebar-style":"default","ast-global-header-display":"","ast-banner-title-visibility":"","ast-main-header-display":"","ast-hfb-above-header-display":"","ast-hfb-below-header-display":"","ast-hfb-mobile-header-display":"","site-post-title":"","ast-breadcrumbs-content":"","ast-featured-img":"","footer-sml-layout":"","ast-disable-related-posts":"","theme-transparent-header-meta":"default","adv-header-id-meta":"","stick-header-meta":"","header-above-stick-meta":"","header-main-stick-meta":"","header-below-stick-meta":"","astra-migrate-meta-layouts":"set","ast-page-background-enabled":"default","ast-page-background-meta":{"desktop":{"background-color":"","background-image":"","background-repeat":"repeat","background-position":"center center","background-size":"auto","background-attachment":"scroll","background-type":"","background-media":"","overlay-type":"","overlay-color":"","overlay-opacity":"","overlay-gradient":""},"tablet":{"background-color":"","background-image":"","background-repeat":"repeat","background-position":"center center","background-size":"auto","background-attachment":"scroll","background-type":"","background-media":"","overlay-type":"","overlay-color":"","overlay-opacity":"","overlay-gradient":""},"mobile":{"background-color":"","background-image":"","background-repeat":"repeat","background-position":"center center","background-size":"auto","background-attachment":"scroll","background-type":"","background-media":"","overlay-type":"","overlay-color":"","overlay-opacity":"","overlay-gradient":""}},"ast-content-background-meta":{"desktop":{"background-color":"var(--ast-global-color-5)","background-image":"","background-repeat":"repeat","background-position":"center center","background-size":"auto","background-attachment":"scroll","background-type":"","background-media":"","overlay-type":"","overlay-color":"","overlay-opacity":"","overlay-gradient":""},"tablet":{"background-color":"var(--ast-global-color-5)","background-image":"","background-repeat":"repeat","background-position":"center center","background-size":"auto","background-attachment":"scroll","background-type":"","background-media":"","overlay-type":"","overlay-color":"","overlay-opacity":"","overlay-gradient":""},"mobile":{"background-color":"var(--ast-global-color-5)","background-image":"","background-repeat":"repeat","background-position":"center center","background-size":"auto","background-attachment":"scroll","background-type":"","background-media":"","overlay-type":"","overlay-color":"","overlay-opacity":"","overlay-gradient":""}}},"product_cat":[64],"product_tag":[],"class_list":{"0":"post-6491","1":"product","2":"type-product","3":"status-publish","4":"has-post-thumbnail","6":"product_cat-travel-adapter","7":"desktop-align-center","8":"tablet-align-center","9":"mobile-align-center","11":"first","12":"instock","13":"shipping-taxable","14":"product-type-simple"},"_links":{"self":[{"href":"https:\/\/imiapower.com\/vi\/wp-json\/wp\/v2\/product\/6491","targetHints":{"allow":["GET"]}}],"collection":[{"href":"https:\/\/imiapower.com\/vi\/wp-json\/wp\/v2\/product"}],"about":[{"href":"https:\/\/imiapower.com\/vi\/wp-json\/wp\/v2\/types\/product"}],"replies":[{"embeddable":true,"href":"https:\/\/imiapower.com\/vi\/wp-json\/wp\/v2\/comments?post=6491"}],"version-history":[{"count":3,"href":"https:\/\/imiapower.com\/vi\/wp-json\/wp\/v2\/product\/6491\/revisions"}],"predecessor-version":[{"id":9194,"href":"https:\/\/imiapower.com\/vi\/wp-json\/wp\/v2\/product\/6491\/revisions\/9194"}],"wp:featuredmedia":[{"embeddable":true,"href":"https:\/\/imiapower.com\/vi\/wp-json\/wp\/v2\/media\/6492"}],"wp:attachment":[{"href":"https:\/\/imiapower.com\/vi\/wp-json\/wp\/v2\/media?parent=6491"}],"wp:term":[{"taxonomy":"product_cat","embeddable":true,"href":"https:\/\/imiapower.com\/vi\/wp-json\/wp\/v2\/product_cat?post=6491"},{"taxonomy":"product_tag","embeddable":true,"href":"https:\/\/imiapower.com\/vi\/wp-json\/wp\/v2\/product_tag?post=6491"}],"curies":[{"name":"trang web","href":"https:\/\/api.w.org\/{rel}","templated":true}]}}