{"id":6495,"date":"2024-01-26T03:06:36","date_gmt":"2024-01-26T03:06:36","guid":{"rendered":"https:\/\/imia.com.cn\/?post_type=product&#038;p=6495"},"modified":"2025-09-30T02:56:01","modified_gmt":"2025-09-30T02:56:01","slug":"best-travel-power-adapter","status":"publish","type":"product","link":"https:\/\/imiapower.com\/vi\/products\/travel-adapter\/best-travel-power-adapter\/","title":{"rendered":"B\u1ed9 chuy\u1ec3n \u0111\u1ed5i ngu\u1ed3n du l\u1ecbch t\u1ed1t nh\u1ea5t s\u1ea1c nhanh 33w"},"content":{"rendered":"<ul>\n<li><strong>B\u1ed9 \u0111\u1ed5i ngu\u1ed3n du l\u1ecbch t\u1ed1t nh\u1ea5t<\/strong><\/li>\n<li><strong>\u0110\u1ea7u v\u00e0o:<\/strong>100-250V\/0,8A T\u1ed1i \u0111a 50\/60Hz<\/li>\n<li><strong>\u0110\u1ea7u ra:<\/strong> Lo\u1ea1i-C1: 5V3A, 9V3A, 12V2.5A, 15V2A, 20V1.5A T\u1ed0I \u0110A 30W<\/li>\n<li><strong>PPS:<\/strong> 3,3-11V3A, 3,3-16V2A T\u1ed1i \u0111a 33W<\/li>\n<li><strong>Lo\u1ea1i-C2\/C3:<\/strong> 5V3A T\u1ed0I \u0110A 15W<\/li>\n<li><strong>USB1\/USB2:<\/strong> 5V2.4A T\u1ed0I \u0110A 12W<\/li>\n<li><strong>Lo\u1ea1i-C1+Lo\u1ea1i-C2\/C3:<\/strong> PD18W+12W<\/li>\n<li><strong>Lo\u1ea1i-C1+USB:<\/strong> PD18W+12W<\/li>\n<li><strong>T\u1ed5ng s\u1ea3n l\u01b0\u1ee3ng:<\/strong>K\u00edch th\u01b0\u1edbc MAX 33W: 50x70x65 mm<\/li>\n<li><strong>V\u1eadt li\u1ec7u:<\/strong> PC nung + kim lo\u1ea1i Cooper<\/li>\n<li><strong>Ghi ch\u00fa:<\/strong> T\u1ea5t c\u1ea3 trong m\u1ed9t EU\/AU\/UK\/US c\u00f3 th\u1ec3 \u0111\u01b0\u1ee3c s\u1eed d\u1ee5ng \u1edf h\u01a1n 170 qu\u1ed1c gia<\/li>\n<li><strong>Gi\u1ea5y ch\u1ee9ng nh\u1eadn:<\/strong> CE, Rohs, FCC, UKCA, Reach, ERP<\/li>\n<\/ul>","protected":false},"excerpt":{"rendered":"<p><img fetchpriority=\"high\" decoding=\"async\" class=\"alignnone wp-image-8697 size-full\" src=\"https:\/\/imiapower.com\/wp-content\/uploads\/Universal-Travel-Adapter-2-1.jpg\" alt=\"B\u1ed9 \u0111\u1ed5i ngu\u1ed3n du l\u1ecbch t\u1ed1t nh\u1ea5t\" width=\"800\" height=\"800\" srcset=\"https:\/\/imiapower.com\/wp-content\/uploads\/Universal-Travel-Adapter-2-1.jpg 800w, https:\/\/imiapower.com\/wp-content\/uploads\/Universal-Travel-Adapter-2-1-300x300.jpg 300w, https:\/\/imiapower.com\/wp-content\/uploads\/Universal-Travel-Adapter-2-1-100x100.jpg 100w, https:\/\/imiapower.com\/wp-content\/uploads\/Universal-Travel-Adapter-2-1-600x600.jpg 600w, https:\/\/imiapower.com\/wp-content\/uploads\/Universal-Travel-Adapter-2-1-64x64.jpg 64w, https:\/\/imiapower.com\/wp-content\/uploads\/Universal-Travel-Adapter-2-1-150x150.jpg 150w, https:\/\/imiapower.com\/wp-content\/uploads\/Universal-Travel-Adapter-2-1-768x768.jpg 768w, https:\/\/imiapower.com\/wp-content\/uploads\/Universal-Travel-Adapter-2-1-12x12.jpg 12w\" sizes=\"(max-width: 800px) 100vw, 800px\" \/><\/p>\n<p>B\u1ed9 \u0111\u1ed5i ngu\u1ed3n du l\u1ecbch t\u1ed1t nh\u1ea5t n\u00e0y l\u00e0 ng\u01b0\u1eddi b\u1ea1n \u0111\u1ed3ng h\u00e0nh t\u1ed1t nh\u1ea5t khi \u0111i du l\u1ecbch cho h\u1ea7u h\u1ebft m\u1ecdi ng\u01b0\u1eddi v\u00ec n\u00f3 chu\u1ea9n b\u1ecb cho b\u1ea1n m\u1ecdi nhu c\u1ea7u s\u1ea1c ho\u1eb7c ngu\u1ed3n \u0111i\u1ec7n. B\u1ed9 chuy\u1ec3n \u0111\u1ed5i du l\u1ecbch \u0111a n\u0103ng cho ph\u00e9p thi\u1ebft b\u1ecb \u0111i\u1ec7n \u00e1p k\u00e9p c\u1ee7a m\u1ed9t qu\u1ed1c gia, ch\u1eb3ng h\u1ea1n nh\u01b0 m\u00e1y bi\u1ebfn \u00e1p ho\u1eb7c b\u1ed9 chuy\u1ec3n \u0111\u1ed5i, k\u1ebft n\u1ed1i v\u1edbi \u1ed5 c\u1eafm \u0111i\u1ec7n<\/p>\n<p>\u1ed4 c\u1eafm b\u1ed9 chuy\u1ec3n \u0111\u1ed5i du l\u1ecbch n\u00e0y c\u00f3 th\u1ec3 t\u01b0\u01a1ng th\u00edch v\u1edbi ph\u00edch c\u1eafm \u201cNam Phi nh\u1ecf\u201d m\u00e0 c\u00e1c nh\u00e0 s\u1ea3n xu\u1ea5t kh\u00e1c kh\u00f4ng th\u1ec3<\/p>\n<p>B\u1ed9 chuy\u1ec3n \u0111\u1ed5i du l\u1ecbch n\u00e0y l\u00e0 m\u1eabu n\u1ed1i \u0111\u1ea5t, ph\u00edch c\u1eafm \u1edf V\u01b0\u01a1ng qu\u1ed1c Anh ch\u00fang t\u00f4i s\u1eed d\u1ee5ng ch\u1ea5t li\u1ec7u \u0111\u1ed3ng trong khi nh\u1eefng lo\u1ea1i kh\u00e1c s\u1eed d\u1ee5ng nh\u1ef1a<\/p>\n<p>B\u1ed9 chuy\u1ec3n \u0111\u1ed5i du l\u1ecbch n\u00e0y s\u1eed d\u1ee5ng \u0111i\u1ec7n \u00e1p hoang d\u00e3, \u1ed5 c\u1eafm c\u00f3 th\u1ec3 v\u1eeba v\u1edbi ph\u00edch c\u1eafm c\u1ee7a m\u00e1y s\u1ea5y t\u00f3c, m\u00e1y u\u1ed1n t\u00f3c v\u00e0 m\u1ed9t s\u1ed1 thi\u1ebft b\u1ecb gia d\u1ee5ng nh\u1ecf kh\u00e1c.<\/p>\n<p>\u0110\u1ed1i v\u1edbi b\u1ed9 chuy\u1ec3n \u0111\u1ed5i du l\u1ecbch n\u00e0y, ch\u00fang t\u00f4i \u0111\u00e3 nh\u1eadn \u0111\u01b0\u1ee3c nhi\u1ec1u ch\u1ee9ng nh\u1eadn kh\u00e1c nhau \u0111\u00e1p \u1ee9ng ti\u00eau chu\u1ea9n c\u1ee7a c\u00e1c qu\u1ed1c gia kh\u00e1c nhau<\/p>\n<p>B\u1ed9 chuy\u1ec3n \u0111\u1ed5i du l\u1ecbch n\u00e0y ch\u1ea5p nh\u1eadn thi\u1ebft k\u1ebf logo t\u00f9y ch\u1ec9nh v\u00e0 v\u1ecb tr\u00ed thi\u1ebft k\u1ebf logo c\u00f3 \u0111\u00e8n LED hi\u1ec3n th\u1ecb k\u1ef9 thu\u1eadt s\u1ed1, \u0111i\u1ec1u n\u00e0y s\u1ebd l\u00e0m cho logo tr\u00f4ng th\u1eadt tuy\u1ec7t v\u1eddi<\/p>\n<p>&nbsp;<\/p>\n<p>&nbsp;<\/p>","protected":false},"featured_media":7455,"comment_status":"closed","ping_status":"closed","template":"","meta":{"rank_math_lock_modified_date":false,"site-sidebar-layout":"default","site-content-layout":"","ast-site-content-layout":"default","site-content-style":"default","site-sidebar-style":"default","ast-global-header-display":"","ast-banner-title-visibility":"","ast-main-header-display":"","ast-hfb-above-header-display":"","ast-hfb-below-header-display":"","ast-hfb-mobile-header-display":"","site-post-title":"","ast-breadcrumbs-content":"","ast-featured-img":"","footer-sml-layout":"","ast-disable-related-posts":"","theme-transparent-header-meta":"default","adv-header-id-meta":"","stick-header-meta":"","header-above-stick-meta":"","header-main-stick-meta":"","header-below-stick-meta":"","astra-migrate-meta-layouts":"set","ast-page-background-enabled":"default","ast-page-background-meta":{"desktop":{"background-color":"","background-image":"","background-repeat":"repeat","background-position":"center center","background-size":"auto","background-attachment":"scroll","background-type":"","background-media":"","overlay-type":"","overlay-color":"","overlay-opacity":"","overlay-gradient":""},"tablet":{"background-color":"","background-image":"","background-repeat":"repeat","background-position":"center center","background-size":"auto","background-attachment":"scroll","background-type":"","background-media":"","overlay-type":"","overlay-color":"","overlay-opacity":"","overlay-gradient":""},"mobile":{"background-color":"","background-image":"","background-repeat":"repeat","background-position":"center center","background-size":"auto","background-attachment":"scroll","background-type":"","background-media":"","overlay-type":"","overlay-color":"","overlay-opacity":"","overlay-gradient":""}},"ast-content-background-meta":{"desktop":{"background-color":"var(--ast-global-color-5)","background-image":"","background-repeat":"repeat","background-position":"center center","background-size":"auto","background-attachment":"scroll","background-type":"","background-media":"","overlay-type":"","overlay-color":"","overlay-opacity":"","overlay-gradient":""},"tablet":{"background-color":"var(--ast-global-color-5)","background-image":"","background-repeat":"repeat","background-position":"center center","background-size":"auto","background-attachment":"scroll","background-type":"","background-media":"","overlay-type":"","overlay-color":"","overlay-opacity":"","overlay-gradient":""},"mobile":{"background-color":"var(--ast-global-color-5)","background-image":"","background-repeat":"repeat","background-position":"center center","background-size":"auto","background-attachment":"scroll","background-type":"","background-media":"","overlay-type":"","overlay-color":"","overlay-opacity":"","overlay-gradient":""}}},"product_cat":[64],"product_tag":[],"class_list":{"0":"post-6495","1":"product","2":"type-product","3":"status-publish","4":"has-post-thumbnail","6":"product_cat-travel-adapter","7":"desktop-align-center","8":"tablet-align-center","9":"mobile-align-center","11":"first","12":"instock","13":"shipping-taxable","14":"product-type-simple"},"_links":{"self":[{"href":"https:\/\/imiapower.com\/vi\/wp-json\/wp\/v2\/product\/6495","targetHints":{"allow":["GET"]}}],"collection":[{"href":"https:\/\/imiapower.com\/vi\/wp-json\/wp\/v2\/product"}],"about":[{"href":"https:\/\/imiapower.com\/vi\/wp-json\/wp\/v2\/types\/product"}],"replies":[{"embeddable":true,"href":"https:\/\/imiapower.com\/vi\/wp-json\/wp\/v2\/comments?post=6495"}],"version-history":[{"count":4,"href":"https:\/\/imiapower.com\/vi\/wp-json\/wp\/v2\/product\/6495\/revisions"}],"predecessor-version":[{"id":9201,"href":"https:\/\/imiapower.com\/vi\/wp-json\/wp\/v2\/product\/6495\/revisions\/9201"}],"wp:featuredmedia":[{"embeddable":true,"href":"https:\/\/imiapower.com\/vi\/wp-json\/wp\/v2\/media\/7455"}],"wp:attachment":[{"href":"https:\/\/imiapower.com\/vi\/wp-json\/wp\/v2\/media?parent=6495"}],"wp:term":[{"taxonomy":"product_cat","embeddable":true,"href":"https:\/\/imiapower.com\/vi\/wp-json\/wp\/v2\/product_cat?post=6495"},{"taxonomy":"product_tag","embeddable":true,"href":"https:\/\/imiapower.com\/vi\/wp-json\/wp\/v2\/product_tag?post=6495"}],"curies":[{"name":"trang web","href":"https:\/\/api.w.org\/{rel}","templated":true}]}}