{"id":6499,"date":"2024-01-26T04:14:59","date_gmt":"2024-01-26T04:14:59","guid":{"rendered":"https:\/\/imia.com.cn\/?post_type=product&#038;p=6499"},"modified":"2024-11-30T03:07:57","modified_gmt":"2024-11-30T03:07:57","slug":"universal-travel-adapter","status":"publish","type":"product","link":"https:\/\/imiapower.com\/vi\/products\/travel-adapter\/universal-travel-adapter\/","title":{"rendered":"B\u1ed9 chuy\u1ec3n \u0111\u1ed5i du l\u1ecbch \u0111a n\u0103ng \u0111\u00e1ng y\u00eau USB C PD 65w"},"content":{"rendered":"<ul>\n<li><strong>b\u1ed9 chuy\u1ec3n \u0111\u1ed5i du l\u1ecbch \u0111a n\u0103ng<\/strong><\/li>\n<li><strong>Lo\u1ea1i-C1:<\/strong> 5V\/3A 9V\/3A 12V\/3A 15V\/3A 20V\/3.25A T\u1ed1i \u0111a 65W PPS 5V-11V\/4.05A<\/li>\n<li><strong>USB-A:<\/strong> 5V\/3A 9V\/2A 12V\/1.5A T\u1ed1i \u0111a 18W<\/li>\n<li><strong>Lo\u1ea1i-C2\/C3\/C4:<\/strong> 5V3A 15W<\/li>\n<li><strong>Lo\u1ea1i C1+USBA:<\/strong>PD45W+18W (5V3A\/9V3A\/12V3A\/15V2.5A\/20V2.25A 45w+5V\/3A 9V\/2A 12V\/1.5A T\u1ed1i \u0111a 18W)<\/li>\n<li><strong>Lo\u1ea1i C1+C2\/C3\/C4:<\/strong> PD45W+15W(5V3A\/9V3A\/12V3A\/15V2.5A\/20V2.25A 45w+ 5V3A 15W)<\/li>\n<li><strong>Lo\u1ea1iC2+C3\/C3+C4\/C2+C4:<\/strong> d\u00f9ng chung 5V3A 15W<\/li>\n<li><strong>Lo\u1ea1iC1+C2+C3\/C1+C2+USBA\/C1+C3+USBA:<\/strong> PD45W+15W(5V3A\/9V3A\/12V3A\/15V2.5A\/20V2.25A 45w+ 5V3A 15W)<\/li>\n<li><strong>C1+C2+C3+C4\/C1+C2+C3+USBA:<\/strong> PD45W+15W(5V3A\/9V3A\/12V3A\/15V2.5A\/20V2.25A 45w+ 5V3A 15W)<\/li>\n<li><strong>Lo\u1ea1iC2+C3+C4+USBA:<\/strong>\u00a0d\u00f9ng chung 5V3A 15W<\/li>\n<li><strong>Lo\u1ea1iC1+C2+C3+C4+A1:<\/strong> PD45W+15W(5V3A\/9V3A\/12V3A\/15V2.5A\/20V2.25A 45w+ 5V3A 15W)<\/li>\n<li><strong>K\u00edch c\u1ee1:<\/strong> 50x70x65mm<\/li>\n<li><strong>V\u1eadt li\u1ec7u:<\/strong> PC nung + kim lo\u1ea1i Cooper<\/li>\n<li><strong>Ghi ch\u00fa:<\/strong> T\u1ea5t c\u1ea3 trong m\u1ed9t EU\/AU\/UK\/US c\u00f3 th\u1ec3 \u0111\u01b0\u1ee3c s\u1eed d\u1ee5ng \u1edf h\u01a1n 170 qu\u1ed1c gia<\/li>\n<li><strong>Ch\u1ee9ng nh\u1eadn:<\/strong> UKCA, CE, FCC<\/li>\n<\/ul>","protected":false},"excerpt":{"rendered":"<p><img fetchpriority=\"high\" decoding=\"async\" class=\"alignnone size-medium wp-image-8727\" src=\"https:\/\/imiapower.com\/wp-content\/uploads\/Travel-Adapter-6-1-216x300.jpg\" alt=\"b\u1ed9 chuy\u1ec3n \u0111\u1ed5i du l\u1ecbch \u0111a n\u0103ng\" width=\"216\" height=\"300\" srcset=\"https:\/\/imiapower.com\/wp-content\/uploads\/Travel-Adapter-6-1-216x300.jpg 216w, https:\/\/imiapower.com\/wp-content\/uploads\/Travel-Adapter-6-1-600x833.jpg 600w, https:\/\/imiapower.com\/wp-content\/uploads\/Travel-Adapter-6-1-64x89.jpg 64w, https:\/\/imiapower.com\/wp-content\/uploads\/Travel-Adapter-6-1-737x1024.jpg 737w, https:\/\/imiapower.com\/wp-content\/uploads\/Travel-Adapter-6-1-768x1067.jpg 768w, https:\/\/imiapower.com\/wp-content\/uploads\/Travel-Adapter-6-1-9x12.jpg 9w, https:\/\/imiapower.com\/wp-content\/uploads\/Travel-Adapter-6-1.jpg 800w\" sizes=\"(max-width: 216px) 100vw, 216px\" \/> <img decoding=\"async\" class=\"alignnone size-medium wp-image-8728\" src=\"https:\/\/imiapower.com\/wp-content\/uploads\/Travel-Adapter-13-238x300.jpg\" alt=\"b\u1ed9 chuy\u1ec3n \u0111\u1ed5i du l\u1ecbch \u0111a n\u0103ng\" width=\"238\" height=\"300\" srcset=\"https:\/\/imiapower.com\/wp-content\/uploads\/Travel-Adapter-13-238x300.jpg 238w, https:\/\/imiapower.com\/wp-content\/uploads\/Travel-Adapter-13-600x755.jpg 600w, https:\/\/imiapower.com\/wp-content\/uploads\/Travel-Adapter-13-64x81.jpg 64w, https:\/\/imiapower.com\/wp-content\/uploads\/Travel-Adapter-13-768x966.jpg 768w, https:\/\/imiapower.com\/wp-content\/uploads\/Travel-Adapter-13-10x12.jpg 10w, https:\/\/imiapower.com\/wp-content\/uploads\/Travel-Adapter-13.jpg 778w\" sizes=\"(max-width: 238px) 100vw, 238px\" \/> <img decoding=\"async\" class=\"alignnone size-medium wp-image-8729\" src=\"https:\/\/imiapower.com\/wp-content\/uploads\/Travel-Adapter-14-216x300.jpg\" alt=\"b\u1ed9 chuy\u1ec3n \u0111\u1ed5i du l\u1ecbch \u0111a n\u0103ng\" width=\"216\" height=\"300\" srcset=\"https:\/\/imiapower.com\/wp-content\/uploads\/Travel-Adapter-14-216x300.jpg 216w, https:\/\/imiapower.com\/wp-content\/uploads\/Travel-Adapter-14-600x833.jpg 600w, https:\/\/imiapower.com\/wp-content\/uploads\/Travel-Adapter-14-64x89.jpg 64w, https:\/\/imiapower.com\/wp-content\/uploads\/Travel-Adapter-14-737x1024.jpg 737w, https:\/\/imiapower.com\/wp-content\/uploads\/Travel-Adapter-14-768x1067.jpg 768w, https:\/\/imiapower.com\/wp-content\/uploads\/Travel-Adapter-14-9x12.jpg 9w, https:\/\/imiapower.com\/wp-content\/uploads\/Travel-Adapter-14.jpg 800w\" sizes=\"(max-width: 216px) 100vw, 216px\" \/><\/p>\n<p>&nbsp;<\/p>\n<p>\u0110\u00e2y l\u00e0 s\u1ea3n ph\u1ea9m c\u1ea7n thi\u1ebft khi \u0111i du l\u1ecbch \u0111\u1ebfn c\u00e1c qu\u1ed1c gia kh\u00e1c nhau, v\u00ec c\u00e1c qu\u1ed1c gia kh\u00e1c nhau n\u00ean ph\u00edch c\u1eafm s\u1ea1c kh\u00e1c nhau, b\u1ed9 chuy\u1ec3n \u0111\u1ed5i n\u00e0y bao g\u1ed3m ph\u00edch c\u1eafm EU, US, AUS v\u00e0 UK c\u00f3 th\u1ec3 \u0111\u00e1p \u1ee9ng h\u1ea7u h\u1ebft c\u00e1c y\u00eau c\u1ea7u v\u1ec1 ph\u00edch c\u1eafm c\u1ee7a c\u00e1c qu\u1ed1c gia<\/p>\n<p>B\u1ed9 chuy\u1ec3n \u0111\u1ed5i du l\u1ecbch n\u00e0y c\u00f3 4 c\u1ed5ng s\u1ea1c type-c, v\u00ec c\u00e1p type-c \u0111\u00f3ng vai tr\u00f2 quan tr\u1ecdng tr\u00ean th\u1ecb tr\u01b0\u1eddng \u0111i\u1ec7n t\u1eed, thi\u1ebft k\u1ebf c\u1ee7a ch\u00fang t\u00f4i \u0111i theo xu h\u01b0\u1edbng th\u1ecb tr\u01b0\u1eddng v\u00e0 \u0111\u00e1p \u1ee9ng s\u1ea1c c\u00e1c thi\u1ebft b\u1ecb \u0111i\u1ec7n t\u1eed c\u00f9ng m\u1ed9t l\u00fac<\/p>\n<p>B\u1ed9 chuy\u1ec3n \u0111\u1ed5i du l\u1ecbch \u0111a n\u0103ng n\u00e0y thu h\u00fat nhi\u1ec1u kh\u00e1ch h\u00e0ng c\u00f3 th\u01b0\u01a1ng hi\u1ec7u sau khi ra m\u1eaft<\/p>\n<p>B\u1ed9 chuy\u1ec3n \u0111\u1ed5i du l\u1ecbch \u0111a n\u0103ng n\u00e0y ph\u00f9 h\u1ee3p v\u1edbi c\u00e1c ph\u00edch c\u1eafm nh\u1ecf c\u1ee7a Nam Phi m\u00e0 c\u00e1c nh\u00e0 cung c\u1ea5p kh\u00e1c kh\u00f4ng nh\u1eadn th\u1ea5y v\u1ea5n \u0111\u1ec1 n\u00e0y<\/p>\n<p>\u0110\u1ed1i v\u1edbi b\u1ed9 chuy\u1ec3n \u0111\u1ed5i du l\u1ecbch \u0111a n\u0103ng n\u00e0y, ch\u00fang t\u00f4i \u0111\u00e3 \u00e1p d\u1ee5ng c\u00e1c ch\u1ee9ng nh\u1eadn ph\u1ed5 bi\u1ebfn nh\u01b0 CE, UKCA, FCC, LVD, ERP, REACH, ROHS<\/p>\n<p>Ch\u00fang t\u00f4i c\u0169ng cung c\u1ea5p c\u00e1c thi\u1ebft k\u1ebf logo t\u00f9y ch\u1ec9nh, khi ng\u01b0\u1eddi d\u00f9ng s\u1ea1c \u0111i\u1ec7n tho\u1ea1i b\u1eb1ng b\u1ed9 chuy\u1ec3n \u0111\u1ed5i n\u00e0y, logo s\u1ebd xu\u1ea5t hi\u1ec7n tr\u00ean \u0111\u1ea7u b\u1ed9 chuy\u1ec3n \u0111\u1ed5i<\/p>\n<p>Ch\u00fang t\u00f4i cung c\u1ea5p m\u1eabu mi\u1ec5n ph\u00ed cho kh\u00e1ch h\u00e0ng c\u00f3 gi\u00e1 tr\u1ecb \u0111\u1ec3 ki\u1ec3m tra<\/p>\n<p>Quan tr\u1ecdng nh\u1ea5t l\u00e0 gi\u00e1 c\u1ee7a ch\u00fang t\u00f4i th\u1ea5p h\u01a1n \u0111\u1ed1i th\u1ee7 c\u1ea1nh tranh<\/p>\n<p>Mang theo b\u1ed9 chuy\u1ec3n \u0111\u1ed5i du l\u1ecbch ph\u1ed5 th\u00f4ng c\u1ee7a ch\u00fang t\u00f4i \u0111\u1ec3 t\u1eadn h\u01b0\u1edfng k\u1ef3 ngh\u1ec9 c\u1ee7a b\u1ea1n \u1edf t\u1ea5t c\u1ea3 c\u00e1c qu\u1ed1c gia<\/p>\n<p>USBA D+,D- th\u00f4ng minh.\/USB D+,D-Nh\u1eadn d\u1ea1ng th\u00f4ng minh, h\u1ed7 tr\u1ee3 QC3.0,QC2.0,SCP,FCP,AFC,APPLE2.4A,BC1.2. TYPE-C1 h\u1ed7 tr\u1ee3 PD3.0,QC3.0,QC2.0,SCP,FCP,AFC,APPLE2.4A,BC1.2<\/p>\n<p>Th\u1eddi gian s\u1ea3n xu\u1ea5t: 25-30 ng\u00e0y<\/p>\n<div id=\"gtx-trans\" style=\"position: absolute; left: -152px; top: -3px;\">\n<div class=\"gtx-trans-icon\"><\/div>\n<\/div>","protected":false},"featured_media":7636,"comment_status":"closed","ping_status":"closed","template":"","meta":{"rank_math_lock_modified_date":false,"site-sidebar-layout":"default","site-content-layout":"","ast-site-content-layout":"default","site-content-style":"default","site-sidebar-style":"default","ast-global-header-display":"","ast-banner-title-visibility":"","ast-main-header-display":"","ast-hfb-above-header-display":"","ast-hfb-below-header-display":"","ast-hfb-mobile-header-display":"","site-post-title":"","ast-breadcrumbs-content":"","ast-featured-img":"","footer-sml-layout":"","ast-disable-related-posts":"","theme-transparent-header-meta":"default","adv-header-id-meta":"","stick-header-meta":"","header-above-stick-meta":"","header-main-stick-meta":"","header-below-stick-meta":"","astra-migrate-meta-layouts":"set","ast-page-background-enabled":"default","ast-page-background-meta":{"desktop":{"background-color":"","background-image":"","background-repeat":"repeat","background-position":"center center","background-size":"auto","background-attachment":"scroll","background-type":"","background-media":"","overlay-type":"","overlay-color":"","overlay-opacity":"","overlay-gradient":""},"tablet":{"background-color":"","background-image":"","background-repeat":"repeat","background-position":"center center","background-size":"auto","background-attachment":"scroll","background-type":"","background-media":"","overlay-type":"","overlay-color":"","overlay-opacity":"","overlay-gradient":""},"mobile":{"background-color":"","background-image":"","background-repeat":"repeat","background-position":"center center","background-size":"auto","background-attachment":"scroll","background-type":"","background-media":"","overlay-type":"","overlay-color":"","overlay-opacity":"","overlay-gradient":""}},"ast-content-background-meta":{"desktop":{"background-color":"var(--ast-global-color-5)","background-image":"","background-repeat":"repeat","background-position":"center center","background-size":"auto","background-attachment":"scroll","background-type":"","background-media":"","overlay-type":"","overlay-color":"","overlay-opacity":"","overlay-gradient":""},"tablet":{"background-color":"var(--ast-global-color-5)","background-image":"","background-repeat":"repeat","background-position":"center center","background-size":"auto","background-attachment":"scroll","background-type":"","background-media":"","overlay-type":"","overlay-color":"","overlay-opacity":"","overlay-gradient":""},"mobile":{"background-color":"var(--ast-global-color-5)","background-image":"","background-repeat":"repeat","background-position":"center center","background-size":"auto","background-attachment":"scroll","background-type":"","background-media":"","overlay-type":"","overlay-color":"","overlay-opacity":"","overlay-gradient":""}}},"product_cat":[64],"product_tag":[],"class_list":{"0":"post-6499","1":"product","2":"type-product","3":"status-publish","4":"has-post-thumbnail","6":"product_cat-travel-adapter","7":"desktop-align-center","8":"tablet-align-center","9":"mobile-align-center","11":"first","12":"instock","13":"featured","14":"shipping-taxable","15":"product-type-simple"},"_links":{"self":[{"href":"https:\/\/imiapower.com\/vi\/wp-json\/wp\/v2\/product\/6499","targetHints":{"allow":["GET"]}}],"collection":[{"href":"https:\/\/imiapower.com\/vi\/wp-json\/wp\/v2\/product"}],"about":[{"href":"https:\/\/imiapower.com\/vi\/wp-json\/wp\/v2\/types\/product"}],"replies":[{"embeddable":true,"href":"https:\/\/imiapower.com\/vi\/wp-json\/wp\/v2\/comments?post=6499"}],"version-history":[{"count":5,"href":"https:\/\/imiapower.com\/vi\/wp-json\/wp\/v2\/product\/6499\/revisions"}],"predecessor-version":[{"id":8108,"href":"https:\/\/imiapower.com\/vi\/wp-json\/wp\/v2\/product\/6499\/revisions\/8108"}],"wp:featuredmedia":[{"embeddable":true,"href":"https:\/\/imiapower.com\/vi\/wp-json\/wp\/v2\/media\/7636"}],"wp:attachment":[{"href":"https:\/\/imiapower.com\/vi\/wp-json\/wp\/v2\/media?parent=6499"}],"wp:term":[{"taxonomy":"product_cat","embeddable":true,"href":"https:\/\/imiapower.com\/vi\/wp-json\/wp\/v2\/product_cat?post=6499"},{"taxonomy":"product_tag","embeddable":true,"href":"https:\/\/imiapower.com\/vi\/wp-json\/wp\/v2\/product_tag?post=6499"}],"curies":[{"name":"trang web","href":"https:\/\/api.w.org\/{rel}","templated":true}]}}