{"id":6546,"date":"2024-02-19T13:14:41","date_gmt":"2024-02-19T13:14:41","guid":{"rendered":"https:\/\/imia.com.cn\/?post_type=product&#038;p=6546"},"modified":"2024-04-27T02:42:15","modified_gmt":"2024-04-27T02:42:15","slug":"samsung-25w-pd-charger-ukca","status":"publish","type":"product","link":"https:\/\/imiapower.com\/vi\/products\/wall-charger\/samsung-25w-pd-charger-ukca\/","title":{"rendered":"S\u1ea1c samsung 25w pd UKCA"},"content":{"rendered":"<ul>\n<li><strong>s\u1ea1c samsung 25w<\/strong><\/li>\n<li><strong>\u0110\u1ea7u v\u00e0o:<\/strong> 100~250V\/AC 50-60Hz<\/li>\n<li><strong>\u0110\u1ea7u ra:<\/strong> 5V3A, 9V2.77A (T\u1ed1i \u0111a 25W)<\/li>\n<li><strong>PPS:<\/strong> 3,3-5,9V 3A, 3,3-11V 2,25A<\/li>\n<li><strong>V\u1eadt li\u1ec7u:<\/strong> ABS+PC<\/li>\n<li><strong>Gi\u1ea5y ch\u1ee9ng nh\u1eadn:<\/strong> UKCA, CE<\/li>\n<\/ul>\n<p><!--more--><\/p>","protected":false},"excerpt":{"rendered":"<p>S\u1ea1c c\u00e1c thi\u1ebft b\u1ecb \u0111i\u1ec7n t\u1eed c\u1ee7a b\u1ea1n b\u1eb1ng b\u1ed9 s\u1ea1c t\u01b0\u1eddng. Duy\u1ec7t qua danh s\u00e1ch c\u00e1c b\u1ed9 s\u1ea1c t\u01b0\u1eddng USB \u0111\u01b0\u1ee3c x\u1ebfp h\u1ea1ng h\u00e0ng \u0111\u1ea7u b\u00ean d\u01b0\u1edbi c\u00f9ng v\u1edbi c\u00e1c \u0111\u00e1nh gi\u00e1 v\u00e0 \u00fd ki\u1ebfn li\u00ean quan.<\/p>","protected":false},"featured_media":6548,"comment_status":"closed","ping_status":"closed","template":"","meta":{"rank_math_lock_modified_date":false,"site-sidebar-layout":"default","site-content-layout":"","ast-site-content-layout":"default","site-content-style":"default","site-sidebar-style":"default","ast-global-header-display":"","ast-banner-title-visibility":"","ast-main-header-display":"","ast-hfb-above-header-display":"","ast-hfb-below-header-display":"","ast-hfb-mobile-header-display":"","site-post-title":"","ast-breadcrumbs-content":"","ast-featured-img":"","footer-sml-layout":"","ast-disable-related-posts":"","theme-transparent-header-meta":"default","adv-header-id-meta":"","stick-header-meta":"","header-above-stick-meta":"","header-main-stick-meta":"","header-below-stick-meta":"","astra-migrate-meta-layouts":"set","ast-page-background-enabled":"default","ast-page-background-meta":{"desktop":{"background-color":"","background-image":"","background-repeat":"repeat","background-position":"center center","background-size":"auto","background-attachment":"scroll","background-type":"","background-media":"","overlay-type":"","overlay-color":"","overlay-opacity":"","overlay-gradient":""},"tablet":{"background-color":"","background-image":"","background-repeat":"repeat","background-position":"center center","background-size":"auto","background-attachment":"scroll","background-type":"","background-media":"","overlay-type":"","overlay-color":"","overlay-opacity":"","overlay-gradient":""},"mobile":{"background-color":"","background-image":"","background-repeat":"repeat","background-position":"center center","background-size":"auto","background-attachment":"scroll","background-type":"","background-media":"","overlay-type":"","overlay-color":"","overlay-opacity":"","overlay-gradient":""}},"ast-content-background-meta":{"desktop":{"background-color":"var(--ast-global-color-5)","background-image":"","background-repeat":"repeat","background-position":"center center","background-size":"auto","background-attachment":"scroll","background-type":"","background-media":"","overlay-type":"","overlay-color":"","overlay-opacity":"","overlay-gradient":""},"tablet":{"background-color":"var(--ast-global-color-5)","background-image":"","background-repeat":"repeat","background-position":"center center","background-size":"auto","background-attachment":"scroll","background-type":"","background-media":"","overlay-type":"","overlay-color":"","overlay-opacity":"","overlay-gradient":""},"mobile":{"background-color":"var(--ast-global-color-5)","background-image":"","background-repeat":"repeat","background-position":"center center","background-size":"auto","background-attachment":"scroll","background-type":"","background-media":"","overlay-type":"","overlay-color":"","overlay-opacity":"","overlay-gradient":""}}},"product_cat":[43],"product_tag":[],"class_list":{"0":"post-6546","1":"product","2":"type-product","3":"status-publish","4":"has-post-thumbnail","6":"product_cat-wall-charger","7":"desktop-align-center","8":"tablet-align-center","9":"mobile-align-center","11":"first","12":"instock","13":"shipping-taxable","14":"product-type-simple"},"_links":{"self":[{"href":"https:\/\/imiapower.com\/vi\/wp-json\/wp\/v2\/product\/6546","targetHints":{"allow":["GET"]}}],"collection":[{"href":"https:\/\/imiapower.com\/vi\/wp-json\/wp\/v2\/product"}],"about":[{"href":"https:\/\/imiapower.com\/vi\/wp-json\/wp\/v2\/types\/product"}],"replies":[{"embeddable":true,"href":"https:\/\/imiapower.com\/vi\/wp-json\/wp\/v2\/comments?post=6546"}],"version-history":[{"count":0,"href":"https:\/\/imiapower.com\/vi\/wp-json\/wp\/v2\/product\/6546\/revisions"}],"wp:featuredmedia":[{"embeddable":true,"href":"https:\/\/imiapower.com\/vi\/wp-json\/wp\/v2\/media\/6548"}],"wp:attachment":[{"href":"https:\/\/imiapower.com\/vi\/wp-json\/wp\/v2\/media?parent=6546"}],"wp:term":[{"taxonomy":"product_cat","embeddable":true,"href":"https:\/\/imiapower.com\/vi\/wp-json\/wp\/v2\/product_cat?post=6546"},{"taxonomy":"product_tag","embeddable":true,"href":"https:\/\/imiapower.com\/vi\/wp-json\/wp\/v2\/product_tag?post=6546"}],"curies":[{"name":"trang web","href":"https:\/\/api.w.org\/{rel}","templated":true}]}}