{"id":7082,"date":"2024-03-13T01:21:06","date_gmt":"2024-03-13T01:21:06","guid":{"rendered":"https:\/\/imia.com.cn\/?post_type=product&#038;p=7082"},"modified":"2024-11-01T01:55:47","modified_gmt":"2024-11-01T01:55:47","slug":"european-travel-adapter","status":"publish","type":"product","link":"https:\/\/imiapower.com\/vi\/products\/travel-adapter\/european-travel-adapter\/","title":{"rendered":"\u1ed4 c\u1eafm du l\u1ecbch Beauty Ch\u00e2u \u00c2u 20W"},"content":{"rendered":"<ul>\n<li><strong>\u1ed4 c\u1eafm du l\u1ecbch Ch\u00e2u \u00c2u<\/strong><\/li>\n<li><strong>\u0110\u1ea7u v\u00e0o AC:<\/strong> 100~250V\/AC 50-60Hz<\/li>\n<li><strong>\u0110\u1ea7u ra AC:<\/strong> T\u1ed1i \u0111a 6A (600W\/100V ho\u1eb7c 1500W\/250V)<\/li>\n<li><strong>\u0110\u1ea7u ra USB-A:<\/strong> 5V3A ,9V2A ,12V 1.5A (QC 3.0 18W )<\/li>\n<li><strong>Lo\u1ea1i-C:<\/strong> 5V3A, 9V2.22A, 12V1.67A (T\u1ed1i \u0111a 20W)<\/li>\n<li><strong>Ph\u00edch c\u1eafm :<\/strong> K\u00edch th\u01b0\u1edbc EU\/AUS\/Anh\/M\u1ef9: 64,5x53x61,5 mm<\/li>\n<li><strong>V\u1eadt li\u1ec7u :<\/strong> ABS + kim lo\u1ea1i \u0111\u1ed3ng<\/li>\n<li><strong>Qu\u1ed1c gia:<\/strong> EU\/AU\/UK\/US t\u1ea5t c\u1ea3 trong m\u1ed9t c\u00f3 th\u1ec3 \u0111\u01b0\u1ee3c s\u1eed d\u1ee5ng \u1edf h\u01a1n 170 qu\u1ed1c gia<\/li>\n<li><strong>Gi\u1ea5y ch\u1ee9ng nh\u1eadn:<\/strong> CE, Rohs<\/li>\n<\/ul>","protected":false},"excerpt":{"rendered":"<p>Vi\u1ec7c x\u1eed l\u00fd b\u1ec1 m\u1eb7t c\u1ee7a b\u1ed9 chuy\u1ec3n \u0111\u1ed5i du l\u1ecbch Ch\u00e2u \u00c2u n\u00e0y c\u00f3 th\u1ec3 ch\u1ecdn s\u01a1n d\u1ea7u, \u0111i\u1ec1u n\u00e0y s\u1ebd l\u00e0m cho s\u1ea3n ph\u1ea9m c\u00f3 c\u1ea3m gi\u00e1c c\u1ea7m tay r\u1ea5t t\u1ed1t<\/p>\n<p>K\u00edch th\u01b0\u1edbc adapter n\u00e0y kh\u00f4ng l\u1edbn, so v\u1edbi model c\u00f9ng k\u00edch th\u01b0\u1edbc s\u1ebd l\u00e0 thi\u1ebft k\u1ebf 5w ho\u1eb7c 12w<\/p>\n<p>\u1ede m\u1eabu n\u00e0y so v\u1edbi b\u1ed9 chuy\u1ec3n \u0111\u1ed5i du l\u1ecbch c\u1ed5 \u0111i\u1ec3n, n\u00fat \u1ea5n ti\u1ec7n l\u1ee3i h\u01a1n<\/p>\n<p>B\u1ed9 chuy\u1ec3n \u0111\u1ed5i b\u1ed1n ph\u00edch c\u1eafm tr\u00ean m\u1ed9t c\u1ee7a Hoa K\u1ef3 (Nh\u1eadt B\u1ea3n)\/\u00dac\/EU\/Anh<\/p>\n<p><span style=\"font-size: 16px;\"><img fetchpriority=\"high\" decoding=\"async\" class=\"alignnone size-medium wp-image-8509\" src=\"https:\/\/imiapower.com\/wp-content\/uploads\/Travel-Adapter-6-300x300.jpg\" alt=\"\u1ed4 c\u1eafm du l\u1ecbch Ch\u00e2u \u00c2u\" width=\"300\" height=\"300\" srcset=\"https:\/\/imiapower.com\/wp-content\/uploads\/Travel-Adapter-6-300x300.jpg 300w, https:\/\/imiapower.com\/wp-content\/uploads\/Travel-Adapter-6-100x100.jpg 100w, https:\/\/imiapower.com\/wp-content\/uploads\/Travel-Adapter-6-600x600.jpg 600w, https:\/\/imiapower.com\/wp-content\/uploads\/Travel-Adapter-6-64x64.jpg 64w, https:\/\/imiapower.com\/wp-content\/uploads\/Travel-Adapter-6-150x150.jpg 150w, https:\/\/imiapower.com\/wp-content\/uploads\/Travel-Adapter-6-768x768.jpg 768w, https:\/\/imiapower.com\/wp-content\/uploads\/Travel-Adapter-6-12x12.jpg 12w, https:\/\/imiapower.com\/wp-content\/uploads\/Travel-Adapter-6.jpg 800w\" sizes=\"(max-width: 300px) 100vw, 300px\" \/>\u00a0<\/span><\/p>\n<p>&nbsp;<\/p>\n<p>&nbsp;<\/p>\n<p>&nbsp;<\/p>","protected":false},"featured_media":7982,"comment_status":"open","ping_status":"closed","template":"","meta":{"rank_math_lock_modified_date":false,"site-sidebar-layout":"default","site-content-layout":"","ast-site-content-layout":"default","site-content-style":"default","site-sidebar-style":"default","ast-global-header-display":"","ast-banner-title-visibility":"","ast-main-header-display":"","ast-hfb-above-header-display":"","ast-hfb-below-header-display":"","ast-hfb-mobile-header-display":"","site-post-title":"","ast-breadcrumbs-content":"","ast-featured-img":"","footer-sml-layout":"","ast-disable-related-posts":"","theme-transparent-header-meta":"default","adv-header-id-meta":"","stick-header-meta":"","header-above-stick-meta":"","header-main-stick-meta":"","header-below-stick-meta":"","astra-migrate-meta-layouts":"set","ast-page-background-enabled":"default","ast-page-background-meta":{"desktop":{"background-color":"","background-image":"","background-repeat":"repeat","background-position":"center center","background-size":"auto","background-attachment":"scroll","background-type":"","background-media":"","overlay-type":"","overlay-color":"","overlay-opacity":"","overlay-gradient":""},"tablet":{"background-color":"","background-image":"","background-repeat":"repeat","background-position":"center center","background-size":"auto","background-attachment":"scroll","background-type":"","background-media":"","overlay-type":"","overlay-color":"","overlay-opacity":"","overlay-gradient":""},"mobile":{"background-color":"","background-image":"","background-repeat":"repeat","background-position":"center center","background-size":"auto","background-attachment":"scroll","background-type":"","background-media":"","overlay-type":"","overlay-color":"","overlay-opacity":"","overlay-gradient":""}},"ast-content-background-meta":{"desktop":{"background-color":"var(--ast-global-color-5)","background-image":"","background-repeat":"repeat","background-position":"center center","background-size":"auto","background-attachment":"scroll","background-type":"","background-media":"","overlay-type":"","overlay-color":"","overlay-opacity":"","overlay-gradient":""},"tablet":{"background-color":"var(--ast-global-color-5)","background-image":"","background-repeat":"repeat","background-position":"center center","background-size":"auto","background-attachment":"scroll","background-type":"","background-media":"","overlay-type":"","overlay-color":"","overlay-opacity":"","overlay-gradient":""},"mobile":{"background-color":"var(--ast-global-color-5)","background-image":"","background-repeat":"repeat","background-position":"center center","background-size":"auto","background-attachment":"scroll","background-type":"","background-media":"","overlay-type":"","overlay-color":"","overlay-opacity":"","overlay-gradient":""}}},"product_cat":[64],"product_tag":[],"class_list":{"0":"post-7082","1":"product","2":"type-product","3":"status-publish","4":"has-post-thumbnail","6":"product_cat-travel-adapter","7":"desktop-align-center","8":"tablet-align-center","9":"mobile-align-center","11":"first","12":"instock","13":"shipping-taxable","14":"product-type-simple"},"_links":{"self":[{"href":"https:\/\/imiapower.com\/vi\/wp-json\/wp\/v2\/product\/7082","targetHints":{"allow":["GET"]}}],"collection":[{"href":"https:\/\/imiapower.com\/vi\/wp-json\/wp\/v2\/product"}],"about":[{"href":"https:\/\/imiapower.com\/vi\/wp-json\/wp\/v2\/types\/product"}],"replies":[{"embeddable":true,"href":"https:\/\/imiapower.com\/vi\/wp-json\/wp\/v2\/comments?post=7082"}],"version-history":[{"count":5,"href":"https:\/\/imiapower.com\/vi\/wp-json\/wp\/v2\/product\/7082\/revisions"}],"predecessor-version":[{"id":7984,"href":"https:\/\/imiapower.com\/vi\/wp-json\/wp\/v2\/product\/7082\/revisions\/7984"}],"wp:featuredmedia":[{"embeddable":true,"href":"https:\/\/imiapower.com\/vi\/wp-json\/wp\/v2\/media\/7982"}],"wp:attachment":[{"href":"https:\/\/imiapower.com\/vi\/wp-json\/wp\/v2\/media?parent=7082"}],"wp:term":[{"taxonomy":"product_cat","embeddable":true,"href":"https:\/\/imiapower.com\/vi\/wp-json\/wp\/v2\/product_cat?post=7082"},{"taxonomy":"product_tag","embeddable":true,"href":"https:\/\/imiapower.com\/vi\/wp-json\/wp\/v2\/product_tag?post=7082"}],"curies":[{"name":"trang web","href":"https:\/\/api.w.org\/{rel}","templated":true}]}}