{"id":7122,"date":"2024-03-15T03:50:30","date_gmt":"2024-03-15T03:50:30","guid":{"rendered":"https:\/\/imia.com.cn\/?post_type=product&#038;p=7122"},"modified":"2026-01-05T08:15:11","modified_gmt":"2026-01-05T08:15:11","slug":"65w-usb-c-laptop-charger","status":"publish","type":"product","link":"https:\/\/imiapower.com\/vi\/products\/wall-charger\/65w-usb-c-laptop-charger\/","title":{"rendered":"B\u1ed9 s\u1ea1c m\u00e1y t\u00ednh x\u00e1ch tay usb c 65w s\u00e1ng t\u1ea1o v\u1edbi c\u00e1p 1,2m"},"content":{"rendered":"<ul>\n<li><strong>S\u1ea1c laptop 65w USB C<\/strong><\/li>\n<li><strong>K\u00edch th\u01b0\u1edbc:<\/strong>65*65*29MM<\/li>\n<li><strong>\u0110\u1eb7c \u0111i\u1ec3m:<\/strong> Ph\u00edch c\u1eafm g\u1ea5p c\u1ee7a M\u1ef9<\/li>\n<li><strong>\u0110\u1ea7u ra:<\/strong> 5V\/3A, 9V\/3A, 12V\/3A, 15V\/3A, 20V\/3,25A (T\u1ed1i \u0111a 65w)<\/li>\n<li><strong>M\u00e0u s\u1eafc:<\/strong> \u0110en tr\u1eafng<\/li>\n<li><strong>\u0110\u1ea7u v\u00e0o:<\/strong> 100-240VAC 50\/60HZ<\/li>\n<li><strong>Gi\u1ea5y ch\u1ee9ng nh\u1eadn:<\/strong> UL \/FCC\/ CE\/ CB\/ UKCA\/ PSE<\/li>\n<li><strong>Th\u00eam:<\/strong> C\u00e1p lo\u1ea1i C 1,2M<\/li>\n<li><strong>Che ph\u1ee7:<\/strong> V\u1eadt li\u1ec7u ch\u1ed1ng ch\u00e1y<\/li>\n<\/ul>","protected":false},"excerpt":{"rendered":"<p>B\u1ed9 \u0111\u1ed5i ngu\u1ed3n 65w n\u00e0y \u0111\u00e3 \u0111\u01b0\u1ee3c ch\u1ee9ng nh\u1eadn tr\u00ean to\u00e0n th\u1ebf gi\u1edbi, Kh\u00e1ch h\u00e0ng mua b\u1ed9 \u0111\u1ed5i ngu\u1ed3n n\u00e0y t\u1eeb ch\u00fang t\u00f4i c\u00f3 th\u1ec3 b\u00e1n n\u00f3 \u1edf b\u1ea5t k\u1ef3 qu\u1ed1c gia n\u00e0o v\u00e0 \u0111\u00e2y l\u00e0 m\u1ed9t l\u1ef1a ch\u1ecdn s\u1ea1c t\u1ed1t cho m\u00e1y t\u00ednh x\u00e1ch tay c\u00f3 t\u1ed1c \u0111\u1ed9 nhanh<\/p>\n<p>N\u00f3 l\u00e0 m\u1ed9t s\u1ef1 thay th\u1ebf si\u00eau m\u1ecfng v\u00e0 nh\u1ecf g\u1ecdn cho c\u00e1c b\u1ed9 \u0111\u1ed5i ngu\u1ed3n g\u1ed1c b\u1ecb l\u1ed7i ho\u1eb7c b\u1ecb m\u1ea5t. N\u00f3 c\u0169ng l\u00fd t\u01b0\u1edfng cho b\u1ed9 \u0111\u1ed5i ngu\u1ed3n th\u1ee9 hai trong v\u0103n ph\u00f2ng, khi \u0111i du l\u1ecbch ho\u1eb7c \u1edf nh\u00e0.<\/p>\n<p>T\u01b0\u01a1ng th\u00edch v\u1edbi m\u00e1y t\u00ednh x\u00e1ch tay\/m\u00e1y t\u00ednh x\u00e1ch tay\/\u0111i\u1ec7n tho\u1ea1i th\u00f4ng minh m\u1edbi nh\u1ea5t \u0111\u01b0\u1ee3c s\u1ea1c qua \u0111\u1ea7u n\u1ed1i USB-C<\/p>\n<p>C\u00f3 s\u1eb5n ph\u00edch c\u1eafm USA\/UK\/EU\/AUS<\/p>\n<p>M\u1eabu mi\u1ec5n ph\u00ed c\u00f3 th\u1ec3 \u0111\u01b0\u1ee3c cung c\u1ea5p<\/p>\n<p>So v\u1edbi c\u00e1c lo\u1ea1i kh\u00e1c, b\u1ed9 s\u1ea1c m\u00e1y t\u00ednh x\u00e1ch tay USB c 65w n\u00e0y b\u1ea3o h\u00e0nh 3 n\u0103m<\/p>\n<p>&nbsp;<\/p>\n<p>&nbsp;<\/p>\n<p>&nbsp;<\/p>\n<p>&nbsp;<\/p>","protected":false},"featured_media":7390,"comment_status":"open","ping_status":"closed","template":"","meta":{"rank_math_lock_modified_date":false,"site-sidebar-layout":"default","site-content-layout":"","ast-site-content-layout":"default","site-content-style":"default","site-sidebar-style":"default","ast-global-header-display":"","ast-banner-title-visibility":"","ast-main-header-display":"","ast-hfb-above-header-display":"","ast-hfb-below-header-display":"","ast-hfb-mobile-header-display":"","site-post-title":"","ast-breadcrumbs-content":"","ast-featured-img":"","footer-sml-layout":"","ast-disable-related-posts":"","theme-transparent-header-meta":"default","adv-header-id-meta":"","stick-header-meta":"","header-above-stick-meta":"","header-main-stick-meta":"","header-below-stick-meta":"","astra-migrate-meta-layouts":"set","ast-page-background-enabled":"default","ast-page-background-meta":{"desktop":{"background-color":"","background-image":"","background-repeat":"repeat","background-position":"center center","background-size":"auto","background-attachment":"scroll","background-type":"","background-media":"","overlay-type":"","overlay-color":"","overlay-opacity":"","overlay-gradient":""},"tablet":{"background-color":"","background-image":"","background-repeat":"repeat","background-position":"center center","background-size":"auto","background-attachment":"scroll","background-type":"","background-media":"","overlay-type":"","overlay-color":"","overlay-opacity":"","overlay-gradient":""},"mobile":{"background-color":"","background-image":"","background-repeat":"repeat","background-position":"center center","background-size":"auto","background-attachment":"scroll","background-type":"","background-media":"","overlay-type":"","overlay-color":"","overlay-opacity":"","overlay-gradient":""}},"ast-content-background-meta":{"desktop":{"background-color":"var(--ast-global-color-5)","background-image":"","background-repeat":"repeat","background-position":"center center","background-size":"auto","background-attachment":"scroll","background-type":"","background-media":"","overlay-type":"","overlay-color":"","overlay-opacity":"","overlay-gradient":""},"tablet":{"background-color":"var(--ast-global-color-5)","background-image":"","background-repeat":"repeat","background-position":"center center","background-size":"auto","background-attachment":"scroll","background-type":"","background-media":"","overlay-type":"","overlay-color":"","overlay-opacity":"","overlay-gradient":""},"mobile":{"background-color":"var(--ast-global-color-5)","background-image":"","background-repeat":"repeat","background-position":"center center","background-size":"auto","background-attachment":"scroll","background-type":"","background-media":"","overlay-type":"","overlay-color":"","overlay-opacity":"","overlay-gradient":""}}},"product_cat":[43],"product_tag":[],"class_list":{"0":"post-7122","1":"product","2":"type-product","3":"status-publish","4":"has-post-thumbnail","6":"product_cat-wall-charger","7":"desktop-align-center","8":"tablet-align-center","9":"mobile-align-center","11":"first","12":"instock","13":"featured","14":"shipping-taxable","15":"product-type-simple"},"_links":{"self":[{"href":"https:\/\/imiapower.com\/vi\/wp-json\/wp\/v2\/product\/7122","targetHints":{"allow":["GET"]}}],"collection":[{"href":"https:\/\/imiapower.com\/vi\/wp-json\/wp\/v2\/product"}],"about":[{"href":"https:\/\/imiapower.com\/vi\/wp-json\/wp\/v2\/types\/product"}],"replies":[{"embeddable":true,"href":"https:\/\/imiapower.com\/vi\/wp-json\/wp\/v2\/comments?post=7122"}],"version-history":[{"count":3,"href":"https:\/\/imiapower.com\/vi\/wp-json\/wp\/v2\/product\/7122\/revisions"}],"predecessor-version":[{"id":7904,"href":"https:\/\/imiapower.com\/vi\/wp-json\/wp\/v2\/product\/7122\/revisions\/7904"}],"wp:featuredmedia":[{"embeddable":true,"href":"https:\/\/imiapower.com\/vi\/wp-json\/wp\/v2\/media\/7390"}],"wp:attachment":[{"href":"https:\/\/imiapower.com\/vi\/wp-json\/wp\/v2\/media?parent=7122"}],"wp:term":[{"taxonomy":"product_cat","embeddable":true,"href":"https:\/\/imiapower.com\/vi\/wp-json\/wp\/v2\/product_cat?post=7122"},{"taxonomy":"product_tag","embeddable":true,"href":"https:\/\/imiapower.com\/vi\/wp-json\/wp\/v2\/product_tag?post=7122"}],"curies":[{"name":"trang web","href":"https:\/\/api.w.org\/{rel}","templated":true}]}}