{"id":7141,"date":"2024-03-18T01:08:25","date_gmt":"2024-03-18T01:08:25","guid":{"rendered":"https:\/\/imia.com.cn\/?post_type=product&#038;p=7141"},"modified":"2024-11-29T01:37:07","modified_gmt":"2024-11-29T01:37:07","slug":"china-usb-charger-manufacturer","status":"publish","type":"product","link":"https:\/\/imiapower.com\/vi\/products\/wall-charger\/china-usb-charger-manufacturer\/","title":{"rendered":"Nh\u00e0 s\u1ea3n xu\u1ea5t b\u1ed9 s\u1ea1c usb trung qu\u1ed1c mini 33w m\u1ea1nh m\u1ebd"},"content":{"rendered":"<ul>\n<li><strong>nh\u00e0 s\u1ea3n xu\u1ea5t b\u1ed9 s\u1ea1c USB Trung Qu\u1ed1c<\/strong><\/li>\n<li><strong>\u0110\u1ea7u v\u00e0o:<\/strong> 110-240V AC 50-60HZ<\/li>\n<li><strong>\u0110\u1ea7u ra:<\/strong> USB A: 5V3A\/9V2A\/12V1.5A QC18W<\/li>\n<li><strong>Lo\u1ea1i C1:<\/strong> 5V3A\/9V3A\/12V1.5A\/15V2A\/20V1.5A<\/li>\n<li><strong>PPS:<\/strong> 3.3V-11V 3A 3.3V-16V2A 33W T\u1ed0I \u0110A A+C: 5V3A<\/li>\n<li><strong>V\u1eadt li\u1ec7u:<\/strong> V\u1eadt li\u1ec7u ch\u1ed1ng ch\u00e1y PC<\/li>\n<li><strong>K\u00edch c\u1ee1:<\/strong> 30*30*68cm<\/li>\n<li><strong>M\u00e0u s\u1eafc:<\/strong> H\u1ed3ng, Xanh lam, Xanh l\u1ee5c<\/li>\n<li><strong>Gi\u1ea5y ch\u1ee9ng nh\u1eadn:<\/strong> KC, CE, FCC, ROHS<\/li>\n<\/ul>","protected":false},"excerpt":{"rendered":"<p>L\u00e0 nh\u00e0 s\u1ea3n xu\u1ea5t b\u1ed9 s\u1ea1c USB c\u1ee7a Trung Qu\u1ed1c, ch\u00fang t\u00f4i lu\u00f4n cung c\u1ea5p c\u00e1c s\u1ea3n ph\u1ea9m li\u00ean quan \u0111\u1ebfn ngu\u1ed3n \u0111i\u1ec7n kh\u00e1c nhau.<\/p>\n<p>\u0110\u00e2y l\u00e0 m\u1ed9t thi\u1ebft b\u1ecb tuy\u1ec7t v\u1eddi m\u00e0 b\u1ea1n c\u00f3 th\u1ec3 s\u1eed d\u1ee5ng d\u1ec5 d\u00e0ng v\u00ec c\u00f4ng ngh\u1ec7 n\u00e0y s\u1ebd ch\u0103m s\u00f3c pin \u0111i\u1ec7n tho\u1ea1i c\u1ee7a b\u1ea1n m\u1ed9t c\u00e1ch t\u1ed1t nh\u1ea5t.<\/p>\n<p>\u0110\u01b0\u1ee3c trang b\u1ecb c\u00f4ng ngh\u1ec7 PD, s\u1ea3n ph\u1ea9m c\u00f3 th\u1ec3 s\u1ea1c thi\u1ebft b\u1ecb c\u1ee7a b\u1ea1n nhanh h\u01a1n g\u1ea5p 3 l\u1ea7n so v\u1edbi b\u1ed9 s\u1ea1c th\u00f4ng th\u01b0\u1eddng.<\/p>\n<p>H\u1ed7 tr\u1ee3 nhi\u1ec1u lo\u1ea1i thi\u1ebft b\u1ecb \u0111i\u1ec7n tho\u1ea1i c\u00f3 th\u01b0\u01a1ng hi\u1ec7u, ch\u00fang t\u00f4i lu\u00f4n s\u1eed d\u1ee5ng nhi\u1ec1u lo\u1ea1i \u0111i\u1ec7n tho\u1ea1i th\u00f4ng minh c\u00f3 th\u01b0\u01a1ng hi\u1ec7u kh\u00e1c nhau \u0111\u1ec3 th\u1eed nghi\u1ec7m v\u00e0 \u0111\u1ea3m b\u1ea3o t\u01b0\u01a1ng th\u00edch. C\u00f4ng ngh\u1ec7 s\u1ea1c th\u00f4ng minh t\u1ef1 \u0111\u1ed9ng \u0111i\u1ec1u ch\u1ec9nh \u0111\u1ec3 cung c\u1ea5p ngu\u1ed3n \u0111i\u1ec7n t\u1ed1i \u01b0u cho thi\u1ebft b\u1ecb c\u1ee7a b\u1ea1n<\/p>\n<p>&nbsp;<\/p>","protected":false},"featured_media":8240,"comment_status":"open","ping_status":"closed","template":"","meta":{"rank_math_lock_modified_date":false,"site-sidebar-layout":"default","site-content-layout":"","ast-site-content-layout":"default","site-content-style":"default","site-sidebar-style":"default","ast-global-header-display":"","ast-banner-title-visibility":"","ast-main-header-display":"","ast-hfb-above-header-display":"","ast-hfb-below-header-display":"","ast-hfb-mobile-header-display":"","site-post-title":"","ast-breadcrumbs-content":"","ast-featured-img":"","footer-sml-layout":"","ast-disable-related-posts":"","theme-transparent-header-meta":"default","adv-header-id-meta":"","stick-header-meta":"","header-above-stick-meta":"","header-main-stick-meta":"","header-below-stick-meta":"","astra-migrate-meta-layouts":"set","ast-page-background-enabled":"default","ast-page-background-meta":{"desktop":{"background-color":"","background-image":"","background-repeat":"repeat","background-position":"center center","background-size":"auto","background-attachment":"scroll","background-type":"","background-media":"","overlay-type":"","overlay-color":"","overlay-opacity":"","overlay-gradient":""},"tablet":{"background-color":"","background-image":"","background-repeat":"repeat","background-position":"center center","background-size":"auto","background-attachment":"scroll","background-type":"","background-media":"","overlay-type":"","overlay-color":"","overlay-opacity":"","overlay-gradient":""},"mobile":{"background-color":"","background-image":"","background-repeat":"repeat","background-position":"center center","background-size":"auto","background-attachment":"scroll","background-type":"","background-media":"","overlay-type":"","overlay-color":"","overlay-opacity":"","overlay-gradient":""}},"ast-content-background-meta":{"desktop":{"background-color":"var(--ast-global-color-5)","background-image":"","background-repeat":"repeat","background-position":"center center","background-size":"auto","background-attachment":"scroll","background-type":"","background-media":"","overlay-type":"","overlay-color":"","overlay-opacity":"","overlay-gradient":""},"tablet":{"background-color":"var(--ast-global-color-5)","background-image":"","background-repeat":"repeat","background-position":"center center","background-size":"auto","background-attachment":"scroll","background-type":"","background-media":"","overlay-type":"","overlay-color":"","overlay-opacity":"","overlay-gradient":""},"mobile":{"background-color":"var(--ast-global-color-5)","background-image":"","background-repeat":"repeat","background-position":"center center","background-size":"auto","background-attachment":"scroll","background-type":"","background-media":"","overlay-type":"","overlay-color":"","overlay-opacity":"","overlay-gradient":""}}},"product_cat":[43],"product_tag":[],"class_list":{"0":"post-7141","1":"product","2":"type-product","3":"status-publish","4":"has-post-thumbnail","6":"product_cat-wall-charger","7":"desktop-align-center","8":"tablet-align-center","9":"mobile-align-center","11":"first","12":"instock","13":"shipping-taxable","14":"product-type-simple"},"_links":{"self":[{"href":"https:\/\/imiapower.com\/vi\/wp-json\/wp\/v2\/product\/7141","targetHints":{"allow":["GET"]}}],"collection":[{"href":"https:\/\/imiapower.com\/vi\/wp-json\/wp\/v2\/product"}],"about":[{"href":"https:\/\/imiapower.com\/vi\/wp-json\/wp\/v2\/types\/product"}],"replies":[{"embeddable":true,"href":"https:\/\/imiapower.com\/vi\/wp-json\/wp\/v2\/comments?post=7141"}],"version-history":[{"count":5,"href":"https:\/\/imiapower.com\/vi\/wp-json\/wp\/v2\/product\/7141\/revisions"}],"predecessor-version":[{"id":8706,"href":"https:\/\/imiapower.com\/vi\/wp-json\/wp\/v2\/product\/7141\/revisions\/8706"}],"wp:featuredmedia":[{"embeddable":true,"href":"https:\/\/imiapower.com\/vi\/wp-json\/wp\/v2\/media\/8240"}],"wp:attachment":[{"href":"https:\/\/imiapower.com\/vi\/wp-json\/wp\/v2\/media?parent=7141"}],"wp:term":[{"taxonomy":"product_cat","embeddable":true,"href":"https:\/\/imiapower.com\/vi\/wp-json\/wp\/v2\/product_cat?post=7141"},{"taxonomy":"product_tag","embeddable":true,"href":"https:\/\/imiapower.com\/vi\/wp-json\/wp\/v2\/product_tag?post=7141"}],"curies":[{"name":"trang web","href":"https:\/\/api.w.org\/{rel}","templated":true}]}}