{"id":7197,"date":"2024-03-22T00:15:10","date_gmt":"2024-03-22T00:15:10","guid":{"rendered":"https:\/\/imia.com.cn\/?post_type=product&#038;p=7197"},"modified":"2024-08-02T02:16:18","modified_gmt":"2024-08-02T02:16:18","slug":"usb-car-charger","status":"publish","type":"product","link":"https:\/\/imiapower.com\/vi\/products\/car-charger\/usb-car-charger\/","title":{"rendered":"B\u1ed9 s\u1ea1c xe h\u01a1i usb m\u1ea1nh m\u1ebd 38W t\u1eeb Trung Qu\u1ed1c"},"content":{"rendered":"<ul>\n<li><strong>s\u1ea1c xe h\u01a1i usb<\/strong><\/li>\n<li><strong>\u0110\u1ea7u v\u00e0o:<\/strong> DC12V-24V<\/li>\n<li><strong>Phi\u00ean b\u1ea3n \u0111\u1ea7u ra1# 1usb:<\/strong> 5V2.1A<\/li>\n<li><strong>Phi\u00ean b\u1ea3n2# 1usb:<\/strong> 5V3A\/9V2A\/12V1.5A (T\u1ed1i \u0111a 18W)<\/li>\n<li><strong>Phi\u00ean b\u1ea3n 3# 2usb:<\/strong> usb1 5V2.1A, usb2 5V2.1A usb1+usb2 5V3.4A<\/li>\n<li><strong>Phi\u00ean b\u1ea3n 4# 2usb:<\/strong> usb1 5V3A\/9V2A\/12V1.5A(T\u1ed1i \u0111a 18W) usb2 5V3A\/9V2A\/12V1.5A(T\u1ed1i \u0111a 18W) T\u1ed5ng c\u1ed9ng: 36W(T\u1ed1i \u0111a)<\/li>\n<li><strong>Phi\u00ean b\u1ea3n 5# 1usb+1 type-c:<\/strong> Lo\u1ea1i c: 5V3A\/9V2.22A\/12V1.67A(Max.20W) usb1: 5V3A\/9V2A\/12V1.5A(Max.18W) T\u1ed5ng c\u1ed9ng: 38W(Max.)<\/li>\n<li><strong>Ch\u1ee9ng nh\u1eadn:<\/strong> CE, ROHS, CCC<\/li>\n<li><strong>Th\u1eddi gian s\u1ea3n su\u1ea5t<\/strong>: kho\u1ea3ng 30-35 ng\u00e0y<\/li>\n<\/ul>","protected":false},"excerpt":{"rendered":"<p>B\u1ed9 s\u1ea1c xe h\u01a1i USB th\u01b0\u1eddng \u0111\u01b0\u1ee3c g\u1ecdi l\u00e0 \u1ed5 c\u1eafm b\u1eadt l\u1eeda v\u00e0 cung c\u1ea5p m\u1ed9t ho\u1eb7c nhi\u1ec1u c\u1ed5ng USB \u0111\u1ec3 s\u1ea1c c\u00e1c thi\u1ebft b\u1ecb \u0111i\u1ec7n t\u1eed nh\u01b0 \u0111i\u1ec7n tho\u1ea1i th\u00f4ng minh, m\u00e1y t\u00ednh b\u1ea3ng v\u00e0 c\u00e1c thi\u1ebft b\u1ecb \u0111i\u1ec7n t\u1eed kh\u00e1c.<\/p>\n<p>B\u1ed9 s\u1ea1c \u00f4 t\u00f4 n\u00e0y s\u1eed d\u1ee5ng m\u1ed9t khu\u00f4n v\u1edbi c\u00e1c thi\u1ebft k\u1ebf ngu\u1ed3n kh\u00e1c nhau (10,5w, 18w, 36w, 38w nhi\u1ec1u t\u00f9y ch\u1ecdn), ng\u01b0\u1eddi b\u00e1n bu\u00f4n c\u00f3 th\u1ec3 b\u00e1n ri\u00eang ho\u1eb7c \u0111\u1eb7t ch\u00fang v\u1edbi gi\u00e1 chi\u1ebft kh\u1ea5u<\/p>\n<p>Ch\u00fang t\u00f4i lu\u00f4n cung c\u1ea5p b\u1ea3o h\u00e0nh 1 n\u0103m v\u00e0 m\u1eabu mi\u1ec5n ph\u00ed<\/p>\n<p>&nbsp;<\/p>","protected":false},"featured_media":8236,"comment_status":"open","ping_status":"closed","template":"","meta":{"rank_math_lock_modified_date":false,"site-sidebar-layout":"default","site-content-layout":"","ast-site-content-layout":"default","site-content-style":"default","site-sidebar-style":"default","ast-global-header-display":"","ast-banner-title-visibility":"","ast-main-header-display":"","ast-hfb-above-header-display":"","ast-hfb-below-header-display":"","ast-hfb-mobile-header-display":"","site-post-title":"","ast-breadcrumbs-content":"","ast-featured-img":"","footer-sml-layout":"","ast-disable-related-posts":"","theme-transparent-header-meta":"default","adv-header-id-meta":"","stick-header-meta":"","header-above-stick-meta":"","header-main-stick-meta":"","header-below-stick-meta":"","astra-migrate-meta-layouts":"set","ast-page-background-enabled":"default","ast-page-background-meta":{"desktop":{"background-color":"","background-image":"","background-repeat":"repeat","background-position":"center center","background-size":"auto","background-attachment":"scroll","background-type":"","background-media":"","overlay-type":"","overlay-color":"","overlay-opacity":"","overlay-gradient":""},"tablet":{"background-color":"","background-image":"","background-repeat":"repeat","background-position":"center center","background-size":"auto","background-attachment":"scroll","background-type":"","background-media":"","overlay-type":"","overlay-color":"","overlay-opacity":"","overlay-gradient":""},"mobile":{"background-color":"","background-image":"","background-repeat":"repeat","background-position":"center center","background-size":"auto","background-attachment":"scroll","background-type":"","background-media":"","overlay-type":"","overlay-color":"","overlay-opacity":"","overlay-gradient":""}},"ast-content-background-meta":{"desktop":{"background-color":"var(--ast-global-color-5)","background-image":"","background-repeat":"repeat","background-position":"center center","background-size":"auto","background-attachment":"scroll","background-type":"","background-media":"","overlay-type":"","overlay-color":"","overlay-opacity":"","overlay-gradient":""},"tablet":{"background-color":"var(--ast-global-color-5)","background-image":"","background-repeat":"repeat","background-position":"center center","background-size":"auto","background-attachment":"scroll","background-type":"","background-media":"","overlay-type":"","overlay-color":"","overlay-opacity":"","overlay-gradient":""},"mobile":{"background-color":"var(--ast-global-color-5)","background-image":"","background-repeat":"repeat","background-position":"center center","background-size":"auto","background-attachment":"scroll","background-type":"","background-media":"","overlay-type":"","overlay-color":"","overlay-opacity":"","overlay-gradient":""}}},"product_cat":[41],"product_tag":[],"class_list":{"0":"post-7197","1":"product","2":"type-product","3":"status-publish","4":"has-post-thumbnail","6":"product_cat-car-charger","7":"desktop-align-center","8":"tablet-align-center","9":"mobile-align-center","11":"first","12":"instock","13":"shipping-taxable","14":"product-type-simple"},"_links":{"self":[{"href":"https:\/\/imiapower.com\/vi\/wp-json\/wp\/v2\/product\/7197","targetHints":{"allow":["GET"]}}],"collection":[{"href":"https:\/\/imiapower.com\/vi\/wp-json\/wp\/v2\/product"}],"about":[{"href":"https:\/\/imiapower.com\/vi\/wp-json\/wp\/v2\/types\/product"}],"replies":[{"embeddable":true,"href":"https:\/\/imiapower.com\/vi\/wp-json\/wp\/v2\/comments?post=7197"}],"version-history":[{"count":2,"href":"https:\/\/imiapower.com\/vi\/wp-json\/wp\/v2\/product\/7197\/revisions"}],"predecessor-version":[{"id":8202,"href":"https:\/\/imiapower.com\/vi\/wp-json\/wp\/v2\/product\/7197\/revisions\/8202"}],"wp:featuredmedia":[{"embeddable":true,"href":"https:\/\/imiapower.com\/vi\/wp-json\/wp\/v2\/media\/8236"}],"wp:attachment":[{"href":"https:\/\/imiapower.com\/vi\/wp-json\/wp\/v2\/media?parent=7197"}],"wp:term":[{"taxonomy":"product_cat","embeddable":true,"href":"https:\/\/imiapower.com\/vi\/wp-json\/wp\/v2\/product_cat?post=7197"},{"taxonomy":"product_tag","embeddable":true,"href":"https:\/\/imiapower.com\/vi\/wp-json\/wp\/v2\/product_tag?post=7197"}],"curies":[{"name":"trang web","href":"https:\/\/api.w.org\/{rel}","templated":true}]}}