{"id":7234,"date":"2024-03-23T01:39:56","date_gmt":"2024-03-23T01:39:56","guid":{"rendered":"https:\/\/imia.com.cn\/?post_type=product&#038;p=7234"},"modified":"2025-07-21T08:57:02","modified_gmt":"2025-07-21T08:57:02","slug":"usb-c-charger-65w","status":"publish","type":"product","link":"https:\/\/imiapower.com\/vi\/products\/wall-charger\/usb-c-charger-65w\/","title":{"rendered":"s\u1ea1c usb c 65w gi\u00e1 r\u1ebb"},"content":{"rendered":"<ul>\n<li><strong>C\u1ee7 s\u1ea1c USB C 65w<\/strong><\/li>\n<li><strong>\u0110\u1ea7u v\u00e0o:<\/strong> 110-240V AC 50-60HZ<\/li>\n<li><strong>Lo\u1ea1i C1\/C2:<\/strong> 5V3A\/9V3A\/12V3A\/15V3A\/20V3.25A<\/li>\n<li><strong>USB:<\/strong> 4.5V5A\/3V4A\/9V3A\/12V2.5A\/20V1.5A<\/li>\n<li><strong>C1+C2:<\/strong> 45W+20W<\/li>\n<li><strong>C1+USB:<\/strong> 45W+18W<\/li>\n<li><strong>C2+USB:<\/strong> 5V3A(15W)<\/li>\n<li><strong>C1+C2\/USB:<\/strong> 45W+15W<\/li>\n<li><strong>Gi\u1ea5y ch\u1ee9ng nh\u1eadn:<\/strong> CE, KC<\/li>\n<li><strong>Th\u1eddi gian s\u1ea3n su\u1ea5t:<\/strong> 25-30 ng\u00e0y<\/li>\n<\/ul>","protected":false},"excerpt":{"rendered":"<p>https:\/\/youtu.be\/N_ZkLYpTEQM<\/p>\n<p>C\u1ee7 s\u1ea1c 65w n\u00e0y c\u00f3 th\u1ec3 s\u1ea1c c\u00f9ng l\u00fac 3 thi\u1ebft b\u1ecb v\u1edbi t\u1ed1c \u0111\u1ed9 s\u1ea1c cao<\/p>\n<p>B\u1ed9 s\u1ea1c USB C 65w hi\u1ec7n \u0111\u00e3 tr\u1edf n\u00ean ph\u1ed5 bi\u1ebfn h\u01a1n tr\u01b0\u1edbc, b\u1ed9 s\u1ea1c n\u00e0y c\u00f3 th\u1ec3 ti\u1ebft ki\u1ec7m th\u1eddi gian s\u1ea1c \u0111i\u1ec7n tho\u1ea1i di \u0111\u1ed9ng, m\u00e1y t\u00ednh b\u1ea3ng, m\u00e1y t\u00ednh x\u00e1ch tay, v.v.<\/p>\n<p>C\u00e1i n\u00e0y <mark>s\u1ea1c 65w<\/mark> l\u00e0 b\u1ed9 s\u1ea1c 65w r\u1ebb nh\u1ea5t, ch\u00fang t\u00f4i \u0111\u01b0a ra m\u1ee9c gi\u00e1 $4.8 v\u00e0 thi\u1ebft k\u1ebf t\u00f9y ch\u1ec9nh c\u0169ng c\u00f3 th\u1ec3 ch\u1ea5p nh\u1eadn \u0111\u01b0\u1ee3c, ch\u00fang t\u00f4i c\u0169ng c\u00f3 th\u1ec3 cung c\u1ea5p SKD (Semi-Knocked Down) v\u1edbi m\u1ee9c gi\u00e1 th\u1ea5p h\u01a1n \u0111\u1ec3 m\u1ed9t s\u1ed1 kh\u00e1ch h\u00e0ng \u0111\u00e1p \u1ee9ng y\u00eau c\u1ea7u c\u1ee7a h\u1ecd<\/p>\n<p>Model n\u00e0y s\u1eed d\u1ee5ng \u0111i\u1ec7n \u00e1p \u0111\u01a1n (\u0111i\u1ec7n \u00e1p cao) c\u00f3 th\u1ec3 \u0111\u01b0\u1ee3c s\u1eed d\u1ee5ng \u1edf h\u1ea7u h\u1ebft c\u00e1c qu\u1ed1c gia<\/p>\n<p>Ch\u1ee9ng nh\u1eadn c\u00f3 th\u1ec3 \u0111\u01b0\u1ee3c cung c\u1ea5p<\/p>\n<p>Ch\u00fang t\u00f4i lu\u00f4n cung c\u1ea5p m\u1eabu mi\u1ec5n ph\u00ed cho kh\u00e1ch h\u00e0ng c\u00f3 gi\u00e1 tr\u1ecb \u0111\u1ec3 th\u1eed nghi\u1ec7m v\u00e0 ki\u1ec3m tra t\u1ea1i nh\u00e0 m\u00e1y tr\u01b0\u1edbc khi \u0111\u1eb7t h\u00e0ng<\/p>\n<p>Nhi\u1ec1u m\u00e0u s\u1eafc c\u00f3 th\u1ec3 \u0111\u01b0\u1ee3c l\u1ef1a ch\u1ecdn, tr\u1eafng, \u0111en, h\u1ed3ng, xanh l\u00e1 c\u00e2y, v\u00e0ng<\/p>\n<p><img fetchpriority=\"high\" decoding=\"async\" class=\"alignnone wp-image-9485 size-large\" src=\"https:\/\/imiapower.com\/wp-content\/uploads\/converted-8-1-1024x683.webp\" alt=\"B\u1ed9 s\u1ea1c PD 65W\" width=\"1024\" height=\"683\" srcset=\"https:\/\/imiapower.com\/wp-content\/uploads\/converted-8-1-1024x683.webp 1024w, https:\/\/imiapower.com\/wp-content\/uploads\/converted-8-1-300x200.webp 300w, https:\/\/imiapower.com\/wp-content\/uploads\/converted-8-1-768x512.webp 768w, https:\/\/imiapower.com\/wp-content\/uploads\/converted-8-1-18x12.webp 18w, https:\/\/imiapower.com\/wp-content\/uploads\/converted-8-1-600x400.webp 600w, https:\/\/imiapower.com\/wp-content\/uploads\/converted-8-1-64x43.webp 64w, https:\/\/imiapower.com\/wp-content\/uploads\/converted-8-1.webp 1536w\" sizes=\"(max-width: 1024px) 100vw, 1024px\" \/><\/p>\n<p>&nbsp;<\/p>","protected":false},"featured_media":9481,"comment_status":"open","ping_status":"closed","template":"","meta":{"rank_math_lock_modified_date":false,"site-sidebar-layout":"default","site-content-layout":"","ast-site-content-layout":"default","site-content-style":"default","site-sidebar-style":"default","ast-global-header-display":"","ast-banner-title-visibility":"","ast-main-header-display":"","ast-hfb-above-header-display":"","ast-hfb-below-header-display":"","ast-hfb-mobile-header-display":"","site-post-title":"","ast-breadcrumbs-content":"","ast-featured-img":"","footer-sml-layout":"","ast-disable-related-posts":"","theme-transparent-header-meta":"default","adv-header-id-meta":"","stick-header-meta":"","header-above-stick-meta":"","header-main-stick-meta":"","header-below-stick-meta":"","astra-migrate-meta-layouts":"set","ast-page-background-enabled":"default","ast-page-background-meta":{"desktop":{"background-color":"","background-image":"","background-repeat":"repeat","background-position":"center center","background-size":"auto","background-attachment":"scroll","background-type":"","background-media":"","overlay-type":"","overlay-color":"","overlay-opacity":"","overlay-gradient":""},"tablet":{"background-color":"","background-image":"","background-repeat":"repeat","background-position":"center center","background-size":"auto","background-attachment":"scroll","background-type":"","background-media":"","overlay-type":"","overlay-color":"","overlay-opacity":"","overlay-gradient":""},"mobile":{"background-color":"","background-image":"","background-repeat":"repeat","background-position":"center center","background-size":"auto","background-attachment":"scroll","background-type":"","background-media":"","overlay-type":"","overlay-color":"","overlay-opacity":"","overlay-gradient":""}},"ast-content-background-meta":{"desktop":{"background-color":"var(--ast-global-color-5)","background-image":"","background-repeat":"repeat","background-position":"center center","background-size":"auto","background-attachment":"scroll","background-type":"","background-media":"","overlay-type":"","overlay-color":"","overlay-opacity":"","overlay-gradient":""},"tablet":{"background-color":"var(--ast-global-color-5)","background-image":"","background-repeat":"repeat","background-position":"center center","background-size":"auto","background-attachment":"scroll","background-type":"","background-media":"","overlay-type":"","overlay-color":"","overlay-opacity":"","overlay-gradient":""},"mobile":{"background-color":"var(--ast-global-color-5)","background-image":"","background-repeat":"repeat","background-position":"center center","background-size":"auto","background-attachment":"scroll","background-type":"","background-media":"","overlay-type":"","overlay-color":"","overlay-opacity":"","overlay-gradient":""}}},"product_cat":[43],"product_tag":[],"class_list":{"0":"post-7234","1":"product","2":"type-product","3":"status-publish","4":"has-post-thumbnail","6":"product_cat-wall-charger","7":"desktop-align-center","8":"tablet-align-center","9":"mobile-align-center","11":"first","12":"instock","13":"featured","14":"shipping-taxable","15":"product-type-simple"},"_links":{"self":[{"href":"https:\/\/imiapower.com\/vi\/wp-json\/wp\/v2\/product\/7234","targetHints":{"allow":["GET"]}}],"collection":[{"href":"https:\/\/imiapower.com\/vi\/wp-json\/wp\/v2\/product"}],"about":[{"href":"https:\/\/imiapower.com\/vi\/wp-json\/wp\/v2\/types\/product"}],"replies":[{"embeddable":true,"href":"https:\/\/imiapower.com\/vi\/wp-json\/wp\/v2\/comments?post=7234"}],"version-history":[{"count":9,"href":"https:\/\/imiapower.com\/vi\/wp-json\/wp\/v2\/product\/7234\/revisions"}],"predecessor-version":[{"id":9522,"href":"https:\/\/imiapower.com\/vi\/wp-json\/wp\/v2\/product\/7234\/revisions\/9522"}],"wp:featuredmedia":[{"embeddable":true,"href":"https:\/\/imiapower.com\/vi\/wp-json\/wp\/v2\/media\/9481"}],"wp:attachment":[{"href":"https:\/\/imiapower.com\/vi\/wp-json\/wp\/v2\/media?parent=7234"}],"wp:term":[{"taxonomy":"product_cat","embeddable":true,"href":"https:\/\/imiapower.com\/vi\/wp-json\/wp\/v2\/product_cat?post=7234"},{"taxonomy":"product_tag","embeddable":true,"href":"https:\/\/imiapower.com\/vi\/wp-json\/wp\/v2\/product_tag?post=7234"}],"curies":[{"name":"trang web","href":"https:\/\/api.w.org\/{rel}","templated":true}]}}