{"id":7242,"date":"2024-03-23T03:14:21","date_gmt":"2024-03-23T03:14:21","guid":{"rendered":"https:\/\/imia.com.cn\/?post_type=product&#038;p=7242"},"modified":"2026-01-05T08:19:03","modified_gmt":"2026-01-05T08:19:03","slug":"100w-usb-c-charger","status":"publish","type":"product","link":"https:\/\/imiapower.com\/vi\/products\/wall-charger\/100w-usb-c-charger\/","title":{"rendered":"C\u1ee7 s\u1ea1c usb c 100w cho laptop k\u00e8m c\u00e1p 1,5m"},"content":{"rendered":"<ul>\n<li><strong>B\u1ed9 s\u1ea1c USB C 100w<\/strong><\/li>\n<li><strong>\u0110\u1ea7u v\u00e0o:<\/strong> 100-240VAC 50\/60HZ<\/li>\n<li><strong>\u0110\u1ea7u ra:<\/strong> 5.1V 5A 9V 3A 12V 3A 15V 3A 20V 5A<\/li>\n<li><strong>K\u00edch th\u01b0\u1edbc: <\/strong>65*65*29MM<\/li>\n<li><strong>Thi\u1ebft k\u1ebf:<\/strong> g\u1ea5p\/m\u1edf ph\u00edch c\u1eafm USA<\/li>\n<li><strong>M\u00e0u s\u1eafc:<\/strong> \u0110en<\/li>\n<li><strong>Gi\u1ea5y ch\u1ee9ng nh\u1eadn:<\/strong> UL FCC CE CB UKCA<\/li>\n<li><strong>C\u00e1p:<\/strong> C\u00e1p lo\u1ea1i C 1,5M<\/li>\n<li><strong>Th\u1eddi gian s\u1ea3n su\u1ea5t:<\/strong> 30 ng\u00e0y<\/li>\n<li><strong>B\u1ea3o \u0111\u1ea3m:<\/strong> 2 n\u0103m<\/li>\n<\/ul>","protected":false},"excerpt":{"rendered":"<p>B\u1ed9 s\u1ea1c USB C 100W cung c\u1ea5p c\u00f4ng su\u1ea5t l\u00ean \u0111\u1ebfn 100W \u0111\u1ec3 s\u1ea1c m\u00e1y t\u00ednh x\u00e1ch tay c\u1ee7a b\u1ea1n. C\u00f4ng su\u1ea5t n\u00e0y \u0111\u1ee7 cho nhi\u1ec1u m\u00e1y t\u00ednh x\u00e1ch tay hi\u1ec7n \u0111\u1ea1i, bao g\u1ed3m m\u00e1y t\u00ednh x\u00e1ch tay ch\u01a1i game v\u00e0 nh\u1eefng m\u00e1y c\u00f3 b\u1ed9 x\u1eed l\u00fd v\u00e0 card \u0111\u1ed3 h\u1ecda ng\u1ed1n \u0111i\u1ec7n.<\/p>\n<p>B\u1ed9 s\u1ea1c m\u00e1y t\u00ednh x\u00e1ch tay n\u00e0y c\u00f3 ch\u1ee9ng nh\u1eadn tr\u00ean to\u00e0n th\u1ebf gi\u1edbi<\/p>\n<p>Ph\u00edch c\u1eafm US c\u00f3 th\u1ec3 \u0111\u01b0\u1ee3c thi\u1ebft k\u1ebf d\u01b0\u1edbi d\u1ea1ng c\u00f3 th\u1ec3 g\u1eadp l\u1ea1i ho\u1eb7c kh\u00f4ng th\u1ec3 g\u1eadp l\u1ea1i<\/p>\n<p>B\u1ed9 s\u1ea1c m\u00e1y t\u00ednh x\u00e1ch tay n\u00e0y cung c\u1ea5p ph\u00edch c\u1eafm c\u00f3 th\u1ec3 thay \u0111\u1ed5i c\u1ee7a Hoa K\u1ef3, EU, Anh v\u00e0 \u00dac v\u00e0 c\u00f3 th\u1ec3 mang theo khi \u0111i c\u00f4ng t\u00e1c \u0111\u1ebfn nhi\u1ec1u qu\u1ed1c gia kh\u00e1c nhau, kh\u00f4ng c\u1ea7n lo l\u1eafng v\u1ec1 v\u1ea5n \u0111\u1ec1 \u1ed5 c\u1eafm AC c\u1ee7a c\u00e1c qu\u1ed1c gia kh\u00e1c nhau.<\/p>","protected":false},"featured_media":7319,"comment_status":"open","ping_status":"closed","template":"","meta":{"rank_math_lock_modified_date":false,"site-sidebar-layout":"default","site-content-layout":"","ast-site-content-layout":"default","site-content-style":"default","site-sidebar-style":"default","ast-global-header-display":"","ast-banner-title-visibility":"","ast-main-header-display":"","ast-hfb-above-header-display":"","ast-hfb-below-header-display":"","ast-hfb-mobile-header-display":"","site-post-title":"","ast-breadcrumbs-content":"","ast-featured-img":"","footer-sml-layout":"","ast-disable-related-posts":"","theme-transparent-header-meta":"default","adv-header-id-meta":"","stick-header-meta":"","header-above-stick-meta":"","header-main-stick-meta":"","header-below-stick-meta":"","astra-migrate-meta-layouts":"set","ast-page-background-enabled":"default","ast-page-background-meta":{"desktop":{"background-color":"","background-image":"","background-repeat":"repeat","background-position":"center center","background-size":"auto","background-attachment":"scroll","background-type":"","background-media":"","overlay-type":"","overlay-color":"","overlay-opacity":"","overlay-gradient":""},"tablet":{"background-color":"","background-image":"","background-repeat":"repeat","background-position":"center center","background-size":"auto","background-attachment":"scroll","background-type":"","background-media":"","overlay-type":"","overlay-color":"","overlay-opacity":"","overlay-gradient":""},"mobile":{"background-color":"","background-image":"","background-repeat":"repeat","background-position":"center center","background-size":"auto","background-attachment":"scroll","background-type":"","background-media":"","overlay-type":"","overlay-color":"","overlay-opacity":"","overlay-gradient":""}},"ast-content-background-meta":{"desktop":{"background-color":"var(--ast-global-color-5)","background-image":"","background-repeat":"repeat","background-position":"center center","background-size":"auto","background-attachment":"scroll","background-type":"","background-media":"","overlay-type":"","overlay-color":"","overlay-opacity":"","overlay-gradient":""},"tablet":{"background-color":"var(--ast-global-color-5)","background-image":"","background-repeat":"repeat","background-position":"center center","background-size":"auto","background-attachment":"scroll","background-type":"","background-media":"","overlay-type":"","overlay-color":"","overlay-opacity":"","overlay-gradient":""},"mobile":{"background-color":"var(--ast-global-color-5)","background-image":"","background-repeat":"repeat","background-position":"center center","background-size":"auto","background-attachment":"scroll","background-type":"","background-media":"","overlay-type":"","overlay-color":"","overlay-opacity":"","overlay-gradient":""}}},"product_cat":[43],"product_tag":[],"class_list":{"0":"post-7242","1":"product","2":"type-product","3":"status-publish","4":"has-post-thumbnail","6":"product_cat-wall-charger","7":"desktop-align-center","8":"tablet-align-center","9":"mobile-align-center","11":"first","12":"instock","13":"shipping-taxable","14":"product-type-simple"},"_links":{"self":[{"href":"https:\/\/imiapower.com\/vi\/wp-json\/wp\/v2\/product\/7242","targetHints":{"allow":["GET"]}}],"collection":[{"href":"https:\/\/imiapower.com\/vi\/wp-json\/wp\/v2\/product"}],"about":[{"href":"https:\/\/imiapower.com\/vi\/wp-json\/wp\/v2\/types\/product"}],"replies":[{"embeddable":true,"href":"https:\/\/imiapower.com\/vi\/wp-json\/wp\/v2\/comments?post=7242"}],"version-history":[{"count":4,"href":"https:\/\/imiapower.com\/vi\/wp-json\/wp\/v2\/product\/7242\/revisions"}],"predecessor-version":[{"id":8277,"href":"https:\/\/imiapower.com\/vi\/wp-json\/wp\/v2\/product\/7242\/revisions\/8277"}],"wp:featuredmedia":[{"embeddable":true,"href":"https:\/\/imiapower.com\/vi\/wp-json\/wp\/v2\/media\/7319"}],"wp:attachment":[{"href":"https:\/\/imiapower.com\/vi\/wp-json\/wp\/v2\/media?parent=7242"}],"wp:term":[{"taxonomy":"product_cat","embeddable":true,"href":"https:\/\/imiapower.com\/vi\/wp-json\/wp\/v2\/product_cat?post=7242"},{"taxonomy":"product_tag","embeddable":true,"href":"https:\/\/imiapower.com\/vi\/wp-json\/wp\/v2\/product_tag?post=7242"}],"curies":[{"name":"trang web","href":"https:\/\/api.w.org\/{rel}","templated":true}]}}