{"id":7253,"date":"2024-03-25T01:06:26","date_gmt":"2024-03-25T01:06:26","guid":{"rendered":"https:\/\/imia.com.cn\/?post_type=product&#038;p=7253"},"modified":"2024-04-30T08:36:36","modified_gmt":"2024-04-30T08:36:36","slug":"usb-c-30w-charger","status":"publish","type":"product","link":"https:\/\/imiapower.com\/vi\/products\/wall-charger\/usb-c-30w-charger\/","title":{"rendered":"\u01afu \u0111i\u1ec3m nh\u00e0 s\u1ea3n xu\u1ea5t b\u1ed9 s\u1ea1c usb c 30w"},"content":{"rendered":"<ul>\n<li><strong>C\u1ee7 s\u1ea1c USB C 30w<\/strong><\/li>\n<li><strong>\u0110\u1ea7u v\u00e0o:<\/strong> 100~250V\/AC 50-60Hz<\/li>\n<li><strong>C\u00f4ng su\u1ea5t 20w:<\/strong> 5V3A\/9V2.25\/12V1.67A ( T\u1ed1i \u0111a 20W)<\/li>\n<li><strong>C\u00f4ng su\u1ea5t 25w:<\/strong> 5V3A, 9V2.77A 12V2.08A (T\u1ed1i \u0111a 25W)<\/li>\n<li><strong>C\u00f4ng su\u1ea5t 30w:<\/strong> 5V3A\/9V3A\/12V1.5A\/15V2A\/20V1.5A<\/li>\n<\/ul>","protected":false},"excerpt":{"rendered":"<p>B\u1ed9 s\u1ea1c PD thi\u1ebft k\u1ebf n\u00e0y c\u00f3 th\u1ec3 t\u1ea1o ra 20w, 25w, 30w v\u00e0 nhi\u1ec1u l\u1ef1a ch\u1ecdn kh\u00e1c nhau cho kh\u00e1ch h\u00e0ng, b\u1ed9 s\u1ea1c n\u00e0y c\u00f3 thi\u1ebft k\u1ebf hai m\u00e0u v\u00e0 b\u1ec1 m\u1eb7t c\u00f3 v\u1ecf trong su\u1ed1t<\/p>","protected":false},"featured_media":7328,"comment_status":"open","ping_status":"closed","template":"","meta":{"rank_math_lock_modified_date":false,"site-sidebar-layout":"default","site-content-layout":"","ast-site-content-layout":"default","site-content-style":"default","site-sidebar-style":"default","ast-global-header-display":"","ast-banner-title-visibility":"","ast-main-header-display":"","ast-hfb-above-header-display":"","ast-hfb-below-header-display":"","ast-hfb-mobile-header-display":"","site-post-title":"","ast-breadcrumbs-content":"","ast-featured-img":"","footer-sml-layout":"","ast-disable-related-posts":"","theme-transparent-header-meta":"default","adv-header-id-meta":"","stick-header-meta":"","header-above-stick-meta":"","header-main-stick-meta":"","header-below-stick-meta":"","astra-migrate-meta-layouts":"set","ast-page-background-enabled":"default","ast-page-background-meta":{"desktop":{"background-color":"","background-image":"","background-repeat":"repeat","background-position":"center center","background-size":"auto","background-attachment":"scroll","background-type":"","background-media":"","overlay-type":"","overlay-color":"","overlay-opacity":"","overlay-gradient":""},"tablet":{"background-color":"","background-image":"","background-repeat":"repeat","background-position":"center center","background-size":"auto","background-attachment":"scroll","background-type":"","background-media":"","overlay-type":"","overlay-color":"","overlay-opacity":"","overlay-gradient":""},"mobile":{"background-color":"","background-image":"","background-repeat":"repeat","background-position":"center center","background-size":"auto","background-attachment":"scroll","background-type":"","background-media":"","overlay-type":"","overlay-color":"","overlay-opacity":"","overlay-gradient":""}},"ast-content-background-meta":{"desktop":{"background-color":"var(--ast-global-color-5)","background-image":"","background-repeat":"repeat","background-position":"center center","background-size":"auto","background-attachment":"scroll","background-type":"","background-media":"","overlay-type":"","overlay-color":"","overlay-opacity":"","overlay-gradient":""},"tablet":{"background-color":"var(--ast-global-color-5)","background-image":"","background-repeat":"repeat","background-position":"center center","background-size":"auto","background-attachment":"scroll","background-type":"","background-media":"","overlay-type":"","overlay-color":"","overlay-opacity":"","overlay-gradient":""},"mobile":{"background-color":"var(--ast-global-color-5)","background-image":"","background-repeat":"repeat","background-position":"center center","background-size":"auto","background-attachment":"scroll","background-type":"","background-media":"","overlay-type":"","overlay-color":"","overlay-opacity":"","overlay-gradient":""}}},"product_cat":[43],"product_tag":[],"class_list":{"0":"post-7253","1":"product","2":"type-product","3":"status-publish","4":"has-post-thumbnail","6":"product_cat-wall-charger","7":"desktop-align-center","8":"tablet-align-center","9":"mobile-align-center","11":"first","12":"instock","13":"shipping-taxable","14":"product-type-simple"},"_links":{"self":[{"href":"https:\/\/imiapower.com\/vi\/wp-json\/wp\/v2\/product\/7253","targetHints":{"allow":["GET"]}}],"collection":[{"href":"https:\/\/imiapower.com\/vi\/wp-json\/wp\/v2\/product"}],"about":[{"href":"https:\/\/imiapower.com\/vi\/wp-json\/wp\/v2\/types\/product"}],"replies":[{"embeddable":true,"href":"https:\/\/imiapower.com\/vi\/wp-json\/wp\/v2\/comments?post=7253"}],"version-history":[{"count":0,"href":"https:\/\/imiapower.com\/vi\/wp-json\/wp\/v2\/product\/7253\/revisions"}],"wp:featuredmedia":[{"embeddable":true,"href":"https:\/\/imiapower.com\/vi\/wp-json\/wp\/v2\/media\/7328"}],"wp:attachment":[{"href":"https:\/\/imiapower.com\/vi\/wp-json\/wp\/v2\/media?parent=7253"}],"wp:term":[{"taxonomy":"product_cat","embeddable":true,"href":"https:\/\/imiapower.com\/vi\/wp-json\/wp\/v2\/product_cat?post=7253"},{"taxonomy":"product_tag","embeddable":true,"href":"https:\/\/imiapower.com\/vi\/wp-json\/wp\/v2\/product_tag?post=7253"}],"curies":[{"name":"trang web","href":"https:\/\/api.w.org\/{rel}","templated":true}]}}