{"id":7279,"date":"2024-03-26T00:38:27","date_gmt":"2024-03-26T00:38:27","guid":{"rendered":"https:\/\/imia.com.cn\/?post_type=product&#038;p=7279"},"modified":"2024-04-30T08:36:34","modified_gmt":"2024-04-30T08:36:34","slug":"multi-port-usb-charger","status":"publish","type":"product","link":"https:\/\/imiapower.com\/vi\/products\/wall-charger\/multi-port-usb-charger\/","title":{"rendered":"B\u1ed9 s\u1ea1c usb \u0111a c\u1ed5ng 12w 3 c\u1ed5ng \u0111\u00e1ng tin c\u1eady \u0111\u01b0\u1ee3c s\u1ea3n xu\u1ea5t t\u1ea1i Trung Qu\u1ed1c"},"content":{"rendered":"<ul>\n<li><strong>B\u1ed9 s\u1ea1c USB nhi\u1ec1u c\u1ed5ng<\/strong><\/li>\n<li><strong>\u0110\u1ea7u v\u00e0o:<\/strong> 100~250V\/AC 50-60Hz<\/li>\n<li><strong>\u0110\u1ea7u ra:<\/strong> USB1+USB2+USB3: 5V2.4A<\/li>\n<li><strong>V\u1eadt li\u1ec7u:<\/strong> ABS<\/li>\n<li><strong>Th\u1eddi gian s\u1ea3n su\u1ea5t:<\/strong> 25-30 ng\u00e0y<\/li>\n<li><strong>V\u1eadt m\u1eabu:<\/strong> cung c\u1ea5p mi\u1ec5n ph\u00ed<\/li>\n<\/ul>","protected":false},"excerpt":{"rendered":"<p>B\u1ed9 s\u1ea1c c\u00f3 3 c\u1ed5ng s\u1ea1c USB n\u00e0y l\u00e0 m\u1eb7t h\u00e0ng b\u00e1n ch\u1ea1y \u1edf th\u1ecb tr\u01b0\u1eddng Ch\u00e2u Phi, vui l\u00f2ng ki\u1ec3m tra v\u1edbi ch\u00fang t\u00f4i \u0111\u1ec3 l\u1ea5y m\u1eabu mi\u1ec5n ph\u00ed<\/p>","protected":false},"featured_media":7368,"comment_status":"open","ping_status":"closed","template":"","meta":{"rank_math_lock_modified_date":false,"site-sidebar-layout":"default","site-content-layout":"","ast-site-content-layout":"default","site-content-style":"default","site-sidebar-style":"default","ast-global-header-display":"","ast-banner-title-visibility":"","ast-main-header-display":"","ast-hfb-above-header-display":"","ast-hfb-below-header-display":"","ast-hfb-mobile-header-display":"","site-post-title":"","ast-breadcrumbs-content":"","ast-featured-img":"","footer-sml-layout":"","ast-disable-related-posts":"","theme-transparent-header-meta":"default","adv-header-id-meta":"","stick-header-meta":"","header-above-stick-meta":"","header-main-stick-meta":"","header-below-stick-meta":"","astra-migrate-meta-layouts":"set","ast-page-background-enabled":"default","ast-page-background-meta":{"desktop":{"background-color":"","background-image":"","background-repeat":"repeat","background-position":"center center","background-size":"auto","background-attachment":"scroll","background-type":"","background-media":"","overlay-type":"","overlay-color":"","overlay-opacity":"","overlay-gradient":""},"tablet":{"background-color":"","background-image":"","background-repeat":"repeat","background-position":"center center","background-size":"auto","background-attachment":"scroll","background-type":"","background-media":"","overlay-type":"","overlay-color":"","overlay-opacity":"","overlay-gradient":""},"mobile":{"background-color":"","background-image":"","background-repeat":"repeat","background-position":"center center","background-size":"auto","background-attachment":"scroll","background-type":"","background-media":"","overlay-type":"","overlay-color":"","overlay-opacity":"","overlay-gradient":""}},"ast-content-background-meta":{"desktop":{"background-color":"var(--ast-global-color-5)","background-image":"","background-repeat":"repeat","background-position":"center center","background-size":"auto","background-attachment":"scroll","background-type":"","background-media":"","overlay-type":"","overlay-color":"","overlay-opacity":"","overlay-gradient":""},"tablet":{"background-color":"var(--ast-global-color-5)","background-image":"","background-repeat":"repeat","background-position":"center center","background-size":"auto","background-attachment":"scroll","background-type":"","background-media":"","overlay-type":"","overlay-color":"","overlay-opacity":"","overlay-gradient":""},"mobile":{"background-color":"var(--ast-global-color-5)","background-image":"","background-repeat":"repeat","background-position":"center center","background-size":"auto","background-attachment":"scroll","background-type":"","background-media":"","overlay-type":"","overlay-color":"","overlay-opacity":"","overlay-gradient":""}}},"product_cat":[43],"product_tag":[],"class_list":{"0":"post-7279","1":"product","2":"type-product","3":"status-publish","4":"has-post-thumbnail","6":"product_cat-wall-charger","7":"desktop-align-center","8":"tablet-align-center","9":"mobile-align-center","11":"first","12":"instock","13":"shipping-taxable","14":"product-type-simple"},"_links":{"self":[{"href":"https:\/\/imiapower.com\/vi\/wp-json\/wp\/v2\/product\/7279","targetHints":{"allow":["GET"]}}],"collection":[{"href":"https:\/\/imiapower.com\/vi\/wp-json\/wp\/v2\/product"}],"about":[{"href":"https:\/\/imiapower.com\/vi\/wp-json\/wp\/v2\/types\/product"}],"replies":[{"embeddable":true,"href":"https:\/\/imiapower.com\/vi\/wp-json\/wp\/v2\/comments?post=7279"}],"version-history":[{"count":0,"href":"https:\/\/imiapower.com\/vi\/wp-json\/wp\/v2\/product\/7279\/revisions"}],"wp:featuredmedia":[{"embeddable":true,"href":"https:\/\/imiapower.com\/vi\/wp-json\/wp\/v2\/media\/7368"}],"wp:attachment":[{"href":"https:\/\/imiapower.com\/vi\/wp-json\/wp\/v2\/media?parent=7279"}],"wp:term":[{"taxonomy":"product_cat","embeddable":true,"href":"https:\/\/imiapower.com\/vi\/wp-json\/wp\/v2\/product_cat?post=7279"},{"taxonomy":"product_tag","embeddable":true,"href":"https:\/\/imiapower.com\/vi\/wp-json\/wp\/v2\/product_tag?post=7279"}],"curies":[{"name":"trang web","href":"https:\/\/api.w.org\/{rel}","templated":true}]}}