{"id":7288,"date":"2024-03-27T00:45:04","date_gmt":"2024-03-27T00:45:04","guid":{"rendered":"https:\/\/imia.com.cn\/?post_type=product&#038;p=7288"},"modified":"2024-04-30T08:36:33","modified_gmt":"2024-04-30T08:36:33","slug":"3-port-usb-charger","status":"publish","type":"product","link":"https:\/\/imiapower.com\/vi\/products\/wall-charger\/3-port-usb-charger\/","title":{"rendered":"B\u1ed9 s\u1ea1c t\u01b0\u1eddng 3 c\u1ed5ng usb gi\u00e1 c\u1ea3 ph\u1ea3i ch\u0103ng"},"content":{"rendered":"<ul>\n<li><strong>s\u1ea1c usb 3 c\u1ed5ng<\/strong><\/li>\n<li><strong>\u0110\u1ea7u v\u00e0o:<\/strong>100~250V\/AC 50-60Hz<\/li>\n<li><strong>\u0110\u1ea7u ra 1:<\/strong> USB1: 5V2.4A<\/li>\n<li><strong>\u0110\u1ea7u ra 2:<\/strong> USB1+USB2: 5V2.4A<\/li>\n<li><strong>\u0110\u1ea7u ra 3:<\/strong> USB1+USB2+USB3: 5V2.4A<\/li>\n<li><strong>\u0110\u1ea7u ra 4:<\/strong> 5V3A\/9V2.25\/12V1.67A ( T\u1ed1i \u0111a 20W)<\/li>\n<li><strong>V\u1eadt li\u1ec7u:<\/strong> ABS<\/li>\n<\/ul>","protected":false},"excerpt":{"rendered":"<p>Thi\u1ebft k\u1ebf b\u1ed9 s\u1ea1c B\u1ed9 s\u1ea1c USB 3 c\u1ed5ng n\u00e0y c\u0169ng c\u00f3 th\u1ec3 \u0111\u01b0\u1ee3c thi\u1ebft k\u1ebf v\u1edbi 2 c\u1ed5ng USB, 1 c\u1ed5ng USB v\u00e0 1 lo\u1ea1i c, \u0111\u1ec3 \u0111\u00e1p \u1ee9ng c\u00e1c y\u00eau c\u1ea7u thi\u1ebft k\u1ebf kh\u00e1c nhau c\u1ee7a kh\u00e1ch h\u00e0ng, c\u00f3 th\u1ec3 s\u1ea1c thi\u1ebft b\u1ecb \u0111i\u1ec7n t\u1eed c\u00f9ng l\u00fac, ti\u1ebft ki\u1ec7m th\u1eddi gian c\u1ee7a ng\u01b0\u1eddi d\u00f9ng<\/p>","protected":false},"featured_media":7308,"comment_status":"open","ping_status":"closed","template":"","meta":{"rank_math_lock_modified_date":false,"site-sidebar-layout":"default","site-content-layout":"","ast-site-content-layout":"default","site-content-style":"default","site-sidebar-style":"default","ast-global-header-display":"","ast-banner-title-visibility":"","ast-main-header-display":"","ast-hfb-above-header-display":"","ast-hfb-below-header-display":"","ast-hfb-mobile-header-display":"","site-post-title":"","ast-breadcrumbs-content":"","ast-featured-img":"","footer-sml-layout":"","ast-disable-related-posts":"","theme-transparent-header-meta":"default","adv-header-id-meta":"","stick-header-meta":"","header-above-stick-meta":"","header-main-stick-meta":"","header-below-stick-meta":"","astra-migrate-meta-layouts":"set","ast-page-background-enabled":"default","ast-page-background-meta":{"desktop":{"background-color":"","background-image":"","background-repeat":"repeat","background-position":"center center","background-size":"auto","background-attachment":"scroll","background-type":"","background-media":"","overlay-type":"","overlay-color":"","overlay-opacity":"","overlay-gradient":""},"tablet":{"background-color":"","background-image":"","background-repeat":"repeat","background-position":"center center","background-size":"auto","background-attachment":"scroll","background-type":"","background-media":"","overlay-type":"","overlay-color":"","overlay-opacity":"","overlay-gradient":""},"mobile":{"background-color":"","background-image":"","background-repeat":"repeat","background-position":"center center","background-size":"auto","background-attachment":"scroll","background-type":"","background-media":"","overlay-type":"","overlay-color":"","overlay-opacity":"","overlay-gradient":""}},"ast-content-background-meta":{"desktop":{"background-color":"var(--ast-global-color-5)","background-image":"","background-repeat":"repeat","background-position":"center center","background-size":"auto","background-attachment":"scroll","background-type":"","background-media":"","overlay-type":"","overlay-color":"","overlay-opacity":"","overlay-gradient":""},"tablet":{"background-color":"var(--ast-global-color-5)","background-image":"","background-repeat":"repeat","background-position":"center center","background-size":"auto","background-attachment":"scroll","background-type":"","background-media":"","overlay-type":"","overlay-color":"","overlay-opacity":"","overlay-gradient":""},"mobile":{"background-color":"var(--ast-global-color-5)","background-image":"","background-repeat":"repeat","background-position":"center center","background-size":"auto","background-attachment":"scroll","background-type":"","background-media":"","overlay-type":"","overlay-color":"","overlay-opacity":"","overlay-gradient":""}}},"product_cat":[43],"product_tag":[],"class_list":{"0":"post-7288","1":"product","2":"type-product","3":"status-publish","4":"has-post-thumbnail","6":"product_cat-wall-charger","7":"desktop-align-center","8":"tablet-align-center","9":"mobile-align-center","11":"first","12":"instock","13":"shipping-taxable","14":"product-type-simple"},"_links":{"self":[{"href":"https:\/\/imiapower.com\/vi\/wp-json\/wp\/v2\/product\/7288","targetHints":{"allow":["GET"]}}],"collection":[{"href":"https:\/\/imiapower.com\/vi\/wp-json\/wp\/v2\/product"}],"about":[{"href":"https:\/\/imiapower.com\/vi\/wp-json\/wp\/v2\/types\/product"}],"replies":[{"embeddable":true,"href":"https:\/\/imiapower.com\/vi\/wp-json\/wp\/v2\/comments?post=7288"}],"version-history":[{"count":0,"href":"https:\/\/imiapower.com\/vi\/wp-json\/wp\/v2\/product\/7288\/revisions"}],"wp:featuredmedia":[{"embeddable":true,"href":"https:\/\/imiapower.com\/vi\/wp-json\/wp\/v2\/media\/7308"}],"wp:attachment":[{"href":"https:\/\/imiapower.com\/vi\/wp-json\/wp\/v2\/media?parent=7288"}],"wp:term":[{"taxonomy":"product_cat","embeddable":true,"href":"https:\/\/imiapower.com\/vi\/wp-json\/wp\/v2\/product_cat?post=7288"},{"taxonomy":"product_tag","embeddable":true,"href":"https:\/\/imiapower.com\/vi\/wp-json\/wp\/v2\/product_tag?post=7288"}],"curies":[{"name":"trang web","href":"https:\/\/api.w.org\/{rel}","templated":true}]}}