{"id":7294,"date":"2024-03-27T01:11:20","date_gmt":"2024-03-27T01:11:20","guid":{"rendered":"https:\/\/imia.com.cn\/?post_type=product&#038;p=7294"},"modified":"2026-01-05T08:21:21","modified_gmt":"2026-01-05T08:21:21","slug":"usb-mains-charger","status":"publish","type":"product","link":"https:\/\/imiapower.com\/vi\/products\/power-adapter\/usb-mains-charger\/","title":{"rendered":"B\u1ed9 s\u1ea1c ngu\u1ed3n USB tr\u1ef1c ti\u1ebfp v\u1edbi c\u00e1p lo\u1ea1i c"},"content":{"rendered":"<ul>\n<li><strong>B\u1ed9 s\u1ea1c ngu\u1ed3n USB<\/strong><\/li>\n<li><strong>\u0110\u1ea7u v\u00e0o:<\/strong>100~250V\/AC 50-60Hz<\/li>\n<li><strong>\u0110\u1ea7u ra:<\/strong> 5V2.4A<\/li>\n<li><strong>C\u00e1p:<\/strong> C\u00e1p 1m lo\u1ea1i C<\/li>\n<li><strong>V\u1eadt li\u1ec7u:<\/strong> ABS<\/li>\n<\/ul>","protected":false},"excerpt":{"rendered":"<p>B\u1ed9 s\u1ea1c n\u00e0y c\u00f3 c\u00e1p 1m lo\u1ea1i c, thu\u1eadn ti\u1ec7n cho vi\u1ec7c s\u1ea1c thi\u1ebft b\u1ecb \u0111i\u1ec7n t\u1eed m\u00e0 kh\u00f4ng c\u1ea7n mang theo c\u00e1p ri\u00eang, ngo\u1ea1i tr\u1eeb s\u1ea1c \u0111i\u1ec7n tho\u1ea1i, n\u00f3 c\u0169ng c\u00f3 th\u1ec3 s\u1ea1c c\u00e1c thi\u1ebft b\u1ecb nh\u1ecf trong nh\u00e0, nh\u01b0 qu\u1ea1t, m\u00e1y t\u1ea1o \u0111\u1ed9 \u1ea9m, v.v.<\/p>","protected":false},"featured_media":7307,"comment_status":"open","ping_status":"closed","template":"","meta":{"rank_math_lock_modified_date":false,"site-sidebar-layout":"default","site-content-layout":"","ast-site-content-layout":"default","site-content-style":"default","site-sidebar-style":"default","ast-global-header-display":"","ast-banner-title-visibility":"","ast-main-header-display":"","ast-hfb-above-header-display":"","ast-hfb-below-header-display":"","ast-hfb-mobile-header-display":"","site-post-title":"","ast-breadcrumbs-content":"","ast-featured-img":"","footer-sml-layout":"","ast-disable-related-posts":"","theme-transparent-header-meta":"default","adv-header-id-meta":"","stick-header-meta":"","header-above-stick-meta":"","header-main-stick-meta":"","header-below-stick-meta":"","astra-migrate-meta-layouts":"set","ast-page-background-enabled":"default","ast-page-background-meta":{"desktop":{"background-color":"","background-image":"","background-repeat":"repeat","background-position":"center center","background-size":"auto","background-attachment":"scroll","background-type":"","background-media":"","overlay-type":"","overlay-color":"","overlay-opacity":"","overlay-gradient":""},"tablet":{"background-color":"","background-image":"","background-repeat":"repeat","background-position":"center center","background-size":"auto","background-attachment":"scroll","background-type":"","background-media":"","overlay-type":"","overlay-color":"","overlay-opacity":"","overlay-gradient":""},"mobile":{"background-color":"","background-image":"","background-repeat":"repeat","background-position":"center center","background-size":"auto","background-attachment":"scroll","background-type":"","background-media":"","overlay-type":"","overlay-color":"","overlay-opacity":"","overlay-gradient":""}},"ast-content-background-meta":{"desktop":{"background-color":"var(--ast-global-color-5)","background-image":"","background-repeat":"repeat","background-position":"center center","background-size":"auto","background-attachment":"scroll","background-type":"","background-media":"","overlay-type":"","overlay-color":"","overlay-opacity":"","overlay-gradient":""},"tablet":{"background-color":"var(--ast-global-color-5)","background-image":"","background-repeat":"repeat","background-position":"center center","background-size":"auto","background-attachment":"scroll","background-type":"","background-media":"","overlay-type":"","overlay-color":"","overlay-opacity":"","overlay-gradient":""},"mobile":{"background-color":"var(--ast-global-color-5)","background-image":"","background-repeat":"repeat","background-position":"center center","background-size":"auto","background-attachment":"scroll","background-type":"","background-media":"","overlay-type":"","overlay-color":"","overlay-opacity":"","overlay-gradient":""}}},"product_cat":[58],"product_tag":[],"class_list":{"0":"post-7294","1":"product","2":"type-product","3":"status-publish","4":"has-post-thumbnail","6":"product_cat-power-adapter","7":"desktop-align-center","8":"tablet-align-center","9":"mobile-align-center","11":"first","12":"instock","13":"shipping-taxable","14":"product-type-simple"},"_links":{"self":[{"href":"https:\/\/imiapower.com\/vi\/wp-json\/wp\/v2\/product\/7294","targetHints":{"allow":["GET"]}}],"collection":[{"href":"https:\/\/imiapower.com\/vi\/wp-json\/wp\/v2\/product"}],"about":[{"href":"https:\/\/imiapower.com\/vi\/wp-json\/wp\/v2\/types\/product"}],"replies":[{"embeddable":true,"href":"https:\/\/imiapower.com\/vi\/wp-json\/wp\/v2\/comments?post=7294"}],"version-history":[{"count":1,"href":"https:\/\/imiapower.com\/vi\/wp-json\/wp\/v2\/product\/7294\/revisions"}],"predecessor-version":[{"id":8268,"href":"https:\/\/imiapower.com\/vi\/wp-json\/wp\/v2\/product\/7294\/revisions\/8268"}],"wp:featuredmedia":[{"embeddable":true,"href":"https:\/\/imiapower.com\/vi\/wp-json\/wp\/v2\/media\/7307"}],"wp:attachment":[{"href":"https:\/\/imiapower.com\/vi\/wp-json\/wp\/v2\/media?parent=7294"}],"wp:term":[{"taxonomy":"product_cat","embeddable":true,"href":"https:\/\/imiapower.com\/vi\/wp-json\/wp\/v2\/product_cat?post=7294"},{"taxonomy":"product_tag","embeddable":true,"href":"https:\/\/imiapower.com\/vi\/wp-json\/wp\/v2\/product_tag?post=7294"}],"curies":[{"name":"trang web","href":"https:\/\/api.w.org\/{rel}","templated":true}]}}