{"id":7378,"date":"2024-04-06T02:55:29","date_gmt":"2024-04-06T02:55:29","guid":{"rendered":"https:\/\/imiapower.com\/?post_type=product&#038;p=7378"},"modified":"2024-05-08T02:31:50","modified_gmt":"2024-05-08T02:31:50","slug":"usb-type-c-car-charger","status":"publish","type":"product","link":"https:\/\/imiapower.com\/vi\/products\/car-charger\/usb-type-c-car-charger\/","title":{"rendered":"Ch\u1eafc ch\u1eafn l\u00e0 b\u1ed9 s\u1ea1c xe h\u01a1i usb lo\u1ea1i c 20W \u1edf \u0110\u00f4ng Quan"},"content":{"rendered":"<ul>\n<li><strong>B\u1ed9 s\u1ea1c xe h\u01a1i USB lo\u1ea1i c<\/strong><\/li>\n<li><strong>\u0110\u1ea7u v\u00e0o:<\/strong> DC 12-24V 4A T\u1ed0I \u0110A<\/li>\n<li><strong>\u0111\u1ea7u ra<\/strong> : DC Type-C 5V\/3A 9V\/2.22A 12V\/1.67A (T\u1ed1i \u0111a 20W )<\/li>\n<li><strong>\u0110\u1ea7u ra USB:<\/strong> 5V\/3A 9V\/2A 12V\/1.5A (T\u1ed1i \u0111a 18W )<\/li>\n<li><strong>K\u00edch c\u1ee1: <\/strong>43*20MM<\/li>\n<li><strong>C\u00e2n n\u1eb7ng: <\/strong>17g<\/li>\n<li><strong>Gi\u1ea5y ch\u1ee9ng nh\u1eadn:<\/strong> CE, FCC<\/li>\n<\/ul>","protected":false},"excerpt":{"rendered":"<p>B\u1ed9 s\u1ea1c \u00f4 t\u00f4 n\u00e0y v\u1edbi thi\u1ebft k\u1ebf nh\u1ecf g\u1ecdn v\u00e0 s\u1ea1c nhanh, gi\u00fap c\u00e1c thi\u1ebft b\u1ecb \u0111i\u1ec7n t\u1eed c\u1ee7a b\u1ea1n lu\u00f4n \u0111\u01b0\u1ee3c s\u1ea1c khi b\u1ea1n l\u00e1i xe \u0111\u1ebfn v\u00f9ng s\u00e2u v\u00f9ng xa<\/p>","protected":false},"featured_media":7382,"comment_status":"open","ping_status":"closed","template":"","meta":{"rank_math_lock_modified_date":false,"site-sidebar-layout":"default","site-content-layout":"","ast-site-content-layout":"default","site-content-style":"default","site-sidebar-style":"default","ast-global-header-display":"","ast-banner-title-visibility":"","ast-main-header-display":"","ast-hfb-above-header-display":"","ast-hfb-below-header-display":"","ast-hfb-mobile-header-display":"","site-post-title":"","ast-breadcrumbs-content":"","ast-featured-img":"","footer-sml-layout":"","ast-disable-related-posts":"","theme-transparent-header-meta":"default","adv-header-id-meta":"","stick-header-meta":"","header-above-stick-meta":"","header-main-stick-meta":"","header-below-stick-meta":"","astra-migrate-meta-layouts":"set","ast-page-background-enabled":"default","ast-page-background-meta":{"desktop":{"background-color":"","background-image":"","background-repeat":"repeat","background-position":"center center","background-size":"auto","background-attachment":"scroll","background-type":"","background-media":"","overlay-type":"","overlay-color":"","overlay-opacity":"","overlay-gradient":""},"tablet":{"background-color":"","background-image":"","background-repeat":"repeat","background-position":"center center","background-size":"auto","background-attachment":"scroll","background-type":"","background-media":"","overlay-type":"","overlay-color":"","overlay-opacity":"","overlay-gradient":""},"mobile":{"background-color":"","background-image":"","background-repeat":"repeat","background-position":"center center","background-size":"auto","background-attachment":"scroll","background-type":"","background-media":"","overlay-type":"","overlay-color":"","overlay-opacity":"","overlay-gradient":""}},"ast-content-background-meta":{"desktop":{"background-color":"var(--ast-global-color-5)","background-image":"","background-repeat":"repeat","background-position":"center center","background-size":"auto","background-attachment":"scroll","background-type":"","background-media":"","overlay-type":"","overlay-color":"","overlay-opacity":"","overlay-gradient":""},"tablet":{"background-color":"var(--ast-global-color-5)","background-image":"","background-repeat":"repeat","background-position":"center center","background-size":"auto","background-attachment":"scroll","background-type":"","background-media":"","overlay-type":"","overlay-color":"","overlay-opacity":"","overlay-gradient":""},"mobile":{"background-color":"var(--ast-global-color-5)","background-image":"","background-repeat":"repeat","background-position":"center center","background-size":"auto","background-attachment":"scroll","background-type":"","background-media":"","overlay-type":"","overlay-color":"","overlay-opacity":"","overlay-gradient":""}}},"product_cat":[41],"product_tag":[],"class_list":{"0":"post-7378","1":"product","2":"type-product","3":"status-publish","4":"has-post-thumbnail","6":"product_cat-car-charger","7":"desktop-align-center","8":"tablet-align-center","9":"mobile-align-center","11":"first","12":"instock","13":"featured","14":"shipping-taxable","15":"product-type-simple"},"_links":{"self":[{"href":"https:\/\/imiapower.com\/vi\/wp-json\/wp\/v2\/product\/7378","targetHints":{"allow":["GET"]}}],"collection":[{"href":"https:\/\/imiapower.com\/vi\/wp-json\/wp\/v2\/product"}],"about":[{"href":"https:\/\/imiapower.com\/vi\/wp-json\/wp\/v2\/types\/product"}],"replies":[{"embeddable":true,"href":"https:\/\/imiapower.com\/vi\/wp-json\/wp\/v2\/comments?post=7378"}],"version-history":[{"count":0,"href":"https:\/\/imiapower.com\/vi\/wp-json\/wp\/v2\/product\/7378\/revisions"}],"wp:featuredmedia":[{"embeddable":true,"href":"https:\/\/imiapower.com\/vi\/wp-json\/wp\/v2\/media\/7382"}],"wp:attachment":[{"href":"https:\/\/imiapower.com\/vi\/wp-json\/wp\/v2\/media?parent=7378"}],"wp:term":[{"taxonomy":"product_cat","embeddable":true,"href":"https:\/\/imiapower.com\/vi\/wp-json\/wp\/v2\/product_cat?post=7378"},{"taxonomy":"product_tag","embeddable":true,"href":"https:\/\/imiapower.com\/vi\/wp-json\/wp\/v2\/product_tag?post=7378"}],"curies":[{"name":"trang web","href":"https:\/\/api.w.org\/{rel}","templated":true}]}}