{"id":7489,"date":"2024-04-26T03:02:32","date_gmt":"2024-04-26T03:02:32","guid":{"rendered":"https:\/\/imiapower.com\/?post_type=product&#038;p=7489"},"modified":"2025-05-26T06:34:09","modified_gmt":"2025-05-26T06:34:09","slug":"all-in-one-travel-adapter","status":"publish","type":"product","link":"https:\/\/imiapower.com\/vi\/products\/travel-adapter\/all-in-one-travel-adapter\/","title":{"rendered":"B\u1ed9 chuy\u1ec3n \u0111\u1ed5i du l\u1ecbch t\u1ea5t c\u1ea3 trong m\u1ed9t b\u00e1n ch\u1ea1y nh\u1ea5t"},"content":{"rendered":"<ul>\n<li><strong>B\u1ed9 chuy\u1ec3n \u0111\u1ed5i du l\u1ecbch t\u1ea5t c\u1ea3 trong m\u1ed9t<\/strong><\/li>\n<li><strong>\u0110\u1ea7u v\u00e0o AC:<\/strong>\u00a0 T\u1ed1i \u0111a 6A. 100- 240Vac<\/li>\n<li><strong>\u0110\u1ea7u ra USB:<\/strong>5V 3100mA<\/li>\n<li><strong>Ph\u00edch c\u1eafm:<\/strong> EU\/AU\/Anh\/M\u1ef9<\/li>\n<li><strong>M\u00e0u s\u1eafc:<\/strong> \u0110en tr\u1eafng<\/li>\n<li><strong>K\u00edch c\u1ee1:<\/strong>60*45*55mm<\/li>\n<li><strong>V\u1eadt li\u1ec7u:<\/strong> ABS + kim lo\u1ea1i \u0111\u1ed3ng + D\u1ea7u cao su<\/li>\n<li><strong>Nh\u1eadn x\u00e9t:<\/strong> EU\/AU\/UK\/US t\u1ea5t c\u1ea3 trong m\u1ed9t c\u00f3 th\u1ec3 \u0111\u01b0\u1ee3c s\u1eed d\u1ee5ng \u1edf h\u01a1n 170 qu\u1ed1c gia<\/li>\n<li><strong>Gi\u1ea5y ch\u1ee9ng nh\u1eadn:<\/strong> CE, Rohs<\/li>\n<\/ul>","protected":false},"excerpt":{"rendered":"<p>B\u1ed9 chuy\u1ec3n \u0111\u1ed5i du l\u1ecbch EU n\u00e0y l\u00e0 m\u1ed9t s\u1ea3n ph\u1ea9m c\u1ea7n thi\u1ebft \u0111\u1ec3 \u0111i du l\u1ecbch \u0111\u1ebfn c\u00e1c qu\u1ed1c gia kh\u00e1c nhau, b\u1edfi v\u00ec c\u00e1c qu\u1ed1c gia kh\u00e1c nhau, ph\u00edch c\u1eafm s\u1ea1c kh\u00e1c nhau, b\u1ed9 chuy\u1ec3n \u0111\u1ed5i n\u00e0y bao g\u1ed3m ph\u00edch c\u1eafm EU, US, AUS v\u00e0 UK c\u00f3 th\u1ec3 \u0111\u00e1p \u1ee9ng h\u1ea7u h\u1ebft c\u00e1c y\u00eau c\u1ea7u v\u1ec1 ph\u00edch c\u1eafm c\u1ee7a c\u00e1c qu\u1ed1c gia<\/p>\n<p>S\u1ea3n ph\u1ea9m n\u00e0y c\u00f3 1 c\u1ed5ng s\u1ea1c USB A v\u00e0 1 Type-C c\u00f3 th\u1ec3 \u0111\u00e1p \u1ee9ng y\u00eau c\u1ea7u s\u1ea1c khi \u0111i du l\u1ecbch c\u00e1 nh\u00e2n<\/p>\n<p>M\u1eabu n\u00e0y l\u00e0 m\u1ed9t m\u00f3n \u0111\u1ed3 du l\u1ecbch c\u1ed5 \u0111i\u1ec3n v\u1edbi gi\u00e1 r\u1ebb v\u00e0 tr\u1edf th\u00e0nh m\u1eabu b\u00e1n ch\u1ea1y tr\u00ean th\u1ebf gi\u1edbi trong nhi\u1ec1u n\u0103m<\/p>\n<p>M\u1eabu mi\u1ec5n ph\u00ed c\u00f3 th\u1ec3 \u0111\u01b0\u1ee3c cung c\u1ea5p cho kh\u00e1ch h\u00e0ng c\u00f3 gi\u00e1 tr\u1ecb c\u1ee7a ch\u00fang t\u00f4i<\/p>\n<p>&nbsp;<\/p>","protected":false},"featured_media":7490,"comment_status":"closed","ping_status":"closed","template":"","meta":{"rank_math_lock_modified_date":false,"site-sidebar-layout":"default","site-content-layout":"","ast-site-content-layout":"default","site-content-style":"default","site-sidebar-style":"default","ast-global-header-display":"","ast-banner-title-visibility":"","ast-main-header-display":"","ast-hfb-above-header-display":"","ast-hfb-below-header-display":"","ast-hfb-mobile-header-display":"","site-post-title":"","ast-breadcrumbs-content":"","ast-featured-img":"","footer-sml-layout":"","ast-disable-related-posts":"","theme-transparent-header-meta":"default","adv-header-id-meta":"","stick-header-meta":"","header-above-stick-meta":"","header-main-stick-meta":"","header-below-stick-meta":"","astra-migrate-meta-layouts":"set","ast-page-background-enabled":"default","ast-page-background-meta":{"desktop":{"background-color":"","background-image":"","background-repeat":"repeat","background-position":"center center","background-size":"auto","background-attachment":"scroll","background-type":"","background-media":"","overlay-type":"","overlay-color":"","overlay-opacity":"","overlay-gradient":""},"tablet":{"background-color":"","background-image":"","background-repeat":"repeat","background-position":"center center","background-size":"auto","background-attachment":"scroll","background-type":"","background-media":"","overlay-type":"","overlay-color":"","overlay-opacity":"","overlay-gradient":""},"mobile":{"background-color":"","background-image":"","background-repeat":"repeat","background-position":"center center","background-size":"auto","background-attachment":"scroll","background-type":"","background-media":"","overlay-type":"","overlay-color":"","overlay-opacity":"","overlay-gradient":""}},"ast-content-background-meta":{"desktop":{"background-color":"var(--ast-global-color-5)","background-image":"","background-repeat":"repeat","background-position":"center center","background-size":"auto","background-attachment":"scroll","background-type":"","background-media":"","overlay-type":"","overlay-color":"","overlay-opacity":"","overlay-gradient":""},"tablet":{"background-color":"var(--ast-global-color-5)","background-image":"","background-repeat":"repeat","background-position":"center center","background-size":"auto","background-attachment":"scroll","background-type":"","background-media":"","overlay-type":"","overlay-color":"","overlay-opacity":"","overlay-gradient":""},"mobile":{"background-color":"var(--ast-global-color-5)","background-image":"","background-repeat":"repeat","background-position":"center center","background-size":"auto","background-attachment":"scroll","background-type":"","background-media":"","overlay-type":"","overlay-color":"","overlay-opacity":"","overlay-gradient":""}}},"product_cat":[64],"product_tag":[],"class_list":{"0":"post-7489","1":"product","2":"type-product","3":"status-publish","4":"has-post-thumbnail","6":"product_cat-travel-adapter","7":"desktop-align-center","8":"tablet-align-center","9":"mobile-align-center","11":"first","12":"instock","13":"shipping-taxable","14":"product-type-simple"},"_links":{"self":[{"href":"https:\/\/imiapower.com\/vi\/wp-json\/wp\/v2\/product\/7489","targetHints":{"allow":["GET"]}}],"collection":[{"href":"https:\/\/imiapower.com\/vi\/wp-json\/wp\/v2\/product"}],"about":[{"href":"https:\/\/imiapower.com\/vi\/wp-json\/wp\/v2\/types\/product"}],"replies":[{"embeddable":true,"href":"https:\/\/imiapower.com\/vi\/wp-json\/wp\/v2\/comments?post=7489"}],"version-history":[{"count":2,"href":"https:\/\/imiapower.com\/vi\/wp-json\/wp\/v2\/product\/7489\/revisions"}],"predecessor-version":[{"id":9197,"href":"https:\/\/imiapower.com\/vi\/wp-json\/wp\/v2\/product\/7489\/revisions\/9197"}],"wp:featuredmedia":[{"embeddable":true,"href":"https:\/\/imiapower.com\/vi\/wp-json\/wp\/v2\/media\/7490"}],"wp:attachment":[{"href":"https:\/\/imiapower.com\/vi\/wp-json\/wp\/v2\/media?parent=7489"}],"wp:term":[{"taxonomy":"product_cat","embeddable":true,"href":"https:\/\/imiapower.com\/vi\/wp-json\/wp\/v2\/product_cat?post=7489"},{"taxonomy":"product_tag","embeddable":true,"href":"https:\/\/imiapower.com\/vi\/wp-json\/wp\/v2\/product_tag?post=7489"}],"curies":[{"name":"trang web","href":"https:\/\/api.w.org\/{rel}","templated":true}]}}