{"id":7654,"date":"2024-05-14T07:26:31","date_gmt":"2024-05-14T07:26:31","guid":{"rendered":"https:\/\/imiapower.com\/?post_type=product&#038;p=7654"},"modified":"2026-01-15T03:25:55","modified_gmt":"2026-01-15T03:25:55","slug":"eu-travel-adapter","status":"publish","type":"product","link":"https:\/\/imiapower.com\/vi\/products\/travel-adapter\/eu-travel-adapter\/","title":{"rendered":"B\u1ed9 chuy\u1ec3n \u0111\u1ed5i du l\u1ecbch EU 35W gi\u00e1 c\u1ea3 ph\u1ea3i ch\u0103ng"},"content":{"rendered":"<ul>\n<li><strong>B\u1ed9 chuy\u1ec3n \u0111\u1ed5i du l\u1ecbch EU<\/strong><\/li>\n<li style=\"text-align: left;\"><strong>\u0110\u1ea7u v\u00e0o :<\/strong> AC100~250V T\u1ed1i \u0111a 50~60Hz, T\u1ed1i \u0111a 0,8A \/ 2500W<\/li>\n<li style=\"text-align: left;\"><strong>\u0110\u1ea7u ra C1 :<\/strong> 5V 3.0A, 9V 3.0A, 12V 2.9A, 15V 2.33A, 20V 1.75A T\u1ed1i \u0111a 35W<\/li>\n<li style=\"text-align: left;\"><strong>PPS:<\/strong> 3.3V~11V 3A, 3.3V~16V 2.18A PPS 35W T\u1ed1i \u0111a<\/li>\n<li style=\"text-align: left;\"><strong>\u0110\u1ea7u ra C2\/C3 :<\/strong> T\u1ed1i \u0111a 5V 3A 15W<\/li>\n<li style=\"text-align: left;\"><strong>\u0110\u1ea7u ra C1+C2+C3 :<\/strong> PD20W +C2+C3: T\u1ed1i \u0111a 15W<\/li>\n<li style=\"text-align: left;\"><strong>\u0110\u1ea7u ra USB-A1\/A2 :<\/strong> T\u1ed1i \u0111a 5V 2.4A 12W<\/li>\n<li style=\"text-align: left;\"><strong>\u0110\u1ea7u ra C1+USB-A1\/A2 :<\/strong> PD20W + T\u1ed1i \u0111a 12W<\/li>\n<li style=\"text-align: left;\"><strong>\u0110\u1ea7u ra C1+C2+C3+USB-A1+A2 :<\/strong> C1: PD20W + C\u00e1c c\u1ed5ng kh\u00e1c Max 15W<\/li>\n<li style=\"text-align: left;\"><strong>T\u1ed5ng s\u1ea3n l\u01b0\u1ee3ng:<\/strong> T\u1ed1i \u0111a 35W<\/li>\n<li style=\"text-align: left;\"><strong>\u0110\u00e1nh gi\u00e1 c\u1ea7u ch\u00ec:<\/strong> 10A<\/li>\n<li><strong>V\u1eadt li\u1ec7u:<\/strong> PC b\u1ecb sa th\u1ea3i<\/li>\n<li><strong>K\u00edch c\u1ee1: <\/strong>72x52x57mm<\/li>\n<li><strong>Nh\u1eadn x\u00e9t:<\/strong> EU\/AU\/UK\/US t\u1ea5t c\u1ea3 trong m\u1ed9t c\u00f3 th\u1ec3 \u0111\u01b0\u1ee3c s\u1eed d\u1ee5ng \u1edf h\u01a1n 170 qu\u1ed1c gia<\/li>\n<\/ul>","protected":false},"excerpt":{"rendered":"<p><img fetchpriority=\"high\" decoding=\"async\" class=\"alignnone wp-image-8688 size-full\" src=\"https:\/\/imiapower.com\/wp-content\/uploads\/Power-Adapter-1.jpg\" alt=\"eu du l\u1ecbch adapter\" width=\"800\" height=\"800\" srcset=\"https:\/\/imiapower.com\/wp-content\/uploads\/Power-Adapter-1.jpg 800w, https:\/\/imiapower.com\/wp-content\/uploads\/Power-Adapter-1-300x300.jpg 300w, https:\/\/imiapower.com\/wp-content\/uploads\/Power-Adapter-1-100x100.jpg 100w, https:\/\/imiapower.com\/wp-content\/uploads\/Power-Adapter-1-600x600.jpg 600w, https:\/\/imiapower.com\/wp-content\/uploads\/Power-Adapter-1-64x64.jpg 64w, https:\/\/imiapower.com\/wp-content\/uploads\/Power-Adapter-1-150x150.jpg 150w, https:\/\/imiapower.com\/wp-content\/uploads\/Power-Adapter-1-768x768.jpg 768w, https:\/\/imiapower.com\/wp-content\/uploads\/Power-Adapter-1-12x12.jpg 12w\" sizes=\"(max-width: 800px) 100vw, 800px\" \/> <img decoding=\"async\" class=\"alignnone wp-image-8689 size-full\" src=\"https:\/\/imiapower.com\/wp-content\/uploads\/Power-Adapter-2.jpg\" alt=\"eu du l\u1ecbch adapter\" width=\"800\" height=\"800\" srcset=\"https:\/\/imiapower.com\/wp-content\/uploads\/Power-Adapter-2.jpg 800w, https:\/\/imiapower.com\/wp-content\/uploads\/Power-Adapter-2-300x300.jpg 300w, https:\/\/imiapower.com\/wp-content\/uploads\/Power-Adapter-2-100x100.jpg 100w, https:\/\/imiapower.com\/wp-content\/uploads\/Power-Adapter-2-600x600.jpg 600w, https:\/\/imiapower.com\/wp-content\/uploads\/Power-Adapter-2-64x64.jpg 64w, https:\/\/imiapower.com\/wp-content\/uploads\/Power-Adapter-2-150x150.jpg 150w, https:\/\/imiapower.com\/wp-content\/uploads\/Power-Adapter-2-768x768.jpg 768w, https:\/\/imiapower.com\/wp-content\/uploads\/Power-Adapter-2-12x12.jpg 12w\" sizes=\"(max-width: 800px) 100vw, 800px\" \/><\/p>\n<p>B\u1ed9 chuy\u1ec3n \u0111\u1ed5i du l\u1ecbch EU n\u00e0y l\u00e0 m\u1ed9t s\u1ea3n ph\u1ea9m c\u1ea7n thi\u1ebft \u0111\u1ec3 \u0111i du l\u1ecbch \u0111\u1ebfn c\u00e1c qu\u1ed1c gia kh\u00e1c nhau, b\u1edfi v\u00ec c\u00e1c qu\u1ed1c gia kh\u00e1c nhau, ph\u00edch c\u1eafm s\u1ea1c kh\u00e1c nhau, b\u1ed9 chuy\u1ec3n \u0111\u1ed5i n\u00e0y bao g\u1ed3m ph\u00edch c\u1eafm EU, US, AUS v\u00e0 UK c\u00f3 th\u1ec3 \u0111\u00e1p \u1ee9ng h\u1ea7u h\u1ebft c\u00e1c y\u00eau c\u1ea7u v\u1ec1 ph\u00edch c\u1eafm c\u1ee7a c\u00e1c qu\u1ed1c gia<\/p>\n<p>\u0110\u1ed1i v\u1edbi b\u1ed9 chuy\u1ec3n \u0111\u1ed5i du l\u1ecbch \u0111a n\u0103ng n\u00e0y, ch\u00fang t\u00f4i \u0111\u00e3 \u00e1p d\u1ee5ng c\u00e1c ch\u1ee9ng nh\u1eadn ph\u1ed5 bi\u1ebfn nh\u01b0 CE, UKCA, FCC, LVD, ERP, REACH, ROHS<\/p>\n<p>B\u1ed9 chuy\u1ec3n \u0111\u1ed5i du l\u1ecbch EU n\u00e0y \u00e1p d\u1ee5ng c\u00e1c gi\u1ea3i ph\u00e1p ph\u00e2n ph\u1ed1i \u0111i\u1ec7n, \u0111\u00e2y l\u00e0 gi\u1ea3i ph\u00e1p ph\u1ed5 bi\u1ebfn nh\u1ea5t tr\u00ean th\u1ecb tr\u01b0\u1eddng d\u00e0nh cho c\u00e1c thi\u1ebft b\u1ecb s\u1ea1c nhi\u1ec1u c\u1ed5ng, n\u00f3 \u0111\u1ea3m b\u1ea3o kh\u00f4ng c\u00f3 b\u1ea5t k\u1ef3 t\u00ecnh hu\u1ed1ng s\u1ea1c ng\u1eaft k\u1ebft n\u1ed1i n\u00e0o<\/p>\n<p>Kh\u00e1ch h\u00e0ng c\u00f3 th\u1ec3 l\u1ef1a ch\u1ecdn n\u1ebfu c\u00f3 nhu c\u1ea7u thi\u1ebft k\u1ebf logo t\u00f9y ch\u1ec9nh b\u1eb1ng \u0111\u00e8n LED<\/p>\n<p>B\u1ed9 chuy\u1ec3n \u0111\u1ed5i du l\u1ecbch v\u1edbi hai c\u1ea7u ch\u00ec 10A b\u1ea3o v\u1ec7 hi\u1ec7u qu\u1ea3 c\u00e1c thi\u1ebft b\u1ecb c\u1ee7a b\u1ea1n v\u00e0 b\u1ea3o v\u1ec7 c\u00e1c thi\u1ebft b\u1ecb \u0111i\u1ec7n c\u1ee7a b\u1ea1n khi s\u1eed d\u1ee5ng ch\u00fang<\/p>\n<p>H\u1ed7 tr\u1ee3 \u0111i\u1ec7n \u00e1p hoang d\u00e3 t\u1eeb 100V\u2013250V\/10A(1000W-2500W)<\/p>\n<p>V\u1edbi k\u00edch th\u01b0\u1edbc nh\u1ecf v\u00e0 nh\u1eb9 n\u00ean r\u1ea5t d\u1ec5 d\u00e0ng mang theo khi \u0111i ra ngo\u00e0i<\/p>\n<p>H\u01b0\u1edbng d\u1eabn s\u1eed d\u1ee5ng<\/p>\n<p><img decoding=\"async\" class=\"alignnone wp-image-9877 size-large\" style=\"font-style: inherit; font-weight: inherit;\" src=\"https:\/\/imiapower.com\/wp-content\/uploads\/\u5fae\u4fe1\u56fe\u7247_20260115111346_139_100-1024x620.png\" alt=\"eu du l\u1ecbch adapter\" width=\"1024\" height=\"620\" srcset=\"https:\/\/imiapower.com\/wp-content\/uploads\/\u5fae\u4fe1\u56fe\u7247_20260115111346_139_100-1024x620.png 1024w, https:\/\/imiapower.com\/wp-content\/uploads\/\u5fae\u4fe1\u56fe\u7247_20260115111346_139_100-300x182.png 300w, https:\/\/imiapower.com\/wp-content\/uploads\/\u5fae\u4fe1\u56fe\u7247_20260115111346_139_100-768x465.png 768w, https:\/\/imiapower.com\/wp-content\/uploads\/\u5fae\u4fe1\u56fe\u7247_20260115111346_139_100-18x12.png 18w, https:\/\/imiapower.com\/wp-content\/uploads\/\u5fae\u4fe1\u56fe\u7247_20260115111346_139_100-600x363.png 600w, https:\/\/imiapower.com\/wp-content\/uploads\/\u5fae\u4fe1\u56fe\u7247_20260115111346_139_100-64x39.png 64w, https:\/\/imiapower.com\/wp-content\/uploads\/\u5fae\u4fe1\u56fe\u7247_20260115111346_139_100.png 1133w\" sizes=\"(max-width: 1024px) 100vw, 1024px\" \/><\/p>\n<p>G\u00f3i c\u00f3 s\u1eb5n<\/p>\n<p><img loading=\"lazy\" decoding=\"async\" class=\"alignnone size-full wp-image-9878\" src=\"https:\/\/imiapower.com\/wp-content\/uploads\/converted-2-17.webp\" alt=\"B\u1ed9 chuy\u1ec3n \u0111\u1ed5i ngu\u1ed3n du l\u1ecbch EU\" width=\"1024\" height=\"335\" srcset=\"https:\/\/imiapower.com\/wp-content\/uploads\/converted-2-17.webp 1024w, https:\/\/imiapower.com\/wp-content\/uploads\/converted-2-17-300x98.webp 300w, https:\/\/imiapower.com\/wp-content\/uploads\/converted-2-17-768x251.webp 768w, https:\/\/imiapower.com\/wp-content\/uploads\/converted-2-17-18x6.webp 18w, https:\/\/imiapower.com\/wp-content\/uploads\/converted-2-17-600x196.webp 600w, https:\/\/imiapower.com\/wp-content\/uploads\/converted-2-17-64x21.webp 64w\" sizes=\"(max-width: 1024px) 100vw, 1024px\" \/><\/p>\n<p>&nbsp;<\/p>\n<p>&nbsp;<\/p>","protected":false},"featured_media":7732,"comment_status":"open","ping_status":"closed","template":"","meta":{"rank_math_lock_modified_date":false,"site-sidebar-layout":"default","site-content-layout":"","ast-site-content-layout":"default","site-content-style":"default","site-sidebar-style":"default","ast-global-header-display":"","ast-banner-title-visibility":"","ast-main-header-display":"","ast-hfb-above-header-display":"","ast-hfb-below-header-display":"","ast-hfb-mobile-header-display":"","site-post-title":"","ast-breadcrumbs-content":"","ast-featured-img":"","footer-sml-layout":"","ast-disable-related-posts":"","theme-transparent-header-meta":"default","adv-header-id-meta":"","stick-header-meta":"","header-above-stick-meta":"","header-main-stick-meta":"","header-below-stick-meta":"","astra-migrate-meta-layouts":"set","ast-page-background-enabled":"default","ast-page-background-meta":{"desktop":{"background-color":"","background-image":"","background-repeat":"repeat","background-position":"center center","background-size":"auto","background-attachment":"scroll","background-type":"","background-media":"","overlay-type":"","overlay-color":"","overlay-opacity":"","overlay-gradient":""},"tablet":{"background-color":"","background-image":"","background-repeat":"repeat","background-position":"center center","background-size":"auto","background-attachment":"scroll","background-type":"","background-media":"","overlay-type":"","overlay-color":"","overlay-opacity":"","overlay-gradient":""},"mobile":{"background-color":"","background-image":"","background-repeat":"repeat","background-position":"center center","background-size":"auto","background-attachment":"scroll","background-type":"","background-media":"","overlay-type":"","overlay-color":"","overlay-opacity":"","overlay-gradient":""}},"ast-content-background-meta":{"desktop":{"background-color":"var(--ast-global-color-5)","background-image":"","background-repeat":"repeat","background-position":"center center","background-size":"auto","background-attachment":"scroll","background-type":"","background-media":"","overlay-type":"","overlay-color":"","overlay-opacity":"","overlay-gradient":""},"tablet":{"background-color":"var(--ast-global-color-5)","background-image":"","background-repeat":"repeat","background-position":"center center","background-size":"auto","background-attachment":"scroll","background-type":"","background-media":"","overlay-type":"","overlay-color":"","overlay-opacity":"","overlay-gradient":""},"mobile":{"background-color":"var(--ast-global-color-5)","background-image":"","background-repeat":"repeat","background-position":"center center","background-size":"auto","background-attachment":"scroll","background-type":"","background-media":"","overlay-type":"","overlay-color":"","overlay-opacity":"","overlay-gradient":""}}},"product_cat":[64],"product_tag":[],"class_list":{"0":"post-7654","1":"product","2":"type-product","3":"status-publish","4":"has-post-thumbnail","6":"product_cat-travel-adapter","7":"desktop-align-center","8":"tablet-align-center","9":"mobile-align-center","11":"first","12":"instock","13":"featured","14":"shipping-taxable","15":"product-type-simple"},"_links":{"self":[{"href":"https:\/\/imiapower.com\/vi\/wp-json\/wp\/v2\/product\/7654","targetHints":{"allow":["GET"]}}],"collection":[{"href":"https:\/\/imiapower.com\/vi\/wp-json\/wp\/v2\/product"}],"about":[{"href":"https:\/\/imiapower.com\/vi\/wp-json\/wp\/v2\/types\/product"}],"replies":[{"embeddable":true,"href":"https:\/\/imiapower.com\/vi\/wp-json\/wp\/v2\/comments?post=7654"}],"version-history":[{"count":14,"href":"https:\/\/imiapower.com\/vi\/wp-json\/wp\/v2\/product\/7654\/revisions"}],"predecessor-version":[{"id":8687,"href":"https:\/\/imiapower.com\/vi\/wp-json\/wp\/v2\/product\/7654\/revisions\/8687"}],"wp:featuredmedia":[{"embeddable":true,"href":"https:\/\/imiapower.com\/vi\/wp-json\/wp\/v2\/media\/7732"}],"wp:attachment":[{"href":"https:\/\/imiapower.com\/vi\/wp-json\/wp\/v2\/media?parent=7654"}],"wp:term":[{"taxonomy":"product_cat","embeddable":true,"href":"https:\/\/imiapower.com\/vi\/wp-json\/wp\/v2\/product_cat?post=7654"},{"taxonomy":"product_tag","embeddable":true,"href":"https:\/\/imiapower.com\/vi\/wp-json\/wp\/v2\/product_tag?post=7654"}],"curies":[{"name":"trang web","href":"https:\/\/api.w.org\/{rel}","templated":true}]}}