{"id":7695,"date":"2024-05-22T08:49:10","date_gmt":"2024-05-22T08:49:10","guid":{"rendered":"https:\/\/imiapower.com\/?post_type=product&#038;p=7695"},"modified":"2024-06-07T03:54:10","modified_gmt":"2024-06-07T03:54:10","slug":"world-travel-adapter","status":"publish","type":"product","link":"https:\/\/imiapower.com\/vi\/products\/travel-adapter\/world-travel-adapter\/","title":{"rendered":"B\u1ed9 chuy\u1ec3n \u0111\u1ed5i du l\u1ecbch th\u1ebf gi\u1edbi 45w m\u1edbi"},"content":{"rendered":"<ul>\n<li><strong>b\u1ed9 chuy\u1ec3n \u0111\u1ed5i du l\u1ecbch th\u1ebf gi\u1edbi<\/strong><\/li>\n<li><strong>\u0110\u1ea7u v\u00e0o:<\/strong> \u0110\u1ea7u v\u00e0o AC:100~250V\/AC 50-60Hz 0,8A\u0110\u1ea7u ra<\/li>\n<li><strong>\u0110\u1ea7u ra \u0111\u01a1n Lo\u1ea1i-C1:<\/strong>5V3A \/ 9V3A \/ 12V3A \/ 15V3A \/ 20V2.25A T\u1ed1i \u0111a 45W<\/li>\n<li><strong>PPS:<\/strong>3.3V-16V 3.0A 3.3V-21V2.25A 45W<\/li>\n<li><strong>Lo\u1ea1i-C2\/Lo\u1ea1i-C3\/Lo\u1ea1i-C4\/USB-A1:<\/strong>T\u1ed1i \u0111a 5V3A 15W<\/li>\n<li><strong>Nhi\u1ec1u \u0111\u1ea7u ra Type-C1+Type-C2:<\/strong>30W+15W<\/li>\n<li><strong>Lo\u1ea1i-C1:<\/strong>5V3A\/9V3A\/12V1.5A\/15V2A\/20V1.5A 30W<\/li>\n<li><strong>PPS:<\/strong>3,3-16V2A<\/li>\n<li><strong>Lo\u1ea1i-C2:<\/strong> 5V3A 15W<\/li>\n<li><strong>Lo\u1ea1i-C1+Type-C2\/Type-C3\/Type-C4\/USB-A1:<\/strong>PD30W+15W<\/li>\n<li><strong>Lo\u1ea1i-C1:<\/strong>5V3A\/9V3A\/12V1.5A\/15V2A\/20V1.5A 30W<\/li>\n<li><strong>PPS:<\/strong> 3,3-16V2A<\/li>\n<li><strong>Lo\u1ea1i-C2\/Lo\u1ea1i-C3\/Lo\u1ea1i-C4\/USB-A1:<\/strong>T\u1ed1i \u0111a 5V3A 15W<\/li>\n<li><strong>V\u1eadt li\u1ec7u:<\/strong> PC nung + kim lo\u1ea1i Cooper<\/li>\n<li><strong>K\u00edch c\u1ee1:<\/strong> 76*50.5*57mm<\/li>\n<li><strong>C\u00e1ch s\u1eed d\u1ee5ng:<\/strong> EU\/AU\/UK\/US t\u1ea5t c\u1ea3 trong m\u1ed9t c\u00f3 th\u1ec3 \u0111\u01b0\u1ee3c s\u1eed d\u1ee5ng \u1edf h\u01a1n 170 qu\u1ed1c gia<\/li>\n<li><strong>Gi\u1ea5y ch\u1ee9ng nh\u1eadn:<\/strong> CE, Rohs, FCC, UKCA, Reach, ERP<\/li>\n<\/ul>","protected":false},"excerpt":{"rendered":"<p>B\u1ed9 chuy\u1ec3n \u0111\u1ed5i du l\u1ecbch th\u1ebf gi\u1edbi n\u00e0y \u00e1p d\u1ee5ng c\u00e1c gi\u1ea3i ph\u00e1p ph\u00e2n ph\u1ed1i \u0111i\u1ec7n, \u0111\u00e2y l\u00e0 gi\u1ea3i ph\u00e1p ph\u1ed5 bi\u1ebfn nh\u1ea5t tr\u00ean th\u1ecb tr\u01b0\u1eddng d\u00e0nh cho c\u00e1c thi\u1ebft b\u1ecb s\u1ea1c nhi\u1ec1u c\u1ed5ng, n\u00f3 \u0111\u1ea3m b\u1ea3o kh\u00f4ng c\u00f3 b\u1ea5t k\u1ef3 t\u00ecnh hu\u1ed1ng s\u1ea1c ng\u1eaft k\u1ebft n\u1ed1i n\u00e0o<\/p>\n<p>\u0110\u1ed1i v\u1edbi b\u1ed9 chuy\u1ec3n \u0111\u1ed5i n\u00e0y, ch\u00fang t\u00f4i thi\u1ebft k\u1ebf 4 c\u1ed5ng lo\u1ea1i c \u0111\u1ec3 \u0111\u00e1p \u1ee9ng h\u1ea7u h\u1ebft c\u00e1c thi\u1ebft b\u1ecb s\u1ea1c tr\u00ean th\u1ecb tr\u01b0\u1eddng<\/p>\n<p>N\u00fat \u1ea5n c\u00f3 th\u1ec3 l\u00e0m m\u00e0u t\u00f9y ch\u1ec9nh<\/p>\n<p>B\u1ed9 chuy\u1ec3n \u0111\u1ed5i du l\u1ecbch v\u1edbi hai c\u1ea7u ch\u00ec 10A b\u1ea3o v\u1ec7 hi\u1ec7u qu\u1ea3 c\u00e1c thi\u1ebft b\u1ecb c\u1ee7a b\u1ea1n v\u00e0 b\u1ea3o v\u1ec7 c\u00e1c thi\u1ebft b\u1ecb \u0111i\u1ec7n c\u1ee7a b\u1ea1n khi s\u1eed d\u1ee5ng ch\u00fang<\/p>\n<p>H\u1ed7 tr\u1ee3 \u0111i\u1ec7n \u00e1p hoang d\u00e3 t\u1eeb 100V\u2013250V\/10A(1000W-2500W)<\/p>\n<p>Thi\u1ebft k\u1ebf nh\u00e0 \u1edf n\u00e0y c\u00f3 t\u00f9y ch\u1ecdn 20w, 35w, 45w, 65w cho kh\u00e1ch h\u00e0ng<\/p>\n<p>Ch\u00fang t\u00f4i cung c\u1ea5p g\u00f3i t\u00f9y ch\u1ec9nh v\u1edbi h\u1ed9p m\u00e0u ho\u1eb7c v\u1ec9<\/p>","protected":false},"featured_media":7704,"comment_status":"open","ping_status":"closed","template":"","meta":{"rank_math_lock_modified_date":false,"site-sidebar-layout":"default","site-content-layout":"","ast-site-content-layout":"default","site-content-style":"default","site-sidebar-style":"default","ast-global-header-display":"","ast-banner-title-visibility":"","ast-main-header-display":"","ast-hfb-above-header-display":"","ast-hfb-below-header-display":"","ast-hfb-mobile-header-display":"","site-post-title":"","ast-breadcrumbs-content":"","ast-featured-img":"","footer-sml-layout":"","ast-disable-related-posts":"","theme-transparent-header-meta":"default","adv-header-id-meta":"","stick-header-meta":"","header-above-stick-meta":"","header-main-stick-meta":"","header-below-stick-meta":"","astra-migrate-meta-layouts":"set","ast-page-background-enabled":"default","ast-page-background-meta":{"desktop":{"background-color":"","background-image":"","background-repeat":"repeat","background-position":"center center","background-size":"auto","background-attachment":"scroll","background-type":"","background-media":"","overlay-type":"","overlay-color":"","overlay-opacity":"","overlay-gradient":""},"tablet":{"background-color":"","background-image":"","background-repeat":"repeat","background-position":"center center","background-size":"auto","background-attachment":"scroll","background-type":"","background-media":"","overlay-type":"","overlay-color":"","overlay-opacity":"","overlay-gradient":""},"mobile":{"background-color":"","background-image":"","background-repeat":"repeat","background-position":"center center","background-size":"auto","background-attachment":"scroll","background-type":"","background-media":"","overlay-type":"","overlay-color":"","overlay-opacity":"","overlay-gradient":""}},"ast-content-background-meta":{"desktop":{"background-color":"var(--ast-global-color-5)","background-image":"","background-repeat":"repeat","background-position":"center center","background-size":"auto","background-attachment":"scroll","background-type":"","background-media":"","overlay-type":"","overlay-color":"","overlay-opacity":"","overlay-gradient":""},"tablet":{"background-color":"var(--ast-global-color-5)","background-image":"","background-repeat":"repeat","background-position":"center center","background-size":"auto","background-attachment":"scroll","background-type":"","background-media":"","overlay-type":"","overlay-color":"","overlay-opacity":"","overlay-gradient":""},"mobile":{"background-color":"var(--ast-global-color-5)","background-image":"","background-repeat":"repeat","background-position":"center center","background-size":"auto","background-attachment":"scroll","background-type":"","background-media":"","overlay-type":"","overlay-color":"","overlay-opacity":"","overlay-gradient":""}}},"product_cat":[64],"product_tag":[],"class_list":{"0":"post-7695","1":"product","2":"type-product","3":"status-publish","4":"has-post-thumbnail","6":"product_cat-travel-adapter","7":"desktop-align-center","8":"tablet-align-center","9":"mobile-align-center","11":"first","12":"instock","13":"shipping-taxable","14":"product-type-simple"},"_links":{"self":[{"href":"https:\/\/imiapower.com\/vi\/wp-json\/wp\/v2\/product\/7695","targetHints":{"allow":["GET"]}}],"collection":[{"href":"https:\/\/imiapower.com\/vi\/wp-json\/wp\/v2\/product"}],"about":[{"href":"https:\/\/imiapower.com\/vi\/wp-json\/wp\/v2\/types\/product"}],"replies":[{"embeddable":true,"href":"https:\/\/imiapower.com\/vi\/wp-json\/wp\/v2\/comments?post=7695"}],"version-history":[{"count":5,"href":"https:\/\/imiapower.com\/vi\/wp-json\/wp\/v2\/product\/7695\/revisions"}],"predecessor-version":[{"id":7706,"href":"https:\/\/imiapower.com\/vi\/wp-json\/wp\/v2\/product\/7695\/revisions\/7706"}],"wp:featuredmedia":[{"embeddable":true,"href":"https:\/\/imiapower.com\/vi\/wp-json\/wp\/v2\/media\/7704"}],"wp:attachment":[{"href":"https:\/\/imiapower.com\/vi\/wp-json\/wp\/v2\/media?parent=7695"}],"wp:term":[{"taxonomy":"product_cat","embeddable":true,"href":"https:\/\/imiapower.com\/vi\/wp-json\/wp\/v2\/product_cat?post=7695"},{"taxonomy":"product_tag","embeddable":true,"href":"https:\/\/imiapower.com\/vi\/wp-json\/wp\/v2\/product_tag?post=7695"}],"curies":[{"name":"trang web","href":"https:\/\/api.w.org\/{rel}","templated":true}]}}