{"id":7707,"date":"2024-05-23T08:29:22","date_gmt":"2024-05-23T08:29:22","guid":{"rendered":"https:\/\/imiapower.com\/?post_type=product&#038;p=7707"},"modified":"2024-06-18T01:24:11","modified_gmt":"2024-06-18T01:24:11","slug":"international-adapter","status":"publish","type":"product","link":"https:\/\/imiapower.com\/vi\/products\/travel-adapter\/international-adapter\/","title":{"rendered":"B\u1ed9 chuy\u1ec3n \u0111\u1ed5i qu\u1ed1c t\u1ebf 65w m\u1ea1nh m\u1ebd"},"content":{"rendered":"<ul>\n<li><strong>\u00a0B\u1ed9 chuy\u1ec3n \u0111\u1ed5i qu\u1ed1c t\u1ebf<\/strong><\/li>\n<li><strong>\u0110\u1ea7u v\u00e0o AC: <\/strong>100~250V\/AC 50-60Hz 0,8A<\/li>\n<li><strong>\u0110\u1ea7u ra AC:<\/strong>T\u1ed1i \u0111a 10A (1000W\/100V ho\u1eb7c 2400W\/240V)<\/li>\n<li><strong>\u0110\u1ea7u ra USB:<\/strong>5V \/2.4A (T\u1ed0I \u0110A 12W)<\/li>\n<li><strong>\u0110\u1ea7u ra lo\u1ea1i C2\/ C3\/C4:<\/strong> 5V \/2.4A (T\u1ed0I \u0110A 12W)<\/li>\n<li><strong>\u0110\u1ea7u ra lo\u1ea1i C1:<\/strong> 5V3A 9V3A 12V3A 15V3A 20V3.25A (MAX65W)<\/li>\n<li><strong>K\u00edch c\u1ee1: <\/strong>76*50.5*57mm<\/li>\n<li><strong>C\u00e2n n\u1eb7ng: <\/strong>180g<\/li>\n<li><strong>V\u1eadt li\u1ec7u:<\/strong> PC nung + kim lo\u1ea1i \u0111\u1ed3ng<\/li>\n<\/ul>","protected":false},"excerpt":{"rendered":"<p>Thi\u1ebft k\u1ebf b\u1ed9 chuy\u1ec3n \u0111\u1ed5i qu\u1ed1c t\u1ebf n\u00e0y s\u1eed d\u1ee5ng h\u1ec7 th\u1ed1ng n\u1ed1i \u0111\u1ea5t c\u1ee7a V\u01b0\u01a1ng qu\u1ed1c Anh, h\u1ec7 th\u1ed1ng n\u1ed1i \u0111\u1ea5t c\u1ee7a V\u01b0\u01a1ng qu\u1ed1c Anh gi\u00fap b\u1ea3o v\u1ec7 ch\u1ed1ng \u0111i\u1ec7n gi\u1eadt v\u00e0 gi\u1ea3m nguy c\u01a1 \u0111o\u1ea3n m\u1ea1ch ho\u1eb7c h\u1ecfa ho\u1ea1n.<\/p>\n<p>Ph\u00edch c\u1eafm c\u1ee7a V\u01b0\u01a1ng qu\u1ed1c Anh th\u01b0\u1eddng c\u00f3 ch\u00e2n th\u1ee9 ba \u0111\u1ec3 n\u1ed1i \u0111\u1ea5t, \u0111i\u1ec1u n\u00e0y r\u1ea5t quan tr\u1ecdng \u0111\u1ec3 \u0111\u1ea3m b\u1ea3o an to\u00e0n cho c\u00e1c thi\u1ebft b\u1ecb \u0111i\u1ec7n, \u0111\u1eb7c bi\u1ec7t l\u00e0 khi di chuy\u1ec3n \u0111\u1ebfn nh\u1eefng v\u00f9ng c\u00f3 ti\u00eau chu\u1ea9n \u0111i\u1ec7n kh\u00e1c nhau. Nhi\u1ec1u thi\u1ebft b\u1ecb \u0111\u01b0\u1ee3c thi\u1ebft k\u1ebf \u0111\u1ec3 ho\u1ea1t \u0111\u1ed9ng v\u1edbi ph\u00edch c\u1eafm n\u1ed1i \u0111\u1ea5t v\u00e0 vi\u1ec7c s\u1eed d\u1ee5ng b\u1ed9 chuy\u1ec3n \u0111\u1ed5i n\u1ed1i \u0111\u1ea5t c\u00f3 ch\u1ed1t c\u1ee7a V\u01b0\u01a1ng qu\u1ed1c Anh \u0111\u1ea3m b\u1ea3o kh\u1ea3 n\u0103ng t\u01b0\u01a1ng th\u00edch v\u1edbi c\u00e1c thi\u1ebft b\u1ecb \u0111\u00f3. \u0110i\u1ec1u n\u00e0y \u0111\u1eb7c bi\u1ec7t quan tr\u1ecdng \u0111\u1ed1i v\u1edbi c\u00e1c thi\u1ebft b\u1ecb \u0111i\u1ec7n t\u1eed ho\u1eb7c thi\u1ebft b\u1ecb nh\u1ea1y c\u1ea3m c\u1ea7n k\u1ebft n\u1ed1i \u0111i\u1ec7n \u1ed5n \u0111\u1ecbnh<\/p>\n<p>B\u1ed9 chuy\u1ec3n \u0111\u1ed5i du l\u1ecbch v\u1edbi hai c\u1ea7u ch\u00ec 10A b\u1ea3o v\u1ec7 hi\u1ec7u qu\u1ea3 c\u00e1c thi\u1ebft b\u1ecb c\u1ee7a b\u1ea1n v\u00e0 b\u1ea3o v\u1ec7 c\u00e1c thi\u1ebft b\u1ecb \u0111i\u1ec7n c\u1ee7a b\u1ea1n khi s\u1eed d\u1ee5ng ch\u00fang<\/p>\n<p>H\u1ed7 tr\u1ee3 \u0111i\u1ec7n \u00e1p hoang d\u00e3 t\u1eeb 100V\u2013250V\/10A(1000W-2500W)<\/p>","protected":false},"featured_media":7717,"comment_status":"open","ping_status":"closed","template":"","meta":{"rank_math_lock_modified_date":false,"site-sidebar-layout":"default","site-content-layout":"","ast-site-content-layout":"default","site-content-style":"default","site-sidebar-style":"default","ast-global-header-display":"","ast-banner-title-visibility":"","ast-main-header-display":"","ast-hfb-above-header-display":"","ast-hfb-below-header-display":"","ast-hfb-mobile-header-display":"","site-post-title":"","ast-breadcrumbs-content":"","ast-featured-img":"","footer-sml-layout":"","ast-disable-related-posts":"","theme-transparent-header-meta":"default","adv-header-id-meta":"","stick-header-meta":"","header-above-stick-meta":"","header-main-stick-meta":"","header-below-stick-meta":"","astra-migrate-meta-layouts":"set","ast-page-background-enabled":"default","ast-page-background-meta":{"desktop":{"background-color":"","background-image":"","background-repeat":"repeat","background-position":"center center","background-size":"auto","background-attachment":"scroll","background-type":"","background-media":"","overlay-type":"","overlay-color":"","overlay-opacity":"","overlay-gradient":""},"tablet":{"background-color":"","background-image":"","background-repeat":"repeat","background-position":"center center","background-size":"auto","background-attachment":"scroll","background-type":"","background-media":"","overlay-type":"","overlay-color":"","overlay-opacity":"","overlay-gradient":""},"mobile":{"background-color":"","background-image":"","background-repeat":"repeat","background-position":"center center","background-size":"auto","background-attachment":"scroll","background-type":"","background-media":"","overlay-type":"","overlay-color":"","overlay-opacity":"","overlay-gradient":""}},"ast-content-background-meta":{"desktop":{"background-color":"var(--ast-global-color-5)","background-image":"","background-repeat":"repeat","background-position":"center center","background-size":"auto","background-attachment":"scroll","background-type":"","background-media":"","overlay-type":"","overlay-color":"","overlay-opacity":"","overlay-gradient":""},"tablet":{"background-color":"var(--ast-global-color-5)","background-image":"","background-repeat":"repeat","background-position":"center center","background-size":"auto","background-attachment":"scroll","background-type":"","background-media":"","overlay-type":"","overlay-color":"","overlay-opacity":"","overlay-gradient":""},"mobile":{"background-color":"var(--ast-global-color-5)","background-image":"","background-repeat":"repeat","background-position":"center center","background-size":"auto","background-attachment":"scroll","background-type":"","background-media":"","overlay-type":"","overlay-color":"","overlay-opacity":"","overlay-gradient":""}}},"product_cat":[64],"product_tag":[],"class_list":{"0":"post-7707","1":"product","2":"type-product","3":"status-publish","4":"has-post-thumbnail","6":"product_cat-travel-adapter","7":"desktop-align-center","8":"tablet-align-center","9":"mobile-align-center","11":"first","12":"instock","13":"shipping-taxable","14":"product-type-simple"},"_links":{"self":[{"href":"https:\/\/imiapower.com\/vi\/wp-json\/wp\/v2\/product\/7707","targetHints":{"allow":["GET"]}}],"collection":[{"href":"https:\/\/imiapower.com\/vi\/wp-json\/wp\/v2\/product"}],"about":[{"href":"https:\/\/imiapower.com\/vi\/wp-json\/wp\/v2\/types\/product"}],"replies":[{"embeddable":true,"href":"https:\/\/imiapower.com\/vi\/wp-json\/wp\/v2\/comments?post=7707"}],"version-history":[{"count":7,"href":"https:\/\/imiapower.com\/vi\/wp-json\/wp\/v2\/product\/7707\/revisions"}],"predecessor-version":[{"id":7721,"href":"https:\/\/imiapower.com\/vi\/wp-json\/wp\/v2\/product\/7707\/revisions\/7721"}],"wp:featuredmedia":[{"embeddable":true,"href":"https:\/\/imiapower.com\/vi\/wp-json\/wp\/v2\/media\/7717"}],"wp:attachment":[{"href":"https:\/\/imiapower.com\/vi\/wp-json\/wp\/v2\/media?parent=7707"}],"wp:term":[{"taxonomy":"product_cat","embeddable":true,"href":"https:\/\/imiapower.com\/vi\/wp-json\/wp\/v2\/product_cat?post=7707"},{"taxonomy":"product_tag","embeddable":true,"href":"https:\/\/imiapower.com\/vi\/wp-json\/wp\/v2\/product_tag?post=7707"}],"curies":[{"name":"trang web","href":"https:\/\/api.w.org\/{rel}","templated":true}]}}