{"id":7722,"date":"2024-05-25T02:05:55","date_gmt":"2024-05-25T02:05:55","guid":{"rendered":"https:\/\/imiapower.com\/?post_type=product&#038;p=7722"},"modified":"2024-08-16T10:08:45","modified_gmt":"2024-08-16T10:08:45","slug":"international-power-adapters","status":"publish","type":"product","link":"https:\/\/imiapower.com\/vi\/products\/travel-adapter\/international-power-adapters\/","title":{"rendered":"B\u1ed9 \u0111\u1ed5i ngu\u1ed3n qu\u1ed1c t\u1ebf 30w gi\u00e1 r\u1ebb"},"content":{"rendered":"<ul>\n<li><strong>b\u1ed9 \u0111\u1ed5i ngu\u1ed3n qu\u1ed1c t\u1ebf<\/strong><\/li>\n<li>\u00a0<strong>\u0110i\u1ec7n \u00e1p \u0111\u1ea7u v\u00e0o:<\/strong> 100~250V, 50\/60Hz<\/li>\n<li><strong>\u0110\u1ea7u ra AC:<\/strong> T\u1ed1i \u0111a 6 A (660W\/100V,1330W\/250V)<\/li>\n<li><strong>\u0110\u1ea7u ra lo\u1ea1i C1:<\/strong> 5V3A (T\u1ed1i \u0111a 15W)<\/li>\n<li><strong>\u0110\u1ea7u ra lo\u1ea1i C2:<\/strong> 5V3A\/9V3A\/12V2.5A\/15V2A\/20V1.5A (T\u1ed1i \u0111a 30W)<\/li>\n<li><strong>\u0110\u1ea7u ra USB \u0111\u01a1n:<\/strong> 5V3A 9V2A (T\u1ed1i \u0111a 18W)<\/li>\n<li><strong>K\u00edch th\u01b0\u1edbc s\u1ea3n ph\u1ea9m:<\/strong> 70mm x 50mm x 55mm<\/li>\n<li><strong>Nguy\u00ean v\u1eadt li\u1ec7u:<\/strong> ABS + PC<\/li>\n<li><strong>Gi\u1ea5y ch\u1ee9ng nh\u1eadn:<\/strong> CE\/FCC\/RoHS<\/li>\n<\/ul>","protected":false},"excerpt":{"rendered":"<p>V\u1edbi nh\u00e0 m\u00e1y s\u1ea3n xu\u1ea5t b\u1ed9 chuy\u1ec3n \u0111\u1ed5i du l\u1ecbch tr\u1ef1c ti\u1ebfp, ch\u00fang t\u00f4i c\u00f3 th\u1ec3 ch\u1ea5p nh\u1eadn moq th\u1ea5p h\u01a1n v\u00e0 \u0111\u1ea3m b\u1ea3o kh\u00e1ch h\u00e0ng tin t\u01b0\u1edfng v\u00e0o ch\u1ea5t l\u01b0\u1ee3ng s\u1ea3n ph\u1ea9m c\u1ee7a ch\u00fang t\u00f4i<\/p>\n<p>Nh\u1eefng b\u1ed9 \u0111\u1ed5i ngu\u1ed3n qu\u1ed1c t\u1ebf n\u00e0y l\u00e0 khu\u00f4n ri\u00eang v\u00ec v\u1ea5n \u0111\u1ec1 b\u1eb1ng s\u00e1ng ch\u1ebf<\/p>\n<p>B\u1ed9 \u0111\u1ed5i ngu\u1ed3n qu\u1ed1c t\u1ebf n\u00e0y c\u00f3 ph\u00edch c\u1eafm \u0111i\u1ec7n US\/EU\/UK\/AU \u0111\u1ec3 ph\u1ee7 s\u00f3ng h\u01a1n 150 qu\u1ed1c gia. V\u00e0 n\u00f3 c\u00f3 th\u1ec3 \u0111\u01b0\u1ee3c c\u1eafm v\u00e0o ph\u00edch c\u1eafm Nam Phi, \u1ea4n \u0110\u1ed9, M\u1ef9, EU, Anh v\u00e0 AU<\/p>\n<p>T\u00ednh n\u0103ng an to\u00e0n: B\u1ed9 \u0111i\u1ec1u h\u1ee3p ch\u1ea5t l\u01b0\u1ee3ng cao \u0111i k\u00e8m v\u1edbi c\u00e1c t\u00ednh n\u0103ng an to\u00e0n t\u00edch h\u1ee3p nh\u01b0 b\u1ea3o v\u1ec7 qu\u00e1 t\u1ea3i v\u00e0 b\u1ea3o v\u1ec7 ng\u1eafn m\u1ea1ch \u0111\u1ec3 b\u1ea3o v\u1ec7 thi\u1ebft b\u1ecb c\u1ee7a b\u1ea1n kh\u1ecfi c\u00e1c dao \u0111\u1ed9ng \u0111i\u1ec7n v\u00e0 h\u01b0 h\u1ecfng ti\u1ec1m \u1ea9n.<\/p>\n<p>&nbsp;<\/p>","protected":false},"featured_media":7726,"comment_status":"open","ping_status":"closed","template":"","meta":{"rank_math_lock_modified_date":false,"site-sidebar-layout":"default","site-content-layout":"","ast-site-content-layout":"default","site-content-style":"default","site-sidebar-style":"default","ast-global-header-display":"","ast-banner-title-visibility":"","ast-main-header-display":"","ast-hfb-above-header-display":"","ast-hfb-below-header-display":"","ast-hfb-mobile-header-display":"","site-post-title":"","ast-breadcrumbs-content":"","ast-featured-img":"","footer-sml-layout":"","ast-disable-related-posts":"","theme-transparent-header-meta":"default","adv-header-id-meta":"","stick-header-meta":"","header-above-stick-meta":"","header-main-stick-meta":"","header-below-stick-meta":"","astra-migrate-meta-layouts":"set","ast-page-background-enabled":"default","ast-page-background-meta":{"desktop":{"background-color":"","background-image":"","background-repeat":"repeat","background-position":"center center","background-size":"auto","background-attachment":"scroll","background-type":"","background-media":"","overlay-type":"","overlay-color":"","overlay-opacity":"","overlay-gradient":""},"tablet":{"background-color":"","background-image":"","background-repeat":"repeat","background-position":"center center","background-size":"auto","background-attachment":"scroll","background-type":"","background-media":"","overlay-type":"","overlay-color":"","overlay-opacity":"","overlay-gradient":""},"mobile":{"background-color":"","background-image":"","background-repeat":"repeat","background-position":"center center","background-size":"auto","background-attachment":"scroll","background-type":"","background-media":"","overlay-type":"","overlay-color":"","overlay-opacity":"","overlay-gradient":""}},"ast-content-background-meta":{"desktop":{"background-color":"var(--ast-global-color-5)","background-image":"","background-repeat":"repeat","background-position":"center center","background-size":"auto","background-attachment":"scroll","background-type":"","background-media":"","overlay-type":"","overlay-color":"","overlay-opacity":"","overlay-gradient":""},"tablet":{"background-color":"var(--ast-global-color-5)","background-image":"","background-repeat":"repeat","background-position":"center center","background-size":"auto","background-attachment":"scroll","background-type":"","background-media":"","overlay-type":"","overlay-color":"","overlay-opacity":"","overlay-gradient":""},"mobile":{"background-color":"var(--ast-global-color-5)","background-image":"","background-repeat":"repeat","background-position":"center center","background-size":"auto","background-attachment":"scroll","background-type":"","background-media":"","overlay-type":"","overlay-color":"","overlay-opacity":"","overlay-gradient":""}}},"product_cat":[64],"product_tag":[],"class_list":{"0":"post-7722","1":"product","2":"type-product","3":"status-publish","4":"has-post-thumbnail","6":"product_cat-travel-adapter","7":"desktop-align-center","8":"tablet-align-center","9":"mobile-align-center","11":"first","12":"instock","13":"shipping-taxable","14":"product-type-simple"},"_links":{"self":[{"href":"https:\/\/imiapower.com\/vi\/wp-json\/wp\/v2\/product\/7722","targetHints":{"allow":["GET"]}}],"collection":[{"href":"https:\/\/imiapower.com\/vi\/wp-json\/wp\/v2\/product"}],"about":[{"href":"https:\/\/imiapower.com\/vi\/wp-json\/wp\/v2\/types\/product"}],"replies":[{"embeddable":true,"href":"https:\/\/imiapower.com\/vi\/wp-json\/wp\/v2\/comments?post=7722"}],"version-history":[{"count":3,"href":"https:\/\/imiapower.com\/vi\/wp-json\/wp\/v2\/product\/7722\/revisions"}],"predecessor-version":[{"id":7730,"href":"https:\/\/imiapower.com\/vi\/wp-json\/wp\/v2\/product\/7722\/revisions\/7730"}],"wp:featuredmedia":[{"embeddable":true,"href":"https:\/\/imiapower.com\/vi\/wp-json\/wp\/v2\/media\/7726"}],"wp:attachment":[{"href":"https:\/\/imiapower.com\/vi\/wp-json\/wp\/v2\/media?parent=7722"}],"wp:term":[{"taxonomy":"product_cat","embeddable":true,"href":"https:\/\/imiapower.com\/vi\/wp-json\/wp\/v2\/product_cat?post=7722"},{"taxonomy":"product_tag","embeddable":true,"href":"https:\/\/imiapower.com\/vi\/wp-json\/wp\/v2\/product_tag?post=7722"}],"curies":[{"name":"trang web","href":"https:\/\/api.w.org\/{rel}","templated":true}]}}