{"id":7768,"date":"2024-05-12T07:28:02","date_gmt":"2024-05-12T07:28:02","guid":{"rendered":"https:\/\/imiapower.com\/?post_type=product&#038;p=7768"},"modified":"2025-05-26T09:15:58","modified_gmt":"2025-05-26T09:15:58","slug":"international-plugs-adapters","status":"publish","type":"product","link":"https:\/\/imiapower.com\/vi\/products\/travel-adapter\/international-plugs-adapters\/","title":{"rendered":"B\u1ed9 chuy\u1ec3n \u0111\u1ed5i ph\u00edch c\u1eafm qu\u1ed1c t\u1ebf 20w hi\u1ec7u qu\u1ea3"},"content":{"rendered":"<ul>\n<li><strong>b\u1ed9 chuy\u1ec3n \u0111\u1ed5i ph\u00edch c\u1eafm qu\u1ed1c t\u1ebf<\/strong><\/li>\n<li><strong>\u0110\u1ea7u v\u00e0o AC:<\/strong>100~250V\/AC 50-60Hz<\/li>\n<li><strong>\u0110\u1ea7u ra AC:<\/strong>T\u1ed1i \u0111a 6A(660W\/100V ho\u1eb7c 1330W\/250V)<\/li>\n<li><strong>\u0110\u1ea7u ra USB1+USB2:<\/strong>5V \/2400mA<\/li>\n<li><strong>USB3:<\/strong> 5V 3A \/ 9V 2A \/ 12V 1.5A (Qc 3.0 18W)<\/li>\n<li><strong>\u0110\u1ea7u ra PD lo\u1ea1i C:<\/strong> 5V3A \/9V2.22A\/12V1.67A (T\u1ed1i \u0111a 20W)<\/li>\n<li><strong>K\u00edch c\u1ee1:<\/strong>50x70x55mm<\/li>\n<li><strong>V\u1eadt li\u1ec7u:<\/strong> PC nung + kim lo\u1ea1i \u0111\u1ed3ng<\/li>\n<li><strong>D\u1ea5u hi\u1ec7u:<\/strong> EU\/AU\/UK\/US t\u1ea5t c\u1ea3 trong m\u1ed9t c\u00f3 th\u1ec3 s\u1eed d\u1ee5ng \u1edf h\u01a1n 170 qu\u1ed1c gia<\/li>\n<li><strong>Gi\u1ea5y ch\u1ee9ng nh\u1eadn:<\/strong> CE, Rohs<\/li>\n<\/ul>","protected":false},"excerpt":{"rendered":"<p>C\u00e1c nh\u00e0 s\u1ea3n xu\u1ea5t tr\u1ef1c ti\u1ebfp cung c\u1ea5p c\u00e1c b\u1ed9 chuy\u1ec3n \u0111\u1ed5i du l\u1ecbch t\u00f9y ch\u1ec9nh d\u1ef1a tr\u00ean \u00fd t\u01b0\u1edfng c\u1ee7a kh\u00e1ch h\u00e0ng, tr\u00ean th\u1ef1c t\u1ebf, vi\u1ec7c ph\u00e1t tri\u1ec3n ph\u00edch c\u1eafm du l\u1ecbch l\u00e0 m\u1ed9t qu\u00e1 tr\u00ecnh l\u00e2u d\u00e0i v\u00e0 ch\u00fang t\u00f4i c\u00f3 nhi\u1ec1u n\u0103m kinh nghi\u1ec7m v\u1ec1 lo\u1ea1i s\u1ea3n ph\u1ea9m n\u00e0y<\/p>\n<p>B\u1ed9 chuy\u1ec3n \u0111\u1ed5i ph\u00edch c\u1eafm qu\u1ed1c t\u1ebf l\u00e0 s\u1ea3n ph\u1ea9m c\u1ea7n thi\u1ebft \u0111\u1ec3 \u0111i du l\u1ecbch \u0111\u1ebfn c\u00e1c qu\u1ed1c gia kh\u00e1c nhau, v\u00ec c\u00e1c qu\u1ed1c gia kh\u00e1c nhau nh\u01b0ng ph\u00edch c\u1eafm s\u1ea1c kh\u00e1c nhau, b\u1ed9 chuy\u1ec3n \u0111\u1ed5i n\u00e0y bao g\u1ed3m ph\u00edch c\u1eafm EU, US, AUS v\u00e0 UK v\u00e0 c\u00f3 th\u1ec3 \u0111\u00e1p \u1ee9ng h\u1ea7u h\u1ebft c\u00e1c y\u00eau c\u1ea7u v\u1ec1 ph\u00edch c\u1eafm c\u1ee7a c\u00e1c qu\u1ed1c gia, m\u1eabu n\u00e0y bao g\u1ed3m 3 phi\u00ean b\u1ea3n<\/p>\n<p>3USB+1Type-C 20W<\/p>\n<p>1USB+1Type-C 30W<\/p>\n<p>2USB+2Type-C 30W<\/p>\n<p>&nbsp;<\/p>","protected":false},"featured_media":7773,"comment_status":"open","ping_status":"closed","template":"","meta":{"rank_math_lock_modified_date":false,"site-sidebar-layout":"default","site-content-layout":"","ast-site-content-layout":"default","site-content-style":"default","site-sidebar-style":"default","ast-global-header-display":"","ast-banner-title-visibility":"","ast-main-header-display":"","ast-hfb-above-header-display":"","ast-hfb-below-header-display":"","ast-hfb-mobile-header-display":"","site-post-title":"","ast-breadcrumbs-content":"","ast-featured-img":"","footer-sml-layout":"","ast-disable-related-posts":"","theme-transparent-header-meta":"default","adv-header-id-meta":"","stick-header-meta":"","header-above-stick-meta":"","header-main-stick-meta":"","header-below-stick-meta":"","astra-migrate-meta-layouts":"set","ast-page-background-enabled":"default","ast-page-background-meta":{"desktop":{"background-color":"","background-image":"","background-repeat":"repeat","background-position":"center center","background-size":"auto","background-attachment":"scroll","background-type":"","background-media":"","overlay-type":"","overlay-color":"","overlay-opacity":"","overlay-gradient":""},"tablet":{"background-color":"","background-image":"","background-repeat":"repeat","background-position":"center center","background-size":"auto","background-attachment":"scroll","background-type":"","background-media":"","overlay-type":"","overlay-color":"","overlay-opacity":"","overlay-gradient":""},"mobile":{"background-color":"","background-image":"","background-repeat":"repeat","background-position":"center center","background-size":"auto","background-attachment":"scroll","background-type":"","background-media":"","overlay-type":"","overlay-color":"","overlay-opacity":"","overlay-gradient":""}},"ast-content-background-meta":{"desktop":{"background-color":"var(--ast-global-color-5)","background-image":"","background-repeat":"repeat","background-position":"center center","background-size":"auto","background-attachment":"scroll","background-type":"","background-media":"","overlay-type":"","overlay-color":"","overlay-opacity":"","overlay-gradient":""},"tablet":{"background-color":"var(--ast-global-color-5)","background-image":"","background-repeat":"repeat","background-position":"center center","background-size":"auto","background-attachment":"scroll","background-type":"","background-media":"","overlay-type":"","overlay-color":"","overlay-opacity":"","overlay-gradient":""},"mobile":{"background-color":"var(--ast-global-color-5)","background-image":"","background-repeat":"repeat","background-position":"center center","background-size":"auto","background-attachment":"scroll","background-type":"","background-media":"","overlay-type":"","overlay-color":"","overlay-opacity":"","overlay-gradient":""}}},"product_cat":[64],"product_tag":[],"class_list":{"0":"post-7768","1":"product","2":"type-product","3":"status-publish","4":"has-post-thumbnail","6":"product_cat-travel-adapter","7":"desktop-align-center","8":"tablet-align-center","9":"mobile-align-center","11":"first","12":"instock","13":"shipping-taxable","14":"product-type-simple"},"_links":{"self":[{"href":"https:\/\/imiapower.com\/vi\/wp-json\/wp\/v2\/product\/7768","targetHints":{"allow":["GET"]}}],"collection":[{"href":"https:\/\/imiapower.com\/vi\/wp-json\/wp\/v2\/product"}],"about":[{"href":"https:\/\/imiapower.com\/vi\/wp-json\/wp\/v2\/types\/product"}],"replies":[{"embeddable":true,"href":"https:\/\/imiapower.com\/vi\/wp-json\/wp\/v2\/comments?post=7768"}],"version-history":[{"count":6,"href":"https:\/\/imiapower.com\/vi\/wp-json\/wp\/v2\/product\/7768\/revisions"}],"predecessor-version":[{"id":9199,"href":"https:\/\/imiapower.com\/vi\/wp-json\/wp\/v2\/product\/7768\/revisions\/9199"}],"wp:featuredmedia":[{"embeddable":true,"href":"https:\/\/imiapower.com\/vi\/wp-json\/wp\/v2\/media\/7773"}],"wp:attachment":[{"href":"https:\/\/imiapower.com\/vi\/wp-json\/wp\/v2\/media?parent=7768"}],"wp:term":[{"taxonomy":"product_cat","embeddable":true,"href":"https:\/\/imiapower.com\/vi\/wp-json\/wp\/v2\/product_cat?post=7768"},{"taxonomy":"product_tag","embeddable":true,"href":"https:\/\/imiapower.com\/vi\/wp-json\/wp\/v2\/product_tag?post=7768"}],"curies":[{"name":"trang web","href":"https:\/\/api.w.org\/{rel}","templated":true}]}}