{"id":7846,"date":"2024-06-04T03:17:08","date_gmt":"2024-06-04T03:17:08","guid":{"rendered":"https:\/\/imiapower.com\/?post_type=product&#038;p=7846"},"modified":"2024-12-09T08:09:28","modified_gmt":"2024-12-09T08:09:28","slug":"travel-adaptor-manufacturer","status":"publish","type":"product","link":"https:\/\/imiapower.com\/vi\/products\/travel-adapter\/travel-adaptor-manufacturer\/","title":{"rendered":"Nh\u00e0 s\u1ea3n xu\u1ea5t b\u1ed9 chuy\u1ec3n \u0111\u1ed5i du l\u1ecbch t\u1ed1t nh\u1ea5t"},"content":{"rendered":"<ul>\n<li><strong>nh\u00e0 s\u1ea3n xu\u1ea5t b\u1ed9 chuy\u1ec3n \u0111\u1ed5i du l\u1ecbch<\/strong><\/li>\n<li><strong>\u0110\u1ea7u v\u00e0o:<\/strong> 100~250V\/AC 50-60Hz 0,8A<\/li>\n<li><strong>\u0110\u1ea7u ra:<\/strong> T\u1ed1i \u0111a 10A (1000W\/100V ho\u1eb7c 2400W\/240V)<\/li>\n<li><strong>\u0110\u1ea7u ra USB:<\/strong> 5V \/2.4A (T\u1ed0I \u0110A 12W)<\/li>\n<li><strong>\u0110\u1ea7u ra lo\u1ea1i C2\/ C3\/C4:<\/strong> 5V \/2.4A (T\u1ed0I \u0110A 12W)<\/li>\n<li><strong>\u0110\u1ea7u ra lo\u1ea1i C1:<\/strong> 5V,3A 9V,3A 12V,2.91A 15V,2.33A 20V,1.75A (T\u1ed0I \u0110A 35W)<\/li>\n<li><strong>K\u00edch c\u1ee1:<\/strong> 76*50.5*57mm<\/li>\n<li><strong>C\u00e2n n\u1eb7ng: <\/strong>170g<\/li>\n<li><strong>V\u1eadt li\u1ec7u:<\/strong> PC nung + kim lo\u1ea1i \u0111\u1ed3ng<\/li>\n<li><strong>B\u01b0u ki\u1ec7n:<\/strong> h\u1ed9p m\u00e0u\/v\u1ec9 d\u1ef1a tr\u00ean s\u1ef1 gi\u1edbi thi\u1ec7u c\u1ee7a kh\u00e1ch h\u00e0ng<\/li>\n<\/ul>","protected":false},"excerpt":{"rendered":"<p>Ch\u00fang t\u00f4i l\u00e0 nh\u00e0 s\u1ea3n xu\u1ea5t b\u1ed9 chuy\u1ec3n \u0111\u1ed5i du l\u1ecbch \u0111a n\u0103ng \u0111\u1eb7t t\u1ea1i th\u00e0nh ph\u1ed1 \u0110\u00f4ng Quan, t\u1ec9nh Qu\u1ea3ng \u0110\u00f4ng, lo\u1ea1i s\u1ea3n ph\u1ea9m n\u00e0y c\u00f3 qu\u00e1 tr\u00ecnh ph\u00e1t tri\u1ec3n l\u00e2u d\u00e0i n\u00ean h\u1ea7u h\u1ebft c\u00e1c s\u1ea3n ph\u1ea9m \u0111\u1ec1u l\u00e0 khu\u00f4n m\u1eabu ri\u00eang, lo\u1ea1i k\u1ebft c\u1ea5u s\u1ea3n ph\u1ea9m n\u00e0y r\u1ea5t ph\u1ee9c t\u1ea1p so v\u1edbi b\u1ed9 s\u1ea1c USB th\u00f4ng th\u01b0\u1eddng, kh\u00e1ch h\u00e0ng n\u1ebfu c\u00f3 k\u1ebf ho\u1ea1ch \u0111\u1ec3 b\u00e1n lo\u1ea1i b\u1ed9 chuy\u1ec3n \u0111\u1ed5i du l\u1ecbch n\u00e0y v\u1edbi th\u01b0\u01a1ng hi\u1ec7u c\u1ee7a h\u1ecd, vui l\u00f2ng ki\u1ec3m tra v\u1edbi ch\u00fang t\u00f4i \u0111\u1ec3 bi\u1ebft th\u00eam chi ti\u1ebft<\/p>\n<p>C\u00e1c nh\u00e0 s\u1ea3n xu\u1ea5t h\u00e0ng \u0111\u1ea7u s\u1ea3n xu\u1ea5t b\u1ed9 chuy\u1ec3n \u0111\u1ed5i du l\u1ecbch t\u01b0\u01a1ng th\u00edch v\u1edbi nhi\u1ec1u lo\u1ea1i ph\u00edch c\u1eafm (v\u00ed d\u1ee5: Lo\u1ea1i A, B, C, D, E, F, G, I, v.v.), \u0111\u00e1p \u1ee9ng c\u00e1c ti\u00eau chu\u1ea9n \u1ed5 c\u1eafm \u0111i\u1ec7n \u0111\u01b0\u1ee3c s\u1eed d\u1ee5ng tr\u00ean to\u00e0n th\u1ebf gi\u1edbi<\/p>\n<p>L\u00e0 nh\u00e0 s\u1ea3n xu\u1ea5t b\u1ed9 chuy\u1ec3n \u0111\u1ed5i du l\u1ecbch tr\u1ef1c ti\u1ebfp, ch\u00fang t\u00f4i lu\u00f4n s\u1eed d\u1ee5ng nguy\u00ean li\u1ec7u th\u00f4 ch\u1ea5t l\u01b0\u1ee3ng t\u1ed1t \u0111\u1ec3 \u0111\u1ea3m b\u1ea3o ch\u1ee9c n\u0103ng v\u00e0 tu\u1ed5i th\u1ecd s\u1eed d\u1ee5ng c\u1ee7a b\u1ed9 chuy\u1ec3n \u0111\u1ed5i<\/p>\n<p><img fetchpriority=\"high\" decoding=\"async\" class=\"alignnone wp-image-8794 size-large\" src=\"https:\/\/imiapower.com\/wp-content\/uploads\/Universal-travel-adapter-3-1024x1024.jpg\" alt=\"nh\u00e0 s\u1ea3n xu\u1ea5t b\u1ed9 chuy\u1ec3n \u0111\u1ed5i du l\u1ecbch\" width=\"1024\" height=\"1024\" srcset=\"https:\/\/imiapower.com\/wp-content\/uploads\/Universal-travel-adapter-3-1024x1024.jpg 1024w, https:\/\/imiapower.com\/wp-content\/uploads\/Universal-travel-adapter-3-300x300.jpg 300w, https:\/\/imiapower.com\/wp-content\/uploads\/Universal-travel-adapter-3-100x100.jpg 100w, https:\/\/imiapower.com\/wp-content\/uploads\/Universal-travel-adapter-3-600x600.jpg 600w, https:\/\/imiapower.com\/wp-content\/uploads\/Universal-travel-adapter-3-64x64.jpg 64w, https:\/\/imiapower.com\/wp-content\/uploads\/Universal-travel-adapter-3-150x150.jpg 150w, https:\/\/imiapower.com\/wp-content\/uploads\/Universal-travel-adapter-3-768x768.jpg 768w, https:\/\/imiapower.com\/wp-content\/uploads\/Universal-travel-adapter-3-12x12.jpg 12w, https:\/\/imiapower.com\/wp-content\/uploads\/Universal-travel-adapter-3.jpg 1500w\" sizes=\"(max-width: 1024px) 100vw, 1024px\" \/><\/p>\n<p>Ch\u00fang t\u00f4i lu\u00f4n cung c\u1ea5p b\u1ea3o h\u00e0nh 1 n\u0103m cho t\u1ea5t c\u1ea3 c\u00e1c s\u1ea3n ph\u1ea9m c\u1ee7a m\u00ecnh v\u00e0 th\u1eddi gian s\u1ea3n xu\u1ea5t lu\u00f4n l\u00e0 25-30 ng\u00e0y<\/p>\n<p>Ch\u00fang t\u00f4i cung c\u1ea5p d\u1ecbch v\u1ee5 ODM cho nhi\u1ec1u c\u00f4ng ty \u0111i\u1ec7n t\u1eed c\u00f3 th\u01b0\u01a1ng hi\u1ec7u<\/p>\n<p>Khu\u00f4n n\u00e0y c\u00f3 c\u00e1c t\u00f9y ch\u1ecdn 35w, 45w, 65w \u0111\u1ec3 kh\u00e1ch h\u00e0ng tham kh\u1ea3o<\/p>\n<p>N\u00fat \u1ea5n c\u00f3 nhi\u1ec1u m\u00e0u s\u1eafc c\u00f3 th\u1ec3 l\u1ef1a ch\u1ecdn<\/p>","protected":false},"featured_media":7847,"comment_status":"open","ping_status":"closed","template":"","meta":{"rank_math_lock_modified_date":false,"site-sidebar-layout":"default","site-content-layout":"","ast-site-content-layout":"default","site-content-style":"default","site-sidebar-style":"default","ast-global-header-display":"","ast-banner-title-visibility":"","ast-main-header-display":"","ast-hfb-above-header-display":"","ast-hfb-below-header-display":"","ast-hfb-mobile-header-display":"","site-post-title":"","ast-breadcrumbs-content":"","ast-featured-img":"","footer-sml-layout":"","ast-disable-related-posts":"","theme-transparent-header-meta":"default","adv-header-id-meta":"","stick-header-meta":"","header-above-stick-meta":"","header-main-stick-meta":"","header-below-stick-meta":"","astra-migrate-meta-layouts":"set","ast-page-background-enabled":"default","ast-page-background-meta":{"desktop":{"background-color":"","background-image":"","background-repeat":"repeat","background-position":"center center","background-size":"auto","background-attachment":"scroll","background-type":"","background-media":"","overlay-type":"","overlay-color":"","overlay-opacity":"","overlay-gradient":""},"tablet":{"background-color":"","background-image":"","background-repeat":"repeat","background-position":"center center","background-size":"auto","background-attachment":"scroll","background-type":"","background-media":"","overlay-type":"","overlay-color":"","overlay-opacity":"","overlay-gradient":""},"mobile":{"background-color":"","background-image":"","background-repeat":"repeat","background-position":"center center","background-size":"auto","background-attachment":"scroll","background-type":"","background-media":"","overlay-type":"","overlay-color":"","overlay-opacity":"","overlay-gradient":""}},"ast-content-background-meta":{"desktop":{"background-color":"var(--ast-global-color-5)","background-image":"","background-repeat":"repeat","background-position":"center center","background-size":"auto","background-attachment":"scroll","background-type":"","background-media":"","overlay-type":"","overlay-color":"","overlay-opacity":"","overlay-gradient":""},"tablet":{"background-color":"var(--ast-global-color-5)","background-image":"","background-repeat":"repeat","background-position":"center center","background-size":"auto","background-attachment":"scroll","background-type":"","background-media":"","overlay-type":"","overlay-color":"","overlay-opacity":"","overlay-gradient":""},"mobile":{"background-color":"var(--ast-global-color-5)","background-image":"","background-repeat":"repeat","background-position":"center center","background-size":"auto","background-attachment":"scroll","background-type":"","background-media":"","overlay-type":"","overlay-color":"","overlay-opacity":"","overlay-gradient":""}}},"product_cat":[64],"product_tag":[],"class_list":{"0":"post-7846","1":"product","2":"type-product","3":"status-publish","4":"has-post-thumbnail","6":"product_cat-travel-adapter","7":"desktop-align-center","8":"tablet-align-center","9":"mobile-align-center","11":"first","12":"instock","13":"shipping-taxable","14":"product-type-simple"},"_links":{"self":[{"href":"https:\/\/imiapower.com\/vi\/wp-json\/wp\/v2\/product\/7846","targetHints":{"allow":["GET"]}}],"collection":[{"href":"https:\/\/imiapower.com\/vi\/wp-json\/wp\/v2\/product"}],"about":[{"href":"https:\/\/imiapower.com\/vi\/wp-json\/wp\/v2\/types\/product"}],"replies":[{"embeddable":true,"href":"https:\/\/imiapower.com\/vi\/wp-json\/wp\/v2\/comments?post=7846"}],"version-history":[{"count":10,"href":"https:\/\/imiapower.com\/vi\/wp-json\/wp\/v2\/product\/7846\/revisions"}],"predecessor-version":[{"id":8795,"href":"https:\/\/imiapower.com\/vi\/wp-json\/wp\/v2\/product\/7846\/revisions\/8795"}],"wp:featuredmedia":[{"embeddable":true,"href":"https:\/\/imiapower.com\/vi\/wp-json\/wp\/v2\/media\/7847"}],"wp:attachment":[{"href":"https:\/\/imiapower.com\/vi\/wp-json\/wp\/v2\/media?parent=7846"}],"wp:term":[{"taxonomy":"product_cat","embeddable":true,"href":"https:\/\/imiapower.com\/vi\/wp-json\/wp\/v2\/product_cat?post=7846"},{"taxonomy":"product_tag","embeddable":true,"href":"https:\/\/imiapower.com\/vi\/wp-json\/wp\/v2\/product_tag?post=7846"}],"curies":[{"name":"trang web","href":"https:\/\/api.w.org\/{rel}","templated":true}]}}