{"id":7869,"date":"2024-06-07T02:59:40","date_gmt":"2024-06-07T02:59:40","guid":{"rendered":"https:\/\/imiapower.com\/?post_type=product&#038;p=7869"},"modified":"2026-01-05T08:22:32","modified_gmt":"2026-01-05T08:22:32","slug":"power-adapter-for-laptop","status":"publish","type":"product","link":"https:\/\/imiapower.com\/vi\/products\/wall-charger\/power-adapter-for-laptop\/","title":{"rendered":"B\u1ed9 ngu\u1ed3n 45w t\u1ed1t nh\u1ea5t cho laptop"},"content":{"rendered":"<ul>\n<li><strong>b\u1ed9 \u0111\u1ed5i ngu\u1ed3n cho m\u00e1y t\u00ednh x\u00e1ch tay<\/strong><\/li>\n<li><strong>K\u00edch th\u01b0\u1edbc:<\/strong>65*65*29MM<\/li>\n<li><strong>\u0110\u1eb7c \u0111i\u1ec3m: <\/strong>Ph\u00edch c\u1eafm g\u1ea5p USA, ph\u00edch c\u1eafm USA m\u1edf, ph\u00edch c\u1eafm USA\/AUS\/UK\/EU c\u00f3 th\u1ec3 thay \u0111\u1ed5i<\/li>\n<li><strong>\u0110\u1ea7u ra:<\/strong>5V3A, 9V3A, 12V3A, 15V3A, 20V2.25A (T\u1ed1i \u0111a 45W)<\/li>\n<li><strong>M\u00e0u s\u1eafc:<\/strong>\u0110en v\u00e0 tr\u1eafng<\/li>\n<li><strong>\u0110\u1ea7u v\u00e0o:<\/strong>100-240VAC 50\/60HZ 1.3A<\/li>\n<li><strong>Gi\u1ea5y ch\u1ee9ng nh\u1eadn:<\/strong>UL \/FCC\/ CE\/ CB\/ UKCA\/ PSE<\/li>\n<li><strong>Th\u00eam: <\/strong>C\u00e1p lo\u1ea1i C 1,5M<\/li>\n<li><strong>Th\u1eddi gian s\u1ea3n su\u1ea5t:<\/strong> 25-30 ng\u00e0y<\/li>\n<\/ul>","protected":false},"excerpt":{"rendered":"<p>B\u1ed9 \u0111\u1ed5i ngu\u1ed3n cho laptop, ch\u00fang t\u00f4i lu\u00f4n c\u00f3 c\u00e1c \u0111\u1ea7u c\u1eafm USA\/UK\/EU\/AUS ph\u1ed5 bi\u1ebfn \u0111\u1ec3 kh\u00e1ch h\u00e0ng tham kh\u1ea3o, C\u1ee7 s\u1ea1c 45w c\u00f3 t\u1ed1c \u0111\u1ed9 s\u1ea1c nhanh, gi\u00e1 th\u00e0nh kh\u00f4ng qu\u00e1 cao \u0111\u00e1p \u1ee9ng nhu c\u1ea7u s\u1ea1c laptop c\u1ee7a th\u1ecb tr\u01b0\u1eddng.<\/p>\n<p>Ch\u00fang t\u00f4i lu\u00f4n cung c\u1ea5p ch\u1ee9ng nh\u1eadn tr\u00ean to\u00e0n th\u1ebf gi\u1edbi v\u00ec ch\u00fang t\u00f4i cung c\u1ea5p b\u1ed9 \u0111i\u1ec1u h\u1ee3p cho m\u1ed9t s\u1ed1 th\u01b0\u01a1ng hi\u1ec7u m\u00e1y t\u00ednh x\u00e1ch tay b\u00e1n tr\u00ean to\u00e0n th\u1ebf gi\u1edbi.<\/p>\n<p>Ch\u00fang t\u00f4i c\u00f3 hai phi\u00ean b\u1ea3n c\u1ee7a b\u1ed9 chuy\u1ec3n \u0111\u1ed5i n\u00e0y, m\u1ed9t phi\u00ean b\u1ea3n c\u00f3 c\u00e1p TYPE-C v\u00e0 m\u1ed9t phi\u00ean b\u1ea3n kh\u00f4ng c\u00f3 c\u00e1p, kh\u00e1ch h\u00e0ng c\u00f3 th\u1ec3 l\u1ef1a ch\u1ecdn d\u1ef1a tr\u00ean y\u00eau c\u1ea7u c\u1ee7a m\u00ecnh<\/p>\n<p>Kh\u00e1ch h\u00e0ng \u0111ang t\u00ecm ki\u1ebfm b\u1ed9 \u0111\u1ed5i ngu\u1ed3n c\u00f3 ch\u1ee9ng nh\u1eadn to\u00e0n c\u1ea7u, ch\u00fang t\u00f4i c\u00f3 th\u1ec3 l\u00e0 s\u1ef1 l\u1ef1a ch\u1ecdn c\u1ee7a b\u1ea1n<\/p>\n<p><img decoding=\"async\" class=\"alignnone wp-image-7878 size-thumbnail\" src=\"https:\/\/imiapower.com\/wp-content\/uploads\/\u5fae\u4fe1\u56fe\u7247_20240607110326-150x150.jpg\" alt=\"ch\u1ee9ng nh\u1eadn b\u1ed9 \u0111\u1ed5i ngu\u1ed3n\" width=\"150\" height=\"150\" srcset=\"https:\/\/imiapower.com\/wp-content\/uploads\/\u5fae\u4fe1\u56fe\u7247_20240607110326-150x150.jpg 150w, https:\/\/imiapower.com\/wp-content\/uploads\/\u5fae\u4fe1\u56fe\u7247_20240607110326-300x300.jpg 300w, https:\/\/imiapower.com\/wp-content\/uploads\/\u5fae\u4fe1\u56fe\u7247_20240607110326-100x100.jpg 100w\" sizes=\"(max-width: 150px) 100vw, 150px\" \/><img decoding=\"async\" class=\"alignnone wp-image-7877 size-thumbnail\" style=\"font-weight: inherit;\" src=\"https:\/\/imiapower.com\/wp-content\/uploads\/\u5fae\u4fe1\u56fe\u7247_20240607110208-150x150.jpg\" alt=\"ch\u1ee9ng nh\u1eadn b\u1ed9 chuy\u1ec3n \u0111\u1ed5i \u0111i\u1ec7n\" width=\"150\" height=\"150\" srcset=\"https:\/\/imiapower.com\/wp-content\/uploads\/\u5fae\u4fe1\u56fe\u7247_20240607110208-150x150.jpg 150w, https:\/\/imiapower.com\/wp-content\/uploads\/\u5fae\u4fe1\u56fe\u7247_20240607110208-300x300.jpg 300w, https:\/\/imiapower.com\/wp-content\/uploads\/\u5fae\u4fe1\u56fe\u7247_20240607110208-100x100.jpg 100w\" sizes=\"(max-width: 150px) 100vw, 150px\" \/><img decoding=\"async\" class=\"alignnone wp-image-7879 size-thumbnail\" style=\"font-style: inherit; font-weight: inherit;\" src=\"https:\/\/imiapower.com\/wp-content\/uploads\/\u5fae\u4fe1\u56fe\u7247_20240607110628-150x150.jpg\" alt=\"ch\u1ee9ng nh\u1eadn b\u1ed9 \u0111\u1ed5i ngu\u1ed3n\" width=\"150\" height=\"150\" srcset=\"https:\/\/imiapower.com\/wp-content\/uploads\/\u5fae\u4fe1\u56fe\u7247_20240607110628-150x150.jpg 150w, https:\/\/imiapower.com\/wp-content\/uploads\/\u5fae\u4fe1\u56fe\u7247_20240607110628-300x300.jpg 300w, https:\/\/imiapower.com\/wp-content\/uploads\/\u5fae\u4fe1\u56fe\u7247_20240607110628-100x100.jpg 100w\" sizes=\"(max-width: 150px) 100vw, 150px\" \/><\/p>","protected":false},"featured_media":7870,"comment_status":"open","ping_status":"closed","template":"","meta":{"rank_math_lock_modified_date":false,"site-sidebar-layout":"default","site-content-layout":"","ast-site-content-layout":"default","site-content-style":"default","site-sidebar-style":"default","ast-global-header-display":"","ast-banner-title-visibility":"","ast-main-header-display":"","ast-hfb-above-header-display":"","ast-hfb-below-header-display":"","ast-hfb-mobile-header-display":"","site-post-title":"","ast-breadcrumbs-content":"","ast-featured-img":"","footer-sml-layout":"","ast-disable-related-posts":"","theme-transparent-header-meta":"default","adv-header-id-meta":"","stick-header-meta":"","header-above-stick-meta":"","header-main-stick-meta":"","header-below-stick-meta":"","astra-migrate-meta-layouts":"set","ast-page-background-enabled":"default","ast-page-background-meta":{"desktop":{"background-color":"","background-image":"","background-repeat":"repeat","background-position":"center center","background-size":"auto","background-attachment":"scroll","background-type":"","background-media":"","overlay-type":"","overlay-color":"","overlay-opacity":"","overlay-gradient":""},"tablet":{"background-color":"","background-image":"","background-repeat":"repeat","background-position":"center center","background-size":"auto","background-attachment":"scroll","background-type":"","background-media":"","overlay-type":"","overlay-color":"","overlay-opacity":"","overlay-gradient":""},"mobile":{"background-color":"","background-image":"","background-repeat":"repeat","background-position":"center center","background-size":"auto","background-attachment":"scroll","background-type":"","background-media":"","overlay-type":"","overlay-color":"","overlay-opacity":"","overlay-gradient":""}},"ast-content-background-meta":{"desktop":{"background-color":"var(--ast-global-color-5)","background-image":"","background-repeat":"repeat","background-position":"center center","background-size":"auto","background-attachment":"scroll","background-type":"","background-media":"","overlay-type":"","overlay-color":"","overlay-opacity":"","overlay-gradient":""},"tablet":{"background-color":"var(--ast-global-color-5)","background-image":"","background-repeat":"repeat","background-position":"center center","background-size":"auto","background-attachment":"scroll","background-type":"","background-media":"","overlay-type":"","overlay-color":"","overlay-opacity":"","overlay-gradient":""},"mobile":{"background-color":"var(--ast-global-color-5)","background-image":"","background-repeat":"repeat","background-position":"center center","background-size":"auto","background-attachment":"scroll","background-type":"","background-media":"","overlay-type":"","overlay-color":"","overlay-opacity":"","overlay-gradient":""}}},"product_cat":[43],"product_tag":[],"class_list":{"0":"post-7869","1":"product","2":"type-product","3":"status-publish","4":"has-post-thumbnail","6":"product_cat-wall-charger","7":"desktop-align-center","8":"tablet-align-center","9":"mobile-align-center","11":"first","12":"instock","13":"shipping-taxable","14":"product-type-simple"},"_links":{"self":[{"href":"https:\/\/imiapower.com\/vi\/wp-json\/wp\/v2\/product\/7869","targetHints":{"allow":["GET"]}}],"collection":[{"href":"https:\/\/imiapower.com\/vi\/wp-json\/wp\/v2\/product"}],"about":[{"href":"https:\/\/imiapower.com\/vi\/wp-json\/wp\/v2\/types\/product"}],"replies":[{"embeddable":true,"href":"https:\/\/imiapower.com\/vi\/wp-json\/wp\/v2\/comments?post=7869"}],"version-history":[{"count":7,"href":"https:\/\/imiapower.com\/vi\/wp-json\/wp\/v2\/product\/7869\/revisions"}],"predecessor-version":[{"id":7883,"href":"https:\/\/imiapower.com\/vi\/wp-json\/wp\/v2\/product\/7869\/revisions\/7883"}],"wp:featuredmedia":[{"embeddable":true,"href":"https:\/\/imiapower.com\/vi\/wp-json\/wp\/v2\/media\/7870"}],"wp:attachment":[{"href":"https:\/\/imiapower.com\/vi\/wp-json\/wp\/v2\/media?parent=7869"}],"wp:term":[{"taxonomy":"product_cat","embeddable":true,"href":"https:\/\/imiapower.com\/vi\/wp-json\/wp\/v2\/product_cat?post=7869"},{"taxonomy":"product_tag","embeddable":true,"href":"https:\/\/imiapower.com\/vi\/wp-json\/wp\/v2\/product_tag?post=7869"}],"curies":[{"name":"trang web","href":"https:\/\/api.w.org\/{rel}","templated":true}]}}