{"id":7891,"date":"2024-06-08T01:18:20","date_gmt":"2024-06-08T01:18:20","guid":{"rendered":"https:\/\/imiapower.com\/?post_type=product&#038;p=7891"},"modified":"2024-11-15T09:21:25","modified_gmt":"2024-11-15T09:21:25","slug":"usb-c-charger-45w","status":"publish","type":"product","link":"https:\/\/imiapower.com\/vi\/products\/wall-charger\/usb-c-charger-45w\/","title":{"rendered":"Kh\u00e1m ph\u00e1 b\u1ed9 s\u1ea1c usb c 45w c\u00f3 ch\u1ee9ng ch\u1ec9 to\u00e0n c\u1ea7u"},"content":{"rendered":"<ul>\n<li><strong>C\u1ee7 s\u1ea1c USB C 45w<\/strong><\/li>\n<li><strong>\u0110\u1ea7u v\u00e0o:<\/strong>100-240VAC 50\/60HZ 1.3A<\/li>\n<li><strong>K\u00edch th\u01b0\u1edbc:<\/strong>65*65*29MM<\/li>\n<li><strong>\u0110\u1eb7c \u0111i\u1ec3m: <\/strong>Ph\u00edch c\u1eafm g\u1ea5p USA, ph\u00edch c\u1eafm USA m\u1edf, ph\u00edch c\u1eafm USA\/AUS\/UK\/EU c\u00f3 th\u1ec3 thay \u0111\u1ed5i<\/li>\n<li><strong>\u0110\u1ea7u ra:<\/strong>5V3A, 9V3A, 12V3A, 15V3A, 20V2.25A (T\u1ed1i \u0111a 45W)<\/li>\n<li><strong>M\u00e0u s\u1eafc: <\/strong>\u0110en v\u00e0 tr\u1eafng<\/li>\n<li><strong>Gi\u1ea5y ch\u1ee9ng nh\u1eadn: <\/strong>UL \/FCC\/ CE\/ CB\/ UKCA\/ PSE<\/li>\n<li><strong>Th\u1eddi gian s\u1ea3n su\u1ea5t:<\/strong>25-30 ng\u00e0y<\/li>\n<\/ul>","protected":false},"excerpt":{"rendered":"<p>B\u1ed9 s\u1ea1c USB C 45w l\u00e0 lo\u1ea1i watt ph\u1ed5 bi\u1ebfn nh\u1ea5t v\u00e0o n\u0103m 2024, ch\u00fang t\u00f4i lu\u00f4n cung c\u1ea5p c\u00e1c ph\u00edch c\u1eafm ph\u1ed5 bi\u1ebfn nh\u1ea5t, nh\u01b0 Hoa K\u1ef3, AUS, CE, V\u01b0\u01a1ng qu\u1ed1c Anh v\u00e0 c\u00e1c ch\u1ee9ng nh\u1eadn c\u1ee7a c\u00e1c qu\u1ed1c gia kh\u00e1c nhau.<\/p>\n<p>\u0110\u1ed1i v\u1edbi kh\u00e1ch h\u00e0ng c\u00f3 th\u01b0\u01a1ng hi\u1ec7u ri\u00eang v\u00e0 b\u00e1n h\u00e0ng tr\u00ean to\u00e0n th\u1ebf gi\u1edbi, c\u1ea7n c\u00f3 nhi\u1ec1u ch\u1ee9ng nh\u1eadn kh\u00e1c nhau, nh\u01b0 \u201cKC, CB, CE, UL, FCC, UKCA, SAA, PSE, GS, C-TICK, COC, NRCS, BIS, v.v.<\/p>\n<p>S\u1ea3n ph\u1ea9m l\u1ee3i th\u1ebf c\u1ee7a ch\u00fang t\u00f4i d\u1ef1a tr\u00ean \u0111\u1ed9i ng\u0169 ph\u00e1t tri\u1ec3n xu\u1ea5t s\u1eafc, ch\u00fang t\u00f4i lu\u00f4n cung c\u1ea5p OEM\/ODM cho kh\u00e1ch h\u00e0ng c\u00f3 gi\u00e1 tr\u1ecb c\u1ee7a m\u00ecnh<\/p>","protected":false},"featured_media":7892,"comment_status":"open","ping_status":"closed","template":"","meta":{"rank_math_lock_modified_date":false,"site-sidebar-layout":"default","site-content-layout":"","ast-site-content-layout":"default","site-content-style":"default","site-sidebar-style":"default","ast-global-header-display":"","ast-banner-title-visibility":"","ast-main-header-display":"","ast-hfb-above-header-display":"","ast-hfb-below-header-display":"","ast-hfb-mobile-header-display":"","site-post-title":"","ast-breadcrumbs-content":"","ast-featured-img":"","footer-sml-layout":"","ast-disable-related-posts":"","theme-transparent-header-meta":"default","adv-header-id-meta":"","stick-header-meta":"","header-above-stick-meta":"","header-main-stick-meta":"","header-below-stick-meta":"","astra-migrate-meta-layouts":"set","ast-page-background-enabled":"default","ast-page-background-meta":{"desktop":{"background-color":"","background-image":"","background-repeat":"repeat","background-position":"center center","background-size":"auto","background-attachment":"scroll","background-type":"","background-media":"","overlay-type":"","overlay-color":"","overlay-opacity":"","overlay-gradient":""},"tablet":{"background-color":"","background-image":"","background-repeat":"repeat","background-position":"center center","background-size":"auto","background-attachment":"scroll","background-type":"","background-media":"","overlay-type":"","overlay-color":"","overlay-opacity":"","overlay-gradient":""},"mobile":{"background-color":"","background-image":"","background-repeat":"repeat","background-position":"center center","background-size":"auto","background-attachment":"scroll","background-type":"","background-media":"","overlay-type":"","overlay-color":"","overlay-opacity":"","overlay-gradient":""}},"ast-content-background-meta":{"desktop":{"background-color":"var(--ast-global-color-5)","background-image":"","background-repeat":"repeat","background-position":"center center","background-size":"auto","background-attachment":"scroll","background-type":"","background-media":"","overlay-type":"","overlay-color":"","overlay-opacity":"","overlay-gradient":""},"tablet":{"background-color":"var(--ast-global-color-5)","background-image":"","background-repeat":"repeat","background-position":"center center","background-size":"auto","background-attachment":"scroll","background-type":"","background-media":"","overlay-type":"","overlay-color":"","overlay-opacity":"","overlay-gradient":""},"mobile":{"background-color":"var(--ast-global-color-5)","background-image":"","background-repeat":"repeat","background-position":"center center","background-size":"auto","background-attachment":"scroll","background-type":"","background-media":"","overlay-type":"","overlay-color":"","overlay-opacity":"","overlay-gradient":""}}},"product_cat":[43],"product_tag":[],"class_list":{"0":"post-7891","1":"product","2":"type-product","3":"status-publish","4":"has-post-thumbnail","6":"product_cat-wall-charger","7":"desktop-align-center","8":"tablet-align-center","9":"mobile-align-center","11":"first","12":"instock","13":"shipping-taxable","14":"product-type-simple"},"_links":{"self":[{"href":"https:\/\/imiapower.com\/vi\/wp-json\/wp\/v2\/product\/7891","targetHints":{"allow":["GET"]}}],"collection":[{"href":"https:\/\/imiapower.com\/vi\/wp-json\/wp\/v2\/product"}],"about":[{"href":"https:\/\/imiapower.com\/vi\/wp-json\/wp\/v2\/types\/product"}],"replies":[{"embeddable":true,"href":"https:\/\/imiapower.com\/vi\/wp-json\/wp\/v2\/comments?post=7891"}],"version-history":[{"count":5,"href":"https:\/\/imiapower.com\/vi\/wp-json\/wp\/v2\/product\/7891\/revisions"}],"predecessor-version":[{"id":7900,"href":"https:\/\/imiapower.com\/vi\/wp-json\/wp\/v2\/product\/7891\/revisions\/7900"}],"wp:featuredmedia":[{"embeddable":true,"href":"https:\/\/imiapower.com\/vi\/wp-json\/wp\/v2\/media\/7892"}],"wp:attachment":[{"href":"https:\/\/imiapower.com\/vi\/wp-json\/wp\/v2\/media?parent=7891"}],"wp:term":[{"taxonomy":"product_cat","embeddable":true,"href":"https:\/\/imiapower.com\/vi\/wp-json\/wp\/v2\/product_cat?post=7891"},{"taxonomy":"product_tag","embeddable":true,"href":"https:\/\/imiapower.com\/vi\/wp-json\/wp\/v2\/product_tag?post=7891"}],"curies":[{"name":"trang web","href":"https:\/\/api.w.org\/{rel}","templated":true}]}}