{"id":7919,"date":"2024-06-11T03:14:55","date_gmt":"2024-06-11T03:14:55","guid":{"rendered":"https:\/\/imiapower.com\/?post_type=product&#038;p=7919"},"modified":"2024-11-07T12:55:24","modified_gmt":"2024-11-07T12:55:24","slug":"65w-charger-laptop","status":"publish","type":"product","link":"https:\/\/imiapower.com\/vi\/products\/wall-charger\/65w-charger-laptop\/","title":{"rendered":"Nh\u00e0 s\u1ea3n xu\u1ea5t m\u00e1y t\u00ednh x\u00e1ch tay s\u1ea1c 65w t\u1eadp trung t\u1ea1i Trung Qu\u1ed1c"},"content":{"rendered":"<ul>\n<li><strong>65w s\u1ea1c m\u00e1y t\u00ednh x\u00e1ch tay<\/strong><\/li>\n<li><strong>K\u00edch th\u01b0\u1edbc:<\/strong>65*65*29MM<\/li>\n<li><strong>\u0110\u1eb7c \u0111i\u1ec3m: <\/strong>Ph\u00edch c\u1eafm g\u1ea5p c\u1ee7a M\u1ef9<\/li>\n<li><strong>\u0110\u1ea7u ra:<\/strong>5V\/3A, 9V\/3A, 12V\/3A, 15V\/3A, 20V\/3,25A (T\u1ed1i \u0111a 65w)<\/li>\n<li><strong>M\u00e0u s\u1eafc: <\/strong>\u0110en tr\u1eafng<\/li>\n<li><strong>\u0110\u1ea7u v\u00e0o:<\/strong>100-240VAC 50\/60HZ<\/li>\n<li><strong>Gi\u1ea5y ch\u1ee9ng nh\u1eadn: <\/strong>UL \/FCC\/ CE\/ CB\/ UKCA\/ PSE<\/li>\n<li><strong>Che ph\u1ee7: <\/strong>V\u1eadt li\u1ec7u ch\u1ed1ng ch\u00e1y<\/li>\n<li><strong>Th\u1eddi gian s\u1ea3n su\u1ea5t:<\/strong> 25-30 ng\u00e0y<\/li>\n<\/ul>","protected":false},"excerpt":{"rendered":"<p>M\u00e1y t\u00ednh x\u00e1ch tay s\u1ea1c 65w n\u00e0y \u0111\u00e3 \u0111\u01b0\u1ee3c ch\u1ee9ng nh\u1eadn tr\u00ean to\u00e0n th\u1ebf gi\u1edbi, Kh\u00e1ch h\u00e0ng mua s\u1ea3n ph\u1ea9m n\u00e0y t\u1eeb ch\u00fang t\u00f4i c\u00f3 th\u1ec3 b\u00e1n n\u00f3 \u1edf b\u1ea5t k\u1ef3 qu\u1ed1c gia n\u00e0o v\u00e0 \u0111\u00e2y l\u00e0 m\u1ed9t l\u1ef1a ch\u1ecdn t\u1ed1t \u0111\u1ec3 s\u1ea1c m\u00e1y t\u00ednh x\u00e1ch tay v\u1edbi t\u1ed1c \u0111\u1ed9 nhanh<\/p>\n<p>T\u01b0\u01a1ng th\u00edch v\u1edbi c\u00e1c m\u00e1y t\u00ednh x\u00e1ch tay\/m\u00e1y t\u00ednh x\u00e1ch tay\/\u0111i\u1ec7n tho\u1ea1i th\u00f4ng minh m\u1edbi nh\u1ea5t<\/p>\n<p>M\u1eabu mi\u1ec5n ph\u00ed c\u00f3 th\u1ec3 \u0111\u01b0\u1ee3c cung c\u1ea5p<\/p>\n<p>So v\u1edbi nh\u1eefng lo\u1ea1i kh\u00e1c, b\u1ed9 s\u1ea1c m\u00e1y t\u00ednh x\u00e1ch tay n\u00e0y \u0111\u01b0\u1ee3c b\u1ea3o h\u00e0nh 3 n\u0103m<\/p>\n<p>\u0110\u1ed1i v\u1edbi m\u1ed7i m\u1eabu v\u1eadn chuy\u1ec3n cho kh\u00e1ch h\u00e0ng c\u00f3 gi\u00e1 tr\u1ecb, ch\u00fang t\u00f4i s\u1ebd cung c\u1ea5p b\u00e1o c\u00e1o ki\u1ec3m tra QA \u0111\u1ec3 \u0111\u1ea3m b\u1ea3o ch\u1ee9c n\u0103ng m\u1eabu ph\u00f9 h\u1ee3p v\u1edbi kh\u00e1ch h\u00e0ng, ch\u00fang t\u00f4i c\u00f3 quy tr\u00ecnh ki\u1ec3m tra v\u00e0 ph\u00e1t tri\u1ec3n ti\u00eau chu\u1ea9n \u0111\u1ec3 \u0111\u00e1p \u1ee9ng y\u00eau c\u1ea7u c\u1ee7a kh\u00e1ch h\u00e0ng<\/p>\n<p>&nbsp;<\/p>\n<p>&nbsp;<\/p>\n<p>&nbsp;<\/p>","protected":false},"featured_media":7920,"comment_status":"open","ping_status":"closed","template":"","meta":{"rank_math_lock_modified_date":false,"site-sidebar-layout":"default","site-content-layout":"","ast-site-content-layout":"default","site-content-style":"default","site-sidebar-style":"default","ast-global-header-display":"","ast-banner-title-visibility":"","ast-main-header-display":"","ast-hfb-above-header-display":"","ast-hfb-below-header-display":"","ast-hfb-mobile-header-display":"","site-post-title":"","ast-breadcrumbs-content":"","ast-featured-img":"","footer-sml-layout":"","ast-disable-related-posts":"","theme-transparent-header-meta":"default","adv-header-id-meta":"","stick-header-meta":"","header-above-stick-meta":"","header-main-stick-meta":"","header-below-stick-meta":"","astra-migrate-meta-layouts":"set","ast-page-background-enabled":"default","ast-page-background-meta":{"desktop":{"background-color":"","background-image":"","background-repeat":"repeat","background-position":"center center","background-size":"auto","background-attachment":"scroll","background-type":"","background-media":"","overlay-type":"","overlay-color":"","overlay-opacity":"","overlay-gradient":""},"tablet":{"background-color":"","background-image":"","background-repeat":"repeat","background-position":"center center","background-size":"auto","background-attachment":"scroll","background-type":"","background-media":"","overlay-type":"","overlay-color":"","overlay-opacity":"","overlay-gradient":""},"mobile":{"background-color":"","background-image":"","background-repeat":"repeat","background-position":"center center","background-size":"auto","background-attachment":"scroll","background-type":"","background-media":"","overlay-type":"","overlay-color":"","overlay-opacity":"","overlay-gradient":""}},"ast-content-background-meta":{"desktop":{"background-color":"var(--ast-global-color-5)","background-image":"","background-repeat":"repeat","background-position":"center center","background-size":"auto","background-attachment":"scroll","background-type":"","background-media":"","overlay-type":"","overlay-color":"","overlay-opacity":"","overlay-gradient":""},"tablet":{"background-color":"var(--ast-global-color-5)","background-image":"","background-repeat":"repeat","background-position":"center center","background-size":"auto","background-attachment":"scroll","background-type":"","background-media":"","overlay-type":"","overlay-color":"","overlay-opacity":"","overlay-gradient":""},"mobile":{"background-color":"var(--ast-global-color-5)","background-image":"","background-repeat":"repeat","background-position":"center center","background-size":"auto","background-attachment":"scroll","background-type":"","background-media":"","overlay-type":"","overlay-color":"","overlay-opacity":"","overlay-gradient":""}}},"product_cat":[43],"product_tag":[],"class_list":{"0":"post-7919","1":"product","2":"type-product","3":"status-publish","4":"has-post-thumbnail","6":"product_cat-wall-charger","7":"desktop-align-center","8":"tablet-align-center","9":"mobile-align-center","11":"first","12":"instock","13":"shipping-taxable","14":"product-type-simple"},"_links":{"self":[{"href":"https:\/\/imiapower.com\/vi\/wp-json\/wp\/v2\/product\/7919","targetHints":{"allow":["GET"]}}],"collection":[{"href":"https:\/\/imiapower.com\/vi\/wp-json\/wp\/v2\/product"}],"about":[{"href":"https:\/\/imiapower.com\/vi\/wp-json\/wp\/v2\/types\/product"}],"replies":[{"embeddable":true,"href":"https:\/\/imiapower.com\/vi\/wp-json\/wp\/v2\/comments?post=7919"}],"version-history":[{"count":3,"href":"https:\/\/imiapower.com\/vi\/wp-json\/wp\/v2\/product\/7919\/revisions"}],"predecessor-version":[{"id":7926,"href":"https:\/\/imiapower.com\/vi\/wp-json\/wp\/v2\/product\/7919\/revisions\/7926"}],"wp:featuredmedia":[{"embeddable":true,"href":"https:\/\/imiapower.com\/vi\/wp-json\/wp\/v2\/media\/7920"}],"wp:attachment":[{"href":"https:\/\/imiapower.com\/vi\/wp-json\/wp\/v2\/media?parent=7919"}],"wp:term":[{"taxonomy":"product_cat","embeddable":true,"href":"https:\/\/imiapower.com\/vi\/wp-json\/wp\/v2\/product_cat?post=7919"},{"taxonomy":"product_tag","embeddable":true,"href":"https:\/\/imiapower.com\/vi\/wp-json\/wp\/v2\/product_tag?post=7919"}],"curies":[{"name":"trang web","href":"https:\/\/api.w.org\/{rel}","templated":true}]}}