{"id":7960,"date":"2024-06-17T07:24:25","date_gmt":"2024-06-17T07:24:25","guid":{"rendered":"https:\/\/imiapower.com\/?post_type=product&#038;p=7960"},"modified":"2024-11-12T08:13:44","modified_gmt":"2024-11-12T08:13:44","slug":"universal-power-adapter","status":"publish","type":"product","link":"https:\/\/imiapower.com\/vi\/products\/travel-adapter\/universal-power-adapter\/","title":{"rendered":"B\u1ed9 \u0111\u1ed5i ngu\u1ed3n \u0111a n\u0103ng mang t\u00ednh x\u00e2y d\u1ef1ng t\u1eeb nh\u00e0 s\u1ea3n xu\u1ea5t Trung Qu\u1ed1c"},"content":{"rendered":"<ul>\n<li><strong>B\u1ed9 \u0111\u1ed5i ngu\u1ed3n \u0111a n\u0103ng<\/strong><\/li>\n<li><strong>\u0110\u1ea7u v\u00e0o AC:<\/strong>100~250V\/AC 50-60Hz 0,8A<\/li>\n<li><strong>\u0110\u1ea7u ra AC:<\/strong>T\u1ed1i \u0111a 10A (1000W\/100V ho\u1eb7c 2400W\/240V)<\/li>\n<li><strong>\u0110\u1ea7u ra USB:<\/strong>5V \/2.4A (T\u1ed0I \u0110A 12W)<\/li>\n<li><strong>\u0110\u1ea7u ra lo\u1ea1i C2\/ C3\/C4:<\/strong> 5V \/2.4A (T\u1ed0I \u0110A 12W)<\/li>\n<li><strong>\u0110\u1ea7u ra lo\u1ea1i C1:<\/strong> 5V3A 9V3A 12V3A 15V3A 20V3.25A (MAX65W)<\/li>\n<li><strong>K\u00edch c\u1ee1:<\/strong> 76*50.5*57mm<\/li>\n<li><strong>C\u00e2n n\u1eb7ng:<\/strong> 180g<\/li>\n<li><strong>V\u1eadt li\u1ec7u:<\/strong> PC nung + kim lo\u1ea1i \u0111\u1ed3ng<\/li>\n<\/ul>","protected":false},"excerpt":{"rendered":"<p>UK Grounding gi\u00fap b\u1ea3o v\u1ec7 ch\u1ed1ng l\u1ea1i \u0111i\u1ec7n gi\u1eadt v\u00e0 gi\u1ea3m nguy c\u01a1 \u0111o\u1ea3n m\u1ea1ch ho\u1eb7c h\u1ecfa ho\u1ea1n.<\/p>\n<p>Ph\u00edch c\u1eafm c\u1ee7a Anh th\u01b0\u1eddng c\u00f3 ch\u00e2n c\u1eafm th\u1ee9 ba \u0111\u1ec3 n\u1ed1i \u0111\u1ea5t, \u0111i\u1ec1u n\u00e0y r\u1ea5t quan tr\u1ecdng \u0111\u1ec3 \u0111\u1ea3m b\u1ea3o an to\u00e0n cho c\u00e1c thi\u1ebft b\u1ecb \u0111i\u1ec7n, \u0111\u1eb7c bi\u1ec7t l\u00e0 khi \u0111i du l\u1ecbch \u0111\u1ebfn nh\u1eefng khu v\u1ef1c c\u00f3 ti\u00eau chu\u1ea9n \u0111i\u1ec7n kh\u00e1c nhau<\/p>\n<p>Nhi\u1ec1u thi\u1ebft b\u1ecb \u0111\u01b0\u1ee3c thi\u1ebft k\u1ebf \u0111\u1ec3 ho\u1ea1t \u0111\u1ed9ng v\u1edbi ph\u00edch c\u1eafm n\u1ed1i \u0111\u1ea5t v\u00e0 vi\u1ec7c s\u1eed d\u1ee5ng b\u1ed9 chuy\u1ec3n \u0111\u1ed5i n\u1ed1i \u0111\u1ea5t ch\u00e2n c\u1eafm Anh s\u1ebd \u0111\u1ea3m b\u1ea3o kh\u1ea3 n\u0103ng t\u01b0\u01a1ng th\u00edch v\u1edbi c\u00e1c thi\u1ebft b\u1ecb nh\u01b0 v\u1eady<\/p>\n<p>\u0110i\u1ec1u n\u00e0y \u0111\u1eb7c bi\u1ec7t quan tr\u1ecdng \u0111\u1ed1i v\u1edbi c\u00e1c thi\u1ebft b\u1ecb \u0111i\u1ec7n t\u1eed ho\u1eb7c thi\u1ebft b\u1ecb gia d\u1ee5ng nh\u1ea1y c\u1ea3m c\u1ea7n k\u1ebft n\u1ed1i \u0111i\u1ec7n \u1ed5n \u0111\u1ecbnh<\/p>\n<p>B\u1ed9 chuy\u1ec3n \u0111\u1ed5i du l\u1ecbch hi\u1ec7n \u0111\u1ea1i ph\u1ea3i \u0111\u01b0\u1ee3c thi\u1ebft k\u1ebf nh\u1eb9, nh\u1ecf g\u1ecdn v\u00e0 d\u1ec5 s\u1eed d\u1ee5ng, b\u1ed9 chuy\u1ec3n \u0111\u1ed5i du l\u1ecbch c\u0169 ph\u1ea3i mang theo ch\u00e2n c\u1eafm c\u1ee7a nhi\u1ec1u qu\u1ed1c gia kh\u00e1c nhau, b\u1ed9 chuy\u1ec3n \u0111\u1ed5i ngu\u1ed3n \u0111a n\u0103ng t\u1ea5t c\u1ea3 trong m\u1ed9t \u0111\u01b0\u1ee3c thi\u1ebft k\u1ebf v\u1edbi nhi\u1ec1u ch\u00e2n c\u1eafm kh\u00e1c nhau tr\u00ean m\u1ed9t s\u1ea3n ph\u1ea9m<\/p>\n<p>chuy\u1ec3n \u0111\u1ed5i \u0111i\u1ec7n \u00e1p ph\u1ed5 qu\u00e1t, cho ph\u00e9p ng\u01b0\u1eddi d\u00f9ng s\u1ea1c nhi\u1ec1u thi\u1ebft b\u1ecb c\u00f9ng l\u00fac<\/p>\n<p>Lo\u1ea1i b\u1ed9 \u0111\u1ed5i ngu\u1ed3n \u0111a n\u0103ng n\u00e0y l\u00e0 m\u1eb7t h\u00e0ng b\u00e1n ch\u1ea1y bao g\u1ed3m \u0111\u1ed3 \u0111i\u1ec7n t\u1eed ti\u00eau d\u00f9ng, du l\u1ecbch v\u00e0 h\u00e0ng lo\u1ea1t m\u1eb7t h\u00e0ng qu\u00e0 t\u1eb7ng<\/p>\n<p>Nhu c\u1ea7u v\u1ec1 b\u1ed9 chuy\u1ec3n \u0111\u1ed5i du l\u1ecbch hi\u1ec7u qu\u1ea3, an to\u00e0n v\u00e0 \u0111a ch\u1ee9c n\u0103ng ti\u1ebfp t\u1ee5c t\u0103ng, th\u00fac \u0111\u1ea9y c\u00e1c nh\u00e0 s\u1ea3n xu\u1ea5t \u0111\u1ed5i m\u1edbi v\u00e0 v\u01b0\u1ee3t tr\u1ed9i trong vi\u1ec7c \u0111\u00e1p \u1ee9ng nhu c\u1ea7u to\u00e0n c\u1ea7u<\/p>","protected":false},"featured_media":7961,"comment_status":"open","ping_status":"closed","template":"","meta":{"rank_math_lock_modified_date":false,"site-sidebar-layout":"default","site-content-layout":"","ast-site-content-layout":"default","site-content-style":"default","site-sidebar-style":"default","ast-global-header-display":"","ast-banner-title-visibility":"","ast-main-header-display":"","ast-hfb-above-header-display":"","ast-hfb-below-header-display":"","ast-hfb-mobile-header-display":"","site-post-title":"","ast-breadcrumbs-content":"","ast-featured-img":"","footer-sml-layout":"","ast-disable-related-posts":"","theme-transparent-header-meta":"default","adv-header-id-meta":"","stick-header-meta":"","header-above-stick-meta":"","header-main-stick-meta":"","header-below-stick-meta":"","astra-migrate-meta-layouts":"set","ast-page-background-enabled":"default","ast-page-background-meta":{"desktop":{"background-color":"","background-image":"","background-repeat":"repeat","background-position":"center center","background-size":"auto","background-attachment":"scroll","background-type":"","background-media":"","overlay-type":"","overlay-color":"","overlay-opacity":"","overlay-gradient":""},"tablet":{"background-color":"","background-image":"","background-repeat":"repeat","background-position":"center center","background-size":"auto","background-attachment":"scroll","background-type":"","background-media":"","overlay-type":"","overlay-color":"","overlay-opacity":"","overlay-gradient":""},"mobile":{"background-color":"","background-image":"","background-repeat":"repeat","background-position":"center center","background-size":"auto","background-attachment":"scroll","background-type":"","background-media":"","overlay-type":"","overlay-color":"","overlay-opacity":"","overlay-gradient":""}},"ast-content-background-meta":{"desktop":{"background-color":"var(--ast-global-color-5)","background-image":"","background-repeat":"repeat","background-position":"center center","background-size":"auto","background-attachment":"scroll","background-type":"","background-media":"","overlay-type":"","overlay-color":"","overlay-opacity":"","overlay-gradient":""},"tablet":{"background-color":"var(--ast-global-color-5)","background-image":"","background-repeat":"repeat","background-position":"center center","background-size":"auto","background-attachment":"scroll","background-type":"","background-media":"","overlay-type":"","overlay-color":"","overlay-opacity":"","overlay-gradient":""},"mobile":{"background-color":"var(--ast-global-color-5)","background-image":"","background-repeat":"repeat","background-position":"center center","background-size":"auto","background-attachment":"scroll","background-type":"","background-media":"","overlay-type":"","overlay-color":"","overlay-opacity":"","overlay-gradient":""}}},"product_cat":[64],"product_tag":[],"class_list":{"0":"post-7960","1":"product","2":"type-product","3":"status-publish","4":"has-post-thumbnail","6":"product_cat-travel-adapter","7":"desktop-align-center","8":"tablet-align-center","9":"mobile-align-center","11":"first","12":"instock","13":"shipping-taxable","14":"product-type-simple"},"_links":{"self":[{"href":"https:\/\/imiapower.com\/vi\/wp-json\/wp\/v2\/product\/7960","targetHints":{"allow":["GET"]}}],"collection":[{"href":"https:\/\/imiapower.com\/vi\/wp-json\/wp\/v2\/product"}],"about":[{"href":"https:\/\/imiapower.com\/vi\/wp-json\/wp\/v2\/types\/product"}],"replies":[{"embeddable":true,"href":"https:\/\/imiapower.com\/vi\/wp-json\/wp\/v2\/comments?post=7960"}],"version-history":[{"count":6,"href":"https:\/\/imiapower.com\/vi\/wp-json\/wp\/v2\/product\/7960\/revisions"}],"predecessor-version":[{"id":8672,"href":"https:\/\/imiapower.com\/vi\/wp-json\/wp\/v2\/product\/7960\/revisions\/8672"}],"wp:featuredmedia":[{"embeddable":true,"href":"https:\/\/imiapower.com\/vi\/wp-json\/wp\/v2\/media\/7961"}],"wp:attachment":[{"href":"https:\/\/imiapower.com\/vi\/wp-json\/wp\/v2\/media?parent=7960"}],"wp:term":[{"taxonomy":"product_cat","embeddable":true,"href":"https:\/\/imiapower.com\/vi\/wp-json\/wp\/v2\/product_cat?post=7960"},{"taxonomy":"product_tag","embeddable":true,"href":"https:\/\/imiapower.com\/vi\/wp-json\/wp\/v2\/product_tag?post=7960"}],"curies":[{"name":"trang web","href":"https:\/\/api.w.org\/{rel}","templated":true}]}}