{"id":8008,"date":"2024-06-19T00:51:20","date_gmt":"2024-06-19T00:51:20","guid":{"rendered":"https:\/\/imiapower.com\/?post_type=product&#038;p=8008"},"modified":"2024-06-19T01:06:42","modified_gmt":"2024-06-19T01:06:42","slug":"adaptors-for-international-travel","status":"publish","type":"product","link":"https:\/\/imiapower.com\/vi\/products\/travel-adapter\/adaptors-for-international-travel\/","title":{"rendered":"B\u1ed9 chuy\u1ec3n \u0111\u1ed5i s\u00e1ng t\u1ea1o d\u00e0nh cho du l\u1ecbch qu\u1ed1c t\u1ebf 45w"},"content":{"rendered":"<ul>\n<li><strong>b\u1ed9 chuy\u1ec3n \u0111\u1ed5i cho du l\u1ecbch qu\u1ed1c t\u1ebf<\/strong><\/li>\n<li><strong>\u0110\u1ea7u v\u00e0o AC:<\/strong>100~250V\/AC 50-60Hz 0,8A<\/li>\n<li><strong>\u0110\u1ea7u ra AC:<\/strong>T\u1ed1i \u0111a 10A (1000W\/100V ho\u1eb7c 2400W\/240V)<\/li>\n<li><strong>\u0110\u1ea7u ra USB:<\/strong> 5V 2.4A (T\u1ed1i \u0111a 12W)<\/li>\n<li><strong>\u0110\u1ea7u ra lo\u1ea1i C1\/C2\/C3:<\/strong> 5V 2.4A (T\u1ed1i \u0111a 12W)<\/li>\n<li><strong>\u0110\u1ea7u ra lo\u1ea1i C4:<\/strong> 5V,3A 9V,3A 12V,3A 15V,3A 20V,2.25A (T\u1ed0I \u0110A 45W)<\/li>\n<li><strong>K\u00edch c\u1ee1:<\/strong>76*50.5*57mm<\/li>\n<li><strong>M\u00e0u s\u1eafc: <\/strong>\u0111en\/tr\u1eafng\/v\u00e0ng\/xanh ho\u1eb7c m\u00e0u s\u1eafc t\u00f9y ch\u1ec9nh<\/li>\n<li><strong>C\u00e2n n\u1eb7ng:<\/strong>180g<\/li>\n<li><strong>V\u1eadt li\u1ec7u:<\/strong> PC nung + kim lo\u1ea1i \u0111\u1ed3ng<\/li>\n<li><strong>Gi\u1ea5y ch\u1ee9ng nh\u1eadn:<\/strong> UKCA, CE, FCC, RoHS, REACH<\/li>\n<\/ul>","protected":false},"excerpt":{"rendered":"<p>C\u00f3 th\u1ec3 ch\u1ecdn b\u1ed9 \u0111i\u1ec1u h\u1ee3p thi\u1ebft k\u1ebf n\u00e0y cho du l\u1ecbch qu\u1ed1c t\u1ebf d\u1ef1a tr\u00ean \u00fd t\u01b0\u1edfng container v\u1eadn chuy\u1ec3n v\u1edbi nhi\u1ec1u m\u00e0u s\u1eafc kh\u00e1c nhau<\/p>\n<p>Thi\u1ebft k\u1ebf \u0111i\u1ec7n \u00e1p hoang d\u00e3 t\u1eeb 100v \u0111\u1ebfn 250v c\u00f3 th\u1ec3 \u0111\u01b0\u1ee3c s\u1eed d\u1ee5ng tr\u00ean to\u00e0n th\u1ebf gi\u1edbi<\/p>\n<p>M\u00f4 h\u00ecnh n\u00e0y c\u00f3 th\u1ec3 \u0111\u01b0\u1ee3c th\u1ef1c hi\u1ec7n \u1edf t\u00f9y ch\u1ecdn 20w\/35w\/45w\/65w<\/p>\n<p>V\u1edbi 4 c\u1ed5ng s\u1ea1c type-c, v\u00ec c\u00e1p type-c \u0111\u00f3ng vai tr\u00f2 quan tr\u1ecdng tr\u00ean th\u1ecb tr\u01b0\u1eddng \u0111i\u1ec7n t\u1eed n\u00ean thi\u1ebft k\u1ebf c\u1ee7a ch\u00fang t\u00f4i \u0111i theo xu h\u01b0\u1edbng th\u1ecb tr\u01b0\u1eddng v\u00e0 \u0111\u00e1p \u1ee9ng s\u1ea1c c\u00f9ng l\u00fac cho c\u00e1c thi\u1ebft b\u1ecb \u0111i\u1ec7n t\u1eed<\/p>\n<p>\u1ed4 c\u1eafm \u0111a n\u0103ng, ph\u00f9 h\u1ee3p v\u1edbi Pin EU \/ UK \/ US \/ USA \/ Nam Phi \/ \u1ea4n \u0110\u1ed9 trong khi m\u1ed9t s\u1ed1 m\u1eabu c\u1ee7a \u0111\u1ed1i th\u1ee7 c\u1ea1nh tranh kh\u00f4ng ph\u00f9 h\u1ee3p v\u1edbi pin Nam Phi<\/p>\n<p><img fetchpriority=\"high\" decoding=\"async\" class=\"alignnone\" src=\"https:\/\/p.globalsources.com\/IMAGES\/PDT\/B6020382707\/international-Travel-Adapter.jpg\" alt=\"b\u1ed9 chuy\u1ec3n \u0111\u1ed5i cho du l\u1ecbch qu\u1ed1c t\u1ebf\" width=\"448\" height=\"448\" \/><\/p>\n<p>Ch\u00fang t\u00f4i cung c\u1ea5p b\u1ea3o h\u00e0nh 1 n\u0103m cho lo\u1ea1i s\u1ea3n ph\u1ea9m n\u00e0y<\/p>\n<p>M\u1eabu mi\u1ec5n ph\u00ed c\u00f3 th\u1ec3 \u0111\u01b0\u1ee3c cung c\u1ea5p v\u00e0 th\u1eddi gian s\u1ea3n xu\u1ea5t s\u1ed1 l\u01b0\u1ee3ng l\u1edbn l\u00e0 kho\u1ea3ng 25-30 ng\u00e0y<\/p>\n<p>&nbsp;<\/p>\n<p>&nbsp;<\/p>\n<p>&nbsp;<\/p>","protected":false},"featured_media":8010,"comment_status":"open","ping_status":"closed","template":"","meta":{"rank_math_lock_modified_date":false,"site-sidebar-layout":"default","site-content-layout":"","ast-site-content-layout":"default","site-content-style":"default","site-sidebar-style":"default","ast-global-header-display":"","ast-banner-title-visibility":"","ast-main-header-display":"","ast-hfb-above-header-display":"","ast-hfb-below-header-display":"","ast-hfb-mobile-header-display":"","site-post-title":"","ast-breadcrumbs-content":"","ast-featured-img":"","footer-sml-layout":"","ast-disable-related-posts":"","theme-transparent-header-meta":"default","adv-header-id-meta":"","stick-header-meta":"","header-above-stick-meta":"","header-main-stick-meta":"","header-below-stick-meta":"","astra-migrate-meta-layouts":"set","ast-page-background-enabled":"default","ast-page-background-meta":{"desktop":{"background-color":"","background-image":"","background-repeat":"repeat","background-position":"center center","background-size":"auto","background-attachment":"scroll","background-type":"","background-media":"","overlay-type":"","overlay-color":"","overlay-opacity":"","overlay-gradient":""},"tablet":{"background-color":"","background-image":"","background-repeat":"repeat","background-position":"center center","background-size":"auto","background-attachment":"scroll","background-type":"","background-media":"","overlay-type":"","overlay-color":"","overlay-opacity":"","overlay-gradient":""},"mobile":{"background-color":"","background-image":"","background-repeat":"repeat","background-position":"center center","background-size":"auto","background-attachment":"scroll","background-type":"","background-media":"","overlay-type":"","overlay-color":"","overlay-opacity":"","overlay-gradient":""}},"ast-content-background-meta":{"desktop":{"background-color":"var(--ast-global-color-5)","background-image":"","background-repeat":"repeat","background-position":"center center","background-size":"auto","background-attachment":"scroll","background-type":"","background-media":"","overlay-type":"","overlay-color":"","overlay-opacity":"","overlay-gradient":""},"tablet":{"background-color":"var(--ast-global-color-5)","background-image":"","background-repeat":"repeat","background-position":"center center","background-size":"auto","background-attachment":"scroll","background-type":"","background-media":"","overlay-type":"","overlay-color":"","overlay-opacity":"","overlay-gradient":""},"mobile":{"background-color":"var(--ast-global-color-5)","background-image":"","background-repeat":"repeat","background-position":"center center","background-size":"auto","background-attachment":"scroll","background-type":"","background-media":"","overlay-type":"","overlay-color":"","overlay-opacity":"","overlay-gradient":""}}},"product_cat":[64],"product_tag":[],"class_list":{"0":"post-8008","1":"product","2":"type-product","3":"status-publish","4":"has-post-thumbnail","6":"product_cat-travel-adapter","7":"desktop-align-center","8":"tablet-align-center","9":"mobile-align-center","11":"first","12":"instock","13":"shipping-taxable","14":"product-type-simple"},"_links":{"self":[{"href":"https:\/\/imiapower.com\/vi\/wp-json\/wp\/v2\/product\/8008","targetHints":{"allow":["GET"]}}],"collection":[{"href":"https:\/\/imiapower.com\/vi\/wp-json\/wp\/v2\/product"}],"about":[{"href":"https:\/\/imiapower.com\/vi\/wp-json\/wp\/v2\/types\/product"}],"replies":[{"embeddable":true,"href":"https:\/\/imiapower.com\/vi\/wp-json\/wp\/v2\/comments?post=8008"}],"version-history":[{"count":3,"href":"https:\/\/imiapower.com\/vi\/wp-json\/wp\/v2\/product\/8008\/revisions"}],"predecessor-version":[{"id":8016,"href":"https:\/\/imiapower.com\/vi\/wp-json\/wp\/v2\/product\/8008\/revisions\/8016"}],"wp:featuredmedia":[{"embeddable":true,"href":"https:\/\/imiapower.com\/vi\/wp-json\/wp\/v2\/media\/8010"}],"wp:attachment":[{"href":"https:\/\/imiapower.com\/vi\/wp-json\/wp\/v2\/media?parent=8008"}],"wp:term":[{"taxonomy":"product_cat","embeddable":true,"href":"https:\/\/imiapower.com\/vi\/wp-json\/wp\/v2\/product_cat?post=8008"},{"taxonomy":"product_tag","embeddable":true,"href":"https:\/\/imiapower.com\/vi\/wp-json\/wp\/v2\/product_tag?post=8008"}],"curies":[{"name":"trang web","href":"https:\/\/api.w.org\/{rel}","templated":true}]}}