{"id":8069,"date":"2024-07-01T02:22:09","date_gmt":"2024-07-01T02:22:09","guid":{"rendered":"https:\/\/imiapower.com\/?post_type=product&#038;p=8069"},"modified":"2024-07-01T02:25:09","modified_gmt":"2024-07-01T02:25:09","slug":"universal-adapter","status":"publish","type":"product","link":"https:\/\/imiapower.com\/vi\/products\/travel-adapter\/universal-adapter\/","title":{"rendered":"B\u1ed9 chuy\u1ec3n \u0111\u1ed5i \u0111a n\u0103ng s\u00e1ng t\u1ea1o 30w"},"content":{"rendered":"<ul>\n<li><strong>B\u1ed9 chuy\u1ec3n \u0111\u1ed5i \u0111a n\u0103ng<\/strong><\/li>\n<li><strong>\u0110\u1ea7u v\u00e0o AC:<\/strong> 100~250V\/AC 50-60Hz<\/li>\n<li><strong>\u0110\u1ea7u ra AC: <\/strong>T\u1ed1i \u0111a 6A(660W\/100V ho\u1eb7c 1330W\/250V)<\/li>\n<li><strong>\u0110\u1ea7u ra PD:<\/strong> 5V3A\/9V3A\/12V2.5A\/15V2A\/20V1.5A (T\u1ed1i \u0111a 30W)<\/li>\n<li><strong>\u0110\u1ea7u ra QC3.0:<\/strong> 5V3A\/9V2A\/12V1.5A (T\u1ed1i \u0111a 18W)<\/li>\n<li><strong>\u0110\u1ea7u ra PD+QC:<\/strong> 5V 4A (T\u1ed1i \u0111a 20W)<\/li>\n<li><strong>\u00a0K\u00edch c\u1ee1:<\/strong> 50x70x55mm<\/li>\n<li><strong>V\u1eadt li\u1ec7u:<\/strong> PC nung + kim lo\u1ea1i \u0111\u1ed3ng + cao su D\u1ea7u<\/li>\n<li><strong>\u0110\u00e1nh d\u1ea5u:<\/strong> EU\/AU\/UK\/US t\u1ea5t c\u1ea3 trong m\u1ed9t c\u00f3 th\u1ec3 \u0111\u01b0\u1ee3c s\u1eed d\u1ee5ng \u1edf h\u01a1n 170 qu\u1ed1c gia<\/li>\n<li><strong>Gi\u1ea5y ch\u1ee9ng nh\u1eadn:<\/strong> CE, Rohs<\/li>\n<\/ul>","protected":false},"excerpt":{"rendered":"<p>B\u1ed9 chuy\u1ec3n \u0111\u1ed5i \u0111a n\u0103ng n\u00e0y l\u00e0 B\u1ed9 chuy\u1ec3n \u0111\u1ed5i du l\u1ecbch thi\u1ebft k\u1ebf b\u00f3ng \u0111\u00e1 th\u1eddi trang v\u1edbi B\u1ed9 chuy\u1ec3n \u0111\u1ed5i ph\u00edch c\u1eafm du l\u1ecbch \u0111a n\u0103ng s\u1ea1c nhanh USB Type-C PD 30W \u0111\u1ec3 s\u1ea1c \u0111i\u1ec7n khi \u0111i du l\u1ecbch qu\u1ed1c t\u1ebf. Thi\u1ebft k\u1ebf an to\u00e0n nh\u1ea5t T\u00edch h\u1ee3p c\u1ea7u ch\u00ec t\u1ef1 \u0111\u1ed9ng c\u00e0i \u0111\u1eb7t l\u1ea1i 8A<\/p>\n<p>Thi\u1ebft k\u1ebf t\u1ea5t c\u1ea3 trong m\u1ed9t ho\u1ea1t \u0111\u1ed9ng \u1edf h\u01a1n 170 qu\u1ed1c gia bao g\u1ed3m V\u01b0\u01a1ng qu\u1ed1c Anh, \u0110\u1ee9c, \u00dd, Ch\u00e2u \u00c2u, Trung\/Vi\u1ec5n \u0110\u00f4ng, Th\u00e1i Lan, Indonesia, \u00dac, New Zealand, Hoa K\u1ef3, Canada, Mexico, Nam M\u1ef9<\/p>\n<p>C\u00e1c thi\u1ebft b\u1ecb c\u00f4ng su\u1ea5t l\u1edbn nh\u01b0 m\u00e1y s\u1ea5y t\u00f3c, m\u00e1y du\u1ed7i t\u00f3c, b\u00e0n l\u00e0, \u1ea5m \u0111un n\u01b0\u1edbc c\u00f3 th\u1ec3 s\u1eed d\u1ee5ng t\u1edbi 10A\/2000W. Ch\u00fang ph\u1ea3i h\u1ed7 tr\u1ee3 \u0111i\u1ec7n \u00e1p k\u00e9p 110V\/250V. B\u1ed9 chuy\u1ec3n \u0111\u1ed5i KH\u00d4NG chuy\u1ec3n \u0111\u1ed5i \u0111i\u1ec7n \u00e1p<\/p>\n<p>Tr\u00e1nh h\u01b0 h\u1ecfng c\u00e1c thi\u1ebft b\u1ecb c\u00f3 m\u1ea1ch b\u1ea3o v\u1ec7 nhi\u1ec7t v\u00e0 qu\u00e1 t\u1ea3i. C\u1ea7u ch\u00ec t\u1ef1 \u0111\u1ed9ng \u0111\u1eb7t l\u1ea1i 8A t\u00edch h\u1ee3p. An to\u00e0n h\u01a1n c\u1ea7u ch\u00ec th\u00f4ng th\u01b0\u1eddng v\u00e0 kh\u00f4ng c\u1ea7n thay th\u1ebf c\u1ea7u ch\u00ec. T\u00edch h\u1ee3p c\u1eeda ch\u1edbp an to\u00e0n v\u00e0 thi\u1ebft k\u1ebf kh\u00f3a c\u1eafm. Ch\u1ee9ng nh\u1eadn CE FCC ROHS<\/p>\n<p>&nbsp;<\/p>","protected":false},"featured_media":8071,"comment_status":"open","ping_status":"closed","template":"","meta":{"rank_math_lock_modified_date":false,"site-sidebar-layout":"default","site-content-layout":"","ast-site-content-layout":"default","site-content-style":"default","site-sidebar-style":"default","ast-global-header-display":"","ast-banner-title-visibility":"","ast-main-header-display":"","ast-hfb-above-header-display":"","ast-hfb-below-header-display":"","ast-hfb-mobile-header-display":"","site-post-title":"","ast-breadcrumbs-content":"","ast-featured-img":"","footer-sml-layout":"","ast-disable-related-posts":"","theme-transparent-header-meta":"default","adv-header-id-meta":"","stick-header-meta":"","header-above-stick-meta":"","header-main-stick-meta":"","header-below-stick-meta":"","astra-migrate-meta-layouts":"set","ast-page-background-enabled":"default","ast-page-background-meta":{"desktop":{"background-color":"","background-image":"","background-repeat":"repeat","background-position":"center center","background-size":"auto","background-attachment":"scroll","background-type":"","background-media":"","overlay-type":"","overlay-color":"","overlay-opacity":"","overlay-gradient":""},"tablet":{"background-color":"","background-image":"","background-repeat":"repeat","background-position":"center center","background-size":"auto","background-attachment":"scroll","background-type":"","background-media":"","overlay-type":"","overlay-color":"","overlay-opacity":"","overlay-gradient":""},"mobile":{"background-color":"","background-image":"","background-repeat":"repeat","background-position":"center center","background-size":"auto","background-attachment":"scroll","background-type":"","background-media":"","overlay-type":"","overlay-color":"","overlay-opacity":"","overlay-gradient":""}},"ast-content-background-meta":{"desktop":{"background-color":"var(--ast-global-color-5)","background-image":"","background-repeat":"repeat","background-position":"center center","background-size":"auto","background-attachment":"scroll","background-type":"","background-media":"","overlay-type":"","overlay-color":"","overlay-opacity":"","overlay-gradient":""},"tablet":{"background-color":"var(--ast-global-color-5)","background-image":"","background-repeat":"repeat","background-position":"center center","background-size":"auto","background-attachment":"scroll","background-type":"","background-media":"","overlay-type":"","overlay-color":"","overlay-opacity":"","overlay-gradient":""},"mobile":{"background-color":"var(--ast-global-color-5)","background-image":"","background-repeat":"repeat","background-position":"center center","background-size":"auto","background-attachment":"scroll","background-type":"","background-media":"","overlay-type":"","overlay-color":"","overlay-opacity":"","overlay-gradient":""}}},"product_cat":[64],"product_tag":[],"class_list":{"0":"post-8069","1":"product","2":"type-product","3":"status-publish","4":"has-post-thumbnail","6":"product_cat-travel-adapter","7":"desktop-align-center","8":"tablet-align-center","9":"mobile-align-center","11":"first","12":"instock","13":"shipping-taxable","14":"product-type-simple"},"_links":{"self":[{"href":"https:\/\/imiapower.com\/vi\/wp-json\/wp\/v2\/product\/8069","targetHints":{"allow":["GET"]}}],"collection":[{"href":"https:\/\/imiapower.com\/vi\/wp-json\/wp\/v2\/product"}],"about":[{"href":"https:\/\/imiapower.com\/vi\/wp-json\/wp\/v2\/types\/product"}],"replies":[{"embeddable":true,"href":"https:\/\/imiapower.com\/vi\/wp-json\/wp\/v2\/comments?post=8069"}],"version-history":[{"count":3,"href":"https:\/\/imiapower.com\/vi\/wp-json\/wp\/v2\/product\/8069\/revisions"}],"predecessor-version":[{"id":8076,"href":"https:\/\/imiapower.com\/vi\/wp-json\/wp\/v2\/product\/8069\/revisions\/8076"}],"wp:featuredmedia":[{"embeddable":true,"href":"https:\/\/imiapower.com\/vi\/wp-json\/wp\/v2\/media\/8071"}],"wp:attachment":[{"href":"https:\/\/imiapower.com\/vi\/wp-json\/wp\/v2\/media?parent=8069"}],"wp:term":[{"taxonomy":"product_cat","embeddable":true,"href":"https:\/\/imiapower.com\/vi\/wp-json\/wp\/v2\/product_cat?post=8069"},{"taxonomy":"product_tag","embeddable":true,"href":"https:\/\/imiapower.com\/vi\/wp-json\/wp\/v2\/product_tag?post=8069"}],"curies":[{"name":"trang web","href":"https:\/\/api.w.org\/{rel}","templated":true}]}}