{"id":8077,"date":"2024-07-01T03:32:03","date_gmt":"2024-07-01T03:32:03","guid":{"rendered":"https:\/\/imiapower.com\/?post_type=product&#038;p=8077"},"modified":"2024-11-15T09:28:01","modified_gmt":"2024-11-15T09:28:01","slug":"universal-plug","status":"publish","type":"product","link":"https:\/\/imiapower.com\/vi\/products\/travel-adapter\/universal-plug\/","title":{"rendered":"Nh\u00e0 m\u00e1y s\u1ea3n xu\u1ea5t ph\u00edch c\u1eafm ph\u1ed5 th\u00f4ng 12w gi\u00e1 r\u1ebb t\u1ea1i Trung Qu\u1ed1c"},"content":{"rendered":"<ul>\n<li><strong>\u1ed4 c\u1eafm \u0111a n\u0103ng<\/strong><\/li>\n<li><strong>\u0110\u1ea7u v\u00e0o AC:<\/strong>110~240V\/AC 50-60Hz<\/li>\n<li>\u00a0<strong>\u0110\u1ea7u ra AC:<\/strong>T\u1ed1i \u0111a 6A(660W\/110V ho\u1eb7c 1440W\/240V)<\/li>\n<li><strong>\u0110\u1ea7u ra USB:<\/strong>5V 2400mA (t\u1ed5ng c\u1ed9ng)<\/li>\n<li><strong>K\u00edch c\u1ee1:<\/strong>64,5x53x61,5 mm<\/li>\n<li><strong>V\u1eadt li\u1ec7u :<\/strong> ABS + kim lo\u1ea1i \u0111\u1ed3ng<\/li>\n<li><strong>\u0110\u00e1nh d\u1ea5u:<\/strong> EU\/AU\/UK\/US t\u1ea5t c\u1ea3 trong m\u1ed9t c\u00f3 th\u1ec3 \u0111\u01b0\u1ee3c s\u1eed d\u1ee5ng \u1edf h\u01a1n 170 qu\u1ed1c gia<\/li>\n<li><strong>Gi\u1ea5y ch\u1ee9ng nh\u1eadn:<\/strong> CE, Rohs<\/li>\n<li><strong>D\u1ecbch v\u1ee5: <\/strong>B\u1ea3o h\u00e0nh 1 n\u0103m<\/li>\n<li><strong>B\u01b0u ki\u1ec7n:<\/strong> h\u1ed9p m\u00e0u t\u00f9y ch\u1ec9nh ho\u1eb7c h\u1ed9p v\u1ec9<\/li>\n<\/ul>","protected":false},"excerpt":{"rendered":"<p>Ph\u00edch c\u1eafm \u0111a n\u0103ng l\u00e0 m\u1ed9t thi\u1ebft b\u1ecb s\u1ea1c bao g\u1ed3m b\u1ed1n ph\u00edch c\u1eafm kh\u00e1c nhau (USA\/AUS\/EU\/UK) \u0111\u00e1p \u1ee9ng ti\u00eau chu\u1ea9n ph\u00edch c\u1eafm c\u1ee7a h\u1ea7u h\u1ebft c\u00e1c qu\u1ed1c gia<\/p>\n<p>M\u00f4 h\u00ecnh n\u00e0y v\u1edbi k\u00edch th\u01b0\u1edbc nh\u1ecf v\u00e0 d\u1ec5 d\u00e0ng mang theo khi ch\u00fang ta \u0111i du l\u1ecbch \u0111\u1ebfn c\u00e1c qu\u1ed1c gia kh\u00e1c nhau, v\u1edbi gi\u00e1 r\u1ebb, ch\u00fang ta c\u00f3 th\u1ec3 th\u1ea5y \u1edf nhi\u1ec1u c\u1eeda h\u00e0ng du l\u1ecbch v\u00e0 chu\u1ed7i si\u00eau th\u1ecb<\/p>\n<p>V\u1edbi s\u1ef1 c\u1ea3i thi\u1ec7n v\u1ec1 tr\u00ecnh \u0111\u1ed9 kinh t\u1ebf, ng\u00e0y c\u00e0ng c\u00f3 nhi\u1ec1u ng\u01b0\u1eddi \u0111i du l\u1ecbch \u0111\u1ebfn c\u00e1c qu\u1ed1c gia kh\u00e1c nhau v\u00e0 \u0111\u00e2y s\u1ebd tr\u1edf th\u00e0nh m\u1ed9t v\u1eadt d\u1ee5ng c\u1ea7n thi\u1ebft cho chuy\u1ebfn du l\u1ecbch c\u1ee7a ch\u00fang ta<\/p>\n<p>&nbsp;<\/p>","protected":false},"featured_media":8084,"comment_status":"open","ping_status":"closed","template":"","meta":{"rank_math_lock_modified_date":false,"site-sidebar-layout":"default","site-content-layout":"","ast-site-content-layout":"default","site-content-style":"default","site-sidebar-style":"default","ast-global-header-display":"","ast-banner-title-visibility":"","ast-main-header-display":"","ast-hfb-above-header-display":"","ast-hfb-below-header-display":"","ast-hfb-mobile-header-display":"","site-post-title":"","ast-breadcrumbs-content":"","ast-featured-img":"","footer-sml-layout":"","ast-disable-related-posts":"","theme-transparent-header-meta":"default","adv-header-id-meta":"","stick-header-meta":"","header-above-stick-meta":"","header-main-stick-meta":"","header-below-stick-meta":"","astra-migrate-meta-layouts":"set","ast-page-background-enabled":"default","ast-page-background-meta":{"desktop":{"background-color":"","background-image":"","background-repeat":"repeat","background-position":"center center","background-size":"auto","background-attachment":"scroll","background-type":"","background-media":"","overlay-type":"","overlay-color":"","overlay-opacity":"","overlay-gradient":""},"tablet":{"background-color":"","background-image":"","background-repeat":"repeat","background-position":"center center","background-size":"auto","background-attachment":"scroll","background-type":"","background-media":"","overlay-type":"","overlay-color":"","overlay-opacity":"","overlay-gradient":""},"mobile":{"background-color":"","background-image":"","background-repeat":"repeat","background-position":"center center","background-size":"auto","background-attachment":"scroll","background-type":"","background-media":"","overlay-type":"","overlay-color":"","overlay-opacity":"","overlay-gradient":""}},"ast-content-background-meta":{"desktop":{"background-color":"var(--ast-global-color-5)","background-image":"","background-repeat":"repeat","background-position":"center center","background-size":"auto","background-attachment":"scroll","background-type":"","background-media":"","overlay-type":"","overlay-color":"","overlay-opacity":"","overlay-gradient":""},"tablet":{"background-color":"var(--ast-global-color-5)","background-image":"","background-repeat":"repeat","background-position":"center center","background-size":"auto","background-attachment":"scroll","background-type":"","background-media":"","overlay-type":"","overlay-color":"","overlay-opacity":"","overlay-gradient":""},"mobile":{"background-color":"var(--ast-global-color-5)","background-image":"","background-repeat":"repeat","background-position":"center center","background-size":"auto","background-attachment":"scroll","background-type":"","background-media":"","overlay-type":"","overlay-color":"","overlay-opacity":"","overlay-gradient":""}}},"product_cat":[64],"product_tag":[],"class_list":{"0":"post-8077","1":"product","2":"type-product","3":"status-publish","4":"has-post-thumbnail","6":"product_cat-travel-adapter","7":"desktop-align-center","8":"tablet-align-center","9":"mobile-align-center","11":"first","12":"instock","13":"shipping-taxable","14":"product-type-simple"},"_links":{"self":[{"href":"https:\/\/imiapower.com\/vi\/wp-json\/wp\/v2\/product\/8077","targetHints":{"allow":["GET"]}}],"collection":[{"href":"https:\/\/imiapower.com\/vi\/wp-json\/wp\/v2\/product"}],"about":[{"href":"https:\/\/imiapower.com\/vi\/wp-json\/wp\/v2\/types\/product"}],"replies":[{"embeddable":true,"href":"https:\/\/imiapower.com\/vi\/wp-json\/wp\/v2\/comments?post=8077"}],"version-history":[{"count":4,"href":"https:\/\/imiapower.com\/vi\/wp-json\/wp\/v2\/product\/8077\/revisions"}],"predecessor-version":[{"id":8089,"href":"https:\/\/imiapower.com\/vi\/wp-json\/wp\/v2\/product\/8077\/revisions\/8089"}],"wp:featuredmedia":[{"embeddable":true,"href":"https:\/\/imiapower.com\/vi\/wp-json\/wp\/v2\/media\/8084"}],"wp:attachment":[{"href":"https:\/\/imiapower.com\/vi\/wp-json\/wp\/v2\/media?parent=8077"}],"wp:term":[{"taxonomy":"product_cat","embeddable":true,"href":"https:\/\/imiapower.com\/vi\/wp-json\/wp\/v2\/product_cat?post=8077"},{"taxonomy":"product_tag","embeddable":true,"href":"https:\/\/imiapower.com\/vi\/wp-json\/wp\/v2\/product_tag?post=8077"}],"curies":[{"name":"trang web","href":"https:\/\/api.w.org\/{rel}","templated":true}]}}