{"id":8119,"date":"2024-07-12T02:36:37","date_gmt":"2024-07-12T02:36:37","guid":{"rendered":"https:\/\/imiapower.com\/?post_type=product&#038;p=8119"},"modified":"2024-07-24T00:39:12","modified_gmt":"2024-07-24T00:39:12","slug":"travel-smart-adapter","status":"publish","type":"product","link":"https:\/\/imiapower.com\/vi\/products\/travel-adapter\/travel-smart-adapter\/","title":{"rendered":"B\u1ed9 chuy\u1ec3n \u0111\u1ed5i th\u00f4ng minh du l\u1ecbch gi\u00e1 r\u1ebb 20w t\u1eeb trung qu\u1ed1c"},"content":{"rendered":"<ul>\n<li><strong>b\u1ed9 chuy\u1ec3n \u0111\u1ed5i th\u00f4ng minh du l\u1ecbch<\/strong><\/li>\n<li><strong>C\u1ed5ng USB lo\u1ea1i C:\u00a0<\/strong> 5V\/3A, 9V\/2.23A, 12V\/1.67A, 20V\/1A, (T\u1ed1i \u0111a 20W)<\/li>\n<li><strong>C\u1ed5ng USB A:<\/strong> Th\u00f4ng minh t\u1ed1i \u0111a 5V\/2.4A,<\/li>\n<li><strong>\u0110\u1ea7u v\u00e0o \u0111i\u1ec1u h\u00f2a:<\/strong>100V \u2013 250V 50\/60HZ<\/li>\n<li><strong>\u0110\u1ea7u ra \u0111i\u1ec1u h\u00f2a:<\/strong> 880W-110V\/2000W-250V \/ C\u1ea7u ch\u00ec t\u1ed1i \u0111a 8Amp<\/li>\n<li><strong>K\u00edch th\u01b0\u1edbc s\u1ea3n ph\u1ea9m:<\/strong> 70*50*55mm<\/li>\n<li><strong>Nguy\u00ean v\u1eadt li\u1ec7u:\u00a0<\/strong> PC ch\u1ed1ng ch\u00e1y + \u0110\u1ed3ng nguy\u00ean ch\u1ea5t<\/li>\n<li><strong>Lo\u1ea1i \u1ed5 c\u1eafm:<\/strong>\u00a0 EU UK US AUS c\u1eafm t\u1ea5t c\u1ea3 trong m\u1ed9t<\/li>\n<li><strong>\u1ed4 c\u1eafm n\u1eef:\u00a0<\/strong> ph\u1ed5 qu\u00e1t tr\u00ean to\u00e0n th\u1ebf gi\u1edbi<\/li>\n<li><strong>Khu v\u1ef1c ph\u00f9 h\u1ee3p:<\/strong>\u00a0 Ph\u1ed5 bi\u1ebfn \u1edf h\u01a1n 170 qu\u1ed1c gia Ng\u01b0\u1eddi b\u1ea1n \u0111\u1ed3ng h\u00e0nh t\u1ed1t nh\u1ea5t cho du l\u1ecbch qu\u1ed1c t\u1ebf<\/li>\n<li><strong>N\u1ed1i \u0111\u1ea5t:<\/strong> n\u1ed1i \u0111\u1ea5t<\/li>\n<li><strong>M\u00e0u s\u1eafc:\u00a0<\/strong> Tr\u1eafng, \u0110en, t\u00f9y ch\u1ec9nh m\u00e0u s\u1eafc<\/li>\n<li><strong>Ti\u00eau chu\u1ea9n ch\u1ea5t l\u01b0\u1ee3ng:<\/strong>\u00a0 CE FCC \u0111\u00e3 \u0111\u01b0\u1ee3c ph\u00ea duy\u1ec7t<\/li>\n<li><strong>Th\u1eddi gian d\u1eabn m\u1eabu:\u00a0<\/strong> Logo t\u00f9y ch\u1ec9nh 3 ng\u00e0y, Bao b\u00ec t\u00f9y ch\u1ec9nh 5 ng\u00e0y, M\u1eabu m\u00e0u s\u1ea3n ph\u1ea9m t\u00f9y ch\u1ec9nh 10 ng\u00e0y.<\/li>\n<li><strong>S\u1ef1 b\u1ea3o \u0111\u1ea3m:\u00a0<\/strong> Ch\u00fang t\u00f4i \u0111\u1ed5i s\u1ea3n ph\u1ea9m l\u1ed7i mi\u1ec5n ph\u00ed l\u1ea5y s\u1ea3n ph\u1ea9m m\u1edbi trong th\u1eddi gian b\u1ea3o h\u00e0nh 12 th\u00e1ng<\/li>\n<li><strong>D\u1ecbch v\u1ee5 kh\u00e1ch h\u00e0ng:<\/strong>\u00a0 Ch\u00fang t\u00f4i cung c\u1ea5p thi\u1ebft k\u1ebf mi\u1ec5n ph\u00ed cho g\u00f3i OEM c\u1ee7a b\u1ea1n v\u00e0 in logo OEM mi\u1ec5n ph\u00ed tr\u00ean c\u00e1c s\u1ea3n ph\u1ea9m.<\/li>\n<\/ul>","protected":false},"excerpt":{"rendered":"<p>B\u1ed9 chuy\u1ec3n \u0111\u1ed5i du l\u1ecbch th\u00f4ng minh l\u00e0 b\u1ed9 chuy\u1ec3n \u0111\u1ed5i to\u00e0n c\u1ea7u m\u00e0 ch\u00fang t\u00f4i c\u00f3 th\u1ec3 mang theo khi \u0111i c\u00f4ng t\u00e1c t\u1edbi c\u00e1c qu\u1ed1c gia kh\u00e1c nhau<\/p>","protected":false},"featured_media":8117,"comment_status":"open","ping_status":"closed","template":"","meta":{"rank_math_lock_modified_date":false,"site-sidebar-layout":"default","site-content-layout":"","ast-site-content-layout":"default","site-content-style":"default","site-sidebar-style":"default","ast-global-header-display":"","ast-banner-title-visibility":"","ast-main-header-display":"","ast-hfb-above-header-display":"","ast-hfb-below-header-display":"","ast-hfb-mobile-header-display":"","site-post-title":"","ast-breadcrumbs-content":"","ast-featured-img":"","footer-sml-layout":"","ast-disable-related-posts":"","theme-transparent-header-meta":"default","adv-header-id-meta":"","stick-header-meta":"","header-above-stick-meta":"","header-main-stick-meta":"","header-below-stick-meta":"","astra-migrate-meta-layouts":"set","ast-page-background-enabled":"default","ast-page-background-meta":{"desktop":{"background-color":"","background-image":"","background-repeat":"repeat","background-position":"center center","background-size":"auto","background-attachment":"scroll","background-type":"","background-media":"","overlay-type":"","overlay-color":"","overlay-opacity":"","overlay-gradient":""},"tablet":{"background-color":"","background-image":"","background-repeat":"repeat","background-position":"center center","background-size":"auto","background-attachment":"scroll","background-type":"","background-media":"","overlay-type":"","overlay-color":"","overlay-opacity":"","overlay-gradient":""},"mobile":{"background-color":"","background-image":"","background-repeat":"repeat","background-position":"center center","background-size":"auto","background-attachment":"scroll","background-type":"","background-media":"","overlay-type":"","overlay-color":"","overlay-opacity":"","overlay-gradient":""}},"ast-content-background-meta":{"desktop":{"background-color":"var(--ast-global-color-5)","background-image":"","background-repeat":"repeat","background-position":"center center","background-size":"auto","background-attachment":"scroll","background-type":"","background-media":"","overlay-type":"","overlay-color":"","overlay-opacity":"","overlay-gradient":""},"tablet":{"background-color":"var(--ast-global-color-5)","background-image":"","background-repeat":"repeat","background-position":"center center","background-size":"auto","background-attachment":"scroll","background-type":"","background-media":"","overlay-type":"","overlay-color":"","overlay-opacity":"","overlay-gradient":""},"mobile":{"background-color":"var(--ast-global-color-5)","background-image":"","background-repeat":"repeat","background-position":"center center","background-size":"auto","background-attachment":"scroll","background-type":"","background-media":"","overlay-type":"","overlay-color":"","overlay-opacity":"","overlay-gradient":""}}},"product_cat":[64],"product_tag":[],"class_list":{"0":"post-8119","1":"product","2":"type-product","3":"status-publish","4":"has-post-thumbnail","6":"product_cat-travel-adapter","7":"desktop-align-center","8":"tablet-align-center","9":"mobile-align-center","11":"first","12":"instock","13":"shipping-taxable","14":"product-type-simple"},"_links":{"self":[{"href":"https:\/\/imiapower.com\/vi\/wp-json\/wp\/v2\/product\/8119","targetHints":{"allow":["GET"]}}],"collection":[{"href":"https:\/\/imiapower.com\/vi\/wp-json\/wp\/v2\/product"}],"about":[{"href":"https:\/\/imiapower.com\/vi\/wp-json\/wp\/v2\/types\/product"}],"replies":[{"embeddable":true,"href":"https:\/\/imiapower.com\/vi\/wp-json\/wp\/v2\/comments?post=8119"}],"version-history":[{"count":5,"href":"https:\/\/imiapower.com\/vi\/wp-json\/wp\/v2\/product\/8119\/revisions"}],"predecessor-version":[{"id":8125,"href":"https:\/\/imiapower.com\/vi\/wp-json\/wp\/v2\/product\/8119\/revisions\/8125"}],"wp:featuredmedia":[{"embeddable":true,"href":"https:\/\/imiapower.com\/vi\/wp-json\/wp\/v2\/media\/8117"}],"wp:attachment":[{"href":"https:\/\/imiapower.com\/vi\/wp-json\/wp\/v2\/media?parent=8119"}],"wp:term":[{"taxonomy":"product_cat","embeddable":true,"href":"https:\/\/imiapower.com\/vi\/wp-json\/wp\/v2\/product_cat?post=8119"},{"taxonomy":"product_tag","embeddable":true,"href":"https:\/\/imiapower.com\/vi\/wp-json\/wp\/v2\/product_tag?post=8119"}],"curies":[{"name":"trang web","href":"https:\/\/api.w.org\/{rel}","templated":true}]}}