{"id":8126,"date":"2024-07-24T01:00:25","date_gmt":"2024-07-24T01:00:25","guid":{"rendered":"https:\/\/imiapower.com\/?post_type=product&#038;p=8126"},"modified":"2024-08-16T12:59:42","modified_gmt":"2024-08-16T12:59:42","slug":"travel-multi-adapter","status":"publish","type":"product","link":"https:\/\/imiapower.com\/vi\/products\/travel-adapter\/travel-multi-adapter\/","title":{"rendered":"B\u1ed9 chuy\u1ec3n \u0111\u1ed5i \u0111a n\u0103ng du l\u1ecbch 20w gi\u00e1 r\u1ebb t\u1eeb Trung Qu\u1ed1c"},"content":{"rendered":"<ul>\n<li><strong>du l\u1ecbch \u0111a adapter<\/strong><\/li>\n<li><strong>\u0110\u1ea7u v\u00e0o:<\/strong> 110-240V\/0,8A AC 50\/60Hz<\/li>\n<li><strong>\u0110\u1ea7u ra lo\u1ea1i C:<\/strong> 5V 3A,9V 2.22A,12V 67A(T\u1ed1i \u0111a 20W)<\/li>\n<li><strong>\u0110\u1ea7u ra QC 3.0:<\/strong>5V 3A,9V 2A 12V1.5A(T\u1ed1i \u0111a 18W)<\/li>\n<li><strong>USB1+USB2:<\/strong> 5V 2.4A(T\u1ed1i \u0111a 12W)<\/li>\n<li><strong>Lo\u1ea1i C+USB1:<\/strong> 5V 3.6A<\/li>\n<li><strong>Lo\u1ea1i C+USB1+USB2+USB3:<\/strong> 5V 4A(T\u1ed1i \u0111a 20W)<\/li>\n<li><strong>S\u1ef1 b\u1ea3o \u0111\u1ea3m:<\/strong> 1 n\u0103m<\/li>\n<li><strong>Nh\u1eadn x\u00e9t:<\/strong> Ch\u1ec9 s\u1eed d\u1ee5ng trong nh\u00e0<\/li>\n<\/ul>\n<p>&nbsp;<\/p>","protected":false},"excerpt":{"rendered":"<p>B\u1ed9 chuy\u1ec3n \u0111\u1ed5i \u0111a n\u0103ng du l\u1ecbch l\u00e0 b\u1ed9 chuy\u1ec3n \u0111\u1ed5i du l\u1ecbch c\u00f3 nhi\u1ec1u c\u1ed5ng s\u1ea1c v\u00e0 c\u00f3 c\u00f4ng su\u1ea5t l\u00ean t\u1edbi 20 watt, ph\u00f9 h\u1ee3p \u0111\u1ec3 s\u1ea1c \u0111i\u1ec7n tho\u1ea1i th\u00f4ng minh, m\u00e1y t\u00ednh b\u1ea3ng v\u00e0 c\u00e1c thi\u1ebft b\u1ecb \u0111i\u1ec7n t\u1eed nh\u1ecf kh\u00e1c m\u1ed9t c\u00e1ch hi\u1ec7u qu\u1ea3.<\/p>\n<p>H\u1ed7 tr\u1ee3 c\u00e1c c\u00f4ng ngh\u1ec7 s\u1ea1c nhanh nh\u01b0 USB Power Delivery (PD) v\u00e0 Qualcomm Quick Charge.<\/p>\n<p>V\u1edbi 3 \u0111\u1ea7u c\u1eafm USB v\u00e0 1 PD, ngu\u1ed3n \u0111i\u1ec7n m\u1ed7i c\u1ed5ng nh\u01b0 h\u00ecnh b\u00ean d\u01b0\u1edbi<br \/>\n<img decoding=\"async\" class=\"alignleft wp-image-8134 size-thumbnail\" src=\"https:\/\/imiapower.com\/wp-content\/uploads\/\u5fae\u4fe1\u56fe\u7247_20240724085807-150x150.jpg\" alt=\"du l\u1ecbch \u0111a adapter\" width=\"150\" height=\"150\" srcset=\"https:\/\/imiapower.com\/wp-content\/uploads\/\u5fae\u4fe1\u56fe\u7247_20240724085807-150x150.jpg 150w, https:\/\/imiapower.com\/wp-content\/uploads\/\u5fae\u4fe1\u56fe\u7247_20240724085807-300x300.jpg 300w, https:\/\/imiapower.com\/wp-content\/uploads\/\u5fae\u4fe1\u56fe\u7247_20240724085807-100x100.jpg 100w\" sizes=\"(max-width: 150px) 100vw, 150px\" \/><\/p>\n<p>&nbsp;<\/p>\n<p>&nbsp;<\/p>\n<p>&nbsp;<\/p>\n<p>&nbsp;<\/p>\n<p>Ch\u1ee9ng nh\u1eadn bao g\u1ed3m CE(EMS, LVD) v\u00e0 RoHS<\/p>\n<p><img decoding=\"async\" class=\"alignnone wp-image-8136 size-thumbnail\" src=\"https:\/\/imiapower.com\/wp-content\/uploads\/\u5fae\u4fe1\u56fe\u7247_20240724090158-150x150.jpg\" alt=\"DU L\u1ecaCH \u0110A CHUY\u1ec2N \u0110\u1ed4I\" width=\"150\" height=\"150\" srcset=\"https:\/\/imiapower.com\/wp-content\/uploads\/\u5fae\u4fe1\u56fe\u7247_20240724090158-150x150.jpg 150w, https:\/\/imiapower.com\/wp-content\/uploads\/\u5fae\u4fe1\u56fe\u7247_20240724090158-300x300.jpg 300w, https:\/\/imiapower.com\/wp-content\/uploads\/\u5fae\u4fe1\u56fe\u7247_20240724090158-100x100.jpg 100w\" sizes=\"(max-width: 150px) 100vw, 150px\" \/><\/p>\n<p>\u0110\u1ec3 kh\u00e1ch h\u00e0ng hi\u1ec3u c\u00e1ch s\u1eed d\u1ee5ng lo\u1ea1i \u1ed5 c\u1eafm du l\u1ecbch n\u00e0y, ch\u00fang t\u00f4i \u0111\u00e3 \u0111\u00ednh k\u00e8m h\u01b0\u1edbng d\u1eabn s\u1eed d\u1ee5ng<\/p>\n<p><img decoding=\"async\" class=\"alignnone wp-image-8137 size-thumbnail\" src=\"https:\/\/imiapower.com\/wp-content\/uploads\/\u5fae\u4fe1\u56fe\u7247_20240724090417-150x150.jpg\" alt=\"du l\u1ecbch \u0111a adapter\" width=\"150\" height=\"150\" srcset=\"https:\/\/imiapower.com\/wp-content\/uploads\/\u5fae\u4fe1\u56fe\u7247_20240724090417-150x150.jpg 150w, https:\/\/imiapower.com\/wp-content\/uploads\/\u5fae\u4fe1\u56fe\u7247_20240724090417-300x300.jpg 300w, https:\/\/imiapower.com\/wp-content\/uploads\/\u5fae\u4fe1\u56fe\u7247_20240724090417-100x100.jpg 100w\" sizes=\"(max-width: 150px) 100vw, 150px\" \/><\/p>\n<p>&nbsp;<\/p>","protected":false},"featured_media":8128,"comment_status":"open","ping_status":"closed","template":"","meta":{"rank_math_lock_modified_date":false,"site-sidebar-layout":"default","site-content-layout":"","ast-site-content-layout":"default","site-content-style":"default","site-sidebar-style":"default","ast-global-header-display":"","ast-banner-title-visibility":"","ast-main-header-display":"","ast-hfb-above-header-display":"","ast-hfb-below-header-display":"","ast-hfb-mobile-header-display":"","site-post-title":"","ast-breadcrumbs-content":"","ast-featured-img":"","footer-sml-layout":"","ast-disable-related-posts":"","theme-transparent-header-meta":"default","adv-header-id-meta":"","stick-header-meta":"","header-above-stick-meta":"","header-main-stick-meta":"","header-below-stick-meta":"","astra-migrate-meta-layouts":"set","ast-page-background-enabled":"default","ast-page-background-meta":{"desktop":{"background-color":"","background-image":"","background-repeat":"repeat","background-position":"center center","background-size":"auto","background-attachment":"scroll","background-type":"","background-media":"","overlay-type":"","overlay-color":"","overlay-opacity":"","overlay-gradient":""},"tablet":{"background-color":"","background-image":"","background-repeat":"repeat","background-position":"center center","background-size":"auto","background-attachment":"scroll","background-type":"","background-media":"","overlay-type":"","overlay-color":"","overlay-opacity":"","overlay-gradient":""},"mobile":{"background-color":"","background-image":"","background-repeat":"repeat","background-position":"center center","background-size":"auto","background-attachment":"scroll","background-type":"","background-media":"","overlay-type":"","overlay-color":"","overlay-opacity":"","overlay-gradient":""}},"ast-content-background-meta":{"desktop":{"background-color":"var(--ast-global-color-5)","background-image":"","background-repeat":"repeat","background-position":"center center","background-size":"auto","background-attachment":"scroll","background-type":"","background-media":"","overlay-type":"","overlay-color":"","overlay-opacity":"","overlay-gradient":""},"tablet":{"background-color":"var(--ast-global-color-5)","background-image":"","background-repeat":"repeat","background-position":"center center","background-size":"auto","background-attachment":"scroll","background-type":"","background-media":"","overlay-type":"","overlay-color":"","overlay-opacity":"","overlay-gradient":""},"mobile":{"background-color":"var(--ast-global-color-5)","background-image":"","background-repeat":"repeat","background-position":"center center","background-size":"auto","background-attachment":"scroll","background-type":"","background-media":"","overlay-type":"","overlay-color":"","overlay-opacity":"","overlay-gradient":""}}},"product_cat":[64],"product_tag":[],"class_list":{"0":"post-8126","1":"product","2":"type-product","3":"status-publish","4":"has-post-thumbnail","6":"product_cat-travel-adapter","7":"desktop-align-center","8":"tablet-align-center","9":"mobile-align-center","11":"first","12":"instock","13":"shipping-taxable","14":"product-type-simple"},"_links":{"self":[{"href":"https:\/\/imiapower.com\/vi\/wp-json\/wp\/v2\/product\/8126","targetHints":{"allow":["GET"]}}],"collection":[{"href":"https:\/\/imiapower.com\/vi\/wp-json\/wp\/v2\/product"}],"about":[{"href":"https:\/\/imiapower.com\/vi\/wp-json\/wp\/v2\/types\/product"}],"replies":[{"embeddable":true,"href":"https:\/\/imiapower.com\/vi\/wp-json\/wp\/v2\/comments?post=8126"}],"version-history":[{"count":4,"href":"https:\/\/imiapower.com\/vi\/wp-json\/wp\/v2\/product\/8126\/revisions"}],"predecessor-version":[{"id":8287,"href":"https:\/\/imiapower.com\/vi\/wp-json\/wp\/v2\/product\/8126\/revisions\/8287"}],"wp:featuredmedia":[{"embeddable":true,"href":"https:\/\/imiapower.com\/vi\/wp-json\/wp\/v2\/media\/8128"}],"wp:attachment":[{"href":"https:\/\/imiapower.com\/vi\/wp-json\/wp\/v2\/media?parent=8126"}],"wp:term":[{"taxonomy":"product_cat","embeddable":true,"href":"https:\/\/imiapower.com\/vi\/wp-json\/wp\/v2\/product_cat?post=8126"},{"taxonomy":"product_tag","embeddable":true,"href":"https:\/\/imiapower.com\/vi\/wp-json\/wp\/v2\/product_tag?post=8126"}],"curies":[{"name":"trang web","href":"https:\/\/api.w.org\/{rel}","templated":true}]}}