{"id":8212,"date":"2024-08-01T03:32:18","date_gmt":"2024-08-01T03:32:18","guid":{"rendered":"https:\/\/imiapower.com\/?post_type=product&#038;p=8212"},"modified":"2024-08-16T10:07:26","modified_gmt":"2024-08-16T10:07:26","slug":"travel-plug-adapters","status":"publish","type":"product","link":"https:\/\/imiapower.com\/vi\/products\/travel-adapter\/travel-plug-adapters\/","title":{"rendered":"Nh\u00e0 cung c\u1ea5p b\u1ed9 chuy\u1ec3n \u0111\u1ed5i ph\u00edch c\u1eafm du l\u1ecbch m\u1ea1nh m\u1ebd 30w t\u1ea1i Trung Qu\u1ed1c"},"content":{"rendered":"<ul>\n<li><strong>b\u1ed9 chuy\u1ec3n \u0111\u1ed5i ph\u00edch c\u1eafm du l\u1ecbch<\/strong><\/li>\n<li><strong>\u0110\u1ea7u v\u00e0o AC:<\/strong>100~250V\/AC 50-60Hz<\/li>\n<li><strong>\u0110\u1ea7u ra AC:<\/strong>T\u1ed1i \u0111a 6A(660W\/100V ho\u1eb7c 1330W\/250V)<\/li>\n<li><strong>\u0110\u1ea7u ra PD:<\/strong> 5V3A\/9V3A\/12V2.5A\/15V2A\/20V1.5A (T\u1ed1i \u0111a 30W)<\/li>\n<li><strong>\u0110\u1ea7u ra QC3.0:<\/strong> 5V3A\/9V2A\/12V1.5A (T\u1ed1i \u0111a 18W)<\/li>\n<li><strong>PD+QC :<\/strong> 5V 4A (T\u1ed1i \u0111a 20W)<\/li>\n<li><strong>K\u00edch c\u1ee1:<\/strong>50x70x55mm<\/li>\n<li><strong>V\u1eadt li\u1ec7u:<\/strong> PC nung + kim lo\u1ea1i \u0111\u1ed3ng + cao su D\u1ea7u<\/li>\n<li><strong>Nh\u1eadn x\u00e9t:<\/strong> EU\/AU\/UK\/US t\u1ea5t c\u1ea3 trong m\u1ed9t c\u00f3 th\u1ec3 \u0111\u01b0\u1ee3c s\u1eed d\u1ee5ng \u1edf h\u01a1n 170 qu\u1ed1c gia<\/li>\n<li><strong>Gi\u1ea5y ch\u1ee9ng nh\u1eadn:<\/strong> CE, Rohs<\/li>\n<\/ul>","protected":false},"excerpt":{"rendered":"<p>B\u1ed9 chuy\u1ec3n \u0111\u1ed5i ph\u00edch c\u1eafm du l\u1ecbch 30w n\u00e0y c\u00f3 hai phi\u00ean b\u1ea3n, m\u1ed9t phi\u00ean b\u1ea3n c\u00f3 1 c\u1ed5ng USB-A v\u00e0 Type-C, v\u00ec m\u1ed9t s\u1ed1 kh\u00e1ch h\u00e0ng th\u00edch b\u1ed9 chuy\u1ec3n \u0111\u1ed5i du l\u1ecbch \u0111a n\u0103ng 1 c\u1ed5ng USB-A v\u00e0 1 c\u1ed5ng USB-C v\u1edbi gi\u00e1 r\u1ebb h\u01a1n v\u00e0 m\u1ed9t phi\u00ean b\u1ea3n kh\u00e1c c\u00f3 c\u1ed5ng USB-A k\u00e9p v\u00e0 c\u1ed5ng Type-C k\u00e9p c\u00f3 th\u1ec3 s\u1ea1c nhi\u1ec1u thi\u1ebft b\u1ecb c\u00f9ng l\u00fac, ch\u00fang t\u00f4i lu\u00f4n thi\u1ebft k\u1ebf s\u1ea3n ph\u1ea9m d\u1ef1a tr\u00ean xu h\u01b0\u1edbng th\u1ecb tr\u01b0\u1eddng v\u00e0 th\u00f3i quen c\u1ee7a ng\u01b0\u1eddi ti\u00eau d\u00f9ng.<\/p>\n<p>&nbsp;<\/p>","protected":false},"featured_media":8215,"comment_status":"open","ping_status":"closed","template":"","meta":{"rank_math_lock_modified_date":false,"site-sidebar-layout":"default","site-content-layout":"","ast-site-content-layout":"default","site-content-style":"default","site-sidebar-style":"default","ast-global-header-display":"","ast-banner-title-visibility":"","ast-main-header-display":"","ast-hfb-above-header-display":"","ast-hfb-below-header-display":"","ast-hfb-mobile-header-display":"","site-post-title":"","ast-breadcrumbs-content":"","ast-featured-img":"","footer-sml-layout":"","ast-disable-related-posts":"","theme-transparent-header-meta":"default","adv-header-id-meta":"","stick-header-meta":"","header-above-stick-meta":"","header-main-stick-meta":"","header-below-stick-meta":"","astra-migrate-meta-layouts":"set","ast-page-background-enabled":"default","ast-page-background-meta":{"desktop":{"background-color":"","background-image":"","background-repeat":"repeat","background-position":"center center","background-size":"auto","background-attachment":"scroll","background-type":"","background-media":"","overlay-type":"","overlay-color":"","overlay-opacity":"","overlay-gradient":""},"tablet":{"background-color":"","background-image":"","background-repeat":"repeat","background-position":"center center","background-size":"auto","background-attachment":"scroll","background-type":"","background-media":"","overlay-type":"","overlay-color":"","overlay-opacity":"","overlay-gradient":""},"mobile":{"background-color":"","background-image":"","background-repeat":"repeat","background-position":"center center","background-size":"auto","background-attachment":"scroll","background-type":"","background-media":"","overlay-type":"","overlay-color":"","overlay-opacity":"","overlay-gradient":""}},"ast-content-background-meta":{"desktop":{"background-color":"var(--ast-global-color-5)","background-image":"","background-repeat":"repeat","background-position":"center center","background-size":"auto","background-attachment":"scroll","background-type":"","background-media":"","overlay-type":"","overlay-color":"","overlay-opacity":"","overlay-gradient":""},"tablet":{"background-color":"var(--ast-global-color-5)","background-image":"","background-repeat":"repeat","background-position":"center center","background-size":"auto","background-attachment":"scroll","background-type":"","background-media":"","overlay-type":"","overlay-color":"","overlay-opacity":"","overlay-gradient":""},"mobile":{"background-color":"var(--ast-global-color-5)","background-image":"","background-repeat":"repeat","background-position":"center center","background-size":"auto","background-attachment":"scroll","background-type":"","background-media":"","overlay-type":"","overlay-color":"","overlay-opacity":"","overlay-gradient":""}}},"product_cat":[64],"product_tag":[],"class_list":{"0":"post-8212","1":"product","2":"type-product","3":"status-publish","4":"has-post-thumbnail","6":"product_cat-travel-adapter","7":"desktop-align-center","8":"tablet-align-center","9":"mobile-align-center","11":"first","12":"instock","13":"shipping-taxable","14":"product-type-simple"},"_links":{"self":[{"href":"https:\/\/imiapower.com\/vi\/wp-json\/wp\/v2\/product\/8212","targetHints":{"allow":["GET"]}}],"collection":[{"href":"https:\/\/imiapower.com\/vi\/wp-json\/wp\/v2\/product"}],"about":[{"href":"https:\/\/imiapower.com\/vi\/wp-json\/wp\/v2\/types\/product"}],"replies":[{"embeddable":true,"href":"https:\/\/imiapower.com\/vi\/wp-json\/wp\/v2\/comments?post=8212"}],"version-history":[{"count":3,"href":"https:\/\/imiapower.com\/vi\/wp-json\/wp\/v2\/product\/8212\/revisions"}],"predecessor-version":[{"id":8284,"href":"https:\/\/imiapower.com\/vi\/wp-json\/wp\/v2\/product\/8212\/revisions\/8284"}],"wp:featuredmedia":[{"embeddable":true,"href":"https:\/\/imiapower.com\/vi\/wp-json\/wp\/v2\/media\/8215"}],"wp:attachment":[{"href":"https:\/\/imiapower.com\/vi\/wp-json\/wp\/v2\/media?parent=8212"}],"wp:term":[{"taxonomy":"product_cat","embeddable":true,"href":"https:\/\/imiapower.com\/vi\/wp-json\/wp\/v2\/product_cat?post=8212"},{"taxonomy":"product_tag","embeddable":true,"href":"https:\/\/imiapower.com\/vi\/wp-json\/wp\/v2\/product_tag?post=8212"}],"curies":[{"name":"trang web","href":"https:\/\/api.w.org\/{rel}","templated":true}]}}