{"id":8219,"date":"2024-08-01T07:40:56","date_gmt":"2024-08-01T07:40:56","guid":{"rendered":"https:\/\/imiapower.com\/?post_type=product&#038;p=8219"},"modified":"2024-11-12T10:05:11","modified_gmt":"2024-11-12T10:05:11","slug":"travel-adapters","status":"publish","type":"product","link":"https:\/\/imiapower.com\/vi\/products\/travel-adapter\/travel-adapters\/","title":{"rendered":"Gi\u1ea3m gi\u00e1 b\u1ed9 chuy\u1ec3n \u0111\u1ed5i du l\u1ecbch 12w b\u00e1n bu\u00f4n"},"content":{"rendered":"<ul>\n<li><strong>b\u1ed9 chuy\u1ec3n \u0111\u1ed5i du l\u1ecbch<\/strong><\/li>\n<li><strong>\u0110\u1ea7u v\u00e0o AC:<\/strong>100~250V\/AC 50-60Hz<\/li>\n<li><strong>\u0110\u1ea7u ra AC:<\/strong>T\u1ed1i \u0111a 6A(660W\/100V ho\u1eb7c 1330W\/250V)<\/li>\n<li><strong>\u0110\u1ea7u ra USB1+USB2+USB3 +Lo\u1ea1i C:<\/strong>5V \/2400mA<\/li>\n<li><strong>K\u00edch c\u1ee1:<\/strong>50x70x55mm<\/li>\n<li><strong>\u00a0V\u1eadt li\u1ec7u:<\/strong> PC nung + kim lo\u1ea1i Cooper<\/li>\n<li><strong>Nh\u1eadn x\u00e9t:<\/strong> EU\/AU\/UK\/US t\u1ea5t c\u1ea3 trong m\u1ed9t c\u00f3 th\u1ec3 \u0111\u01b0\u1ee3c s\u1eed d\u1ee5ng \u1edf h\u01a1n 170 qu\u1ed1c gia<\/li>\n<li><strong>\u00a0Gi\u1ea5y ch\u1ee9ng nh\u1eadn:<\/strong> CE, Rohs<\/li>\n<\/ul>","protected":false},"excerpt":{"rendered":"<p>B\u1ed9 chuy\u1ec3n \u0111\u1ed5i du l\u1ecbch n\u00e0y l\u00e0 phi\u00ean b\u1ea3n \u0111\u1ea7u ti\u00ean, c\u00f3 c\u00f9ng n\u1eafp \u0111\u1eady, ch\u00fang t\u00f4i \u0111\u00e3 ph\u00e1t tri\u1ec3n lo\u1ea1i 20w v\u00e0 30w, d\u00e0nh cho nh\u1eefng chuy\u1ebfn c\u00f4ng t\u00e1c, m\u1ecdi ng\u01b0\u1eddi lu\u00f4n th\u00edch mang theo b\u1ed9 chuy\u1ec3n \u0111\u1ed5i k\u00edch th\u01b0\u1edbc nh\u1ecf \u0111\u1ec3 v\u1eeba v\u1edbi t\u00fai \u0111\u1ef1ng \u0111\u1ed3 c\u1ee7a m\u00ecnh.<\/p>\n<p>Ph\u00edch c\u1eafm du l\u1ecbch \u0111a n\u0103ng 12w kh\u00f4ng c\u00f2n ph\u1ed5 bi\u1ebfn n\u1eefa v\u00ec kh\u00f4ng c\u00f3 ch\u1ee9c n\u0103ng s\u1ea1c nhanh PD, tuy nhi\u00ean v\u00ec gi\u00e1 th\u00e0nh r\u1ebb n\u00ean c\u0169ng c\u00f3 m\u1ed9t s\u1ed1 ng\u01b0\u1eddi ti\u00eau d\u00f9ng l\u1ef1a ch\u1ecdn s\u1ea3n ph\u1ea9m n\u00e0y.<\/p>\n<p>&nbsp;<\/p>\n<p>&nbsp;<\/p>\n<p>&nbsp;<\/p>","protected":false},"featured_media":8232,"comment_status":"open","ping_status":"closed","template":"","meta":{"rank_math_lock_modified_date":false,"site-sidebar-layout":"default","site-content-layout":"","ast-site-content-layout":"default","site-content-style":"default","site-sidebar-style":"default","ast-global-header-display":"","ast-banner-title-visibility":"","ast-main-header-display":"","ast-hfb-above-header-display":"","ast-hfb-below-header-display":"","ast-hfb-mobile-header-display":"","site-post-title":"","ast-breadcrumbs-content":"","ast-featured-img":"","footer-sml-layout":"","ast-disable-related-posts":"","theme-transparent-header-meta":"default","adv-header-id-meta":"","stick-header-meta":"","header-above-stick-meta":"","header-main-stick-meta":"","header-below-stick-meta":"","astra-migrate-meta-layouts":"set","ast-page-background-enabled":"default","ast-page-background-meta":{"desktop":{"background-color":"","background-image":"","background-repeat":"repeat","background-position":"center center","background-size":"auto","background-attachment":"scroll","background-type":"","background-media":"","overlay-type":"","overlay-color":"","overlay-opacity":"","overlay-gradient":""},"tablet":{"background-color":"","background-image":"","background-repeat":"repeat","background-position":"center center","background-size":"auto","background-attachment":"scroll","background-type":"","background-media":"","overlay-type":"","overlay-color":"","overlay-opacity":"","overlay-gradient":""},"mobile":{"background-color":"","background-image":"","background-repeat":"repeat","background-position":"center center","background-size":"auto","background-attachment":"scroll","background-type":"","background-media":"","overlay-type":"","overlay-color":"","overlay-opacity":"","overlay-gradient":""}},"ast-content-background-meta":{"desktop":{"background-color":"var(--ast-global-color-5)","background-image":"","background-repeat":"repeat","background-position":"center center","background-size":"auto","background-attachment":"scroll","background-type":"","background-media":"","overlay-type":"","overlay-color":"","overlay-opacity":"","overlay-gradient":""},"tablet":{"background-color":"var(--ast-global-color-5)","background-image":"","background-repeat":"repeat","background-position":"center center","background-size":"auto","background-attachment":"scroll","background-type":"","background-media":"","overlay-type":"","overlay-color":"","overlay-opacity":"","overlay-gradient":""},"mobile":{"background-color":"var(--ast-global-color-5)","background-image":"","background-repeat":"repeat","background-position":"center center","background-size":"auto","background-attachment":"scroll","background-type":"","background-media":"","overlay-type":"","overlay-color":"","overlay-opacity":"","overlay-gradient":""}}},"product_cat":[64],"product_tag":[],"class_list":{"0":"post-8219","1":"product","2":"type-product","3":"status-publish","4":"has-post-thumbnail","6":"product_cat-travel-adapter","7":"desktop-align-center","8":"tablet-align-center","9":"mobile-align-center","11":"first","12":"instock","13":"shipping-taxable","14":"product-type-simple"},"_links":{"self":[{"href":"https:\/\/imiapower.com\/vi\/wp-json\/wp\/v2\/product\/8219","targetHints":{"allow":["GET"]}}],"collection":[{"href":"https:\/\/imiapower.com\/vi\/wp-json\/wp\/v2\/product"}],"about":[{"href":"https:\/\/imiapower.com\/vi\/wp-json\/wp\/v2\/types\/product"}],"replies":[{"embeddable":true,"href":"https:\/\/imiapower.com\/vi\/wp-json\/wp\/v2\/comments?post=8219"}],"version-history":[{"count":4,"href":"https:\/\/imiapower.com\/vi\/wp-json\/wp\/v2\/product\/8219\/revisions"}],"predecessor-version":[{"id":8282,"href":"https:\/\/imiapower.com\/vi\/wp-json\/wp\/v2\/product\/8219\/revisions\/8282"}],"wp:featuredmedia":[{"embeddable":true,"href":"https:\/\/imiapower.com\/vi\/wp-json\/wp\/v2\/media\/8232"}],"wp:attachment":[{"href":"https:\/\/imiapower.com\/vi\/wp-json\/wp\/v2\/media?parent=8219"}],"wp:term":[{"taxonomy":"product_cat","embeddable":true,"href":"https:\/\/imiapower.com\/vi\/wp-json\/wp\/v2\/product_cat?post=8219"},{"taxonomy":"product_tag","embeddable":true,"href":"https:\/\/imiapower.com\/vi\/wp-json\/wp\/v2\/product_tag?post=8219"}],"curies":[{"name":"trang web","href":"https:\/\/api.w.org\/{rel}","templated":true}]}}