{"id":8303,"date":"2025-02-23T01:12:15","date_gmt":"2025-02-23T01:12:15","guid":{"rendered":"https:\/\/imiapower.com\/?post_type=product&#038;p=8303"},"modified":"2025-03-27T07:40:48","modified_gmt":"2025-03-27T07:40:48","slug":"140w-travel-adapter","status":"publish","type":"product","link":"https:\/\/imiapower.com\/vi\/products\/travel-adapter\/140w-travel-adapter\/","title":{"rendered":"B\u1ed9 \u0111\u1ed5i ngu\u1ed3n du l\u1ecbch 140w m\u1ea1nh m\u1ebd t\u1eeb Trung Qu\u1ed1c"},"content":{"rendered":"<ul>\n<li><strong>\u00a0B\u1ed9 chuy\u1ec3n \u0111\u1ed5i du l\u1ecbch 140w<\/strong><\/li>\n<li><strong>\u0110\u1ea7u v\u00e0o AC:<\/strong>100~250V\/AC 50-60Hz 0,8A<\/li>\n<li><strong>C\u00f4ng su\u1ea5t \u0111\u1ecbnh m\u1ee9c:<\/strong>T\u1ed1i \u0111a 10A (1100W\/110V ho\u1eb7c 2500W\/250V)<\/li>\n<li><strong>\u0110\u1ea7u ra USB:<\/strong> 5V3A\/9V2A\/12V 1.5A (T\u1ed1i \u0111a 18W)<\/li>\n<li><strong>\u0110\u1ea7u ra th\u00f4ng minh lo\u1ea1i C3\/C4:<\/strong> 5V3.4A<\/li>\n<li><strong>\u0110\u1ea7u ra lo\u1ea1i C1:<\/strong> \u00a05V3A \/ 9V3A \/ 12V3A \/ 15V3A \/ 20V5A \/ 28V5A 140W PPS:5-21V 5A<\/li>\n<li><strong>Lo\u1ea1i C2\uff1a<\/strong>5V3A \/ 9V3A \/ 12V3A \/ 15V3A \/ 20V5A 100W PPS:5-21V 5A<\/li>\n<li><strong>C1+C2: <\/strong>100W+35W<\/li>\n<li><strong>K\u00edch c\u1ee1: <\/strong>90*50,5*57mm<\/li>\n<li><strong>Gi\u1ea5y ch\u1ee9ng nh\u1eadn:<\/strong> UKCA, CE<\/li>\n<\/ul>","protected":false},"excerpt":{"rendered":"<p><img fetchpriority=\"high\" decoding=\"async\" class=\"alignnone wp-image-8646 size-full\" src=\"https:\/\/imiapower.com\/wp-content\/uploads\/Universal-Travel-Adapter-1.jpg\" alt=\"B\u1ed9 chuy\u1ec3n \u0111\u1ed5i du l\u1ecbch 140w\" width=\"800\" height=\"800\" srcset=\"https:\/\/imiapower.com\/wp-content\/uploads\/Universal-Travel-Adapter-1.jpg 800w, https:\/\/imiapower.com\/wp-content\/uploads\/Universal-Travel-Adapter-1-300x300.jpg 300w, https:\/\/imiapower.com\/wp-content\/uploads\/Universal-Travel-Adapter-1-100x100.jpg 100w, https:\/\/imiapower.com\/wp-content\/uploads\/Universal-Travel-Adapter-1-600x600.jpg 600w, https:\/\/imiapower.com\/wp-content\/uploads\/Universal-Travel-Adapter-1-64x64.jpg 64w, https:\/\/imiapower.com\/wp-content\/uploads\/Universal-Travel-Adapter-1-150x150.jpg 150w, https:\/\/imiapower.com\/wp-content\/uploads\/Universal-Travel-Adapter-1-768x768.jpg 768w, https:\/\/imiapower.com\/wp-content\/uploads\/Universal-Travel-Adapter-1-12x12.jpg 12w\" sizes=\"(max-width: 800px) 100vw, 800px\" \/><\/p>\n<p><img decoding=\"async\" class=\"alignnone wp-image-8647 size-full\" src=\"https:\/\/imiapower.com\/wp-content\/uploads\/Universal-Travel-Adapter.jpg\" alt=\"B\u1ed9 chuy\u1ec3n \u0111\u1ed5i du l\u1ecbch 140w\" width=\"800\" height=\"800\" srcset=\"https:\/\/imiapower.com\/wp-content\/uploads\/Universal-Travel-Adapter.jpg 800w, https:\/\/imiapower.com\/wp-content\/uploads\/Universal-Travel-Adapter-300x300.jpg 300w, https:\/\/imiapower.com\/wp-content\/uploads\/Universal-Travel-Adapter-100x100.jpg 100w, https:\/\/imiapower.com\/wp-content\/uploads\/Universal-Travel-Adapter-600x600.jpg 600w, https:\/\/imiapower.com\/wp-content\/uploads\/Universal-Travel-Adapter-64x64.jpg 64w, https:\/\/imiapower.com\/wp-content\/uploads\/Universal-Travel-Adapter-150x150.jpg 150w, https:\/\/imiapower.com\/wp-content\/uploads\/Universal-Travel-Adapter-768x768.jpg 768w, https:\/\/imiapower.com\/wp-content\/uploads\/Universal-Travel-Adapter-12x12.jpg 12w\" sizes=\"(max-width: 800px) 100vw, 800px\" \/><\/p>\n<p>B\u1ed9 chuy\u1ec3n \u0111\u1ed5i du l\u1ecbch 140w t\u0103ng nhu c\u1ea7u v\u00ec c\u00e1c m\u1eabu hi\u1ec7u su\u1ea5t cao t\u1eeb c\u00e1c th\u01b0\u01a1ng hi\u1ec7u nh\u01b0 Apple, Dell v\u00e0 HP, ng\u00e0y c\u00e0ng y\u00eau c\u1ea7u 100W tr\u1edf l\u00ean \u0111\u1ec3 s\u1ea1c nhanh. C\u00e1c b\u1ed9 chuy\u1ec3n \u0111\u1ed5i c\u00f4ng su\u1ea5t cao h\u01a1n h\u1ed7 tr\u1ee3 c\u00e1c thi\u1ebft b\u1ecb n\u00e0y hi\u1ec7u qu\u1ea3 h\u01a1n, \u0111\u1ed1i v\u1edbi c\u00e1c doanh nh\u00e2n \u0111i c\u00f4ng t\u00e1c \u0111\u1ebfn c\u00e1c qu\u1ed1c gia kh\u00e1c nhau, th\u1eddi gian l\u00e0 ti\u1ec1n b\u1ea1c, h\u1ecd c\u1ea7n c\u00e1c thi\u1ebft b\u1ecb nh\u01b0 m\u00e1y t\u00ednh x\u00e1ch tay, \u0111i\u1ec7n tho\u1ea1i th\u00f4ng minh v\u00e0 m\u00e1y t\u00ednh x\u00e1ch tay s\u1ea1c hi\u1ec7u qu\u1ea3 \u0111\u1ec3 th\u1ef1c hi\u1ec7n c\u00f4ng vi\u1ec7c c\u1ee7a h\u1ecd<\/p>\n<p>V\u1edbi vi\u1ec7c Li\u00ean minh Ch\u00e2u \u00c2u y\u00eau c\u1ea7u USB-C l\u00e0 c\u1ed5ng s\u1ea1c ti\u00eau chu\u1ea9n cho c\u00e1c thi\u1ebft b\u1ecb \u0111i\u1ec7n t\u1eed, vi\u1ec7c \u00e1p d\u1ee5ng d\u1ef1 ki\u1ebfn s\u1ebd t\u0103ng tr\u00ean to\u00e0n c\u1ea7u, b\u1ed9 chuy\u1ec3n \u0111\u1ed5i c\u00f3 4 c\u1ed5ng s\u1ea1c USB-C n\u00e0y c\u00f3 th\u1ec3 \u0111\u00e1p \u1ee9ng nhu c\u1ea7u s\u1ea1c c\u1ee7a ng\u01b0\u1eddi ti\u00eau d\u00f9ng<\/p>\n<p>Ng\u01b0\u1eddi ti\u00eau d\u00f9ng \u0111ang t\u00ecm ki\u1ebfm c\u00e1c gi\u1ea3i ph\u00e1p t\u1ed1i gi\u1ea3n cho ph\u00e9p h\u1ecd mang theo m\u1ed9t b\u1ed9 chuy\u1ec3n \u0111\u1ed5i duy nh\u1ea5t cho t\u1ea5t c\u1ea3 c\u00e1c thi\u1ebft b\u1ecb c\u1ee7a m\u00ecnh, \u0111\u1eb7c bi\u1ec7t l\u00e0 khi \u0111i du l\u1ecbch. B\u1ed9 chuy\u1ec3n \u0111\u1ed5i 140W c\u00f3 th\u1ec3 thay th\u1ebf nhi\u1ec1u b\u1ed9 chuy\u1ec3n \u0111\u1ed5i, khi\u1ebfn n\u00f3 tr\u1edf n\u00ean h\u1ea5p d\u1eabn \u0111\u1ed1i v\u1edbi nh\u1eefng ng\u01b0\u1eddi th\u01b0\u1eddng xuy\u00ean \u0111i du l\u1ecbch, bao g\u1ed3m c\u1ea3 kh\u00e1ch du l\u1ecbch c\u00f4ng t\u00e1c v\u00e0 kh\u00e1ch du l\u1ecbch<\/p>\n<p>C\u00f4ng ngh\u1ec7 GaN l\u00e0m cho thi\u1ebft k\u1ebf n\u00e0y tr\u1edf th\u00e0nh b\u1ed9 chuy\u1ec3n \u0111\u1ed5i du l\u1ecbch 140W m\u00e0 kh\u00f4ng c\u00f3 k\u00edch th\u01b0\u1edbc qu\u00e1 l\u1edbn, n\u00f3 di \u0111\u1ed9ng v\u00e0 ti\u1ebft ki\u1ec7m n\u0103ng l\u01b0\u1ee3ng, \u0111\u00e2y l\u00e0 thi\u1ebft b\u1ecb s\u1ea1c c\u00f3 gi\u00e1 tr\u1ecb khi ng\u01b0\u1eddi ti\u00eau d\u00f9ng \u0111i du l\u1ecbch \u0111\u1ebfn c\u00e1c qu\u1ed1c gia kh\u00e1c nhau<\/p>\n<p>&nbsp;<\/p>","protected":false},"featured_media":8309,"comment_status":"open","ping_status":"closed","template":"","meta":{"rank_math_lock_modified_date":false,"site-sidebar-layout":"default","site-content-layout":"","ast-site-content-layout":"default","site-content-style":"default","site-sidebar-style":"default","ast-global-header-display":"","ast-banner-title-visibility":"","ast-main-header-display":"","ast-hfb-above-header-display":"","ast-hfb-below-header-display":"","ast-hfb-mobile-header-display":"","site-post-title":"","ast-breadcrumbs-content":"","ast-featured-img":"","footer-sml-layout":"","ast-disable-related-posts":"","theme-transparent-header-meta":"default","adv-header-id-meta":"","stick-header-meta":"","header-above-stick-meta":"","header-main-stick-meta":"","header-below-stick-meta":"","astra-migrate-meta-layouts":"set","ast-page-background-enabled":"default","ast-page-background-meta":{"desktop":{"background-color":"","background-image":"","background-repeat":"repeat","background-position":"center center","background-size":"auto","background-attachment":"scroll","background-type":"","background-media":"","overlay-type":"","overlay-color":"","overlay-opacity":"","overlay-gradient":""},"tablet":{"background-color":"","background-image":"","background-repeat":"repeat","background-position":"center center","background-size":"auto","background-attachment":"scroll","background-type":"","background-media":"","overlay-type":"","overlay-color":"","overlay-opacity":"","overlay-gradient":""},"mobile":{"background-color":"","background-image":"","background-repeat":"repeat","background-position":"center center","background-size":"auto","background-attachment":"scroll","background-type":"","background-media":"","overlay-type":"","overlay-color":"","overlay-opacity":"","overlay-gradient":""}},"ast-content-background-meta":{"desktop":{"background-color":"var(--ast-global-color-5)","background-image":"","background-repeat":"repeat","background-position":"center center","background-size":"auto","background-attachment":"scroll","background-type":"","background-media":"","overlay-type":"","overlay-color":"","overlay-opacity":"","overlay-gradient":""},"tablet":{"background-color":"var(--ast-global-color-5)","background-image":"","background-repeat":"repeat","background-position":"center center","background-size":"auto","background-attachment":"scroll","background-type":"","background-media":"","overlay-type":"","overlay-color":"","overlay-opacity":"","overlay-gradient":""},"mobile":{"background-color":"var(--ast-global-color-5)","background-image":"","background-repeat":"repeat","background-position":"center center","background-size":"auto","background-attachment":"scroll","background-type":"","background-media":"","overlay-type":"","overlay-color":"","overlay-opacity":"","overlay-gradient":""}}},"product_cat":[64],"product_tag":[],"class_list":{"0":"post-8303","1":"product","2":"type-product","3":"status-publish","4":"has-post-thumbnail","6":"product_cat-travel-adapter","7":"desktop-align-center","8":"tablet-align-center","9":"mobile-align-center","11":"first","12":"instock","13":"featured","14":"shipping-taxable","15":"product-type-simple"},"_links":{"self":[{"href":"https:\/\/imiapower.com\/vi\/wp-json\/wp\/v2\/product\/8303","targetHints":{"allow":["GET"]}}],"collection":[{"href":"https:\/\/imiapower.com\/vi\/wp-json\/wp\/v2\/product"}],"about":[{"href":"https:\/\/imiapower.com\/vi\/wp-json\/wp\/v2\/types\/product"}],"replies":[{"embeddable":true,"href":"https:\/\/imiapower.com\/vi\/wp-json\/wp\/v2\/comments?post=8303"}],"version-history":[{"count":8,"href":"https:\/\/imiapower.com\/vi\/wp-json\/wp\/v2\/product\/8303\/revisions"}],"predecessor-version":[{"id":8312,"href":"https:\/\/imiapower.com\/vi\/wp-json\/wp\/v2\/product\/8303\/revisions\/8312"}],"wp:featuredmedia":[{"embeddable":true,"href":"https:\/\/imiapower.com\/vi\/wp-json\/wp\/v2\/media\/8309"}],"wp:attachment":[{"href":"https:\/\/imiapower.com\/vi\/wp-json\/wp\/v2\/media?parent=8303"}],"wp:term":[{"taxonomy":"product_cat","embeddable":true,"href":"https:\/\/imiapower.com\/vi\/wp-json\/wp\/v2\/product_cat?post=8303"},{"taxonomy":"product_tag","embeddable":true,"href":"https:\/\/imiapower.com\/vi\/wp-json\/wp\/v2\/product_tag?post=8303"}],"curies":[{"name":"trang web","href":"https:\/\/api.w.org\/{rel}","templated":true}]}}