{"id":8314,"date":"2025-02-20T01:34:46","date_gmt":"2025-02-20T01:34:46","guid":{"rendered":"https:\/\/imiapower.com\/?post_type=product&#038;p=8314"},"modified":"2025-06-13T07:24:28","modified_gmt":"2025-06-13T07:24:28","slug":"universal-travel-plug-adaptor","status":"publish","type":"product","link":"https:\/\/imiapower.com\/vi\/products\/travel-adapter\/universal-travel-plug-adaptor\/","title":{"rendered":"B\u1ed9 chuy\u1ec3n \u0111\u1ed5i ph\u00edch c\u1eafm du l\u1ecbch ph\u1ed5 bi\u1ebfn b\u00e1n bu\u00f4n"},"content":{"rendered":"<ul>\n<li><strong> B\u1ed9 chuy\u1ec3n \u0111\u1ed5i ph\u00edch c\u1eafm du l\u1ecbch \u0111a n\u0103ng<\/strong><\/li>\n<li><strong>\u0110\u1ea7u v\u00e0o AC:<\/strong>100~250V\/AC 50-60Hz 0,8A<\/li>\n<li><strong>C\u00f4ng su\u1ea5t \u0111\u1ecbnh m\u1ee9c:<\/strong>T\u1ed1i \u0111a 10A (1100W\/110V ho\u1eb7c 2500W\/250V)<\/li>\n<li><strong>\u0110\u1ea7u ra USB:<\/strong>5V3A\/9V2A\/12V 1.5A (T\u1ed1i \u0111a 18W)<\/li>\n<li><strong>\u0110\u1ea7u ra th\u00f4ng minh lo\u1ea1i C3\/C4:<\/strong>5V3.4A<\/li>\n<li><strong>\u0110\u1ea7u ra lo\u1ea1i C1:<\/strong> 5V3A \/ 9V3A \/ 12V3A \/ 15V3A \/ 20V5A 100W PPS:5-21V 5A<\/li>\n<li><strong>\u0110\u1ea7u ra lo\u1ea1i C2:<\/strong>5V3A \/ 9V3A \/ 12V3A \/ 15V3A \/ 20V5A 100W PPS:5-21V 5A<\/li>\n<li><strong>K\u00edch c\u1ee1:<\/strong>90*50,5*57mm<\/li>\n<li><strong>Gi\u1ea5y ch\u1ee9ng nh\u1eadn: <\/strong>UKCA, CE<\/li>\n<\/ul>","protected":false},"excerpt":{"rendered":"<p><img fetchpriority=\"high\" decoding=\"async\" class=\"alignnone wp-image-9256 size-full\" src=\"https:\/\/imiapower.com\/wp-content\/uploads\/2-2.jpg\" alt=\"b\u1ed9 chuy\u1ec3n \u0111\u1ed5i du l\u1ecbch \u0111a n\u0103ng\" width=\"800\" height=\"800\" srcset=\"https:\/\/imiapower.com\/wp-content\/uploads\/2-2.jpg 800w, https:\/\/imiapower.com\/wp-content\/uploads\/2-2-300x300.jpg 300w, https:\/\/imiapower.com\/wp-content\/uploads\/2-2-150x150.jpg 150w, https:\/\/imiapower.com\/wp-content\/uploads\/2-2-768x768.jpg 768w, https:\/\/imiapower.com\/wp-content\/uploads\/2-2-12x12.jpg 12w, https:\/\/imiapower.com\/wp-content\/uploads\/2-2-600x600.jpg 600w, https:\/\/imiapower.com\/wp-content\/uploads\/2-2-100x100.jpg 100w, https:\/\/imiapower.com\/wp-content\/uploads\/2-2-64x64.jpg 64w\" sizes=\"(max-width: 800px) 100vw, 800px\" \/><\/p>\n<p>\u0110\u1ed1i v\u1edbi c\u00f9ng thi\u1ebft k\u1ebf v\u1ecf n\u00e0y, ch\u00fang t\u00f4i c\u00f3 hai l\u1ef1a ch\u1ecdn c\u00f4ng su\u1ea5t kh\u00e1c nhau, m\u1ed9t l\u00e0 100w v\u00e0 m\u1ed9t l\u00e0 140w theo xu h\u01b0\u1edbng th\u1ecb tr\u01b0\u1eddng v\u00e0 gi\u00fap ng\u01b0\u1eddi ti\u00eau d\u00f9ng c\u00f3 \u0111\u01b0\u1ee3c tr\u1ea3i nghi\u1ec7m s\u1ea1c t\u1ed1t nh\u1ea5t.<\/p>\n<p>B\u1ed9 chuy\u1ec3n \u0111\u1ed5i ph\u00edch c\u1eafm du l\u1ecbch \u0111a n\u0103ng lu\u00f4n t\u01b0\u01a1ng th\u00edch v\u1edbi h\u01a1n 170 qu\u1ed1c gia, v\u1edbi c\u00e1c \u1ed5 c\u1eafm JP\/US, AUS, EU v\u00e0 UK<\/p>\n<p>Nh\u00e0 m\u00e1y c\u1ee7a ch\u00fang t\u00f4i lu\u00f4n s\u1eed d\u1ee5ng PC \u0111\u00e3 qua s\u1eed d\u1ee5ng \u0111\u1ec3 s\u1ea3n xu\u1ea5t b\u1ed9 chuy\u1ec3n \u0111\u1ed5i du l\u1ecbch cao c\u1ea5p, thi\u1ebft k\u1ebf c\u00f4ng ngh\u1ec7 GaN v\u00e0 b\u1ea3o v\u1ec7 c\u1ea7u ch\u00ec k\u00e9p<\/p>\n<p>B\u1ed9 chuy\u1ec3n \u0111\u1ed5i du l\u1ecbch \u0111a n\u0103ng l\u00e0 thi\u1ebft b\u1ecb s\u1ea1c c\u00f3 kh\u1ea3 n\u0103ng k\u1ebft n\u1ed1i to\u00e0n c\u1ea7u, t\u01b0\u01a1ng th\u00edch r\u1ed9ng v\u00e0 l\u00e0 l\u1ef1a ch\u1ecdn t\u1ed1t cho nh\u1eefng doanh nh\u00e2n \u0111i c\u00f4ng t\u00e1c n\u01b0\u1edbc ngo\u00e0i.<\/p>\n<p>B\u1ed9 chuy\u1ec3n \u0111\u1ed5i \u0111a n\u0103ng 100W \u0111i k\u00e8m v\u1edbi c\u1ed5ng s\u1ea1c USB-A v\u00e0 USB-C, cho ph\u00e9p b\u1ea1n s\u1ea1c \u0111i\u1ec7n tho\u1ea1i th\u00f4ng minh, m\u00e1y t\u00ednh b\u1ea3ng ho\u1eb7c c\u00e1c thi\u1ebft b\u1ecb d\u00f9ng ngu\u1ed3n USB kh\u00e1c c\u00f9ng l\u00fac<\/p>\n<p>C\u00e1c t\u00ednh n\u0103ng an to\u00e0n bao g\u1ed3m: B\u1ea3o v\u1ec7 qu\u00e1 t\u1ea3i, B\u1ea3o v\u1ec7 ng\u1eafn m\u1ea1ch, B\u1ea3o v\u1ec7 ch\u1ed1ng s\u00e9t lan truy\u1ec1n, V\u1eadt li\u1ec7u ch\u1ed1ng ch\u00e1y<\/p>\n<p>Thay v\u00ec mua b\u1ed9 chuy\u1ec3n \u0111\u1ed5i ri\u00eang cho t\u1eebng qu\u1ed1c gia b\u1ea1n \u0111\u1ebfn, b\u1ed9 chuy\u1ec3n \u0111\u1ed5i ph\u00edch c\u1eafm du l\u1ecbch \u0111a n\u0103ng gi\u00fap ti\u1ebft ki\u1ec7m ti\u1ec1n v\u1ec1 l\u00e2u d\u00e0i. \u0110\u00e2y l\u00e0 gi\u1ea3i ph\u00e1p tr\u1ecdn g\u00f3i cho chuy\u1ebfn du l\u1ecbch qu\u1ed1c t\u1ebf c\u1ee7a b\u1ea1n.<\/p>","protected":false},"featured_media":8320,"comment_status":"open","ping_status":"closed","template":"","meta":{"rank_math_lock_modified_date":false,"site-sidebar-layout":"default","site-content-layout":"","ast-site-content-layout":"default","site-content-style":"default","site-sidebar-style":"default","ast-global-header-display":"","ast-banner-title-visibility":"","ast-main-header-display":"","ast-hfb-above-header-display":"","ast-hfb-below-header-display":"","ast-hfb-mobile-header-display":"","site-post-title":"","ast-breadcrumbs-content":"","ast-featured-img":"","footer-sml-layout":"","ast-disable-related-posts":"","theme-transparent-header-meta":"default","adv-header-id-meta":"","stick-header-meta":"","header-above-stick-meta":"","header-main-stick-meta":"","header-below-stick-meta":"","astra-migrate-meta-layouts":"set","ast-page-background-enabled":"default","ast-page-background-meta":{"desktop":{"background-color":"","background-image":"","background-repeat":"repeat","background-position":"center center","background-size":"auto","background-attachment":"scroll","background-type":"","background-media":"","overlay-type":"","overlay-color":"","overlay-opacity":"","overlay-gradient":""},"tablet":{"background-color":"","background-image":"","background-repeat":"repeat","background-position":"center center","background-size":"auto","background-attachment":"scroll","background-type":"","background-media":"","overlay-type":"","overlay-color":"","overlay-opacity":"","overlay-gradient":""},"mobile":{"background-color":"","background-image":"","background-repeat":"repeat","background-position":"center center","background-size":"auto","background-attachment":"scroll","background-type":"","background-media":"","overlay-type":"","overlay-color":"","overlay-opacity":"","overlay-gradient":""}},"ast-content-background-meta":{"desktop":{"background-color":"var(--ast-global-color-5)","background-image":"","background-repeat":"repeat","background-position":"center center","background-size":"auto","background-attachment":"scroll","background-type":"","background-media":"","overlay-type":"","overlay-color":"","overlay-opacity":"","overlay-gradient":""},"tablet":{"background-color":"var(--ast-global-color-5)","background-image":"","background-repeat":"repeat","background-position":"center center","background-size":"auto","background-attachment":"scroll","background-type":"","background-media":"","overlay-type":"","overlay-color":"","overlay-opacity":"","overlay-gradient":""},"mobile":{"background-color":"var(--ast-global-color-5)","background-image":"","background-repeat":"repeat","background-position":"center center","background-size":"auto","background-attachment":"scroll","background-type":"","background-media":"","overlay-type":"","overlay-color":"","overlay-opacity":"","overlay-gradient":""}}},"product_cat":[64],"product_tag":[],"class_list":{"0":"post-8314","1":"product","2":"type-product","3":"status-publish","4":"has-post-thumbnail","6":"product_cat-travel-adapter","7":"desktop-align-center","8":"tablet-align-center","9":"mobile-align-center","11":"first","12":"instock","13":"featured","14":"shipping-taxable","15":"product-type-simple"},"_links":{"self":[{"href":"https:\/\/imiapower.com\/vi\/wp-json\/wp\/v2\/product\/8314","targetHints":{"allow":["GET"]}}],"collection":[{"href":"https:\/\/imiapower.com\/vi\/wp-json\/wp\/v2\/product"}],"about":[{"href":"https:\/\/imiapower.com\/vi\/wp-json\/wp\/v2\/types\/product"}],"replies":[{"embeddable":true,"href":"https:\/\/imiapower.com\/vi\/wp-json\/wp\/v2\/comments?post=8314"}],"version-history":[{"count":6,"href":"https:\/\/imiapower.com\/vi\/wp-json\/wp\/v2\/product\/8314\/revisions"}],"predecessor-version":[{"id":9257,"href":"https:\/\/imiapower.com\/vi\/wp-json\/wp\/v2\/product\/8314\/revisions\/9257"}],"wp:featuredmedia":[{"embeddable":true,"href":"https:\/\/imiapower.com\/vi\/wp-json\/wp\/v2\/media\/8320"}],"wp:attachment":[{"href":"https:\/\/imiapower.com\/vi\/wp-json\/wp\/v2\/media?parent=8314"}],"wp:term":[{"taxonomy":"product_cat","embeddable":true,"href":"https:\/\/imiapower.com\/vi\/wp-json\/wp\/v2\/product_cat?post=8314"},{"taxonomy":"product_tag","embeddable":true,"href":"https:\/\/imiapower.com\/vi\/wp-json\/wp\/v2\/product_tag?post=8314"}],"curies":[{"name":"trang web","href":"https:\/\/api.w.org\/{rel}","templated":true}]}}