{"id":8335,"date":"2024-10-15T07:46:38","date_gmt":"2024-10-15T07:46:38","guid":{"rendered":"https:\/\/imiapower.com\/?post_type=product&#038;p=8335"},"modified":"2025-06-24T03:20:04","modified_gmt":"2025-06-24T03:20:04","slug":"best-international-charger","status":"publish","type":"product","link":"https:\/\/imiapower.com\/vi\/products\/travel-adapter\/best-international-charger\/","title":{"rendered":"B\u1ed9 s\u1ea1c qu\u1ed1c t\u1ebf t\u1ed1t nh\u1ea5t cho du l\u1ecbch"},"content":{"rendered":"<ul>\n<li><strong>B\u1ed9 s\u1ea1c qu\u1ed1c t\u1ebf t\u1ed1t nh\u1ea5t<\/strong><\/li>\n<li><strong>\u0110\u1ea7u v\u00e0o AC:<\/strong>110~250V\/AC 50-60Hz<\/li>\n<li><strong>C\u00f4ng su\u1ea5t \u0111\u1ecbnh m\u1ee9c:<\/strong> T\u1ed1i \u0111a 10A (1100W\/110V ho\u1eb7c 2500W\/250V)<\/li>\n<li><strong>\u0110\u1ea7u ra USB:<\/strong> 5V3A\/9V2A\/12V1.5A (T\u1ed1i \u0111a 18W)<\/li>\n<li><strong>\u0110\u1ea7u ra lo\u1ea1i C1\/C2\/C3:<\/strong> 5V3A (T\u1ed1i \u0111a 15W)<\/li>\n<li><strong>\u0110\u1ea7u ra lo\u1ea1i C4:<\/strong> 5V3A, 9V3A, 12V3A, 15V3A, 20V3.25A (T\u1ed1i \u0111a: 65w)<\/li>\n<li><strong>C\u00e1p treo:<\/strong> C\u00e1p c \u0111\u1ebfn c d\u00e0i 20mm d\u00f9ng cho m\u00f3c treo<\/li>\n<li><strong>K\u00edch c\u1ee1:<\/strong> 73*50*57mm<\/li>\n<li><strong>C\u00e2n n\u1eb7ng:<\/strong> 215g<\/li>\n<li><strong>V\u1eadt li\u1ec7u:<\/strong> b\u1eafn pc + \u0111\u1ed3ng kim lo\u1ea1i<\/li>\n<li><strong>Ch\u1ee9ng nh\u1eadn:<\/strong> UKCA, CE, FCC, RoHS<\/li>\n<\/ul>","protected":false},"excerpt":{"rendered":"<p><img fetchpriority=\"high\" decoding=\"async\" class=\"alignnone size-medium wp-image-8623\" src=\"https:\/\/imiapower.com\/wp-content\/uploads\/Travel-Adapter-1-300x300.jpg\" alt=\"b\u1ed9 s\u1ea1c qu\u1ed1c t\u1ebf t\u1ed1t nh\u1ea5t\" width=\"300\" height=\"300\" srcset=\"https:\/\/imiapower.com\/wp-content\/uploads\/Travel-Adapter-1-300x300.jpg 300w, https:\/\/imiapower.com\/wp-content\/uploads\/Travel-Adapter-1-100x100.jpg 100w, https:\/\/imiapower.com\/wp-content\/uploads\/Travel-Adapter-1-600x600.jpg 600w, https:\/\/imiapower.com\/wp-content\/uploads\/Travel-Adapter-1-64x64.jpg 64w, https:\/\/imiapower.com\/wp-content\/uploads\/Travel-Adapter-1-150x150.jpg 150w, https:\/\/imiapower.com\/wp-content\/uploads\/Travel-Adapter-1-768x768.jpg 768w, https:\/\/imiapower.com\/wp-content\/uploads\/Travel-Adapter-1-12x12.jpg 12w, https:\/\/imiapower.com\/wp-content\/uploads\/Travel-Adapter-1.jpg 800w\" sizes=\"(max-width: 300px) 100vw, 300px\" \/>\u00a0<img decoding=\"async\" class=\"alignnone size-medium wp-image-8624\" style=\"font-weight: inherit;\" src=\"https:\/\/imiapower.com\/wp-content\/uploads\/\u5fae\u4fe1\u56fe\u7247_20241101111602-300x300.jpg\" alt=\"b\u1ed9 s\u1ea1c qu\u1ed1c t\u1ebf t\u1ed1t nh\u1ea5t\" width=\"300\" height=\"300\" srcset=\"https:\/\/imiapower.com\/wp-content\/uploads\/\u5fae\u4fe1\u56fe\u7247_20241101111602-300x300.jpg 300w, https:\/\/imiapower.com\/wp-content\/uploads\/\u5fae\u4fe1\u56fe\u7247_20241101111602-100x100.jpg 100w, https:\/\/imiapower.com\/wp-content\/uploads\/\u5fae\u4fe1\u56fe\u7247_20241101111602-600x600.jpg 600w, https:\/\/imiapower.com\/wp-content\/uploads\/\u5fae\u4fe1\u56fe\u7247_20241101111602-64x64.jpg 64w, https:\/\/imiapower.com\/wp-content\/uploads\/\u5fae\u4fe1\u56fe\u7247_20241101111602-1024x1024.jpg 1024w, https:\/\/imiapower.com\/wp-content\/uploads\/\u5fae\u4fe1\u56fe\u7247_20241101111602-150x150.jpg 150w, https:\/\/imiapower.com\/wp-content\/uploads\/\u5fae\u4fe1\u56fe\u7247_20241101111602-768x768.jpg 768w, https:\/\/imiapower.com\/wp-content\/uploads\/\u5fae\u4fe1\u56fe\u7247_20241101111602-12x12.jpg 12w, https:\/\/imiapower.com\/wp-content\/uploads\/\u5fae\u4fe1\u56fe\u7247_20241101111602.jpg 1500w\" sizes=\"(max-width: 300px) 100vw, 300px\" \/><img decoding=\"async\" class=\"alignnone size-medium wp-image-8625\" style=\"font-style: inherit; font-weight: inherit;\" src=\"https:\/\/imiapower.com\/wp-content\/uploads\/\u5fae\u4fe1\u56fe\u7247_20241101111608-2-300x300.jpg\" alt=\"b\u1ed9 s\u1ea1c qu\u1ed1c t\u1ebf t\u1ed1t nh\u1ea5t\" width=\"300\" height=\"300\" srcset=\"https:\/\/imiapower.com\/wp-content\/uploads\/\u5fae\u4fe1\u56fe\u7247_20241101111608-2-300x300.jpg 300w, https:\/\/imiapower.com\/wp-content\/uploads\/\u5fae\u4fe1\u56fe\u7247_20241101111608-2-100x100.jpg 100w, https:\/\/imiapower.com\/wp-content\/uploads\/\u5fae\u4fe1\u56fe\u7247_20241101111608-2-600x600.jpg 600w, https:\/\/imiapower.com\/wp-content\/uploads\/\u5fae\u4fe1\u56fe\u7247_20241101111608-2-64x64.jpg 64w, https:\/\/imiapower.com\/wp-content\/uploads\/\u5fae\u4fe1\u56fe\u7247_20241101111608-2-1024x1024.jpg 1024w, https:\/\/imiapower.com\/wp-content\/uploads\/\u5fae\u4fe1\u56fe\u7247_20241101111608-2-150x150.jpg 150w, https:\/\/imiapower.com\/wp-content\/uploads\/\u5fae\u4fe1\u56fe\u7247_20241101111608-2-768x768.jpg 768w, https:\/\/imiapower.com\/wp-content\/uploads\/\u5fae\u4fe1\u56fe\u7247_20241101111608-2-12x12.jpg 12w, https:\/\/imiapower.com\/wp-content\/uploads\/\u5fae\u4fe1\u56fe\u7247_20241101111608-2.jpg 1500w\" sizes=\"(max-width: 300px) 100vw, 300px\" \/><span style=\"font-size: 16px;\">\u00a0<\/span><\/p>\n<p>B\u1ed9 s\u1ea1c qu\u1ed1c t\u1ebf t\u1ed1t nh\u1ea5t t\u01b0\u01a1ng th\u00edch v\u1edbi h\u01a1n 170 qu\u1ed1c gia, c\u00f3 \u1ed5 c\u1eafm JP\/US, AUS, EU v\u00e0 UK \u0111\u1ec3 \u0111\u00e1p \u1ee9ng nhi\u1ec1u nhu c\u1ea7u du l\u1ecbch kh\u00e1c nhau. \u0110\u01b0\u1ee3c s\u1ea3n xu\u1ea5t b\u1eb1ng v\u1eadt li\u1ec7u PC nung ch\u1ea5t l\u01b0\u1ee3ng cao, b\u1ed9 s\u1ea1c qu\u1ed1c t\u1ebf t\u1ed1t nh\u1ea5t \u0111\u01b0\u1ee3c ch\u1ebf t\u1ea1o b\u1eb1ng c\u00f4ng ngh\u1ec7 GaN ti\u00ean ti\u1ebfn v\u00e0 k\u1ebft h\u1ee3p b\u1ea3o v\u1ec7 c\u1ea7u ch\u00ec k\u00e9p \u0111\u1ec3 t\u0103ng c\u01b0\u1eddng \u0111\u1ed9 an to\u00e0n v\u00e0 \u0111\u1ed9 b\u1ec1n. \u0110\u01b0\u1ee3c thi\u1ebft k\u1ebf nh\u01b0 m\u1ed9t b\u1ed9 chuy\u1ec3n \u0111\u1ed5i du l\u1ecbch ph\u1ed5 th\u00f4ng, b\u1ed9 s\u1ea1c n\u00e0y cung c\u1ea5p kh\u1ea3 n\u0103ng k\u1ebft n\u1ed1i tr\u00ean to\u00e0n th\u1ebf gi\u1edbi v\u00e0 kh\u1ea3 n\u0103ng t\u01b0\u01a1ng th\u00edch r\u1ed9ng, khi\u1ebfn n\u00f3 tr\u1edf th\u00e0nh l\u1ef1a ch\u1ecdn tuy\u1ec7t v\u1eddi cho nh\u1eefng ng\u01b0\u1eddi \u0111i c\u00f4ng t\u00e1c.<\/p>\n<p>V\u1edbi c\u00f4ng su\u1ea5t \u0111\u1ea7u ra 65W m\u1ea1nh m\u1ebd, b\u1ed9 s\u1ea1c qu\u1ed1c t\u1ebf t\u1ed1t nh\u1ea5t n\u00e0y c\u00f3 th\u1ec3 nhanh ch\u00f3ng c\u1ea5p ngu\u1ed3n cho \u0111i\u1ec7n tho\u1ea1i th\u00f4ng minh, m\u00e1y t\u00ednh b\u1ea3ng hi\u1ec7n \u0111\u1ea1i v\u00e0 th\u1eadm ch\u00ed c\u1ea3 m\u1ed9t s\u1ed1 m\u00e1y t\u00ednh x\u00e1ch tay. N\u00f3 bao g\u1ed3m m\u1ed9t d\u00e2y c\u00e1p, \u0111\u1ea3m b\u1ea3o kh\u1ea3 n\u0103ng s\u1eed d\u1ee5ng ngay l\u1eadp t\u1ee9c m\u00e0 kh\u00f4ng c\u1ea7n ph\u1ea3i mua th\u00eam. Vi\u1ec7c bao g\u1ed3m m\u1ed9t d\u00e2y c\u00e1p c\u0169ng l\u00e0m gi\u1ea3m s\u1ed1 l\u01b0\u1ee3ng v\u1eadt d\u1ee5ng b\u1ea1n c\u1ea7n nh\u1edb v\u00e0 \u0111\u00f3ng g\u00f3i khi \u0111i du l\u1ecbch. \u0110\u01b0\u1ee3c trang b\u1ecb nhi\u1ec1u b\u1ed9 chuy\u1ec3n \u0111\u1ed5i ph\u00edch c\u1eafm, b\u1ed9 s\u1ea1c n\u00e0y cho ph\u00e9p b\u1ea1n s\u1eed d\u1ee5ng li\u1ec1n m\u1ea1ch \u1edf nhi\u1ec1u qu\u1ed1c gia kh\u00e1c nhau, lo\u1ea1i b\u1ecf nhu c\u1ea7u v\u1ec1 b\u1ed9 chuy\u1ec3n \u0111\u1ed5i du l\u1ecbch ri\u00eang bi\u1ec7t. H\u1ed7 tr\u1ee3 c\u00e1c giao th\u1ee9c s\u1ea1c nhanh nh\u01b0 PD v\u00e0 QC, n\u00f3 \u0111\u1ea3m b\u1ea3o s\u1ea1c hi\u1ec7u qu\u1ea3 v\u00e0 nhanh ch\u00f3ng cho c\u00e1c thi\u1ebft b\u1ecb t\u01b0\u01a1ng th\u00edch, khi\u1ebfn n\u00f3 tr\u1edf th\u00e0nh l\u1ef1a ch\u1ecdn h\u00e0ng \u0111\u1ea7u cho nh\u1eefng ng\u01b0\u1eddi \u0111i du l\u1ecbch.<\/p>\n<p>Kh\u1ea3 n\u0103ng t\u01b0\u01a1ng th\u00edch r\u1ed9ng: Ho\u1ea1t \u0111\u1ed9ng \u1edf h\u01a1n 170 qu\u1ed1c gia v\u1edbi \u1ed5 c\u1eafm JP\/US, AUS, EU v\u00e0 UK.<\/p>\n<p>Ch\u1ea5t l\u01b0\u1ee3ng x\u00e2y d\u1ef1ng cao c\u1ea5p: \u0110\u01b0\u1ee3c l\u00e0m t\u1eeb v\u1eadt li\u1ec7u PC nung ch\u1ea5t l\u01b0\u1ee3ng cao \u0111\u1ec3 c\u00f3 \u0111\u1ed9 b\u1ec1n v\u00e0 an to\u00e0n.<\/p>\n<p>C\u00f4ng ngh\u1ec7 ti\u00ean ti\u1ebfn: K\u1ebft h\u1ee3p c\u00f4ng ngh\u1ec7 GaN v\u00e0 b\u1ea3o v\u1ec7 c\u1ea7u ch\u00ec k\u00e9p \u0111\u1ec3 c\u00f3 hi\u1ec7u su\u1ea5t hi\u1ec7u qu\u1ea3 v\u00e0 an to\u00e0n.<\/p>\n<p>K\u1ebft n\u1ed1i ph\u1ed5 qu\u00e1t: \u0110\u01b0\u1ee3c thi\u1ebft k\u1ebf nh\u01b0 m\u1ed9t b\u1ed9 chuy\u1ec3n \u0111\u1ed5i du l\u1ecbch to\u00e0n c\u1ea7u, l\u00fd t\u01b0\u1edfng cho nh\u1eefng ng\u01b0\u1eddi th\u01b0\u1eddng xuy\u00ean \u0111i c\u00f4ng t\u00e1c.<\/p>\n<p>C\u00f4ng su\u1ea5t \u0111\u1ea7u ra cao: C\u00f4ng su\u1ea5t 65W gi\u00fap s\u1ea1c nhanh \u0111i\u1ec7n tho\u1ea1i th\u00f4ng minh, m\u00e1y t\u00ednh b\u1ea3ng v\u00e0 m\u1ed9t s\u1ed1 m\u00e1y t\u00ednh x\u00e1ch tay.<\/p>\n<p>C\u00f3 c\u00e1p k\u00e8m theo: C\u00f3 th\u1ec3 s\u1eed d\u1ee5ng ngay m\u00e0 kh\u00f4ng c\u1ea7n mua th\u00eam c\u00e1p.<\/p>\n<p>D\u1ec5 d\u00e0ng mang theo khi \u0111i du l\u1ecbch: Gi\u1ea3m b\u1edbt phi\u1ec1n ph\u1ee9c khi \u0111\u00f3ng g\u00f3i nh\u1edd c\u00f3 d\u00e2y c\u00e1p \u0111i k\u00e8m, gi\u1ea3m thi\u1ec3u s\u1ed1 l\u01b0\u1ee3ng \u0111\u1ed3 v\u1eadt c\u1ea7n mang theo.<\/p>\n<p>B\u1ed9 chuy\u1ec3n \u0111\u1ed5i ph\u00edch c\u1eafm \u0111a n\u0103ng: C\u00f3 nhi\u1ec1u t\u00f9y ch\u1ecdn ph\u00edch c\u1eafm \u0111\u1ec3 s\u1eed d\u1ee5ng d\u1ec5 d\u00e0ng \u1edf nhi\u1ec1u qu\u1ed1c gia kh\u00e1c nhau.<\/p>\n<p>H\u1ed7 tr\u1ee3 s\u1ea1c nhanh: T\u01b0\u01a1ng th\u00edch v\u1edbi c\u00e1c giao th\u1ee9c nh\u01b0 PD v\u00e0 QC, \u0111\u1ea3m b\u1ea3o s\u1ea1c nhanh h\u01a1n cho c\u00e1c thi\u1ebft b\u1ecb \u0111\u01b0\u1ee3c h\u1ed7 tr\u1ee3.<\/p>","protected":false},"featured_media":8621,"comment_status":"open","ping_status":"closed","template":"","meta":{"rank_math_lock_modified_date":false,"site-sidebar-layout":"default","site-content-layout":"","ast-site-content-layout":"default","site-content-style":"default","site-sidebar-style":"default","ast-global-header-display":"","ast-banner-title-visibility":"","ast-main-header-display":"","ast-hfb-above-header-display":"","ast-hfb-below-header-display":"","ast-hfb-mobile-header-display":"","site-post-title":"","ast-breadcrumbs-content":"","ast-featured-img":"","footer-sml-layout":"","ast-disable-related-posts":"","theme-transparent-header-meta":"default","adv-header-id-meta":"","stick-header-meta":"","header-above-stick-meta":"","header-main-stick-meta":"","header-below-stick-meta":"","astra-migrate-meta-layouts":"set","ast-page-background-enabled":"default","ast-page-background-meta":{"desktop":{"background-color":"","background-image":"","background-repeat":"repeat","background-position":"center center","background-size":"auto","background-attachment":"scroll","background-type":"","background-media":"","overlay-type":"","overlay-color":"","overlay-opacity":"","overlay-gradient":""},"tablet":{"background-color":"","background-image":"","background-repeat":"repeat","background-position":"center center","background-size":"auto","background-attachment":"scroll","background-type":"","background-media":"","overlay-type":"","overlay-color":"","overlay-opacity":"","overlay-gradient":""},"mobile":{"background-color":"","background-image":"","background-repeat":"repeat","background-position":"center center","background-size":"auto","background-attachment":"scroll","background-type":"","background-media":"","overlay-type":"","overlay-color":"","overlay-opacity":"","overlay-gradient":""}},"ast-content-background-meta":{"desktop":{"background-color":"var(--ast-global-color-5)","background-image":"","background-repeat":"repeat","background-position":"center center","background-size":"auto","background-attachment":"scroll","background-type":"","background-media":"","overlay-type":"","overlay-color":"","overlay-opacity":"","overlay-gradient":""},"tablet":{"background-color":"var(--ast-global-color-5)","background-image":"","background-repeat":"repeat","background-position":"center center","background-size":"auto","background-attachment":"scroll","background-type":"","background-media":"","overlay-type":"","overlay-color":"","overlay-opacity":"","overlay-gradient":""},"mobile":{"background-color":"var(--ast-global-color-5)","background-image":"","background-repeat":"repeat","background-position":"center center","background-size":"auto","background-attachment":"scroll","background-type":"","background-media":"","overlay-type":"","overlay-color":"","overlay-opacity":"","overlay-gradient":""}}},"product_cat":[64],"product_tag":[],"class_list":{"0":"post-8335","1":"product","2":"type-product","3":"status-publish","4":"has-post-thumbnail","6":"product_cat-travel-adapter","7":"desktop-align-center","8":"tablet-align-center","9":"mobile-align-center","11":"first","12":"instock","13":"shipping-taxable","14":"product-type-simple"},"_links":{"self":[{"href":"https:\/\/imiapower.com\/vi\/wp-json\/wp\/v2\/product\/8335","targetHints":{"allow":["GET"]}}],"collection":[{"href":"https:\/\/imiapower.com\/vi\/wp-json\/wp\/v2\/product"}],"about":[{"href":"https:\/\/imiapower.com\/vi\/wp-json\/wp\/v2\/types\/product"}],"replies":[{"embeddable":true,"href":"https:\/\/imiapower.com\/vi\/wp-json\/wp\/v2\/comments?post=8335"}],"version-history":[{"count":8,"href":"https:\/\/imiapower.com\/vi\/wp-json\/wp\/v2\/product\/8335\/revisions"}],"predecessor-version":[{"id":8701,"href":"https:\/\/imiapower.com\/vi\/wp-json\/wp\/v2\/product\/8335\/revisions\/8701"}],"wp:featuredmedia":[{"embeddable":true,"href":"https:\/\/imiapower.com\/vi\/wp-json\/wp\/v2\/media\/8621"}],"wp:attachment":[{"href":"https:\/\/imiapower.com\/vi\/wp-json\/wp\/v2\/media?parent=8335"}],"wp:term":[{"taxonomy":"product_cat","embeddable":true,"href":"https:\/\/imiapower.com\/vi\/wp-json\/wp\/v2\/product_cat?post=8335"},{"taxonomy":"product_tag","embeddable":true,"href":"https:\/\/imiapower.com\/vi\/wp-json\/wp\/v2\/product_tag?post=8335"}],"curies":[{"name":"trang web","href":"https:\/\/api.w.org\/{rel}","templated":true}]}}