{"id":8345,"date":"2024-10-15T07:59:42","date_gmt":"2024-10-15T07:59:42","guid":{"rendered":"https:\/\/imiapower.com\/?post_type=product&#038;p=8345"},"modified":"2024-12-02T00:20:33","modified_gmt":"2024-12-02T00:20:33","slug":"universal-charger-adapter","status":"publish","type":"product","link":"https:\/\/imiapower.com\/vi\/products\/travel-adapter\/universal-charger-adapter\/","title":{"rendered":"B\u1ed9 chuy\u1ec3n \u0111\u1ed5i s\u1ea1c \u0111a n\u0103ng ri\u00eang t\u1eeb nh\u00e0 s\u1ea3n xu\u1ea5t Trung Qu\u1ed1c"},"content":{"rendered":"<ul>\n<li><strong>b\u1ed9 s\u1ea1c \u0111a n\u0103ng<\/strong><\/li>\n<li><strong>\u0110\u1ea7u v\u00e0o AC:<\/strong>110~250V\/AC 50-60Hz<\/li>\n<li><strong>C\u00f4ng su\u1ea5t \u0111\u1ecbnh m\u1ee9c:<\/strong> T\u1ed1i \u0111a 10A (1100W\/110V ho\u1eb7c 2500W\/250V)<\/li>\n<li><strong>\u0110\u1ea7u ra USB:<\/strong> 5V3A\/9V2A\/12V1.5A (T\u1ed1i \u0111a 18W)<\/li>\n<li><strong>\u0110\u1ea7u ra lo\u1ea1i C1\/C2\/C3:<\/strong> 5V3A (T\u1ed1i \u0111a 15W)<\/li>\n<li><strong>\u0110\u1ea7u ra lo\u1ea1i C4:<\/strong> 5V3A, 9V3A, 12V2.91A, 15V2.33A, 20V1.75A (T\u1ed1i \u0111a 35w)<\/li>\n<li><strong>C\u00e1p treo:<\/strong> C\u00e1p c \u0111\u1ebfn c d\u00e0i 20mm d\u00f9ng cho m\u00f3c treo<\/li>\n<li><strong>K\u00edch c\u1ee1:<\/strong> 73*50*57mm<\/li>\n<li><strong>C\u00e2n n\u1eb7ng:<\/strong> 160g<\/li>\n<li><strong>V\u1eadt li\u1ec7u:<\/strong> b\u1eafn pc + \u0111\u1ed3ng kim lo\u1ea1i<\/li>\n<li><strong>Ch\u1ee9ng nh\u1eadn:<\/strong> UKCA, CE, FCC, RoHS<\/li>\n<\/ul>","protected":false},"excerpt":{"rendered":"<p>Kh\u1ea3 n\u0103ng t\u01b0\u01a1ng th\u00edch c\u1ee7a b\u1ed9 chuy\u1ec3n \u0111\u1ed5i s\u1ea1c \u0111a n\u0103ng lu\u00f4n \u0111\u01b0\u1ee3c s\u1eed d\u1ee5ng \u1edf h\u01a1n 170 qu\u1ed1c gia, v\u1edbi \u1ed5 c\u1eafm JP\/US, AUS, EU v\u00e0 UK<\/p>\n<p>Nh\u00e0 m\u00e1y c\u1ee7a ch\u00fang t\u00f4i lu\u00f4n s\u1eed d\u1ee5ng PC \u0111\u00e3 qua s\u1eed d\u1ee5ng \u0111\u1ec3 s\u1ea3n xu\u1ea5t b\u1ed9 chuy\u1ec3n \u0111\u1ed5i du l\u1ecbch cao c\u1ea5p, thi\u1ebft k\u1ebf c\u00f4ng ngh\u1ec7 GaN v\u00e0 b\u1ea3o v\u1ec7 c\u1ea7u ch\u00ec k\u00e9p<\/p>\n<p>B\u1ed9 chuy\u1ec3n \u0111\u1ed5i du l\u1ecbch \u0111a n\u0103ng l\u00e0 thi\u1ebft b\u1ecb s\u1ea1c c\u00f3 kh\u1ea3 n\u0103ng k\u1ebft n\u1ed1i to\u00e0n c\u1ea7u, t\u01b0\u01a1ng th\u00edch r\u1ed9ng v\u00e0 l\u00e0 l\u1ef1a ch\u1ecdn t\u1ed1t cho nh\u1eefng doanh nh\u00e2n \u0111i c\u00f4ng t\u00e1c n\u01b0\u1edbc ngo\u00e0i.<\/p>\n<p>\u0110\u1ed1i v\u1edbi c\u00f9ng m\u1ed9t thi\u1ebft k\u1ebf v\u1ecf c\u1ee7a b\u1ed9 chuy\u1ec3n \u0111\u1ed5i, ch\u00fang t\u00f4i cung c\u1ea5p c\u00e1c c\u00f4ng su\u1ea5t \u0111\u1ea7u ra kh\u00e1c nhau, kh\u00e1ch h\u00e0ng c\u00f3 th\u1ec3 ch\u1ecdn 35w, 45w v\u00e0 65w ho\u1eb7c c\u0169ng c\u00f3 th\u1ec3 b\u00e1n ch\u00fang theo lo\u1ea1t<\/p>\n<p>Thi\u1ebft k\u1ebf b\u1ed9 s\u1ea1c \u0111a n\u0103ng n\u00e0y ch\u00fang t\u00f4i cung c\u1ea5p nhi\u1ec1u t\u00f9y ch\u1ecdn m\u00e0u s\u1eafc, bao g\u1ed3m tr\u1eafng, \u0111en, \u0111\u1ecf, v\u00e0ng, xanh l\u00e1 c\u00e2y, v.v., c\u0169ng ch\u1ea5p nh\u1eadn thi\u1ebft k\u1ebf m\u00e0u t\u00f9y ch\u1ec9nh<\/p>\n<p>Ch\u00fang t\u00f4i c\u0169ng c\u00f3 m\u1ed9t l\u1ef1a ch\u1ecdn kh\u00e1c cho thi\u1ebft k\u1ebf, ch\u00fang t\u00f4i c\u00f3 th\u1ec3 thay th\u1ebf c\u1ed5ng s\u1ea1c Type-c \u1edf gi\u1eefa b\u1eb1ng c\u1ed5ng s\u1ea1c Lightning, v\u00ec m\u1ed9t s\u1ed1 ng\u01b0\u1eddi ti\u00eau d\u00f9ng v\u1eabn s\u1eed d\u1ee5ng c\u1ed5ng s\u1ea1c Lightning \u0111\u1ec3 s\u1ea1c iPhone c\u1ee7a h\u1ecd, ch\u00fang t\u00f4i lu\u00f4n thi\u1ebft k\u1ebf b\u1ed9 chuy\u1ec3n \u0111\u1ed5i du l\u1ecbch t\u1ea5t c\u1ea3 trong m\u1ed9t theo nhu c\u1ea7u c\u1ee7a ng\u01b0\u1eddi ti\u00eau d\u00f9ng<\/p>\n<p>&nbsp;<\/p>","protected":false},"featured_media":8349,"comment_status":"open","ping_status":"closed","template":"","meta":{"rank_math_lock_modified_date":false,"site-sidebar-layout":"default","site-content-layout":"","ast-site-content-layout":"default","site-content-style":"default","site-sidebar-style":"default","ast-global-header-display":"","ast-banner-title-visibility":"","ast-main-header-display":"","ast-hfb-above-header-display":"","ast-hfb-below-header-display":"","ast-hfb-mobile-header-display":"","site-post-title":"","ast-breadcrumbs-content":"","ast-featured-img":"","footer-sml-layout":"","ast-disable-related-posts":"","theme-transparent-header-meta":"default","adv-header-id-meta":"","stick-header-meta":"","header-above-stick-meta":"","header-main-stick-meta":"","header-below-stick-meta":"","astra-migrate-meta-layouts":"set","ast-page-background-enabled":"default","ast-page-background-meta":{"desktop":{"background-color":"","background-image":"","background-repeat":"repeat","background-position":"center center","background-size":"auto","background-attachment":"scroll","background-type":"","background-media":"","overlay-type":"","overlay-color":"","overlay-opacity":"","overlay-gradient":""},"tablet":{"background-color":"","background-image":"","background-repeat":"repeat","background-position":"center center","background-size":"auto","background-attachment":"scroll","background-type":"","background-media":"","overlay-type":"","overlay-color":"","overlay-opacity":"","overlay-gradient":""},"mobile":{"background-color":"","background-image":"","background-repeat":"repeat","background-position":"center center","background-size":"auto","background-attachment":"scroll","background-type":"","background-media":"","overlay-type":"","overlay-color":"","overlay-opacity":"","overlay-gradient":""}},"ast-content-background-meta":{"desktop":{"background-color":"var(--ast-global-color-5)","background-image":"","background-repeat":"repeat","background-position":"center center","background-size":"auto","background-attachment":"scroll","background-type":"","background-media":"","overlay-type":"","overlay-color":"","overlay-opacity":"","overlay-gradient":""},"tablet":{"background-color":"var(--ast-global-color-5)","background-image":"","background-repeat":"repeat","background-position":"center center","background-size":"auto","background-attachment":"scroll","background-type":"","background-media":"","overlay-type":"","overlay-color":"","overlay-opacity":"","overlay-gradient":""},"mobile":{"background-color":"var(--ast-global-color-5)","background-image":"","background-repeat":"repeat","background-position":"center center","background-size":"auto","background-attachment":"scroll","background-type":"","background-media":"","overlay-type":"","overlay-color":"","overlay-opacity":"","overlay-gradient":""}}},"product_cat":[64],"product_tag":[],"class_list":{"0":"post-8345","1":"product","2":"type-product","3":"status-publish","4":"has-post-thumbnail","6":"product_cat-travel-adapter","7":"desktop-align-center","8":"tablet-align-center","9":"mobile-align-center","11":"first","12":"instock","13":"shipping-taxable","14":"product-type-simple"},"_links":{"self":[{"href":"https:\/\/imiapower.com\/vi\/wp-json\/wp\/v2\/product\/8345","targetHints":{"allow":["GET"]}}],"collection":[{"href":"https:\/\/imiapower.com\/vi\/wp-json\/wp\/v2\/product"}],"about":[{"href":"https:\/\/imiapower.com\/vi\/wp-json\/wp\/v2\/types\/product"}],"replies":[{"embeddable":true,"href":"https:\/\/imiapower.com\/vi\/wp-json\/wp\/v2\/comments?post=8345"}],"version-history":[{"count":4,"href":"https:\/\/imiapower.com\/vi\/wp-json\/wp\/v2\/product\/8345\/revisions"}],"predecessor-version":[{"id":8644,"href":"https:\/\/imiapower.com\/vi\/wp-json\/wp\/v2\/product\/8345\/revisions\/8644"}],"wp:featuredmedia":[{"embeddable":true,"href":"https:\/\/imiapower.com\/vi\/wp-json\/wp\/v2\/media\/8349"}],"wp:attachment":[{"href":"https:\/\/imiapower.com\/vi\/wp-json\/wp\/v2\/media?parent=8345"}],"wp:term":[{"taxonomy":"product_cat","embeddable":true,"href":"https:\/\/imiapower.com\/vi\/wp-json\/wp\/v2\/product_cat?post=8345"},{"taxonomy":"product_tag","embeddable":true,"href":"https:\/\/imiapower.com\/vi\/wp-json\/wp\/v2\/product_tag?post=8345"}],"curies":[{"name":"trang web","href":"https:\/\/api.w.org\/{rel}","templated":true}]}}