{"id":8353,"date":"2024-10-15T08:08:55","date_gmt":"2024-10-15T08:08:55","guid":{"rendered":"https:\/\/imiapower.com\/?post_type=product&#038;p=8353"},"modified":"2024-11-07T14:22:56","modified_gmt":"2024-11-07T14:22:56","slug":"universal-outlet-adapter","status":"publish","type":"product","link":"https:\/\/imiapower.com\/vi\/products\/travel-adapter\/universal-outlet-adapter\/","title":{"rendered":"B\u1ed9 chuy\u1ec3n \u0111\u1ed5i \u1ed5 c\u1eafm \u0111a n\u0103ng ch\u1ea5t l\u01b0\u1ee3ng"},"content":{"rendered":"<ul>\n<li><strong>B\u1ed9 chuy\u1ec3n \u0111\u1ed5i \u1ed5 c\u1eafm \u0111a n\u0103ng<\/strong><\/li>\n<li><strong>\u0110\u1ea7u v\u00e0o AC:<\/strong>110~250V\/AC 50-60Hz<\/li>\n<li><strong>C\u00f4ng su\u1ea5t \u0111\u1ecbnh m\u1ee9c:<\/strong> T\u1ed1i \u0111a 10A (1100W\/110V ho\u1eb7c 2500W\/250V)<\/li>\n<li><strong>\u0110\u1ea7u ra USB:<\/strong> 5V3A\/9V2A\/12V1.5A (T\u1ed1i \u0111a 18W)<\/li>\n<li><strong>\u0110\u1ea7u ra lo\u1ea1i C1\/C2\/C3:<\/strong> 5V3A (T\u1ed1i \u0111a 15W)<\/li>\n<li><strong>\u0110\u1ea7u ra lo\u1ea1i C4:<\/strong> 5V3A, 9V3A, 12V3A, 15V3A, 20V2.25A (T\u1ed1i \u0111a 45w)<\/li>\n<li><strong>C\u00e1p treo:<\/strong> C\u00e1p c \u0111\u1ebfn c d\u00e0i 20mm d\u00f9ng cho m\u00f3c treo<\/li>\n<li><strong>K\u00edch c\u1ee1:<\/strong> 73*50*57mm<\/li>\n<li><strong>C\u00e2n n\u1eb7ng:<\/strong> 215g<\/li>\n<li><strong>V\u1eadt li\u1ec7u:<\/strong> b\u1eafn pc + \u0111\u1ed3ng kim lo\u1ea1i<\/li>\n<li><strong>Ch\u1ee9ng nh\u1eadn:<\/strong> UKCA, CE, FCC, RoHS<\/li>\n<\/ul>","protected":false},"excerpt":{"rendered":"<p>\u0110\u1ed1i v\u1edbi m\u1eabu \u1ed5 c\u1eafm \u0111i\u1ec7n \u0111a n\u0103ng n\u00e0y, ch\u00fang t\u00f4i \u0111\u00e3 thi\u1ebft k\u1ebf 3 lo\u1ea1i c\u00f4ng su\u1ea5t kh\u00e1c nhau l\u00e0 35w, 45w v\u00e0 65w d\u1ef1a tr\u00ean y\u00eau c\u1ea7u ti\u1ebfp th\u1ecb.<\/p>\n<p>Hi\u1ec7n nay, b\u1ed9 chuy\u1ec3n \u0111\u1ed5i\/b\u1ed9 s\u1ea1c di \u0111\u1ed9ng c\u00f3 d\u00e2y c\u00e1p \u0111\u00e3 tr\u1edf th\u00e0nh xu h\u01b0\u1edbng th\u1eddi trang, v\u00ec m\u1ecdi ng\u01b0\u1eddi lu\u00f4n mang theo nhi\u1ec1u thi\u1ebft b\u1ecb \u0111i\u1ec7n t\u1eed kh\u00e1c nhau khi \u0111i b\u1ea5t c\u1ee9 \u0111\u00e2u, nh\u01b0 \u0111i\u1ec7n tho\u1ea1i th\u00f4ng minh, tai nghe kh\u00f4ng d\u00e2y v\u00e0 \u0111\u1ed3ng h\u1ed3 th\u00f4ng minh, \u0111\u00f4i khi v\u1edbi iPad, m\u1ed9t b\u1ed9 chuy\u1ec3n \u0111\u1ed5i c\u00f3 d\u00e2y c\u00e1p c\u00f3 th\u1ec3 s\u1ea1c c\u00e1c thi\u1ebft b\u1ecb \u0111i\u1ec7n t\u1eed c\u1ee7a ch\u00fang ta m\u1ed9t c\u00e1ch d\u1ec5 d\u00e0ng m\u00e0 kh\u00f4ng lo b\u1ecb m\u1ea5t c\u00e1p.<\/p>\n<p>C\u00e1p c\u1ee7a ch\u00fang t\u00f4i \u0111\u01b0\u1ee3c thi\u1ebft k\u1ebf nh\u01b0 m\u1ed9t m\u00f3c treo \u1edf g\u00f3c tr\u00ean c\u00f9ng c\u1ee7a b\u1ed9 chuy\u1ec3n \u0111\u1ed5i du l\u1ecbch \u0111a n\u0103ng, v\u00ec v\u1eady r\u1ea5t ti\u1ec7n l\u1ee3i cho ch\u00fang t\u00f4i khi mang theo.<\/p>\n<p>Kh\u1ea3 n\u0103ng t\u01b0\u01a1ng th\u00edch c\u1ee7a b\u1ed9 chuy\u1ec3n \u0111\u1ed5i \u1ed5 c\u1eafm \u0111a n\u0103ng lu\u00f4n \u0111\u01b0\u1ee3c s\u1eed d\u1ee5ng \u1edf h\u01a1n 170 qu\u1ed1c gia, v\u1edbi c\u00e1c \u1ed5 c\u1eafm JP\/US, AUS, EU v\u00e0 UK<\/p>\n<p>Nh\u00e0 m\u00e1y c\u1ee7a ch\u00fang t\u00f4i lu\u00f4n s\u1eed d\u1ee5ng PC \u0111\u00e3 qua s\u1eed d\u1ee5ng \u0111\u1ec3 s\u1ea3n xu\u1ea5t b\u1ed9 chuy\u1ec3n \u0111\u1ed5i du l\u1ecbch cao c\u1ea5p, thi\u1ebft k\u1ebf c\u00f4ng ngh\u1ec7 GaN v\u00e0 b\u1ea3o v\u1ec7 c\u1ea7u ch\u00ec k\u00e9p<\/p>\n<p>B\u1ed9 chuy\u1ec3n \u0111\u1ed5i du l\u1ecbch \u0111a n\u0103ng l\u00e0 thi\u1ebft b\u1ecb s\u1ea1c c\u00f3 kh\u1ea3 n\u0103ng k\u1ebft n\u1ed1i to\u00e0n c\u1ea7u, t\u01b0\u01a1ng th\u00edch r\u1ed9ng v\u00e0 l\u00e0 l\u1ef1a ch\u1ecdn t\u1ed1t cho nh\u1eefng doanh nh\u00e2n \u0111i c\u00f4ng t\u00e1c n\u01b0\u1edbc ngo\u00e0i.<\/p>","protected":false},"featured_media":8357,"comment_status":"open","ping_status":"closed","template":"","meta":{"rank_math_lock_modified_date":false,"site-sidebar-layout":"default","site-content-layout":"","ast-site-content-layout":"default","site-content-style":"default","site-sidebar-style":"default","ast-global-header-display":"","ast-banner-title-visibility":"","ast-main-header-display":"","ast-hfb-above-header-display":"","ast-hfb-below-header-display":"","ast-hfb-mobile-header-display":"","site-post-title":"","ast-breadcrumbs-content":"","ast-featured-img":"","footer-sml-layout":"","ast-disable-related-posts":"","theme-transparent-header-meta":"default","adv-header-id-meta":"","stick-header-meta":"","header-above-stick-meta":"","header-main-stick-meta":"","header-below-stick-meta":"","astra-migrate-meta-layouts":"set","ast-page-background-enabled":"default","ast-page-background-meta":{"desktop":{"background-color":"","background-image":"","background-repeat":"repeat","background-position":"center center","background-size":"auto","background-attachment":"scroll","background-type":"","background-media":"","overlay-type":"","overlay-color":"","overlay-opacity":"","overlay-gradient":""},"tablet":{"background-color":"","background-image":"","background-repeat":"repeat","background-position":"center center","background-size":"auto","background-attachment":"scroll","background-type":"","background-media":"","overlay-type":"","overlay-color":"","overlay-opacity":"","overlay-gradient":""},"mobile":{"background-color":"","background-image":"","background-repeat":"repeat","background-position":"center center","background-size":"auto","background-attachment":"scroll","background-type":"","background-media":"","overlay-type":"","overlay-color":"","overlay-opacity":"","overlay-gradient":""}},"ast-content-background-meta":{"desktop":{"background-color":"var(--ast-global-color-5)","background-image":"","background-repeat":"repeat","background-position":"center center","background-size":"auto","background-attachment":"scroll","background-type":"","background-media":"","overlay-type":"","overlay-color":"","overlay-opacity":"","overlay-gradient":""},"tablet":{"background-color":"var(--ast-global-color-5)","background-image":"","background-repeat":"repeat","background-position":"center center","background-size":"auto","background-attachment":"scroll","background-type":"","background-media":"","overlay-type":"","overlay-color":"","overlay-opacity":"","overlay-gradient":""},"mobile":{"background-color":"var(--ast-global-color-5)","background-image":"","background-repeat":"repeat","background-position":"center center","background-size":"auto","background-attachment":"scroll","background-type":"","background-media":"","overlay-type":"","overlay-color":"","overlay-opacity":"","overlay-gradient":""}}},"product_cat":[64],"product_tag":[],"class_list":{"0":"post-8353","1":"product","2":"type-product","3":"status-publish","4":"has-post-thumbnail","6":"product_cat-travel-adapter","7":"desktop-align-center","8":"tablet-align-center","9":"mobile-align-center","11":"first","12":"instock","13":"shipping-taxable","14":"product-type-simple"},"_links":{"self":[{"href":"https:\/\/imiapower.com\/vi\/wp-json\/wp\/v2\/product\/8353","targetHints":{"allow":["GET"]}}],"collection":[{"href":"https:\/\/imiapower.com\/vi\/wp-json\/wp\/v2\/product"}],"about":[{"href":"https:\/\/imiapower.com\/vi\/wp-json\/wp\/v2\/types\/product"}],"replies":[{"embeddable":true,"href":"https:\/\/imiapower.com\/vi\/wp-json\/wp\/v2\/comments?post=8353"}],"version-history":[{"count":4,"href":"https:\/\/imiapower.com\/vi\/wp-json\/wp\/v2\/product\/8353\/revisions"}],"predecessor-version":[{"id":8631,"href":"https:\/\/imiapower.com\/vi\/wp-json\/wp\/v2\/product\/8353\/revisions\/8631"}],"wp:featuredmedia":[{"embeddable":true,"href":"https:\/\/imiapower.com\/vi\/wp-json\/wp\/v2\/media\/8357"}],"wp:attachment":[{"href":"https:\/\/imiapower.com\/vi\/wp-json\/wp\/v2\/media?parent=8353"}],"wp:term":[{"taxonomy":"product_cat","embeddable":true,"href":"https:\/\/imiapower.com\/vi\/wp-json\/wp\/v2\/product_cat?post=8353"},{"taxonomy":"product_tag","embeddable":true,"href":"https:\/\/imiapower.com\/vi\/wp-json\/wp\/v2\/product_tag?post=8353"}],"curies":[{"name":"trang web","href":"https:\/\/api.w.org\/{rel}","templated":true}]}}