{"id":8708,"date":"2024-11-29T06:22:29","date_gmt":"2024-11-29T06:22:29","guid":{"rendered":"https:\/\/imiapower.com\/?post_type=product&#038;p=8708"},"modified":"2024-11-29T06:35:46","modified_gmt":"2024-11-29T06:35:46","slug":"power-sockets","status":"publish","type":"product","link":"https:\/\/imiapower.com\/vi\/products\/power-strip\/power-sockets\/","title":{"rendered":"\u1ed5 c\u1eafm \u0111i\u1ec7n vu\u00f4ng m\u1ea1nh m\u1ebd cho v\u0103n ph\u00f2ng"},"content":{"rendered":"<ul>\n<li><strong>\u1ed4 c\u1eafm \u0111i\u1ec7n<\/strong><\/li>\n<li><strong>C\u00f4ng su\u1ea5t \u0111\u1ecbnh m\u1ee9c:<\/strong> 16A,220V ~240V<\/li>\n<li><strong>T\u1ed5ng \u0111\u1ea7u ra USB-A+ USB-C:<\/strong> \u00a0\u0110i\u1ec7n \u00e1p 20W<\/li>\n<li><strong>\u0110\u1ea7u ra USB-A \u0111\u01a1n:<\/strong> \u00a05V,3A 9V,2A 12V,1.5A (T\u1ed0I \u0110A 18W)<\/li>\n<li><strong>\u0110\u1ea7u ra USB-C \u0111\u01a1n:<\/strong> 5V,3A 9V,2.2A 12V,1.67A (T\u1ed0I \u0110A 20W)<\/li>\n<li><strong>C\u00e1p:<\/strong> 3*1.5mm, l\u00f5i d\u00e2y Cooper, chi\u1ec1u d\u00e0i c\u00e1p l\u00e0 1.8m<\/li>\n<li><strong>V\u1eadt li\u1ec7u:<\/strong> PC nung + kim lo\u1ea1i \u0111\u1ed3ng<\/li>\n<li><strong>K\u00edch c\u1ee1: <\/strong>82*82*82MM<\/li>\n<li><strong>C\u00e2n n\u1eb7ng:<\/strong> 470g<\/li>\n<li><strong>Ch\u1ee9ng nh\u1eadn:<\/strong> Ch\u1ee9ng nh\u1eadn Ce &amp; Rohs<\/li>\n<\/ul>","protected":false},"excerpt":{"rendered":"<p><img fetchpriority=\"high\" decoding=\"async\" class=\"alignnone wp-image-8715 size-full\" src=\"https:\/\/imiapower.com\/wp-content\/uploads\/surge-protector-1.jpg\" alt=\"\u1ed5 c\u1eafm \u0111i\u1ec7n\" width=\"800\" height=\"800\" srcset=\"https:\/\/imiapower.com\/wp-content\/uploads\/surge-protector-1.jpg 800w, https:\/\/imiapower.com\/wp-content\/uploads\/surge-protector-1-300x300.jpg 300w, https:\/\/imiapower.com\/wp-content\/uploads\/surge-protector-1-100x100.jpg 100w, https:\/\/imiapower.com\/wp-content\/uploads\/surge-protector-1-600x600.jpg 600w, https:\/\/imiapower.com\/wp-content\/uploads\/surge-protector-1-64x64.jpg 64w, https:\/\/imiapower.com\/wp-content\/uploads\/surge-protector-1-150x150.jpg 150w, https:\/\/imiapower.com\/wp-content\/uploads\/surge-protector-1-768x768.jpg 768w, https:\/\/imiapower.com\/wp-content\/uploads\/surge-protector-1-12x12.jpg 12w\" sizes=\"(max-width: 800px) 100vw, 800px\" \/><\/p>\n<p>\u1ed4 c\u1eafm \u0111i\u1ec7n n\u00e0y c\u00f3 4 \u1ed5 c\u1eafm m\u1edf r\u1ed9ng v\u00e0 4 c\u1ed5ng USB (2 USB A + 2USB C) d\u1ec5 d\u00e0ng mang theo v\u00e0 ti\u1ebft ki\u1ec7m kh\u00f4ng gian. C\u00f3 th\u1ec3 s\u1eed d\u1ee5ng \u0111\u1ed3ng th\u1eddi c\u00e1c c\u1ed5ng USB v\u00e0 \u1ed5 c\u1eafm m\u1edf r\u1ed9ng<\/p>\n<p>C\u1ed5ng USB ph\u00f9 h\u1ee3p v\u1edbi iPhone, Samsung v\u00e0 Pad, v\u00e0 ph\u00edch c\u1eafm \u0111a n\u0103ng ph\u00f9 h\u1ee3p v\u1edbi TV, h\u1ec7 th\u1ed1ng \u00e2m thanh, m\u00e1y ch\u01a1i game, thi\u1ebft b\u1ecb, v.v.<\/p>\n<p>\u1ed4 c\u1eafm \u0111i\u1ec7n c\u00f3 ch\u1ee9c n\u0103ng b\u1ea3o v\u1ec7 \u0111i\u1ec7n t\u1eed c\u1ee7a b\u1ed9 \u0111\u1ed5i ngu\u1ed3n, c\u00f3 ch\u1ee9c n\u0103ng b\u1ea3o v\u1ec7 qu\u00e1 \u00e1p, b\u1ea3o v\u1ec7 qu\u00e1 d\u00f2ng, b\u1ea3o v\u1ec7 ng\u1eafn m\u1ea1ch v\u00e0 ch\u1ee9c n\u0103ng b\u1ea3o v\u1ec7 ch\u1ed1ng s\u00e9t lan truy\u1ec1n, Ch\u1ed1ng s\u00e9t lan truy\u1ec1n c\u00f3 th\u1ec3 ng\u0103n ng\u1eeba c\u00e1c t\u00ecnh hu\u1ed1ng nguy hi\u1ec3m c\u00f3 th\u1ec3 l\u00e0m h\u1ecfng thi\u1ebft b\u1ecb \u0111i\u1ec7n t\u1eed<\/p>","protected":false},"featured_media":8709,"comment_status":"open","ping_status":"closed","template":"","meta":{"rank_math_lock_modified_date":false,"site-sidebar-layout":"default","site-content-layout":"","ast-site-content-layout":"default","site-content-style":"default","site-sidebar-style":"default","ast-global-header-display":"","ast-banner-title-visibility":"","ast-main-header-display":"","ast-hfb-above-header-display":"","ast-hfb-below-header-display":"","ast-hfb-mobile-header-display":"","site-post-title":"","ast-breadcrumbs-content":"","ast-featured-img":"","footer-sml-layout":"","ast-disable-related-posts":"","theme-transparent-header-meta":"default","adv-header-id-meta":"","stick-header-meta":"","header-above-stick-meta":"","header-main-stick-meta":"","header-below-stick-meta":"","astra-migrate-meta-layouts":"set","ast-page-background-enabled":"default","ast-page-background-meta":{"desktop":{"background-color":"","background-image":"","background-repeat":"repeat","background-position":"center center","background-size":"auto","background-attachment":"scroll","background-type":"","background-media":"","overlay-type":"","overlay-color":"","overlay-opacity":"","overlay-gradient":""},"tablet":{"background-color":"","background-image":"","background-repeat":"repeat","background-position":"center center","background-size":"auto","background-attachment":"scroll","background-type":"","background-media":"","overlay-type":"","overlay-color":"","overlay-opacity":"","overlay-gradient":""},"mobile":{"background-color":"","background-image":"","background-repeat":"repeat","background-position":"center center","background-size":"auto","background-attachment":"scroll","background-type":"","background-media":"","overlay-type":"","overlay-color":"","overlay-opacity":"","overlay-gradient":""}},"ast-content-background-meta":{"desktop":{"background-color":"var(--ast-global-color-5)","background-image":"","background-repeat":"repeat","background-position":"center center","background-size":"auto","background-attachment":"scroll","background-type":"","background-media":"","overlay-type":"","overlay-color":"","overlay-opacity":"","overlay-gradient":""},"tablet":{"background-color":"var(--ast-global-color-5)","background-image":"","background-repeat":"repeat","background-position":"center center","background-size":"auto","background-attachment":"scroll","background-type":"","background-media":"","overlay-type":"","overlay-color":"","overlay-opacity":"","overlay-gradient":""},"mobile":{"background-color":"var(--ast-global-color-5)","background-image":"","background-repeat":"repeat","background-position":"center center","background-size":"auto","background-attachment":"scroll","background-type":"","background-media":"","overlay-type":"","overlay-color":"","overlay-opacity":"","overlay-gradient":""}}},"product_cat":[239],"product_tag":[],"class_list":{"0":"post-8708","1":"product","2":"type-product","3":"status-publish","4":"has-post-thumbnail","6":"product_cat-power-strip","7":"desktop-align-center","8":"tablet-align-center","9":"mobile-align-center","11":"first","12":"instock","13":"shipping-taxable","14":"product-type-simple"},"_links":{"self":[{"href":"https:\/\/imiapower.com\/vi\/wp-json\/wp\/v2\/product\/8708","targetHints":{"allow":["GET"]}}],"collection":[{"href":"https:\/\/imiapower.com\/vi\/wp-json\/wp\/v2\/product"}],"about":[{"href":"https:\/\/imiapower.com\/vi\/wp-json\/wp\/v2\/types\/product"}],"replies":[{"embeddable":true,"href":"https:\/\/imiapower.com\/vi\/wp-json\/wp\/v2\/comments?post=8708"}],"version-history":[{"count":6,"href":"https:\/\/imiapower.com\/vi\/wp-json\/wp\/v2\/product\/8708\/revisions"}],"predecessor-version":[{"id":8716,"href":"https:\/\/imiapower.com\/vi\/wp-json\/wp\/v2\/product\/8708\/revisions\/8716"}],"wp:featuredmedia":[{"embeddable":true,"href":"https:\/\/imiapower.com\/vi\/wp-json\/wp\/v2\/media\/8709"}],"wp:attachment":[{"href":"https:\/\/imiapower.com\/vi\/wp-json\/wp\/v2\/media?parent=8708"}],"wp:term":[{"taxonomy":"product_cat","embeddable":true,"href":"https:\/\/imiapower.com\/vi\/wp-json\/wp\/v2\/product_cat?post=8708"},{"taxonomy":"product_tag","embeddable":true,"href":"https:\/\/imiapower.com\/vi\/wp-json\/wp\/v2\/product_tag?post=8708"}],"curies":[{"name":"trang web","href":"https:\/\/api.w.org\/{rel}","templated":true}]}}