{"id":8717,"date":"2024-11-29T06:51:06","date_gmt":"2024-11-29T06:51:06","guid":{"rendered":"https:\/\/imiapower.com\/?post_type=product&#038;p=8717"},"modified":"2025-06-24T03:19:54","modified_gmt":"2025-06-24T03:19:54","slug":"power-cube","status":"publish","type":"product","link":"https:\/\/imiapower.com\/vi\/products\/power-strip\/power-cube\/","title":{"rendered":"Kh\u1ed1i n\u0103ng l\u01b0\u1ee3ng ph\u1ed5 bi\u1ebfn t\u1eeb nh\u00e0 s\u1ea3n xu\u1ea5t Trung Qu\u1ed1c"},"content":{"rendered":"<ul>\n<li><strong>Kh\u1ed1i n\u0103ng l\u01b0\u1ee3ng<\/strong><\/li>\n<li><strong>\u00a0C\u00f4ng su\u1ea5t \u0111\u1ecbnh m\u1ee9c:<\/strong> 16A,220V ~240V<\/li>\n<li><strong>T\u1ed5ng \u0111\u1ea7u ra USB-A+ USB-C:<\/strong> \u00a0\u0110i\u1ec7n \u00e1p 20W<\/li>\n<li><strong>\u0110\u1ea7u ra USB-A \u0111\u01a1n:<\/strong> \u00a05V,3A 9V,2A 12V,1.5A (T\u1ed0I \u0110A 18W)<\/li>\n<li><strong>\u0110\u1ea7u ra USB-C \u0111\u01a1n:<\/strong> 5V,3A 9V,2.2A 12V,1.67A (T\u1ed0I \u0110A 20W)<\/li>\n<li><strong>V\u1eadt li\u1ec7u :<\/strong> PC nung + kim lo\u1ea1i \u0111\u1ed3ng<\/li>\n<li><strong>K\u00edch c\u1ee1 :<\/strong>82*82*82MM<\/li>\n<li><strong>C\u00e2n n\u1eb7ng:<\/strong> 158g<\/li>\n<li><strong>Ti\u00eau chu\u1ea9n:<\/strong> Ti\u00eau chu\u1ea9n Schuko d\u00e0nh cho th\u1ecb tr\u01b0\u1eddng Ch\u00e2u \u00c2u<\/li>\n<li><strong>Ch\u1ee9ng nh\u1eadn:<\/strong>\u00a0 Ch\u1ee9ng nh\u1eadn CE &amp; Rohs<\/li>\n<\/ul>","protected":false},"excerpt":{"rendered":"<p><img fetchpriority=\"high\" decoding=\"async\" class=\"alignnone wp-image-8722 size-full\" src=\"https:\/\/imiapower.com\/wp-content\/uploads\/surge-protector.jpg\" alt=\"kh\u1ed1i n\u0103ng l\u01b0\u1ee3ng\" width=\"800\" height=\"800\" srcset=\"https:\/\/imiapower.com\/wp-content\/uploads\/surge-protector.jpg 800w, https:\/\/imiapower.com\/wp-content\/uploads\/surge-protector-300x300.jpg 300w, https:\/\/imiapower.com\/wp-content\/uploads\/surge-protector-100x100.jpg 100w, https:\/\/imiapower.com\/wp-content\/uploads\/surge-protector-600x600.jpg 600w, https:\/\/imiapower.com\/wp-content\/uploads\/surge-protector-64x64.jpg 64w, https:\/\/imiapower.com\/wp-content\/uploads\/surge-protector-150x150.jpg 150w, https:\/\/imiapower.com\/wp-content\/uploads\/surge-protector-768x768.jpg 768w, https:\/\/imiapower.com\/wp-content\/uploads\/surge-protector-12x12.jpg 12w\" sizes=\"(max-width: 800px) 100vw, 800px\" \/><\/p>\n<p>Power Cube, gi\u1ea3i ph\u00e1p th\u00f4ng minh v\u00e0 ti\u1ebft ki\u1ec7m kh\u00f4ng gian cho m\u1ecdi nhu c\u1ea7u s\u1ea1c v\u00e0 k\u1ebft n\u1ed1i c\u1ee7a b\u1ea1n<\/p>\n<p>V\u1edbi thi\u1ebft k\u1ebf h\u00ecnh kh\u1ed1i, nh\u1ecf g\u1ecdn, Power Cube v\u1eeba v\u1eb7n tr\u00ean m\u00e1y t\u00ednh \u0111\u1ec3 b\u00e0n c\u1ee7a b\u1ea1n. N\u00f3i l\u1eddi t\u1ea1m bi\u1ec7t v\u1edbi d\u00e2y \u0111i\u1ec7n r\u1ed1i v\u00e0 \u1ed5 c\u1eafm \u0111i\u1ec7n c\u1ed3ng k\u1ec1nh l\u00e0m l\u1ed9n x\u1ed9n kh\u00f4ng gian c\u1ee7a b\u1ea1n<\/p>\n<p>V\u1edbi nhi\u1ec1u \u1ed5 c\u1eafm AC, c\u1ed5ng USB v\u00e0 k\u1ebft n\u1ed1i USB-C t\u00f9y ch\u1ecdn, n\u00f3 cho ph\u00e9p b\u1ea1n s\u1ea1c nhi\u1ec1u thi\u1ebft b\u1ecb c\u00f9ng l\u00fac. Ho\u00e0n h\u1ea3o cho \u0111i\u1ec7n tho\u1ea1i th\u00f4ng minh, m\u00e1y t\u00ednh b\u1ea3ng, m\u00e1y t\u00ednh x\u00e1ch tay, \u0111\u1ed3ng h\u1ed3 th\u00f4ng minh, v.v.<\/p>\n<p>T\u1ed1i \u0111a 4 \u1ed5 c\u1eafm AC v\u00e0 4 c\u1ed5ng USB \u0111\u1ec3 c\u1ea5p ngu\u1ed3n cho t\u1ea5t c\u1ea3 c\u00e1c thi\u1ebft b\u1ecb c\u1ee7a b\u1ea1n<\/p>\n<p>D\u1ecdn d\u1eb9p kh\u00f4ng gian l\u00e0m vi\u1ec7c c\u1ee7a b\u1ea1n trong khi v\u1eabn cung c\u1ea5p n\u0103ng l\u01b0\u1ee3ng cho c\u00e1c thi\u1ebft b\u1ecb c\u1ee7a b\u1ea1n<\/p>","protected":false},"featured_media":8718,"comment_status":"open","ping_status":"closed","template":"","meta":{"rank_math_lock_modified_date":false,"site-sidebar-layout":"default","site-content-layout":"","ast-site-content-layout":"default","site-content-style":"default","site-sidebar-style":"default","ast-global-header-display":"","ast-banner-title-visibility":"","ast-main-header-display":"","ast-hfb-above-header-display":"","ast-hfb-below-header-display":"","ast-hfb-mobile-header-display":"","site-post-title":"","ast-breadcrumbs-content":"","ast-featured-img":"","footer-sml-layout":"","ast-disable-related-posts":"","theme-transparent-header-meta":"default","adv-header-id-meta":"","stick-header-meta":"","header-above-stick-meta":"","header-main-stick-meta":"","header-below-stick-meta":"","astra-migrate-meta-layouts":"set","ast-page-background-enabled":"default","ast-page-background-meta":{"desktop":{"background-color":"","background-image":"","background-repeat":"repeat","background-position":"center center","background-size":"auto","background-attachment":"scroll","background-type":"","background-media":"","overlay-type":"","overlay-color":"","overlay-opacity":"","overlay-gradient":""},"tablet":{"background-color":"","background-image":"","background-repeat":"repeat","background-position":"center center","background-size":"auto","background-attachment":"scroll","background-type":"","background-media":"","overlay-type":"","overlay-color":"","overlay-opacity":"","overlay-gradient":""},"mobile":{"background-color":"","background-image":"","background-repeat":"repeat","background-position":"center center","background-size":"auto","background-attachment":"scroll","background-type":"","background-media":"","overlay-type":"","overlay-color":"","overlay-opacity":"","overlay-gradient":""}},"ast-content-background-meta":{"desktop":{"background-color":"var(--ast-global-color-5)","background-image":"","background-repeat":"repeat","background-position":"center center","background-size":"auto","background-attachment":"scroll","background-type":"","background-media":"","overlay-type":"","overlay-color":"","overlay-opacity":"","overlay-gradient":""},"tablet":{"background-color":"var(--ast-global-color-5)","background-image":"","background-repeat":"repeat","background-position":"center center","background-size":"auto","background-attachment":"scroll","background-type":"","background-media":"","overlay-type":"","overlay-color":"","overlay-opacity":"","overlay-gradient":""},"mobile":{"background-color":"var(--ast-global-color-5)","background-image":"","background-repeat":"repeat","background-position":"center center","background-size":"auto","background-attachment":"scroll","background-type":"","background-media":"","overlay-type":"","overlay-color":"","overlay-opacity":"","overlay-gradient":""}}},"product_cat":[239],"product_tag":[],"class_list":{"0":"post-8717","1":"product","2":"type-product","3":"status-publish","4":"has-post-thumbnail","6":"product_cat-power-strip","7":"desktop-align-center","8":"tablet-align-center","9":"mobile-align-center","11":"first","12":"instock","13":"shipping-taxable","14":"product-type-simple"},"_links":{"self":[{"href":"https:\/\/imiapower.com\/vi\/wp-json\/wp\/v2\/product\/8717","targetHints":{"allow":["GET"]}}],"collection":[{"href":"https:\/\/imiapower.com\/vi\/wp-json\/wp\/v2\/product"}],"about":[{"href":"https:\/\/imiapower.com\/vi\/wp-json\/wp\/v2\/types\/product"}],"replies":[{"embeddable":true,"href":"https:\/\/imiapower.com\/vi\/wp-json\/wp\/v2\/comments?post=8717"}],"version-history":[{"count":3,"href":"https:\/\/imiapower.com\/vi\/wp-json\/wp\/v2\/product\/8717\/revisions"}],"predecessor-version":[{"id":8723,"href":"https:\/\/imiapower.com\/vi\/wp-json\/wp\/v2\/product\/8717\/revisions\/8723"}],"wp:featuredmedia":[{"embeddable":true,"href":"https:\/\/imiapower.com\/vi\/wp-json\/wp\/v2\/media\/8718"}],"wp:attachment":[{"href":"https:\/\/imiapower.com\/vi\/wp-json\/wp\/v2\/media?parent=8717"}],"wp:term":[{"taxonomy":"product_cat","embeddable":true,"href":"https:\/\/imiapower.com\/vi\/wp-json\/wp\/v2\/product_cat?post=8717"},{"taxonomy":"product_tag","embeddable":true,"href":"https:\/\/imiapower.com\/vi\/wp-json\/wp\/v2\/product_tag?post=8717"}],"curies":[{"name":"trang web","href":"https:\/\/api.w.org\/{rel}","templated":true}]}}