{"id":8724,"date":"2024-11-30T01:48:48","date_gmt":"2024-11-30T01:48:48","guid":{"rendered":"https:\/\/imiapower.com\/?post_type=product&#038;p=8724"},"modified":"2024-12-04T09:00:30","modified_gmt":"2024-12-04T09:00:30","slug":"power-cubes-with-usb","status":"publish","type":"product","link":"https:\/\/imiapower.com\/vi\/products\/power-strip\/power-cubes-with-usb\/","title":{"rendered":"Kh\u1ed1i n\u0103ng l\u01b0\u1ee3ng t\u1ed1t nh\u1ea5t v\u1edbi usb 35w"},"content":{"rendered":"<ul>\n<li><strong>Kh\u1ed1i n\u0103ng l\u01b0\u1ee3ng c\u00f3 USB<\/strong><\/li>\n<li><strong>C\u00f4ng su\u1ea5t \u0111\u1ecbnh m\u1ee9c:<\/strong> 16A, 250V T\u1ed1i \u0111a 4000W<\/li>\n<li><strong>\u0110\u1ea7u ra lo\u1ea1i C1:<\/strong> 5V3A, 9V3A, 12V2.91A, 15V2.33A, 20V1.75A (T\u1ed1i \u0111a 35W)<\/li>\n<li><strong>\u0110\u1ea7u ra Type-C2, USB1, USB2:<\/strong> 5V3.4A<\/li>\n<li><strong>T\u1ed5ng \u0111\u1ea7u ra 2USB-A + 2 USB-C:<\/strong> \u0110i\u1ec7n \u00e1p 35W<\/li>\n<li><strong>V\u1eadt li\u1ec7u:<\/strong> \u0110\u00e3 b\u1eafn PC+\u0111\u1ed3ng<\/li>\n<li><strong>Ti\u00eau chu\u1ea9n:<\/strong> Ti\u00eau chu\u1ea9n Schuko cho th\u1ecb tr\u01b0\u1eddng Ch\u00e2u \u00c2u<\/li>\n<li><strong>C\u00e1p:<\/strong> 3*1.5mm, l\u00f5i d\u00e2y Cooper, chi\u1ec1u d\u00e0i c\u00e1p l\u00e0 2m<\/li>\n<li><strong>Ch\u1ee9ng nh\u1eadn:<\/strong> CE &amp; Rohs<\/li>\n<\/ul>","protected":false},"excerpt":{"rendered":"<p>S\u1ea1c 8 thi\u1ebft b\u1ecb c\u00f9ng l\u00fac: 4 \u1ed5 c\u1eafm AC + 4 c\u1ed5ng USB<\/p>\n<p>Thi\u1ebft k\u1ebf nh\u1ecf g\u1ecdn v\u00e0 di \u0111\u1ed9ng<\/p>\n<p>V\u1edbi \u0111\u1ea7u ra s\u1ea1c nhanh PD35W<\/p>","protected":false},"featured_media":8725,"comment_status":"open","ping_status":"closed","template":"","meta":{"rank_math_lock_modified_date":false,"site-sidebar-layout":"default","site-content-layout":"","ast-site-content-layout":"default","site-content-style":"default","site-sidebar-style":"default","ast-global-header-display":"","ast-banner-title-visibility":"","ast-main-header-display":"","ast-hfb-above-header-display":"","ast-hfb-below-header-display":"","ast-hfb-mobile-header-display":"","site-post-title":"","ast-breadcrumbs-content":"","ast-featured-img":"","footer-sml-layout":"","ast-disable-related-posts":"","theme-transparent-header-meta":"default","adv-header-id-meta":"","stick-header-meta":"","header-above-stick-meta":"","header-main-stick-meta":"","header-below-stick-meta":"","astra-migrate-meta-layouts":"set","ast-page-background-enabled":"default","ast-page-background-meta":{"desktop":{"background-color":"","background-image":"","background-repeat":"repeat","background-position":"center center","background-size":"auto","background-attachment":"scroll","background-type":"","background-media":"","overlay-type":"","overlay-color":"","overlay-opacity":"","overlay-gradient":""},"tablet":{"background-color":"","background-image":"","background-repeat":"repeat","background-position":"center center","background-size":"auto","background-attachment":"scroll","background-type":"","background-media":"","overlay-type":"","overlay-color":"","overlay-opacity":"","overlay-gradient":""},"mobile":{"background-color":"","background-image":"","background-repeat":"repeat","background-position":"center center","background-size":"auto","background-attachment":"scroll","background-type":"","background-media":"","overlay-type":"","overlay-color":"","overlay-opacity":"","overlay-gradient":""}},"ast-content-background-meta":{"desktop":{"background-color":"var(--ast-global-color-5)","background-image":"","background-repeat":"repeat","background-position":"center center","background-size":"auto","background-attachment":"scroll","background-type":"","background-media":"","overlay-type":"","overlay-color":"","overlay-opacity":"","overlay-gradient":""},"tablet":{"background-color":"var(--ast-global-color-5)","background-image":"","background-repeat":"repeat","background-position":"center center","background-size":"auto","background-attachment":"scroll","background-type":"","background-media":"","overlay-type":"","overlay-color":"","overlay-opacity":"","overlay-gradient":""},"mobile":{"background-color":"var(--ast-global-color-5)","background-image":"","background-repeat":"repeat","background-position":"center center","background-size":"auto","background-attachment":"scroll","background-type":"","background-media":"","overlay-type":"","overlay-color":"","overlay-opacity":"","overlay-gradient":""}}},"product_cat":[239],"product_tag":[],"class_list":{"0":"post-8724","1":"product","2":"type-product","3":"status-publish","4":"has-post-thumbnail","6":"product_cat-power-strip","7":"desktop-align-center","8":"tablet-align-center","9":"mobile-align-center","11":"first","12":"instock","13":"shipping-taxable","14":"product-type-simple"},"_links":{"self":[{"href":"https:\/\/imiapower.com\/vi\/wp-json\/wp\/v2\/product\/8724","targetHints":{"allow":["GET"]}}],"collection":[{"href":"https:\/\/imiapower.com\/vi\/wp-json\/wp\/v2\/product"}],"about":[{"href":"https:\/\/imiapower.com\/vi\/wp-json\/wp\/v2\/types\/product"}],"replies":[{"embeddable":true,"href":"https:\/\/imiapower.com\/vi\/wp-json\/wp\/v2\/comments?post=8724"}],"version-history":[{"count":2,"href":"https:\/\/imiapower.com\/vi\/wp-json\/wp\/v2\/product\/8724\/revisions"}],"predecessor-version":[{"id":8731,"href":"https:\/\/imiapower.com\/vi\/wp-json\/wp\/v2\/product\/8724\/revisions\/8731"}],"wp:featuredmedia":[{"embeddable":true,"href":"https:\/\/imiapower.com\/vi\/wp-json\/wp\/v2\/media\/8725"}],"wp:attachment":[{"href":"https:\/\/imiapower.com\/vi\/wp-json\/wp\/v2\/media?parent=8724"}],"wp:term":[{"taxonomy":"product_cat","embeddable":true,"href":"https:\/\/imiapower.com\/vi\/wp-json\/wp\/v2\/product_cat?post=8724"},{"taxonomy":"product_tag","embeddable":true,"href":"https:\/\/imiapower.com\/vi\/wp-json\/wp\/v2\/product_tag?post=8724"}],"curies":[{"name":"trang web","href":"https:\/\/api.w.org\/{rel}","templated":true}]}}