{"id":9241,"date":"2025-01-12T03:19:02","date_gmt":"2025-01-12T03:19:02","guid":{"rendered":"https:\/\/imiapower.com\/?post_type=product&#038;p=9241"},"modified":"2025-07-16T03:32:28","modified_gmt":"2025-07-16T03:32:28","slug":"70w-plug-adapter-set","status":"publish","type":"product","link":"https:\/\/imiapower.com\/vi\/products\/travel-adapter\/70w-plug-adapter-set\/","title":{"rendered":"B\u1ed9 chuy\u1ec3n \u0111\u1ed5i ph\u00edch c\u1eafm cao c\u1ea5p 70W \u2013 B\u1ed9 s\u1ea1c du l\u1ecbch c\u00f3 \u0111\u1ea7u ra USB-C v\u00e0 nhi\u1ec1u c\u1ed5ng"},"content":{"rendered":"<ul>\n<li><strong>B\u1ed9 chuy\u1ec3n \u0111\u1ed5i ph\u00edch c\u1eafm<\/strong><\/li>\n<li><strong>\u0110\u1ea7u v\u00e0o AC: <\/strong>100~250V\/AC 50-60Hz 1.2A<\/li>\n<li><strong>\u0110\u1ea7u ra AC:<\/strong> T\u1ed1i \u0111a 10A (1000W\/100V ho\u1eb7c 2400W\/240V)<\/li>\n<li><strong>\u0110\u1ea7u ra USB:<\/strong> 5V3A\/9V2A\/12V 1.5A (T\u1ed1i \u0111a 18W)<\/li>\n<li><strong>\u0110\u1ea7u ra c\u00e1p C1:<\/strong>5V3A, 9V3A, 12V3A, 15V3A, 20V3.5A 70W<\/li>\n<li><strong>\u0110\u1ea7u ra lo\u1ea1i C2:<\/strong> \u00a05V3A, 9V3A, 12V3A, 15V3A, 20V3.5A 70W<\/li>\n<li><strong>Lo\u1ea1i C3\uff1a<\/strong>5V1A 5W<\/li>\n<li><strong>C1\/C2+C3:<\/strong> 65W+5W<\/li>\n<li><strong>C1+C2+C3:<\/strong> 35W+20W+5W<\/li>\n<li><strong>C1+C2+C3+USB: <\/strong>35W+15W++5W+5V3A<\/li>\n<li><strong>C3+USB: <\/strong>5V3A<\/li>\n<li><strong>Gi\u1ea5y ch\u1ee9ng nh\u1eadn:<\/strong> CE\/FCC\/RoHS<\/li>\n<\/ul>","protected":false},"excerpt":{"rendered":"<p><img fetchpriority=\"high\" decoding=\"async\" class=\"alignnone wp-image-9245 size-large\" src=\"https:\/\/imiapower.com\/wp-content\/uploads\/I-T706-4-1024x569.webp\" alt=\"B\u1ed9 chuy\u1ec3n \u0111\u1ed5i ph\u00edch c\u1eafm\" width=\"1024\" height=\"569\" srcset=\"https:\/\/imiapower.com\/wp-content\/uploads\/I-T706-4-1024x569.webp 1024w, https:\/\/imiapower.com\/wp-content\/uploads\/I-T706-4-300x167.webp 300w, https:\/\/imiapower.com\/wp-content\/uploads\/I-T706-4-768x427.webp 768w, https:\/\/imiapower.com\/wp-content\/uploads\/I-T706-4-1536x854.webp 1536w, https:\/\/imiapower.com\/wp-content\/uploads\/I-T706-4-2048x1138.webp 2048w, https:\/\/imiapower.com\/wp-content\/uploads\/I-T706-4-18x10.webp 18w, https:\/\/imiapower.com\/wp-content\/uploads\/I-T706-4-600x333.webp 600w, https:\/\/imiapower.com\/wp-content\/uploads\/I-T706-4-64x36.webp 64w\" sizes=\"(max-width: 1024px) 100vw, 1024px\" \/><\/p>\n<p data-start=\"160\" data-end=\"490\">Lu\u00f4n c\u00f3 \u0111i\u1ec7n \u1edf b\u1ea5t c\u1ee9 n\u01a1i \u0111\u00e2u v\u1edbi b\u1ed9 chuy\u1ec3n \u0111\u1ed5i t\u01b0\u1eddng USB 70W n\u00e0y, c\u00f3 h\u01b0\u1edbng d\u1eabn s\u1eed d\u1ee5ng c\u00e1p t\u00edch h\u1ee3p \u0111\u1ec3 s\u1eed d\u1ee5ng nhanh ch\u00f3ng, kh\u00f4ng r\u1eafc r\u1ed1i. L\u00e0 m\u1ed9t b\u1ed9 chuy\u1ec3n \u0111\u1ed5i ph\u1ed5 th\u00f4ng nh\u1ecf g\u1ecdn v\u00e0 \u0111\u00e1ng tin c\u1eady, n\u00f3 cung c\u1ea5p kh\u1ea3 n\u0103ng s\u1ea1c nhanh USB-C qua nhi\u1ec1u c\u1ed5ng\u2014l\u00e0m cho n\u00f3 tr\u1edf th\u00e0nh b\u1ed9 s\u1ea1c du l\u1ecbch nhi\u1ec1u c\u1ed5ng l\u00fd t\u01b0\u1edfng v\u00e0 b\u1ed9 chuy\u1ec3n \u0111\u1ed5i ngu\u1ed3n to\u00e0n c\u1ea7u cho nh\u1eefng ng\u01b0\u1eddi du l\u1ecbch hi\u1ec7n \u0111\u1ea1i.<\/p>","protected":false},"featured_media":9242,"comment_status":"open","ping_status":"closed","template":"","meta":{"rank_math_lock_modified_date":false,"site-sidebar-layout":"default","site-content-layout":"","ast-site-content-layout":"default","site-content-style":"default","site-sidebar-style":"default","ast-global-header-display":"","ast-banner-title-visibility":"","ast-main-header-display":"","ast-hfb-above-header-display":"","ast-hfb-below-header-display":"","ast-hfb-mobile-header-display":"","site-post-title":"","ast-breadcrumbs-content":"","ast-featured-img":"","footer-sml-layout":"","ast-disable-related-posts":"","theme-transparent-header-meta":"default","adv-header-id-meta":"","stick-header-meta":"","header-above-stick-meta":"","header-main-stick-meta":"","header-below-stick-meta":"","astra-migrate-meta-layouts":"set","ast-page-background-enabled":"default","ast-page-background-meta":{"desktop":{"background-color":"","background-image":"","background-repeat":"repeat","background-position":"center center","background-size":"auto","background-attachment":"scroll","background-type":"","background-media":"","overlay-type":"","overlay-color":"","overlay-opacity":"","overlay-gradient":""},"tablet":{"background-color":"","background-image":"","background-repeat":"repeat","background-position":"center center","background-size":"auto","background-attachment":"scroll","background-type":"","background-media":"","overlay-type":"","overlay-color":"","overlay-opacity":"","overlay-gradient":""},"mobile":{"background-color":"","background-image":"","background-repeat":"repeat","background-position":"center center","background-size":"auto","background-attachment":"scroll","background-type":"","background-media":"","overlay-type":"","overlay-color":"","overlay-opacity":"","overlay-gradient":""}},"ast-content-background-meta":{"desktop":{"background-color":"var(--ast-global-color-5)","background-image":"","background-repeat":"repeat","background-position":"center center","background-size":"auto","background-attachment":"scroll","background-type":"","background-media":"","overlay-type":"","overlay-color":"","overlay-opacity":"","overlay-gradient":""},"tablet":{"background-color":"var(--ast-global-color-5)","background-image":"","background-repeat":"repeat","background-position":"center center","background-size":"auto","background-attachment":"scroll","background-type":"","background-media":"","overlay-type":"","overlay-color":"","overlay-opacity":"","overlay-gradient":""},"mobile":{"background-color":"var(--ast-global-color-5)","background-image":"","background-repeat":"repeat","background-position":"center center","background-size":"auto","background-attachment":"scroll","background-type":"","background-media":"","overlay-type":"","overlay-color":"","overlay-opacity":"","overlay-gradient":""}}},"product_cat":[64],"product_tag":[],"class_list":{"0":"post-9241","1":"product","2":"type-product","3":"status-publish","4":"has-post-thumbnail","6":"product_cat-travel-adapter","7":"desktop-align-center","8":"tablet-align-center","9":"mobile-align-center","11":"first","12":"instock","13":"featured","14":"shipping-taxable","15":"product-type-simple"},"_links":{"self":[{"href":"https:\/\/imiapower.com\/vi\/wp-json\/wp\/v2\/product\/9241","targetHints":{"allow":["GET"]}}],"collection":[{"href":"https:\/\/imiapower.com\/vi\/wp-json\/wp\/v2\/product"}],"about":[{"href":"https:\/\/imiapower.com\/vi\/wp-json\/wp\/v2\/types\/product"}],"replies":[{"embeddable":true,"href":"https:\/\/imiapower.com\/vi\/wp-json\/wp\/v2\/comments?post=9241"}],"version-history":[{"count":4,"href":"https:\/\/imiapower.com\/vi\/wp-json\/wp\/v2\/product\/9241\/revisions"}],"predecessor-version":[{"id":9248,"href":"https:\/\/imiapower.com\/vi\/wp-json\/wp\/v2\/product\/9241\/revisions\/9248"}],"wp:featuredmedia":[{"embeddable":true,"href":"https:\/\/imiapower.com\/vi\/wp-json\/wp\/v2\/media\/9242"}],"wp:attachment":[{"href":"https:\/\/imiapower.com\/vi\/wp-json\/wp\/v2\/media?parent=9241"}],"wp:term":[{"taxonomy":"product_cat","embeddable":true,"href":"https:\/\/imiapower.com\/vi\/wp-json\/wp\/v2\/product_cat?post=9241"},{"taxonomy":"product_tag","embeddable":true,"href":"https:\/\/imiapower.com\/vi\/wp-json\/wp\/v2\/product_tag?post=9241"}],"curies":[{"name":"trang web","href":"https:\/\/api.w.org\/{rel}","templated":true}]}}