{"id":9356,"date":"2025-06-23T07:30:14","date_gmt":"2025-06-23T07:30:14","guid":{"rendered":"https:\/\/imiapower.com\/?post_type=product&#038;p=9356"},"modified":"2025-06-23T07:49:48","modified_gmt":"2025-06-23T07:49:48","slug":"67w-charger-pd","status":"publish","type":"product","link":"https:\/\/imiapower.com\/vi\/products\/wall-charger\/67w-charger-pd\/","title":{"rendered":"B\u1ed9 s\u1ea1c GaN 67W c\u00f3 c\u00e1p thu v\u00e0o \u0111\u1ec3 s\u1ea1c nhanh PD"},"content":{"rendered":"<ul>\n<li><strong>B\u1ed9 s\u1ea1c pd<\/strong><\/li>\n<li><strong>\u0110i\u1ec7n \u00e1p \u0111\u1ea7u v\u00e0o:<\/strong> \u0110i\u1ec7n \u00e1p xoay chi\u1ec1u 100-240V<\/li>\n<li><strong>C\u1ed5ng USB-C:<\/strong> L\u00ean \u0111\u1ebfn 67W (Giao th\u1ee9c PD)<\/li>\n<li><strong>C\u00e1p Type-C c\u00f3 th\u1ec3 thu v\u00e0o t\u00edch h\u1ee3p:<\/strong> L\u00ean \u0111\u1ebfn 60W (Giao th\u1ee9c PD)<\/li>\n<li><strong>C\u1ed5ng USB-A:<\/strong> L\u00ean \u0111\u1ebfn 30W (Giao th\u1ee9c QC)<\/li>\n<li><strong>C\u1ea5u h\u00ecnh c\u1ed5ng:<\/strong> 1\u00d7C\u00e1p Type-C c\u00f3 th\u1ec3 thu v\u00e0o (T\u1ed1i \u0111a 65cm) + C\u1ed5ng USB k\u00e9p (USB-A + USB-C)<\/li>\n<li><strong>Giao th\u1ee9c t\u01b0\u01a1ng th\u00edch:<\/strong> PD3.0\/2.0, QC4.0\/3.0\/2.0, PPS, Samsung SFC2.0\/SFC\/AFC, Huawei SCP\/FCP, BC1.2, v.v.<\/li>\n<\/ul>","protected":false},"excerpt":{"rendered":"<p><img fetchpriority=\"high\" decoding=\"async\" class=\"alignnone wp-image-9359 size-full\" src=\"https:\/\/imiapower.com\/wp-content\/uploads\/converted-3-1.webp\" alt=\"b\u1ed9 s\u1ea1c pd\" width=\"800\" height=\"800\" srcset=\"https:\/\/imiapower.com\/wp-content\/uploads\/converted-3-1.webp 800w, https:\/\/imiapower.com\/wp-content\/uploads\/converted-3-1-300x300.webp 300w, https:\/\/imiapower.com\/wp-content\/uploads\/converted-3-1-150x150.webp 150w, https:\/\/imiapower.com\/wp-content\/uploads\/converted-3-1-768x768.webp 768w, https:\/\/imiapower.com\/wp-content\/uploads\/converted-3-1-12x12.webp 12w, https:\/\/imiapower.com\/wp-content\/uploads\/converted-3-1-600x600.webp 600w, https:\/\/imiapower.com\/wp-content\/uploads\/converted-3-1-100x100.webp 100w, https:\/\/imiapower.com\/wp-content\/uploads\/converted-3-1-64x64.webp 64w\" sizes=\"(max-width: 800px) 100vw, 800px\" \/><\/p>\n<p>B\u1ed9 s\u1ea1c PD 67W n\u00e0y c\u00f3 c\u00e1p t\u00edch h\u1ee3p c\u00f3 th\u1ec3 thu v\u00e0o \u0111\u1ec3 thu\u1eadn ti\u1ec7n, g\u1ecdn g\u00e0ng v\u00e0 s\u1ea1c nhanh khi \u0111ang di chuy\u1ec3n.<\/p>\n<p>V\u1edbi c\u00f4ng ngh\u1ec7 GaN ti\u00ean ti\u1ebfn, s\u1ea3n ph\u1ea9m mang l\u1ea1i hi\u1ec7u su\u1ea5t cao v\u00e0 k\u00edch th\u01b0\u1edbc nh\u1ecf g\u1ecdn\u2014ho\u00e0n h\u1ea3o cho m\u00e1y t\u00ednh x\u00e1ch tay, m\u00e1y t\u00ednh b\u1ea3ng v\u00e0 \u0111i\u1ec7n tho\u1ea1i th\u00f4ng minh h\u1ed7 tr\u1ee3 USB-C Power Delivery<\/p>","protected":false},"featured_media":9358,"comment_status":"open","ping_status":"closed","template":"","meta":{"rank_math_lock_modified_date":false,"site-sidebar-layout":"default","site-content-layout":"","ast-site-content-layout":"default","site-content-style":"default","site-sidebar-style":"default","ast-global-header-display":"","ast-banner-title-visibility":"","ast-main-header-display":"","ast-hfb-above-header-display":"","ast-hfb-below-header-display":"","ast-hfb-mobile-header-display":"","site-post-title":"","ast-breadcrumbs-content":"","ast-featured-img":"","footer-sml-layout":"","ast-disable-related-posts":"","theme-transparent-header-meta":"default","adv-header-id-meta":"","stick-header-meta":"","header-above-stick-meta":"","header-main-stick-meta":"","header-below-stick-meta":"","astra-migrate-meta-layouts":"set","ast-page-background-enabled":"default","ast-page-background-meta":{"desktop":{"background-color":"","background-image":"","background-repeat":"repeat","background-position":"center center","background-size":"auto","background-attachment":"scroll","background-type":"","background-media":"","overlay-type":"","overlay-color":"","overlay-opacity":"","overlay-gradient":""},"tablet":{"background-color":"","background-image":"","background-repeat":"repeat","background-position":"center center","background-size":"auto","background-attachment":"scroll","background-type":"","background-media":"","overlay-type":"","overlay-color":"","overlay-opacity":"","overlay-gradient":""},"mobile":{"background-color":"","background-image":"","background-repeat":"repeat","background-position":"center center","background-size":"auto","background-attachment":"scroll","background-type":"","background-media":"","overlay-type":"","overlay-color":"","overlay-opacity":"","overlay-gradient":""}},"ast-content-background-meta":{"desktop":{"background-color":"var(--ast-global-color-5)","background-image":"","background-repeat":"repeat","background-position":"center center","background-size":"auto","background-attachment":"scroll","background-type":"","background-media":"","overlay-type":"","overlay-color":"","overlay-opacity":"","overlay-gradient":""},"tablet":{"background-color":"var(--ast-global-color-5)","background-image":"","background-repeat":"repeat","background-position":"center center","background-size":"auto","background-attachment":"scroll","background-type":"","background-media":"","overlay-type":"","overlay-color":"","overlay-opacity":"","overlay-gradient":""},"mobile":{"background-color":"var(--ast-global-color-5)","background-image":"","background-repeat":"repeat","background-position":"center center","background-size":"auto","background-attachment":"scroll","background-type":"","background-media":"","overlay-type":"","overlay-color":"","overlay-opacity":"","overlay-gradient":""}}},"product_cat":[43],"product_tag":[],"class_list":{"0":"post-9356","1":"product","2":"type-product","3":"status-publish","4":"has-post-thumbnail","6":"product_cat-wall-charger","7":"desktop-align-center","8":"tablet-align-center","9":"mobile-align-center","11":"first","12":"instock","13":"featured","14":"shipping-taxable","15":"product-type-simple"},"_links":{"self":[{"href":"https:\/\/imiapower.com\/vi\/wp-json\/wp\/v2\/product\/9356","targetHints":{"allow":["GET"]}}],"collection":[{"href":"https:\/\/imiapower.com\/vi\/wp-json\/wp\/v2\/product"}],"about":[{"href":"https:\/\/imiapower.com\/vi\/wp-json\/wp\/v2\/types\/product"}],"replies":[{"embeddable":true,"href":"https:\/\/imiapower.com\/vi\/wp-json\/wp\/v2\/comments?post=9356"}],"version-history":[{"count":6,"href":"https:\/\/imiapower.com\/vi\/wp-json\/wp\/v2\/product\/9356\/revisions"}],"predecessor-version":[{"id":9366,"href":"https:\/\/imiapower.com\/vi\/wp-json\/wp\/v2\/product\/9356\/revisions\/9366"}],"wp:featuredmedia":[{"embeddable":true,"href":"https:\/\/imiapower.com\/vi\/wp-json\/wp\/v2\/media\/9358"}],"wp:attachment":[{"href":"https:\/\/imiapower.com\/vi\/wp-json\/wp\/v2\/media?parent=9356"}],"wp:term":[{"taxonomy":"product_cat","embeddable":true,"href":"https:\/\/imiapower.com\/vi\/wp-json\/wp\/v2\/product_cat?post=9356"},{"taxonomy":"product_tag","embeddable":true,"href":"https:\/\/imiapower.com\/vi\/wp-json\/wp\/v2\/product_tag?post=9356"}],"curies":[{"name":"trang web","href":"https:\/\/api.w.org\/{rel}","templated":true}]}}