{"id":9370,"date":"2025-06-24T03:17:54","date_gmt":"2025-06-24T03:17:54","guid":{"rendered":"https:\/\/imiapower.com\/?post_type=product&#038;p=9370"},"modified":"2025-06-24T03:19:33","modified_gmt":"2025-06-24T03:19:33","slug":"usb-power-delivery-charger","status":"publish","type":"product","link":"https:\/\/imiapower.com\/vi\/products\/wall-charger\/usb-power-delivery-charger\/","title":{"rendered":"B\u1ed9 s\u1ea1c USB 47W c\u00f3 Power Delivery \u2013 Gi\u1ea3i ph\u00e1p s\u1ea1c nhanh v\u00e0 nh\u1ecf g\u1ecdn"},"content":{"rendered":"<ul>\n<li><strong>Cung c\u1ea5p \u0111i\u1ec7n<\/strong><\/li>\n<li><strong>\u0110\u1ea7u v\u00e0o:<\/strong> T\u1ed1i \u0111a 100-240V 1A<\/li>\n<li><strong>\u0110\u1ea7u ra \u0111\u01a1n:<\/strong> USB-C PD3.0 45W: 20V2.25A\/15V3A\/12V3A\/9V3A\/5V3A<\/li>\n<li><strong>USB QC3.0 27W:<\/strong> 12V2.25A \/ 9V3A \/ 5V4.5A \/ 4.5V5A<\/li>\n<li><strong>C\u00f4ng su\u1ea5t \u0111\u1ea7u ra k\u00e9p 47W T\u1ed1i \u0111a:<\/strong> C 20W: 12V1.67A \/ 9V2.22A \/ 5V3A \/A 27W: 12V2.25A \/ 9V3A \/ 5V3A<\/li>\n<li><strong>S\u1ef1 b\u1ea3o v\u1ec7:<\/strong> OVP\/OCP\/OTP\/OLP\/SCP<\/li>\n<li><strong>H\u1ed7 tr\u1ee3 r\u1ed9ng r\u00e3i giao th\u1ee9c s\u1ea1c nhanh:<\/strong>PD3.0, QC3.0, QC2.0, SCP, FCP, AFC, APPLE2.4A, BC1.2<\/li>\n<\/ul>","protected":false},"excerpt":{"rendered":"<p><img fetchpriority=\"high\" decoding=\"async\" class=\"alignnone wp-image-9371 size-full\" src=\"https:\/\/imiapower.com\/wp-content\/uploads\/converted-1-3.webp\" alt=\"cung c\u1ea5p \u0111i\u1ec7n\" width=\"730\" height=\"730\" srcset=\"https:\/\/imiapower.com\/wp-content\/uploads\/converted-1-3.webp 730w, https:\/\/imiapower.com\/wp-content\/uploads\/converted-1-3-300x300.webp 300w, https:\/\/imiapower.com\/wp-content\/uploads\/converted-1-3-150x150.webp 150w, https:\/\/imiapower.com\/wp-content\/uploads\/converted-1-3-12x12.webp 12w, https:\/\/imiapower.com\/wp-content\/uploads\/converted-1-3-600x600.webp 600w, https:\/\/imiapower.com\/wp-content\/uploads\/converted-1-3-100x100.webp 100w, https:\/\/imiapower.com\/wp-content\/uploads\/converted-1-3-64x64.webp 64w\" sizes=\"(max-width: 730px) 100vw, 730px\" \/><\/p>\n<p>S\u1ea1c thi\u1ebft b\u1ecb c\u1ee7a b\u1ea1n nhanh ch\u00f3ng v\u00e0 an to\u00e0n b\u1eb1ng B\u1ed9 s\u1ea1c USB 47W c\u00f3 c\u00f4ng ngh\u1ec7 Cung c\u1ea5p \u0111i\u1ec7n ti\u00ean ti\u1ebfn.<\/p>\n<p>\u0110\u01b0\u1ee3c thi\u1ebft k\u1ebf \u0111\u1ec3 s\u1ea1c nhanh \u0111i\u1ec7n tho\u1ea1i th\u00f4ng minh, m\u00e1y t\u00ednh b\u1ea3ng v\u00e0 th\u1eadm ch\u00ed c\u1ea3 m\u00e1y t\u00ednh x\u00e1ch tay nh\u1eb9, b\u1ed9 s\u1ea1c nh\u1ecf g\u1ecdn n\u00e0y c\u00f3 th\u1ec3 d\u1ec5 d\u00e0ng b\u1ecf v\u00e0o t\u00fai ho\u1eb7c t\u00fai qu\u1ea7n c\u1ee7a b\u1ea1n\u2014ho\u00e0n h\u1ea3o \u0111\u1ec3 s\u1eed d\u1ee5ng \u1edf nh\u00e0, v\u0103n ph\u00f2ng ho\u1eb7c khi \u0111i du l\u1ecbch<\/p>","protected":false},"featured_media":9373,"comment_status":"open","ping_status":"closed","template":"","meta":{"rank_math_lock_modified_date":false,"site-sidebar-layout":"default","site-content-layout":"","ast-site-content-layout":"default","site-content-style":"default","site-sidebar-style":"default","ast-global-header-display":"","ast-banner-title-visibility":"","ast-main-header-display":"","ast-hfb-above-header-display":"","ast-hfb-below-header-display":"","ast-hfb-mobile-header-display":"","site-post-title":"","ast-breadcrumbs-content":"","ast-featured-img":"","footer-sml-layout":"","ast-disable-related-posts":"","theme-transparent-header-meta":"default","adv-header-id-meta":"","stick-header-meta":"","header-above-stick-meta":"","header-main-stick-meta":"","header-below-stick-meta":"","astra-migrate-meta-layouts":"set","ast-page-background-enabled":"default","ast-page-background-meta":{"desktop":{"background-color":"","background-image":"","background-repeat":"repeat","background-position":"center center","background-size":"auto","background-attachment":"scroll","background-type":"","background-media":"","overlay-type":"","overlay-color":"","overlay-opacity":"","overlay-gradient":""},"tablet":{"background-color":"","background-image":"","background-repeat":"repeat","background-position":"center center","background-size":"auto","background-attachment":"scroll","background-type":"","background-media":"","overlay-type":"","overlay-color":"","overlay-opacity":"","overlay-gradient":""},"mobile":{"background-color":"","background-image":"","background-repeat":"repeat","background-position":"center center","background-size":"auto","background-attachment":"scroll","background-type":"","background-media":"","overlay-type":"","overlay-color":"","overlay-opacity":"","overlay-gradient":""}},"ast-content-background-meta":{"desktop":{"background-color":"var(--ast-global-color-5)","background-image":"","background-repeat":"repeat","background-position":"center center","background-size":"auto","background-attachment":"scroll","background-type":"","background-media":"","overlay-type":"","overlay-color":"","overlay-opacity":"","overlay-gradient":""},"tablet":{"background-color":"var(--ast-global-color-5)","background-image":"","background-repeat":"repeat","background-position":"center center","background-size":"auto","background-attachment":"scroll","background-type":"","background-media":"","overlay-type":"","overlay-color":"","overlay-opacity":"","overlay-gradient":""},"mobile":{"background-color":"var(--ast-global-color-5)","background-image":"","background-repeat":"repeat","background-position":"center center","background-size":"auto","background-attachment":"scroll","background-type":"","background-media":"","overlay-type":"","overlay-color":"","overlay-opacity":"","overlay-gradient":""}}},"product_cat":[43],"product_tag":[],"class_list":{"0":"post-9370","1":"product","2":"type-product","3":"status-publish","4":"has-post-thumbnail","6":"product_cat-wall-charger","7":"desktop-align-center","8":"tablet-align-center","9":"mobile-align-center","11":"first","12":"instock","13":"featured","14":"shipping-taxable","15":"product-type-simple"},"_links":{"self":[{"href":"https:\/\/imiapower.com\/vi\/wp-json\/wp\/v2\/product\/9370","targetHints":{"allow":["GET"]}}],"collection":[{"href":"https:\/\/imiapower.com\/vi\/wp-json\/wp\/v2\/product"}],"about":[{"href":"https:\/\/imiapower.com\/vi\/wp-json\/wp\/v2\/types\/product"}],"replies":[{"embeddable":true,"href":"https:\/\/imiapower.com\/vi\/wp-json\/wp\/v2\/comments?post=9370"}],"version-history":[{"count":3,"href":"https:\/\/imiapower.com\/vi\/wp-json\/wp\/v2\/product\/9370\/revisions"}],"predecessor-version":[{"id":9376,"href":"https:\/\/imiapower.com\/vi\/wp-json\/wp\/v2\/product\/9370\/revisions\/9376"}],"wp:featuredmedia":[{"embeddable":true,"href":"https:\/\/imiapower.com\/vi\/wp-json\/wp\/v2\/media\/9373"}],"wp:attachment":[{"href":"https:\/\/imiapower.com\/vi\/wp-json\/wp\/v2\/media?parent=9370"}],"wp:term":[{"taxonomy":"product_cat","embeddable":true,"href":"https:\/\/imiapower.com\/vi\/wp-json\/wp\/v2\/product_cat?post=9370"},{"taxonomy":"product_tag","embeddable":true,"href":"https:\/\/imiapower.com\/vi\/wp-json\/wp\/v2\/product_tag?post=9370"}],"curies":[{"name":"trang web","href":"https:\/\/api.w.org\/{rel}","templated":true}]}}