{"id":9378,"date":"2025-06-26T06:27:53","date_gmt":"2025-06-26T06:27:53","guid":{"rendered":"https:\/\/imiapower.com\/?post_type=product&#038;p=9378"},"modified":"2025-08-21T00:56:19","modified_gmt":"2025-08-21T00:56:19","slug":"17w-travel-adapter-supplier","status":"publish","type":"product","link":"https:\/\/imiapower.com\/vi\/products\/travel-adapter\/17w-travel-adapter-supplier\/","title":{"rendered":"B\u1ed9 chuy\u1ec3n \u0111\u1ed5i du l\u1ecbch nh\u1ecf g\u1ecdn 17W \u2013 Gi\u1ea3i ph\u00e1p s\u1ea1c \u0111a n\u0103ng cho ng\u01b0\u1eddi \u0111i du l\u1ecbch"},"content":{"rendered":"<div class=\"elementor elementor-656 elementor-location-single post-2511 product type-product status-publish has-post-thumbnail product_cat-world-travel-adapter first instock shipping-taxable product-type-simple product\" data-elementor-type=\"product\" data-elementor-id=\"656\" data-elementor-post-type=\"elementor_library\">\n<section class=\"elementor-section elementor-top-section elementor-element elementor-element-52a1a10 elementor-section-boxed ang-section-padding-initial elementor-section-height-default elementor-section-height-default elementor-repeater-item-none elementor-repeater-item-none_hover\" data-id=\"52a1a10\" data-element_type=\"section\" data-settings=\"{&quot;background_background&quot;:&quot;classic&quot;}\">\n<div class=\"elementor-container elementor-column-gap-default\">\n<div class=\"elementor-column elementor-col-100 elementor-top-column elementor-element elementor-element-29536b3 elementor-repeater-item-none elementor-repeater-item-none_hover\" data-id=\"29536b3\" data-element_type=\"column\">\n<div class=\"elementor-widget-wrap elementor-element-populated\">\n<div class=\"elementor-element elementor-element-c8b75d7 elementor-repeater-item-none elementor-repeater-item-none_hover elementor-widget elementor-widget-woocommerce-product-content\" data-id=\"c8b75d7\" data-element_type=\"widget\" data-widget_type=\"woocommerce-product-content.default\">\n<div class=\"elementor-widget-container\">\n<ul>\n<li><strong>Nh\u00e0 cung c\u1ea5p b\u1ed9 chuy\u1ec3n \u0111\u1ed5i du l\u1ecbch<\/strong><\/li>\n<li><strong>\u0110i\u1ec7n \u00e1p \u0111\u1ea7u v\u00e0o:<\/strong>110~250V\/AC 50-60Hz<\/li>\n<li><strong>\u0110\u1ea7u ra AC:<\/strong>T\u1ed1i \u0111a 10A (1000W\/100V ho\u1eb7c 2400W\/240V)<\/li>\n<li><strong>\u0110\u1ea7u ra USB \u0111\u01a1n:<\/strong> 5V 3.4A (T\u1ed1i \u0111a 17W)<\/li>\n<li><strong>\u0110\u1ea7u ra lo\u1ea1i C \u0111\u01a1n:<\/strong>5V 3.4A (T\u1ed1i \u0111a 17W)<\/li>\n<li><strong>\u0110\u1ea7u ra USB+Type C:<\/strong> 5V3A (T\u1ed1i \u0111a 15W)<\/li>\n<li><strong>K\u00edch c\u1ee1 :<\/strong>74*50.5*53.9mm<\/li>\n<li><strong>V\u1eadt li\u1ec7u :<\/strong> PC nung + kim lo\u1ea1i \u0111\u1ed3ng<\/li>\n<li><strong>Gi\u1ea5y ch\u1ee9ng nh\u1eadn :<\/strong> FCC, CE<\/li>\n<\/ul>\n<\/div>\n<\/div>\n<\/div>\n<\/div>\n<\/div>\n<\/section>\n<\/div>\n<div class=\"elementor elementor-120 elementor-location-footer\" data-elementor-type=\"footer\" data-elementor-id=\"120\" data-elementor-post-type=\"elementor_library\">\n<section class=\"elementor-section elementor-top-section elementor-element elementor-element-4d8fbf12 elementor-section-boxed ang-section-padding-initial elementor-section-height-default elementor-section-height-default elementor-repeater-item-none elementor-repeater-item-none_hover\" data-id=\"4d8fbf12\" data-element_type=\"section\" data-settings=\"{&quot;background_background&quot;:&quot;classic&quot;}\">\n<div class=\"elementor-container elementor-column-gap-no\">\n<div class=\"elementor-column elementor-col-100 elementor-top-column elementor-element elementor-element-6bc60036 elementor-repeater-item-none elementor-repeater-item-none_hover\" data-id=\"6bc60036\" data-element_type=\"column\">\n<div class=\"elementor-widget-wrap elementor-element-populated\">\n<section class=\"elementor-section elementor-inner-section elementor-element elementor-element-5d81a5e0 elementor-section-content-top elementor-section-boxed ang-section-padding-initial elementor-section-height-default elementor-section-height-default elementor-repeater-item-none elementor-repeater-item-none_hover\" data-id=\"5d81a5e0\" data-element_type=\"section\" data-settings=\"{&quot;background_background&quot;:&quot;classic&quot;}\">\n<div class=\"elementor-container elementor-column-gap-no\">\n<div class=\"elementor-column elementor-col-20 elementor-inner-column elementor-element elementor-element-6b6a26e6 elementor-repeater-item-none elementor-repeater-item-none_hover\" data-id=\"6b6a26e6\" data-element_type=\"column\">\n<div class=\"elementor-widget-wrap elementor-element-populated\">\n<div class=\"elementor-element elementor-element-7cff912 external_elementor-repeater-item-none_external elementor-repeater-item-none elementor-repeater-item-none_hover elementor-widget elementor-widget-image\" data-id=\"7cff912\" data-element_type=\"widget\" data-widget_type=\"image.default\"><\/div>\n<\/div>\n<\/div>\n<\/div>\n<\/section>\n<\/div>\n<\/div>\n<\/div>\n<\/section>\n<\/div>","protected":false},"excerpt":{"rendered":"<p>B\u1ed9 \u0111\u1ed5i ngu\u1ed3n du l\u1ecbch \u0111a n\u0103ng 17W nh\u1eb9 \u0111\u01b0\u1ee3c thi\u1ebft k\u1ebf d\u00e0nh cho nh\u1eefng ng\u01b0\u1eddi hay \u0111i du l\u1ecbch kh\u1eafp th\u1ebf gi\u1edbi.<\/p>\n<p>T\u01b0\u01a1ng th\u00edch v\u1edbi nhi\u1ec1u lo\u1ea1i ph\u00edch c\u1eafm v\u00e0 an to\u00e0n khi s\u1ea1c h\u00e0ng ng\u00e0y. L\u00fd t\u01b0\u1edfng cho c\u00e1c nh\u00e0 cung c\u1ea5p b\u1ed9 chuy\u1ec3n \u0111\u1ed5i du l\u1ecbch, nh\u00e0 b\u00e1n bu\u00f4n v\u00e0 \u0111\u1ed1i t\u00e1c OEM<\/p>\n<p data-start=\"778\" data-end=\"833\">\u2714\ufe0f <strong data-start=\"781\" data-end=\"795\">C\u00f4ng su\u1ea5t \u0111\u1ea7u ra 17W<\/strong> \u2013 H\u1ed7 tr\u1ee3 s\u1ea1c an to\u00e0n v\u00e0 \u1ed5n \u0111\u1ecbnh<\/p>\n<p data-start=\"836\" data-end=\"894\">\ud83c\udf0d <strong data-start=\"839\" data-end=\"866\">Kh\u1ea3 n\u0103ng t\u01b0\u01a1ng th\u00edch ph\u1ed5 qu\u00e1t<\/strong> \u2013 Ho\u1ea1t \u0111\u1ed9ng t\u1ea1i h\u01a1n 150 qu\u1ed1c gia<\/p>\n<p data-start=\"897\" data-end=\"946\">\ud83d\udd0c <strong data-start=\"900\" data-end=\"921\">Thi\u1ebft k\u1ebf nhi\u1ec1u ph\u00edch c\u1eafm<\/strong> \u2013 Bao g\u1ed3m US\/EU\/UK\/AU<\/p>\n<p data-start=\"949\" data-end=\"1033\">\ud83d\udd0b <strong data-start=\"952\" data-end=\"980\">Ph\u00e2n ph\u1ed1i \u0111i\u1ec7n th\u00f4ng minh<\/strong> \u2013 T\u1ed1i \u01b0u h\u00f3a cho \u0111i\u1ec7n tho\u1ea1i, m\u00e1y t\u00ednh b\u1ea3ng v\u00e0 c\u00e1c thi\u1ebft b\u1ecb nh\u1ecf<\/p>\n<p data-start=\"1036\" data-end=\"1093\">\ud83e\uddf3 <strong data-start=\"1039\" data-end=\"1064\">Nh\u1ecf g\u1ecdn &amp; Nh\u1eb9<\/strong> \u2013 Ki\u1ec3u d\u00e1ng d\u1ec5 d\u00e0ng di chuy\u1ec3n<\/p>\n<p>\ud83c\udff7\ufe0f <strong data-start=\"1100\" data-end=\"1121\">C\u00f3 s\u1eb5n OEM\/ODM<\/strong> \u2013 \u0110\u1eb7t h\u00e0ng s\u1ed1 l\u01b0\u1ee3ng l\u1edbn cho nh\u00e0 cung c\u1ea5p<\/p>","protected":false},"featured_media":9383,"comment_status":"open","ping_status":"closed","template":"","meta":{"rank_math_lock_modified_date":false,"site-sidebar-layout":"default","site-content-layout":"","ast-site-content-layout":"default","site-content-style":"default","site-sidebar-style":"default","ast-global-header-display":"","ast-banner-title-visibility":"","ast-main-header-display":"","ast-hfb-above-header-display":"","ast-hfb-below-header-display":"","ast-hfb-mobile-header-display":"","site-post-title":"","ast-breadcrumbs-content":"","ast-featured-img":"","footer-sml-layout":"","ast-disable-related-posts":"","theme-transparent-header-meta":"default","adv-header-id-meta":"","stick-header-meta":"","header-above-stick-meta":"","header-main-stick-meta":"","header-below-stick-meta":"","astra-migrate-meta-layouts":"set","ast-page-background-enabled":"default","ast-page-background-meta":{"desktop":{"background-color":"","background-image":"","background-repeat":"repeat","background-position":"center center","background-size":"auto","background-attachment":"scroll","background-type":"","background-media":"","overlay-type":"","overlay-color":"","overlay-opacity":"","overlay-gradient":""},"tablet":{"background-color":"","background-image":"","background-repeat":"repeat","background-position":"center center","background-size":"auto","background-attachment":"scroll","background-type":"","background-media":"","overlay-type":"","overlay-color":"","overlay-opacity":"","overlay-gradient":""},"mobile":{"background-color":"","background-image":"","background-repeat":"repeat","background-position":"center center","background-size":"auto","background-attachment":"scroll","background-type":"","background-media":"","overlay-type":"","overlay-color":"","overlay-opacity":"","overlay-gradient":""}},"ast-content-background-meta":{"desktop":{"background-color":"var(--ast-global-color-5)","background-image":"","background-repeat":"repeat","background-position":"center center","background-size":"auto","background-attachment":"scroll","background-type":"","background-media":"","overlay-type":"","overlay-color":"","overlay-opacity":"","overlay-gradient":""},"tablet":{"background-color":"var(--ast-global-color-5)","background-image":"","background-repeat":"repeat","background-position":"center center","background-size":"auto","background-attachment":"scroll","background-type":"","background-media":"","overlay-type":"","overlay-color":"","overlay-opacity":"","overlay-gradient":""},"mobile":{"background-color":"var(--ast-global-color-5)","background-image":"","background-repeat":"repeat","background-position":"center center","background-size":"auto","background-attachment":"scroll","background-type":"","background-media":"","overlay-type":"","overlay-color":"","overlay-opacity":"","overlay-gradient":""}}},"product_cat":[64],"product_tag":[],"class_list":{"0":"post-9378","1":"product","2":"type-product","3":"status-publish","4":"has-post-thumbnail","6":"product_cat-travel-adapter","7":"desktop-align-center","8":"tablet-align-center","9":"mobile-align-center","11":"first","12":"instock","13":"featured","14":"shipping-taxable","15":"product-type-simple"},"_links":{"self":[{"href":"https:\/\/imiapower.com\/vi\/wp-json\/wp\/v2\/product\/9378","targetHints":{"allow":["GET"]}}],"collection":[{"href":"https:\/\/imiapower.com\/vi\/wp-json\/wp\/v2\/product"}],"about":[{"href":"https:\/\/imiapower.com\/vi\/wp-json\/wp\/v2\/types\/product"}],"replies":[{"embeddable":true,"href":"https:\/\/imiapower.com\/vi\/wp-json\/wp\/v2\/comments?post=9378"}],"version-history":[{"count":2,"href":"https:\/\/imiapower.com\/vi\/wp-json\/wp\/v2\/product\/9378\/revisions"}],"predecessor-version":[{"id":9385,"href":"https:\/\/imiapower.com\/vi\/wp-json\/wp\/v2\/product\/9378\/revisions\/9385"}],"wp:featuredmedia":[{"embeddable":true,"href":"https:\/\/imiapower.com\/vi\/wp-json\/wp\/v2\/media\/9383"}],"wp:attachment":[{"href":"https:\/\/imiapower.com\/vi\/wp-json\/wp\/v2\/media?parent=9378"}],"wp:term":[{"taxonomy":"product_cat","embeddable":true,"href":"https:\/\/imiapower.com\/vi\/wp-json\/wp\/v2\/product_cat?post=9378"},{"taxonomy":"product_tag","embeddable":true,"href":"https:\/\/imiapower.com\/vi\/wp-json\/wp\/v2\/product_tag?post=9378"}],"curies":[{"name":"trang web","href":"https:\/\/api.w.org\/{rel}","templated":true}]}}